{"id":24509,"date":"2023-03-21T10:27:48","date_gmt":"2023-03-21T09:27:48","guid":{"rendered":"https:\/\/www.herbadiberna.ch\/mini-boccioli-di-lemon-haze-21g\/"},"modified":"2026-04-15T11:00:56","modified_gmt":"2026-04-15T10:00:56","slug":"limone-haze-mini-buds-21g","status":"publish","type":"product","link":"https:\/\/www.herbadiberna.ch\/it\/prodotto\/limone-haze-mini-buds-21g\/","title":{"rendered":"Mini boccioli di Lemon Haze 21g"},"content":{"rendered":"<div class=\"flex max-w-full flex-col flex-grow\">\n<div class=\"min-h-8 text-message flex w-full flex-col items-end gap-2 whitespace-normal break-words text-start [.text-message+&amp;]:mt-5\" dir=\"auto\">\n<div class=\"flex w-full flex-col gap-1 empty:hidden first:pt-[3px]\">\n<div class=\"markdown prose w-full break-words dark:prose-invert light\">\n<h2><strong>Comprare Lemon Haze Indoor - Il classico saporito con carattere Haze<\/strong><\/h2>\n<p>Sta accarezzando l&#8217;idea di <strong>acquistare Lemon Haze Indoor<\/strong>? O sta cercando la preferita segreta dei nostri clienti, che definisce un campionato a s\u00e9 stante grazie alla sua parentela con Lemon Skunk e Amnesia Haze?<br \/>\nI nostri fiori <strong>Lemon Haze Indoor<\/strong> sono molto pi\u00f9 di una variet\u00e0 standard. Questa variet\u00e0 \u00e8 diventata rapidamente il numero uno assoluto nelle vendite del nostro negozio aperto - e per una buona ragione.  <\/p>\n<p>Inoltre, colpisce per la struttura uniformemente compatta dei fiori, che non ha rivali tra le variet\u00e0 indoor. \u00c8 quindi ideale per tutti gli amanti dei sapori rinfrescanti, sviluppa una vera e propria esplosione di gusto nella <strong>svapata<\/strong> e offre una qualit\u00e0 senza tempo con fino al 14% di CBD.<br \/>\nQuesta esperienza \u00e8 come un breve viaggio tropicale. Combiniamo una genetica leggendaria con una fermentazione precisa. Il risultato \u00e8 un&#8217;<strong>esperienza di acquisto di fiori CBD indoor<\/strong> che combina accenti di lime piccanti con la profondit\u00e0 delle classiche note Haze.   <\/p>\n<h2><strong>Il profilo aromatico: la potenza degli agrumi incontra la freschezza del pino<\/strong><\/h2>\n<p>Con noi acquista puro refrigerio e la massima purezza svizzera. Questi fiori sono caratterizzati da un profilo terpenico rinvigorente e complesso. <\/p>\n<ul>\n<li><strong>Il sapore:<\/strong> una miscela unica di frutta tropicale e pino. Le note dolci, limonose e leggermente acide dominano il quadro, mentre gli accenti di lime e una sottile nota di foschia completano perfettamente il profilo. <\/li>\n<li><strong>La struttura:<\/strong> si ottengono fiori da interno pi\u00f9 scuri e densi, con una struttura molto forte e compatta. Ogni fiore \u00e8 la prova dei nostri elevati standard di qualit\u00e0 e della nostra attenta coltivazione. <\/li>\n<\/ul>\n<h2><strong>Caratteristiche del prodotto: Perch\u00e9 acquistare Lemon Haze Indoor?<\/strong><\/h2>\n<ul>\n<li><strong>Stirpe leggendaria:<\/strong> come incrocio tra Lemon Skunk e Amnesia Haze, questa variet\u00e0 combina il meglio di due genetiche famose in tutto il mondo.<\/li>\n<li><strong>Alto contenuto di CBD:<\/strong> con il 14% di CBD, \u00e8 il compagno perfetto per i momenti di piacere rilassati nella vita quotidiana.<\/li>\n<li><strong>Raffinazione delicata:<\/strong> ci assicuriamo che i terpeni volatili degli agrumi siano conservati nella massima misura possibile attraverso un&#8217;essiccazione lenta e un processo di fermentazione armonizzato.<\/li>\n<li><strong>Coltivazione sostenibile:<\/strong> 100 % Swiss Made, senza pesticidi ed erbicidi - per un&#8217;esperienza Haze pulita e non adulterata.<\/li>\n<\/ul>\n<h2><strong>Comprare Lemon Haze Indoor - Un favorito senza tempo dalla Svizzera<\/strong><\/h2>\n<p>Sappiamo perch\u00e9 i nostri clienti amano questo sapore: \u00e8 onesto, intenso e coerente. Lemon Haze \u00e8 la risposta per tutti coloro che non vogliono sperimentare, ma sono alla ricerca di un sapore di agrumi collaudato e perfetto. Quello che tecnicamente viene descritto come un &#8220;profilo terpenico equilibrato&#8221; \u00e8 pura passione per i classici della canapa.<br \/>\nCome risultato, si ottiene un prodotto che non lascia nulla a desiderare in termini di sapore e aspetto. \u00c8 quindi il modo intelligente di gustare un <strong>CBD di alta qualit\u00e0<\/strong>, se \u00e8 alla ricerca della massima freschezza.   <\/p>\n<h2><strong>Esperienze dei clienti con Lemon Haze Indoor<\/strong><\/h2>\n<p>I nostri clienti descrivono pi\u00f9 spesso l&#8217;esperienza come <strong>&#8220;rinfrescante, acidula e piena di sapore&#8221;<\/strong>. La struttura densa dei fiori pi\u00f9 scuri, in particolare, viene ripetutamente sottolineata come una caratteristica di qualit\u00e0. Molti considerano Lemon Haze Indoor come la loro preferita in assoluto per la giornata, perch\u00e9 l&#8217;aroma li mette semplicemente di buon umore.  <\/p>\n<h2><strong>Acquisti ora Lemon Haze Indoor e sperimenti la potenza degli agrumi!<\/strong><\/h2>\n<p>\u00c8 pronto per l&#8217;esperienza Haze piccante in qualit\u00e0 premium?<br \/>\nOrdini ora e si assicuri il nostro negozio bestseller della produzione interna svizzera.<\/p>\n<h2><strong>Integratori perfetti per il suo stile di vita<\/strong><\/h2>\n<p>\u27a1\ufe0f <a href=\"https:\/\/www.herbadiberna.ch\/it\/vaporizzatori\/\"> Vapes e e-liquid<\/a> (divertimento senza fumo)<br \/>\n\u27a1\ufe0f  <a href=\"https:\/\/www.herbadiberna.ch\/it\/cbd-hashish\/\">Scopra il CBD Hash <\/a>(resine varietali pure)<br \/>\n\u27a1\ufe0f  <a href=\"https:\/\/www.herbadiberna.ch\/it\/alimenti-canapa\/\">Alimenti alla canapa<\/a> (spuntini salutari)<\/p>\n<\/div>\n<\/div>\n<\/div>\n<\/div>\n","protected":false},"excerpt":{"rendered":"<p data-path-to-node=\"10\">Acquisti Lemon Haze Indoor presso Herba di Berna. Il classico CBD di Lemon Skunk e Amnesia Haze. Intenso sapore di agrumi e lime, struttura densa del fiore e fino al 14% di CBD. La scelta perfetta per un rinfresco fruttato e una qualit\u00e0 indoor di alto livello.     <strong>Ordinato entro le 15:00, consegnato domani \u2713 Spedizione gratuita a partire da CHF 80 \u2713<\/strong><\/p>\n","protected":false},"featured_media":52886,"comment_status":"open","ping_status":"closed","template":"","meta":{"inline_featured_image":false},"product_brand":[],"product_cat":[348,352],"product_tag":[],"class_list":{"0":"post-24509","1":"product","2":"type-product","3":"status-publish","4":"has-post-thumbnail","6":"product_cat-fiori-di-cbd","7":"product_cat-interno","8":"product_shipping_class-postpac-priorita","9":"pa_anbau-indoor-it","10":"pa_cbd-15-0-it","11":"pif-has-gallery","13":"first","14":"instock","15":"taxable","16":"shipping-taxable","17":"purchasable","18":"product-type-simple"},"_links":{"self":[{"href":"https:\/\/www.herbadiberna.ch\/it\/wp-json\/wp\/v2\/product\/24509","targetHints":{"allow":["GET"]}}],"collection":[{"href":"https:\/\/www.herbadiberna.ch\/it\/wp-json\/wp\/v2\/product"}],"about":[{"href":"https:\/\/www.herbadiberna.ch\/it\/wp-json\/wp\/v2\/types\/product"}],"replies":[{"embeddable":true,"href":"https:\/\/www.herbadiberna.ch\/it\/wp-json\/wp\/v2\/comments?post=24509"}],"wp:featuredmedia":[{"embeddable":true,"href":"https:\/\/www.herbadiberna.ch\/it\/wp-json\/wp\/v2\/media\/52886"}],"wp:attachment":[{"href":"https:\/\/www.herbadiberna.ch\/it\/wp-json\/wp\/v2\/media?parent=24509"}],"wp:term":[{"taxonomy":"product_brand","embeddable":true,"href":"https:\/\/www.herbadiberna.ch\/it\/wp-json\/wp\/v2\/product_brand?post=24509"},{"taxonomy":"product_cat","embeddable":true,"href":"https:\/\/www.herbadiberna.ch\/it\/wp-json\/wp\/v2\/product_cat?post=24509"},{"taxonomy":"product_tag","embeddable":true,"href":"https:\/\/www.herbadiberna.ch\/it\/wp-json\/wp\/v2\/product_tag?post=24509"}],"curies":[{"name":"wp","href":"https:\/\/api.w.org\/{rel}","templated":true}]}}