{"id":24494,"date":"2023-03-21T10:27:48","date_gmt":"2023-03-21T09:27:48","guid":{"rendered":"https:\/\/www.herbadiberna.ch\/muffin-al-mirtillo-rifinitura-manuale-20g\/"},"modified":"2026-04-07T02:42:01","modified_gmt":"2026-04-07T01:42:01","slug":"mirtillo-muffin-mano-20g","status":"publish","type":"product","link":"https:\/\/www.herbadiberna.ch\/it\/prodotto\/mirtillo-muffin-mano-20g\/","title":{"rendered":"Muffin al mirtillo Rifinitura manuale 20g"},"content":{"rendered":"<h2><strong>Acquistare Blueberry Muffin Handtrim - Dessert per interni a un prezzo conveniente<\/strong><\/h2>\n<p>Se desidera <strong>acquistare<\/strong> il nostro <strong>Handtrim Blueberry Muffin<\/strong>, sta optando per una vera e propria potenza con quasi il 16% di CBD. Il nostro <strong>handtrim indoor<\/strong> \u00e8 probabilmente il modo pi\u00f9 gustoso per rilassarsi a un prezzo vantaggioso. \u00c8 conosciuta nella scena come un &#8220;frullato&#8221; particolarmente resinoso o come una potente <strong>miscela di CBD<\/strong> con un sapore che ricorda i prodotti da forno freschi.  <\/p>\n<p>Questo handtrim \u00e8 quindi la prima scelta per gli intenditori che cercano un&#8217;alta potenza a un prezzo basso. Pertanto, non \u00e8 solo ideale come <strong>sostituto del tabacco<\/strong>, ma funziona perfettamente anche in un vaporizzatore, grazie alla sua enorme densit\u00e0 di resina. Infine, qui l&#8217;attende un&#8217;esperienza da dessert: utilizziamo le macine delle nostre migliori piante indoor di Blueberry Muffin. Il risultato \u00e8 un <strong>assetto<\/strong> di cannabis <strong>CBD<\/strong> che combina mirtilli maturi con un sapore dolce e pastoso.   <\/p>\n<h2><strong>Il profilo di gusto: mirtilli e muffin freschi<\/strong><\/h2>\n<p>Con questo prodotto, si ottiene la massima qualit\u00e0 indoor con un profilo inconfondibile. Questo frullato di CBD, quindi, tira fuori il meglio della genetica &#8220;Bakery&#8221;: <\/p>\n<ul>\n<li><strong>Il sapore:<\/strong> un&#8217;esaltazione dolce. Note intense di frutti di bosco incontrano un sottofondo cremoso e pastoso, che in realt\u00e0 ricorda i muffin appena sfornati. Il profilo \u00e8 quindi molto morbido, corposo e &#8220;delizioso&#8221;.  <\/li>\n<li><strong>La consistenza:<\/strong> <strong>acquistando<\/strong> il <strong>Blueberry Muffin Handtrim<\/strong>, si ottiene la nostra abrasione di CBD pi\u00f9 potente. \u00c8 estremamente ricca di polline (kief) e di punte di foglie resinose, che vengono prodotte direttamente quando i fiori vengono girati. <\/li>\n<li><strong>Uso:<\/strong> Poich\u00e9 questo assetto contiene quasi il 16% di CBD, offre molti principi attivi per pochi soldi. \u00c8 quindi ideale per fumare o come <strong>sostituto del tabacco<\/strong>. Grazie al sapore &#8220;muffin&#8221;, \u00e8 anche la base perfetta per <strong>biscotti<\/strong> o torte <strong>al CBD<\/strong>.  <\/li>\n<\/ul>\n<h2><strong>Caratteristiche del prodotto: Perch\u00e9 acquistare il Muffin al mirtillo?<\/strong><\/h2>\n<ul>\n<li><strong>Alto contenuto di CBD:<\/strong> con quasi <strong>il 16% di CBD<\/strong>, questo assetto \u00e8 uno dei pi\u00f9 forti della nostra gamma - massimo relax garantito.<\/li>\n<li><strong>Sapore di dessert:<\/strong> profilo terpenico unico di muffin al mirtillo - ideale per chi ama il dolce.<\/li>\n<li><strong>Qualit\u00e0 indoor:<\/strong> le piante crescono in condizioni perfette, vengono fermentate ed essiccate delicatamente.<\/li>\n<li><strong>Versatilit\u00e0: \u00e8<\/strong> perfetto come &#8220;miscela&#8221; forte per l&#8217;articolazione o come ingrediente resinoso per le sue creazioni di pasticceria.<\/li>\n<\/ul>\n<h2><strong>Acquistare Muffin al mirtillo - Forte e delizioso<\/strong><\/h2>\n<p>Dopotutto, il nostro principio \u00e8 quello di valorizzare anche le parti piccole della pianta. Questo perch\u00e9 nelle piccole foglie e nelle foglie si accumula spesso un numero particolarmente elevato di tricomi (cristalli di resina). Sarebbe uno spreco non utilizzare questo potente materiale.  <\/p>\n<p>Quindi, quando acquista questo assetto, ottiene un prodotto ricco di cannabinoidi e polline. \u00c8 semplicemente il modo pi\u00f9 intelligente per godere di un CBD molto forte a un prezzo basso - senza compromettere il sapore. <\/p>\n<h2><strong>Esperienze dei clienti con il Muffin Trim ai mirtilli<\/strong><\/h2>\n<p><em>&#8220;Ha l&#8217;odore di una pasticceria ed \u00e8 super rilassante&#8221;.<\/em> - \u00e8 il modo in cui molti fan descrivono il sapore.<\/p>\n<p>Questo assetto \u00e8 particolarmente apprezzato dagli &#8220;intenditori&#8221;. Grazie al suo gusto dolce e al 16% circa di CBD, \u00e8 la preferita per una serata rilassante sul divano. Ma \u00e8 anche la preferita per gli <strong>edibles<\/strong> in cucina.  <\/p>\n<h2><strong>Acquisti ora il Muffin al mirtillo e si diverta!<\/strong><\/h2>\n<p>\u00c8 pronto per un sapore dolce e un&#8217;elevata potenza?<br \/>\nOrdini ora e si assicuri la nostra migliore qualit\u00e0 interna.<\/p>\n<h2><strong>Integratori perfetti per il suo stile di vita<\/strong><\/h2>\n<p>\u27a1\ufe0f  <a href=\"https:\/\/www.herbadiberna.ch\/it\/fiori-di-cbd\/\">Scopra i fiori interi di CBD<\/a> (per l&#8217;occhio)<br \/>\n\u27a1\ufe0f  <a href=\"https:\/\/www.herbadiberna.ch\/it\/olio-di-cbd\/\">Acquisti olio di CBD<\/a> (come integratore giornaliero)<br \/>\n\u27a1\ufe0f  <a href=\"https:\/\/www.herbadiberna.ch\/it\/accessori-cbd\/\">Papes &amp; Filters<\/a> (Tutto per l&#8217;edilizia)<\/p>\n","protected":false},"excerpt":{"rendered":"<p data-path-to-node=\"12\">Acquista Blueberry Muffin Handtrim su Herba di Berna. Quasi il 16% di CBD, sapore dolce di biscotto al mirtillo e qualit\u00e0 indoor resinosa. Ideale come sostituto del tabacco forte, per il vaping o per la preparazione di edibles.    <strong>Ordinato entro le 15:00, consegnato domani \u2713 Spedizione gratuita a partire da CHF 80 \u2713<\/strong><\/p>\n","protected":false},"featured_media":78516,"comment_status":"open","ping_status":"closed","template":"","meta":{"inline_featured_image":false},"product_brand":[],"product_cat":[348,362],"product_tag":[],"class_list":{"0":"post-24494","1":"product","2":"type-product","3":"status-publish","4":"has-post-thumbnail","6":"product_cat-fiori-di-cbd","7":"product_cat-trim-it","8":"product_shipping_class-postpac-priorita","9":"pa_anbau-indoor-it","10":"pa_cbd-15-0-it","11":"pa_cbg-0-4-it","12":"pa_inhalt-netto-20g-it","13":"pa_thc-0-6-it","14":"pif-has-gallery","16":"first","17":"instock","18":"taxable","19":"shipping-taxable","20":"purchasable","21":"product-type-simple"},"_links":{"self":[{"href":"https:\/\/www.herbadiberna.ch\/it\/wp-json\/wp\/v2\/product\/24494","targetHints":{"allow":["GET"]}}],"collection":[{"href":"https:\/\/www.herbadiberna.ch\/it\/wp-json\/wp\/v2\/product"}],"about":[{"href":"https:\/\/www.herbadiberna.ch\/it\/wp-json\/wp\/v2\/types\/product"}],"replies":[{"embeddable":true,"href":"https:\/\/www.herbadiberna.ch\/it\/wp-json\/wp\/v2\/comments?post=24494"}],"wp:featuredmedia":[{"embeddable":true,"href":"https:\/\/www.herbadiberna.ch\/it\/wp-json\/wp\/v2\/media\/78516"}],"wp:attachment":[{"href":"https:\/\/www.herbadiberna.ch\/it\/wp-json\/wp\/v2\/media?parent=24494"}],"wp:term":[{"taxonomy":"product_brand","embeddable":true,"href":"https:\/\/www.herbadiberna.ch\/it\/wp-json\/wp\/v2\/product_brand?post=24494"},{"taxonomy":"product_cat","embeddable":true,"href":"https:\/\/www.herbadiberna.ch\/it\/wp-json\/wp\/v2\/product_cat?post=24494"},{"taxonomy":"product_tag","embeddable":true,"href":"https:\/\/www.herbadiberna.ch\/it\/wp-json\/wp\/v2\/product_tag?post=24494"}],"curies":[{"name":"wp","href":"https:\/\/api.w.org\/{rel}","templated":true}]}}