{"id":21901,"date":"2023-02-15T16:22:31","date_gmt":"2023-02-15T15:22:31","guid":{"rendered":"https:\/\/www.herbadiberna.ch\/rips-hemp-regular\/"},"modified":"2026-04-17T02:41:49","modified_gmt":"2026-04-17T01:41:49","slug":"rips-hemp-regular","status":"publish","type":"product","link":"https:\/\/www.herbadiberna.ch\/it\/prodotto\/rips-hemp-regular\/","title":{"rendered":"Rips Hemp Regular"},"content":{"rendered":"<p>Le repliche marroni sono tra le pi\u00f9 vendute in Svizzera. Sono disponibili in tre misure, con la Rips Hemp Regular che \u00e8 la pi\u00f9 stretta. I Rips Regular sono disponibili in rotoli di carta lunghi di 37 mm di larghezza, in modo che possiate decidere voi stessi la lunghezza della vostra struttura.<\/p>\n","protected":false},"excerpt":{"rendered":"<p>6 metri, 37 mm<\/p>\n","protected":false},"featured_media":34532,"comment_status":"open","ping_status":"closed","template":"","meta":{"inline_featured_image":false},"product_brand":[],"product_cat":[370,372],"product_tag":[],"class_list":{"0":"post-21901","1":"product","2":"type-product","3":"status-publish","4":"has-post-thumbnail","6":"product_cat-accessori-cbd","7":"product_cat-papi-filtri-macinino","9":"first","10":"instock","11":"taxable","12":"shipping-taxable","13":"purchasable","14":"product-type-variable","15":"rtwpvs-product"},"_links":{"self":[{"href":"https:\/\/www.herbadiberna.ch\/it\/wp-json\/wp\/v2\/product\/21901","targetHints":{"allow":["GET"]}}],"collection":[{"href":"https:\/\/www.herbadiberna.ch\/it\/wp-json\/wp\/v2\/product"}],"about":[{"href":"https:\/\/www.herbadiberna.ch\/it\/wp-json\/wp\/v2\/types\/product"}],"replies":[{"embeddable":true,"href":"https:\/\/www.herbadiberna.ch\/it\/wp-json\/wp\/v2\/comments?post=21901"}],"wp:featuredmedia":[{"embeddable":true,"href":"https:\/\/www.herbadiberna.ch\/it\/wp-json\/wp\/v2\/media\/34532"}],"wp:attachment":[{"href":"https:\/\/www.herbadiberna.ch\/it\/wp-json\/wp\/v2\/media?parent=21901"}],"wp:term":[{"taxonomy":"product_brand","embeddable":true,"href":"https:\/\/www.herbadiberna.ch\/it\/wp-json\/wp\/v2\/product_brand?post=21901"},{"taxonomy":"product_cat","embeddable":true,"href":"https:\/\/www.herbadiberna.ch\/it\/wp-json\/wp\/v2\/product_cat?post=21901"},{"taxonomy":"product_tag","embeddable":true,"href":"https:\/\/www.herbadiberna.ch\/it\/wp-json\/wp\/v2\/product_tag?post=21901"}],"curies":[{"name":"wp","href":"https:\/\/api.w.org\/{rel}","templated":true}]}}