{"id":21576,"date":"2023-02-01T16:23:16","date_gmt":"2023-02-01T15:23:16","guid":{"rendered":"https:\/\/www.herbadiberna.ch\/chruetermuehli-black-leaf-steely-dan-in-acciaio-inox-4-pezzi\/"},"modified":"2026-04-30T09:04:23","modified_gmt":"2026-04-30T08:04:23","slug":"chruetermuehli-nero-foglia-steely-dan-stainless-acciaio-4-pezzi","status":"publish","type":"product","link":"https:\/\/www.herbadiberna.ch\/it\/prodotto\/chruetermuehli-nero-foglia-steely-dan-stainless-acciaio-4-pezzi\/","title":{"rendered":"Chr\u00fcterm\u00fchli Black Leaf Steely Dan in acciaio inox 4 pezzi"},"content":{"rendered":"<p>Per questo pesante Chr\u00fcterm\u00fchli in acciaio inossidabile di alta qualit\u00e0, il produttore offre una garanzia a vita (tranne che per il setaccio). Gli affilati denti diamantati sminuzzano in un attimo anche i materiali pi\u00f9 solidi. Il supporto magnetico tiene la macina del mulino saldamente insieme, un anello scorrevole in nylon facilita la rotazione avanti e indietro. In questo Chr\u00fcterm\u00fchli in quattro parti, il setaccio e le camere inferiori, dove si accumula la preziosa &#8220;polvere&#8221;, sono chiusi ermeticamente e in modo sicuro con una serratura a rotazione. La piccola spatola in dotazione facilita lo svuotamento durante la raccolta. Un altro punto a favore \u00e8 la facilit\u00e0 di pulizia nella lavastoviglie. Non permettere che il setaccio entri in contatto con parti arrugginite e non lasciarlo per molto tempo in detergenti forti o alcol.<\/p>\n","protected":false},"excerpt":{"rendered":"<p>Chr\u00fcterm\u00fchli con garanzia a vita<\/p>\n","protected":false},"featured_media":11020,"comment_status":"open","ping_status":"closed","template":"","meta":{"inline_featured_image":false},"product_brand":[],"product_cat":[370,372],"product_tag":[],"class_list":{"0":"post-21576","1":"product","2":"type-product","3":"status-publish","4":"has-post-thumbnail","6":"product_cat-accessori-cbd","7":"product_cat-papi-filtri-macinino","8":"pif-has-gallery","10":"first","11":"instock","12":"taxable","13":"shipping-taxable","14":"purchasable","15":"product-type-simple"},"_links":{"self":[{"href":"https:\/\/www.herbadiberna.ch\/it\/wp-json\/wp\/v2\/product\/21576","targetHints":{"allow":["GET"]}}],"collection":[{"href":"https:\/\/www.herbadiberna.ch\/it\/wp-json\/wp\/v2\/product"}],"about":[{"href":"https:\/\/www.herbadiberna.ch\/it\/wp-json\/wp\/v2\/types\/product"}],"replies":[{"embeddable":true,"href":"https:\/\/www.herbadiberna.ch\/it\/wp-json\/wp\/v2\/comments?post=21576"}],"wp:featuredmedia":[{"embeddable":true,"href":"https:\/\/www.herbadiberna.ch\/it\/wp-json\/wp\/v2\/media\/11020"}],"wp:attachment":[{"href":"https:\/\/www.herbadiberna.ch\/it\/wp-json\/wp\/v2\/media?parent=21576"}],"wp:term":[{"taxonomy":"product_brand","embeddable":true,"href":"https:\/\/www.herbadiberna.ch\/it\/wp-json\/wp\/v2\/product_brand?post=21576"},{"taxonomy":"product_cat","embeddable":true,"href":"https:\/\/www.herbadiberna.ch\/it\/wp-json\/wp\/v2\/product_cat?post=21576"},{"taxonomy":"product_tag","embeddable":true,"href":"https:\/\/www.herbadiberna.ch\/it\/wp-json\/wp\/v2\/product_tag?post=21576"}],"curies":[{"name":"wp","href":"https:\/\/api.w.org\/{rel}","templated":true}]}}