{"id":21535,"date":"2023-02-01T16:23:25","date_gmt":"2023-02-01T15:23:25","guid":{"rendered":"https:\/\/www.herbadiberna.ch\/fx-mini\/"},"modified":"2026-04-16T16:51:11","modified_gmt":"2026-04-16T15:51:11","slug":"fx-mini","status":"publish","type":"product","link":"https:\/\/www.herbadiberna.ch\/it\/prodotto\/fx-mini\/","title":{"rendered":"Cloud Power FX Mini Ultra"},"content":{"rendered":"<div class=\"flex max-w-full flex-col flex-grow\">\n<div class=\"min-h-8 text-message flex w-full flex-col items-end gap-2 whitespace-normal break-words text-start [.text-message+&amp;]:mt-5\" dir=\"auto\">\n<div class=\"flex w-full flex-col gap-1 empty:hidden first:pt-[3px]\">\n<div class=\"markdown prose w-full break-words dark:prose-invert light\">\n<h2><strong>Acquisti il vaporizzatore FX MINI Ultra - piccolo, potente e innovativo<\/strong><\/h2>\n<p>Acquisti il vaporizzatore FX MINI Ultra e sperimenti una tecnologia di convezione all&#8217;avanguardia.<br \/>\n<strong>FX MINI Ultra<\/strong> \u00e8 uno dei vaporizzatori pi\u00f9 piccoli sul mercato e colpisce per il suo <strong>vero<\/strong> riscaldamento <strong>a convezione<\/strong>, per il design compatto e per la qualit\u00e0 del vapore.<br \/>\nCon <strong>una camera in titanio<\/strong>, un <strong>display OLED<\/strong> e la <strong>ricarica rapida USB-C<\/strong>, \u00e8 il compagno ideale per i viaggi e per la casa.<\/p>\n<h2><strong>Caratteristiche del prodotto del vaporizzatore FX MINI Ultra<\/strong><\/h2>\n<ul>\n<li style=\"list-style-type: none;\">\n<ul>\n<li><strong data-start=\"425\" data-end=\"447\">Nota importante:<\/strong> utilizzi il dispositivo solo con caricatori che forniscono una <strong data-start=\"507\" data-end=\"523\">corrente di carica<\/strong> massima <strong data-start=\"507\" data-end=\"523\">di 1A<\/strong>. I caricabatterie veloci con correnti pi\u00f9 elevate possono <strong data-start=\"580\" data-end=\"616\">danneggiare<\/strong> la <strong data-start=\"580\" data-end=\"616\">batteria a lungo termine<\/strong> e ridurre la durata del vaporizzatore.<\/li>\n<li><strong>Vera convezione:<\/strong> elemento riscaldante sotto la camera - per un vapore puro e uniforme senza contatto diretto.<\/li>\n<li><strong>Camera in titanio:<\/strong> resistente, insapore e perfetta per una vaporizzazione uniforme.<\/li>\n<li><strong>Display OLED:<\/strong> mostra con precisione la temperatura, il livello della batteria e lo stato di funzionamento.<\/li>\n<li><strong>Riscaldamento rapido:<\/strong> pronto all&#8217;uso in meno di 30 secondi<strong>.<\/strong> <\/li>\n<li><strong>Bocchino magnetico:<\/strong> meccanismo a scorrimento con vetro borosilicato per un vapore fresco e aromatico.<\/li>\n<li><strong>Versatile:<\/strong> per erbe, oli e cere, con capsule al quarzo opzionali.<\/li>\n<li><strong>Sicuro e pratico:<\/strong> condotto dell&#8217;aria isolato, spegnimento automatico e timer di 3-5 minuti.<\/li>\n<li><strong>Ricarica rapida USB-C:<\/strong> Carica e utilizza allo stesso tempo - ideale per i viaggi.<\/li>\n<\/ul>\n<\/li>\n<\/ul>\n<h2><strong>Perch\u00e9 acquistare la FX MINI Ultra?<\/strong><\/h2>\n<p>L&#8217;FX MINI Ultra offre <strong>prestazioni di alto livello in formato mini con la qualit\u00e0 tedesca.<\/strong><br \/>\nLa sua avanzata tecnologia di convezione assicura un vapore pulito e saporito, e allo stesso tempo \u00e8 delicata per la sua pianta.<br \/>\nGrazie alla camera in titanio, al bocchino in vetro di alta qualit\u00e0 e al breve tempo di riscaldamento, \u00e8 la scelta perfetta per chi cerca qualit\u00e0, efficienza e mobilit\u00e0.<\/p>\n<h2><strong>Esperienze dei clienti con la MINI Ultra FX<\/strong><\/h2>\n<p>Molti utenti ne lodano la <strong>maneggevolezza<\/strong>, il <strong>sapore puro<\/strong>, il <strong>design compatto <\/strong>e la <strong>durata<\/strong>.<br \/>\nIl display OLED intuitivo, il tempo di riscaldamento rapido e il design discreto lo rendono un vaporizzatore popolare per tutti i giorni.<\/p>\n<h2><strong>Ordini subito FX MINI e si goda il vapore puro!<\/strong><\/h2>\n<p><strong>Sperimenti la vera convezione in una forma compatta<\/strong>.<br \/>\nOrdini subito il <strong>vaporizzatore FX MINI Ultra<\/strong> di Herba di Berna e si goda la qualit\u00e0 del vapore high-tech con consegna rapida in Svizzera.<\/p>\n<h2><strong>Scopra di pi\u00f9 nel mondo del CBD da Herba di Berna<\/strong><\/h2>\n<p>\u27a1\ufe0f Sta cercando delle alternative? Scopra anche la nostra categoria di <a href=\"https:\/\/www.herbadiberna.ch\/it\/prodotti-per-la-cura-del-cbd\/\">cosmetici al CBD<\/a>!<br \/>\n\u27a1\ufe0f Scopra di pi\u00f9 sui <a href=\"https:\/\/www.herbadiberna.ch\/cbd-blueten\/\">fiori di CBD<\/a> perfetti per i vaporizzatori.<br \/>\n<a href=\"https:\/\/www.herbadiberna.ch\/it\/accessori-cbd\/\">\u27a1\ufe0f Scopra altri accessori CBD<\/a><\/p>\n<\/div>\n<\/div>\n<\/div>\n<\/div>\n","protected":false},"excerpt":{"rendered":"<p data-start=\"827\" data-end=\"978\">Acquisti il Vaporizzatore FX MINI Ultra su Herba di Berna. Vape high-tech compatto con convezione reale, camera in titanio e riscaldamento rapido in 30 secondi Consegna rapida in 1-3 giorni \u2713Spedizione gratuita da 79 CHF \u2713 <\/p>\n","protected":false},"featured_media":28519,"comment_status":"open","ping_status":"closed","template":"","meta":{"inline_featured_image":false},"product_brand":[],"product_cat":[379],"product_tag":[],"class_list":{"0":"post-21535","1":"product","2":"type-product","3":"status-publish","4":"has-post-thumbnail","6":"product_cat-vaporizzatori","7":"pa_marke-wolkenkraft-it","8":"pif-has-gallery","10":"first","11":"instock","12":"taxable","13":"shipping-taxable","14":"purchasable","15":"product-type-variable","16":"rtwpvs-product"},"_links":{"self":[{"href":"https:\/\/www.herbadiberna.ch\/it\/wp-json\/wp\/v2\/product\/21535","targetHints":{"allow":["GET"]}}],"collection":[{"href":"https:\/\/www.herbadiberna.ch\/it\/wp-json\/wp\/v2\/product"}],"about":[{"href":"https:\/\/www.herbadiberna.ch\/it\/wp-json\/wp\/v2\/types\/product"}],"replies":[{"embeddable":true,"href":"https:\/\/www.herbadiberna.ch\/it\/wp-json\/wp\/v2\/comments?post=21535"}],"wp:featuredmedia":[{"embeddable":true,"href":"https:\/\/www.herbadiberna.ch\/it\/wp-json\/wp\/v2\/media\/28519"}],"wp:attachment":[{"href":"https:\/\/www.herbadiberna.ch\/it\/wp-json\/wp\/v2\/media?parent=21535"}],"wp:term":[{"taxonomy":"product_brand","embeddable":true,"href":"https:\/\/www.herbadiberna.ch\/it\/wp-json\/wp\/v2\/product_brand?post=21535"},{"taxonomy":"product_cat","embeddable":true,"href":"https:\/\/www.herbadiberna.ch\/it\/wp-json\/wp\/v2\/product_cat?post=21535"},{"taxonomy":"product_tag","embeddable":true,"href":"https:\/\/www.herbadiberna.ch\/it\/wp-json\/wp\/v2\/product_tag?post=21535"}],"curies":[{"name":"wp","href":"https:\/\/api.w.org\/{rel}","templated":true}]}}