{"id":21448,"date":"2023-02-01T16:23:53","date_gmt":"2023-02-01T15:23:53","guid":{"rendered":"https:\/\/www.herbadiberna.ch\/potenza-della-nuvola-aris\/"},"modified":"2026-04-18T11:16:19","modified_gmt":"2026-04-18T10:16:19","slug":"cloudpower-aeris","status":"publish","type":"product","link":"https:\/\/www.herbadiberna.ch\/it\/prodotto\/cloudpower-aeris\/","title":{"rendered":"Cloud Power \u00c4ris Ultra"},"content":{"rendered":"<div class=\"flex max-w-full flex-col flex-grow\">\n<div class=\"min-h-8 text-message flex w-full flex-col items-end gap-2 whitespace-normal break-words text-start [.text-message+&amp;]:mt-5\" dir=\"auto\">\n<div class=\"flex w-full flex-col gap-1 empty:hidden first:pt-[3px]\">\n<div class=\"markdown prose w-full break-words dark:prose-invert light\">\n<h2><strong>Acquistare il vaporizzatore WOLKENKRAFT \u00c4RIS ULTRA - Innovativo e potente<\/strong><\/h2>\n<p>Acquisti i vaporizzatori WOLKENKRAFT \u00c4RIS ULTRA di Herba di Berna e sperimenti una tecnologia di vaporizzazione all&#8217;avanguardia.<br \/>\n<strong>\u00c4RIS ULTRA<\/strong> \u00e8 il vaporizzatore pi\u00f9 avanzato di WOLKENKRAFT e dispone della <strong>tecnologia<\/strong> brevettata <strong>ECA Easy Care Technology\u2122<\/strong> per un&#8217;esperienza di vapore particolarmente pura e saporita.<br \/>\nCon il suo design elegante, il breve tempo di riscaldamento e le prestazioni migliorate, porta la vaporizzazione ad un nuovo livello, ideale sia in viaggio che a casa.<\/p>\n<h2><strong>Caratteristiche del prodotto del vaporizzatore \u00c4RIS ULTRA<\/strong><\/h2>\n<ul>\n<li style=\"list-style-type: none;\">\n<ul>\n<li><strong data-start=\"425\" data-end=\"447\">Nota importante:<\/strong> La preghiamo di utilizzare il dispositivo solo con caricatori che erogano una <strong data-start=\"507\" data-end=\"523\">corrente di carica<\/strong> massima <strong data-start=\"507\" data-end=\"523\">di 1A<\/strong>. I caricabatterie veloci con una corrente superiore possono <strong data-start=\"580\" data-end=\"616\">danneggiare<\/strong> la <strong data-start=\"580\" data-end=\"616\">batteria a lungo termine<\/strong> e ridurre la durata del vaporizzatore. <\/li>\n<li><strong>Tecnologia di vaporizzazione di settima generazione:<\/strong> convezione avanzata per la massima efficienza e purezza.<\/li>\n<li><strong>Tecnologia brevettata ECA:<\/strong> Easy Care Air Path\u00ae per un vapore pulito e non adulterato.<\/li>\n<li><strong>Materiali di alta qualit\u00e0:<\/strong> camera in titanio, bocchino in vetro e anello del bocchino placcato oro.<\/li>\n<li><strong>Display OLED:<\/strong> visualizzazione cristallina di temperatura, timer e livello della batteria.<\/li>\n<li><strong>Tempo di riscaldamento rapido:<\/strong> pronto all&#8217;uso dopo soli 25 secondi.<\/li>\n<li><strong>Batteria potente:<\/strong> 2600 mAh con ricarica rapida USB-C e funzione pass-through.<\/li>\n<li><strong>Sicuro e confortevole:<\/strong> 8 funzioni di protezione, feedback delle vibrazioni e condotto dell&#8217;aria isolato.<\/li>\n<\/ul>\n<\/li>\n<\/ul>\n<h2><strong>Perch\u00e9 acquistare \u00c4RIS ULTRA?<\/strong><\/h2>\n<p>\u00c4RIS ULTRA \u00e8 sinonimo di <strong>qualit\u00e0 premium<\/strong>, <strong>design moderno<\/strong> e <strong>precisione tecnologica<\/strong>.<br \/>\nGrazie al controllo migliorato della temperatura da 100 \u00b0C a 220 \u00b0C, all&#8217;innovativo percorso dell&#8217;aria e al feedback tattile, offre un&#8217;esperienza di svapo eccezionalmente fluida.<br \/>\nSe cerca prestazioni massime, sapori puri e un design elegante, il <strong>vaporizzatore WOLKENKRAFT \u00c4RIS ULTRA<\/strong> \u00e8 la scelta perfetta.<\/p>\n<h2><strong>L&#8217;esperienza del cliente con \u00c4RIS ULTRA<\/strong><\/h2>\n<p>Gli utenti riferiscono di sapori intensi e chiari e di un vapore piacevolmente fresco.<br \/>\nIl tempo di riscaldamento rapido, la facilit\u00e0 di pulizia grazie alla tecnologia ECA e la lavorazione di alta qualit\u00e0 sono particolarmente apprezzati - ideale per sessioni regolari e in viaggio.<\/p>\n<h2><strong>Ordini subito WOLKENKRAFT e sperimenti il vaping moderno!<\/strong><\/h2>\n<p><strong>Scopra la nuova generazione di vaporizzatori con WOLKENKRAFT.<\/strong><br \/>\nOrdini subito il <strong>vaporizzatore \u00c4RIS ULTRA<\/strong> di Herba di Berna e approfitti della consegna espressa in Svizzera - per un piacere puro domani.<\/p>\n<h2><strong>Scopra di pi\u00f9 nel mondo del CBD da Herba di Berna<\/strong><\/h2>\n<p>\u27a1\ufe0f Sta cercando delle alternative? Scopra anche la nostra categoria di <a href=\"https:\/\/www.herbadiberna.ch\/it\/prodotti-per-la-cura-del-cbd\/\">cosmetici al CBD<\/a>!<br \/>\n\u27a1\ufe0f Scopra di pi\u00f9 sui <a href=\"https:\/\/www.herbadiberna.ch\/it\/fiori-di-cbd\/\">fiori di CBD<\/a> perfetti per i vaporizzatori.<br \/>\n<a href=\"https:\/\/www.herbadiberna.ch\/it\/accessori-cbd\/\">\u27a1\ufe0f Scopra altri accessori CBD<\/a><\/p>\n<\/div>\n<\/div>\n<\/div>\n<\/div>\n","protected":false},"excerpt":{"rendered":"<p data-start=\"155\" data-end=\"360\">Acquisti il vaporizzatore WOLKENKRAFT \u00c4RIS ULTRA presso Herba di Berna. Tecnologia ECA brevettata, vapore puro e design di alta gamma per sessioni intensive e riscaldamento rapido.   <strong>Consegna rapida in 1-3 giorni \u2713 Spese di spedizione gratuite a partire da CHF 80 \u2713<\/strong><\/p>\n","protected":false},"featured_media":28482,"comment_status":"open","ping_status":"closed","template":"","meta":{"inline_featured_image":false},"product_brand":[],"product_cat":[379],"product_tag":[],"class_list":{"0":"post-21448","1":"product","2":"type-product","3":"status-publish","4":"has-post-thumbnail","6":"product_cat-vaporizzatori","7":"pa_marke-wolkenkraft-it","8":"pif-has-gallery","10":"first","11":"instock","12":"taxable","13":"shipping-taxable","14":"purchasable","15":"product-type-variable","16":"rtwpvs-product"},"_links":{"self":[{"href":"https:\/\/www.herbadiberna.ch\/it\/wp-json\/wp\/v2\/product\/21448","targetHints":{"allow":["GET"]}}],"collection":[{"href":"https:\/\/www.herbadiberna.ch\/it\/wp-json\/wp\/v2\/product"}],"about":[{"href":"https:\/\/www.herbadiberna.ch\/it\/wp-json\/wp\/v2\/types\/product"}],"replies":[{"embeddable":true,"href":"https:\/\/www.herbadiberna.ch\/it\/wp-json\/wp\/v2\/comments?post=21448"}],"wp:featuredmedia":[{"embeddable":true,"href":"https:\/\/www.herbadiberna.ch\/it\/wp-json\/wp\/v2\/media\/28482"}],"wp:attachment":[{"href":"https:\/\/www.herbadiberna.ch\/it\/wp-json\/wp\/v2\/media?parent=21448"}],"wp:term":[{"taxonomy":"product_brand","embeddable":true,"href":"https:\/\/www.herbadiberna.ch\/it\/wp-json\/wp\/v2\/product_brand?post=21448"},{"taxonomy":"product_cat","embeddable":true,"href":"https:\/\/www.herbadiberna.ch\/it\/wp-json\/wp\/v2\/product_cat?post=21448"},{"taxonomy":"product_tag","embeddable":true,"href":"https:\/\/www.herbadiberna.ch\/it\/wp-json\/wp\/v2\/product_tag?post=21448"}],"curies":[{"name":"wp","href":"https:\/\/api.w.org\/{rel}","templated":true}]}}