{"id":16794,"date":"2022-08-09T14:27:51","date_gmt":"2022-08-09T13:27:51","guid":{"rendered":"https:\/\/www.herbadiberna.ch\/?post_type=product&#038;p=16794"},"modified":"2026-04-21T09:51:13","modified_gmt":"2026-04-21T08:51:13","slug":"shampoo-nutriente-con-cbd-250ml","status":"publish","type":"product","link":"https:\/\/www.herbadiberna.ch\/it\/prodotto\/shampoo-nutriente-con-cbd-250ml\/","title":{"rendered":"Shampoo nutriente con CBD 250ml"},"content":{"rendered":"<h2><strong>Acquisti lo Shampoo Nutriente con CBD - potere dalla natura<\/strong><\/h2>\n<p>I suoi capelli si sentono secchi o privi di forza? Allora il nostro <strong>Shampoo Nutriente con CBD<\/strong> \u00e8 la soluzione che fa per lei. Questo prodotto di cura \u00e8 stato appositamente sviluppato non solo per detergere i capelli, ma anche per rigenerarli in profondit\u00e0.  <\/p>\n<p>Fornisce al cuoio capelluto e ai capelli un&#8217;importante idratazione senza appesantirli. Quando utilizza lo <strong>Shampoo Nutriente con CBD<\/strong>, opta per una cura rivitalizzante e delicata per tutti i tipi di capelli. Non lascia una pellicola oleosa, ma dona volume e una sana lucentezza.  <\/p>\n<h2><strong>Ingredienti naturali e consigli per l&#8217;applicazione<\/strong><\/h2>\n<p>Ci affidiamo a ingredienti naturali al 100%, sviluppati e prodotti in Svizzera. Grazie all&#8217;olio di CBD contenuto, lo shampoo ha un effetto particolarmente nutriente e lenitivo sul cuoio capelluto. Per aiutarla a ottenere i migliori risultati, ecco una nota importante:  <\/p>\n<ul>\n<li><strong>Solo naturale:<\/strong> poich\u00e9 il nostro shampoo \u00e8 puramente naturale, si armonizza al meglio con prodotti complementari altrettanto naturali.<\/li>\n<li><strong>Attenzione alle miscele:<\/strong> se utilizza balsami o gel per capelli prodotti su base chimica, questo pu\u00f2 portare a capelli leggermente secchi in combinazione. Quindi \u00e8 meglio attenersi alla &#8220;natura pura&#8221;. <\/li>\n<li><strong>Prospettiva:<\/strong> Non si preoccupi, il balsamo abbinato, 100% naturale, da noi \u00e8 gi\u00e0 in lavorazione e sar\u00e0 presto disponibile!<\/li>\n<\/ul>\n<h2><strong>Caratteristiche del prodotto: Perch\u00e9 scegliere lo Shampoo Nutriente con CBD?<\/strong><\/h2>\n<ul>\n<li><strong>Formati versatili:<\/strong> Per una degustazione o per tutta la famiglia - disponibile nel pratico formato da viaggio da 60 ml, nella classica bottiglia da 250 ml o nella sostenibile confezione da 1000 ml.<\/li>\n<li><strong>Rigenerante:<\/strong> la formula speciale ripara i danni ai capelli e rafforza la struttura dalla radice.<\/li>\n<li><strong>Swiss Made:<\/strong> i pi\u00f9 alti standard di qualit\u00e0 della produzione nazionale.<\/li>\n<li><strong>Per ogni testa:<\/strong> la formula delicata \u00e8 ugualmente adatta a capelli fini, spessi, ricci o lisci.<\/li>\n<\/ul>\n<h2><strong>Un&#8217;assistenza sostenibile per lei<\/strong><\/h2>\n<p>Crediamo che la cura del corpo non abbia bisogno di sostanze chimiche. Con questo shampoo, riceve il potere della pianta di canapa direttamente nel suo bagno.<br \/>\nCome risultato, ottiene un prodotto che fa bene a lei e all&#8217;ambiente. \u00c8 il modo intelligente di prendersi cura dei suoi capelli: efficace, naturale e onesto.  <\/p>\n<h2><strong>Esperienze dei clienti con lo shampoo al CBD<\/strong><\/h2>\n<p><em>&#8220;Finalmente di nuovo splendenti senza siliconi!&#8221;.<\/em> - Il feedback dei nostri clienti \u00e8 chiaro.<br \/>\nIn particolare, lodano il fatto che i loro capelli sono maneggevoli e voluminosi dopo il lavaggio, invece di essere appesi. Molti ora utilizzano il flacone da 1000 ml per tutta la famiglia. <\/p>\n<h2><strong>Ordini subito lo Shampoo Nutriente con CBD e brilli!<\/strong><\/h2>\n<p>\u00c8 pronta per avere capelli naturalmente belli?<br \/>\nOrdini ora e provi la differenza della cura della canapa.<\/p>\n<h2><strong>Integratori perfetti per il suo stile di vita<\/strong><\/h2>\n<p>\u27a1\ufe0f  <a href=\"https:\/\/www.herbadiberna.ch\/hanftee\/\">Acquisti il t\u00e8 alla canapa<\/a> (benessere dall&#8217;interno per la sua pelle)<br \/>\n\u27a1\ufe0f  <a href=\"https:\/\/www.herbadiberna.ch\/it\/fiori-di-cbd\/\">Fiori di CBD<\/a> (relax per la sera)<br \/>\n\u27a1\ufe0f  <a href=\"https:\/\/www.herbadiberna.ch\/it\/olio-di-cbd\/\">Gocce di olio di CBD<\/a> (il classico nella sua routine)<\/p>\n","protected":false},"excerpt":{"rendered":"<p data-path-to-node=\"11\">Conceda una pausa ai suoi capelli: lo Shampoo Nutriente con olio di CBD rivitalizza, idrata e dona volume e lucentezza naturali. La formula 100% naturale non appesantisce i capelli ed \u00e8 delicata per tutti i tipi di capelli. Qualit\u00e0 Swiss Made.    <b data-path-to-node=\"12\" data-index-in-node=\"0\">Ordinato entro le ore 15.00 di oggi, consegnato domani \u2713 Spese di spedizione gratuite a partire da 79 franchi \u2713<\/b><\/p>\n","protected":false},"featured_media":16501,"comment_status":"open","ping_status":"closed","template":"","meta":{"inline_featured_image":false},"product_brand":[],"product_cat":[469,536],"product_tag":[],"class_list":{"0":"post-16794","1":"product","2":"type-product","3":"status-publish","4":"has-post-thumbnail","6":"product_cat-prodotti-per-la-cura-del-cbd","7":"product_cat-shampoo-it","8":"pif-has-gallery","10":"first","11":"instock","12":"taxable","13":"shipping-taxable","14":"purchasable","15":"product-type-simple"},"_links":{"self":[{"href":"https:\/\/www.herbadiberna.ch\/it\/wp-json\/wp\/v2\/product\/16794","targetHints":{"allow":["GET"]}}],"collection":[{"href":"https:\/\/www.herbadiberna.ch\/it\/wp-json\/wp\/v2\/product"}],"about":[{"href":"https:\/\/www.herbadiberna.ch\/it\/wp-json\/wp\/v2\/types\/product"}],"replies":[{"embeddable":true,"href":"https:\/\/www.herbadiberna.ch\/it\/wp-json\/wp\/v2\/comments?post=16794"}],"wp:featuredmedia":[{"embeddable":true,"href":"https:\/\/www.herbadiberna.ch\/it\/wp-json\/wp\/v2\/media\/16501"}],"wp:attachment":[{"href":"https:\/\/www.herbadiberna.ch\/it\/wp-json\/wp\/v2\/media?parent=16794"}],"wp:term":[{"taxonomy":"product_brand","embeddable":true,"href":"https:\/\/www.herbadiberna.ch\/it\/wp-json\/wp\/v2\/product_brand?post=16794"},{"taxonomy":"product_cat","embeddable":true,"href":"https:\/\/www.herbadiberna.ch\/it\/wp-json\/wp\/v2\/product_cat?post=16794"},{"taxonomy":"product_tag","embeddable":true,"href":"https:\/\/www.herbadiberna.ch\/it\/wp-json\/wp\/v2\/product_tag?post=16794"}],"curies":[{"name":"wp","href":"https:\/\/api.w.org\/{rel}","templated":true}]}}