{"id":16533,"date":"2022-07-26T12:50:14","date_gmt":"2022-07-26T11:50:14","guid":{"rendered":"https:\/\/www.herbadiberna.ch\/shampoo-nutriente-alcanna-con-olio-di-cbd\/"},"modified":"2026-05-08T03:29:21","modified_gmt":"2026-05-08T02:29:21","slug":"alcanna-shampoo-nutriente-con-olio-di-cbd","status":"publish","type":"product","link":"https:\/\/www.herbadiberna.ch\/it\/prodotto\/alcanna-shampoo-nutriente-con-olio-di-cbd\/","title":{"rendered":"Shampoo nutriente con CBD 60ml"},"content":{"rendered":"<p>Lo Shampoo Nutriente con olio di CBD ha propriet\u00e0 rigeneranti e idrata i capelli. Rivitalizza i capelli ed \u00e8 delicato su tutti i tipi di capelli. Grazie all&#8217;olio di CBD, lo shampoo \u00e8 particolarmente nutriente e delicato. La speciale miscela naturale garantisce volume e lucentezza senza appesantire i capelli o lasciare una pellicola oleosa.<\/p>\n<p>Lo shampoo \u00e8 stato sviluppato e prodotto in Svizzera, con ingredienti naturali al 100%. \u00c8 disponibile in tre misure: 60 ml, 250 ml e 1000 ml in una confezione grande per tutta la famiglia.<\/p>\n<p>Se lo shampoo viene integrato con altri prodotti per la cura dei capelli, come balsami o gel per capelli che non sono prodotti su base naturale, i capelli possono risultare leggermente secchi. A breve sar\u00e0 disponibile un balsamo come complemento.<\/p>\n","protected":false},"excerpt":{"rendered":"<p>Shampoo nutriente rigenerante e idratante<\/p>\n","protected":false},"featured_media":54979,"comment_status":"closed","ping_status":"closed","template":"","meta":{"inline_featured_image":false},"product_brand":[],"product_cat":[469,536],"product_tag":[],"class_list":{"0":"post-16533","1":"product","2":"type-product","3":"status-publish","4":"has-post-thumbnail","6":"product_cat-prodotti-per-la-cura-del-cbd","7":"product_cat-shampoo-it","8":"pif-has-gallery","10":"first","11":"instock","12":"taxable","13":"shipping-taxable","14":"purchasable","15":"product-type-simple"},"_links":{"self":[{"href":"https:\/\/www.herbadiberna.ch\/it\/wp-json\/wp\/v2\/product\/16533","targetHints":{"allow":["GET"]}}],"collection":[{"href":"https:\/\/www.herbadiberna.ch\/it\/wp-json\/wp\/v2\/product"}],"about":[{"href":"https:\/\/www.herbadiberna.ch\/it\/wp-json\/wp\/v2\/types\/product"}],"replies":[{"embeddable":true,"href":"https:\/\/www.herbadiberna.ch\/it\/wp-json\/wp\/v2\/comments?post=16533"}],"wp:featuredmedia":[{"embeddable":true,"href":"https:\/\/www.herbadiberna.ch\/it\/wp-json\/wp\/v2\/media\/54979"}],"wp:attachment":[{"href":"https:\/\/www.herbadiberna.ch\/it\/wp-json\/wp\/v2\/media?parent=16533"}],"wp:term":[{"taxonomy":"product_brand","embeddable":true,"href":"https:\/\/www.herbadiberna.ch\/it\/wp-json\/wp\/v2\/product_brand?post=16533"},{"taxonomy":"product_cat","embeddable":true,"href":"https:\/\/www.herbadiberna.ch\/it\/wp-json\/wp\/v2\/product_cat?post=16533"},{"taxonomy":"product_tag","embeddable":true,"href":"https:\/\/www.herbadiberna.ch\/it\/wp-json\/wp\/v2\/product_tag?post=16533"}],"curies":[{"name":"wp","href":"https:\/\/api.w.org\/{rel}","templated":true}]}}