{"id":16524,"date":"2022-07-26T12:49:13","date_gmt":"2022-07-26T11:49:13","guid":{"rendered":"https:\/\/www.herbadiberna.ch\/borsa-herba-di-berna\/"},"modified":"2026-04-11T06:14:10","modified_gmt":"2026-04-11T05:14:10","slug":"sacchetto-di-canapa-erba-di-berna","status":"publish","type":"product","link":"https:\/\/www.herbadiberna.ch\/it\/prodotto\/sacchetto-di-canapa-erba-di-berna\/","title":{"rendered":"Borsa di canapa HdB"},"content":{"rendered":"<h2>La nostra borsa Herba di Berna \u00e8 realizzata al 100% in canapa. Le borse in canapa sono considerate assorbenti, repellenti allo sporco e sono caratterizzate da una resistenza particolarmente elevata. Non solo \u00e8 robusta, ma pu\u00f2 assorbire fino al 30% di umidit\u00e0 senza sporcarsi o sviluppare odori.  <\/h2>\n<p>La pianta di canapa viene coltivata al 100% in modo biologico. Questa coltivazione ecologica rende le borse di canapa particolarmente rispettose della pelle. Anche le persone con pelle molto sensibile o che soffrono di allergie possono indossare le fibre di canapa senza esitazioni.  <\/p>\n<p>- Materia prima rinnovabile di produzione tedesca<br \/>\n- riciclabile al 100%<br \/>\n- sostenibile e a risparmio di risorse<\/p>\n","protected":false},"excerpt":{"rendered":"<p>Borsa Herba di Berna in canapa al 100%.<\/p>\n","protected":false},"featured_media":16481,"comment_status":"closed","ping_status":"closed","template":"","meta":{"inline_featured_image":false},"product_brand":[],"product_cat":[584],"product_tag":[],"class_list":{"0":"post-16524","1":"product","2":"type-product","3":"status-publish","4":"has-post-thumbnail","6":"product_cat-tessili","7":"pif-has-gallery","9":"first","10":"instock","11":"taxable","12":"shipping-taxable","13":"purchasable","14":"product-type-simple"},"_links":{"self":[{"href":"https:\/\/www.herbadiberna.ch\/it\/wp-json\/wp\/v2\/product\/16524","targetHints":{"allow":["GET"]}}],"collection":[{"href":"https:\/\/www.herbadiberna.ch\/it\/wp-json\/wp\/v2\/product"}],"about":[{"href":"https:\/\/www.herbadiberna.ch\/it\/wp-json\/wp\/v2\/types\/product"}],"replies":[{"embeddable":true,"href":"https:\/\/www.herbadiberna.ch\/it\/wp-json\/wp\/v2\/comments?post=16524"}],"wp:featuredmedia":[{"embeddable":true,"href":"https:\/\/www.herbadiberna.ch\/it\/wp-json\/wp\/v2\/media\/16481"}],"wp:attachment":[{"href":"https:\/\/www.herbadiberna.ch\/it\/wp-json\/wp\/v2\/media?parent=16524"}],"wp:term":[{"taxonomy":"product_brand","embeddable":true,"href":"https:\/\/www.herbadiberna.ch\/it\/wp-json\/wp\/v2\/product_brand?post=16524"},{"taxonomy":"product_cat","embeddable":true,"href":"https:\/\/www.herbadiberna.ch\/it\/wp-json\/wp\/v2\/product_cat?post=16524"},{"taxonomy":"product_tag","embeddable":true,"href":"https:\/\/www.herbadiberna.ch\/it\/wp-json\/wp\/v2\/product_tag?post=16524"}],"curies":[{"name":"wp","href":"https:\/\/api.w.org\/{rel}","templated":true}]}}