{"id":14836,"date":"2022-04-22T14:46:22","date_gmt":"2022-04-22T13:46:22","guid":{"rendered":"https:\/\/www.herbadiberna.ch\/centrale-elettrica-interna\/"},"modified":"2026-04-13T06:38:09","modified_gmt":"2026-04-13T05:38:09","slug":"power-plant-indoor","status":"publish","type":"product","link":"https:\/\/www.herbadiberna.ch\/it\/prodotto\/power-plant-indoor\/","title":{"rendered":"Power Plant Indoor"},"content":{"rendered":"<div class=\"flex max-w-full flex-col flex-grow\">\n<div class=\"min-h-8 text-message flex w-full flex-col items-end gap-2 whitespace-normal break-words text-start [.text-message+&amp;]:mt-5\" dir=\"auto\">\n<div class=\"flex w-full flex-col gap-1 empty:hidden first:pt-[3px]\">\n<div class=\"markdown prose w-full break-words dark:prose-invert light\">\n<h2><strong>Comprare Power Plant Indoor - Il classico della sativa per la massima energia<\/strong><\/h2>\n<p>Sta pensando di <strong>acquistare Power Plant Indoor<\/strong>? O sta cercando l&#8217;indiscusso re sativo del mercato svizzero, famoso per il suo leggendario ronzio in testa e per l&#8217;estetica di prima classe?<br \/>\nI nostri fiori di <strong>Power Plant Indoor<\/strong> sono il fiore all&#8217;occhiello per chi cerca un effetto energizzante. Nella scena, questa variet\u00e0 incarna la vitalit\u00e0 e la concentrazione creativa, racchiuse in cime belle e grandi.  <\/p>\n<p>La genetica Power Plant \u00e8 nota anche per la sua affidabilit\u00e0. Ecco perch\u00e9 questi fiori resinosi sono ideali per un consumo consapevole durante il giorno, dispiegando il loro sapore pieno e dolce nella <strong>svapata<\/strong> e impressionando con un aspetto che ricorda le cime innevate.<br \/>\nQuesta esperienza \u00e8 come una fresca esplosione di energia. Coltiviamo questa variet\u00e0 con energia rinnovabile al 100% nelle nostre moderne strutture indoor. Il risultato \u00e8 un&#8217;<strong>esperienza di acquisto di fiori CBD<\/strong> con un sapore dolce ed equilibrato che solleva immediatamente l&#8217;umore.   <\/p>\n<h2><strong>Il profilo aromatico: la potenza della Sativa incontra la dolcezza delicata<\/strong><\/h2>\n<p>Con noi, acquista genetiche sativa concentrate, provenienti da coltivazioni svizzere sostenibili. Questi fiori sono sinonimo di forza, purezza e di un profilo terpenico che non lascia nulla a desiderare. <\/p>\n<ul>\n<li><strong>Il sapore:<\/strong> un punto culminante dolce ed equilibrato. Pu\u00f2 aspettarsi un&#8217;esperienza di fumo molto leggera, con note chiare e pulite. Il sapore \u00e8 quindi corposo e allo stesso tempo rinfrescante e leggero - perfetto per il &#8220;guidatore quotidiano&#8221;.  <\/li>\n<li><strong>L&#8217;aspetto:<\/strong> si ottengono cime grandi e compatte, attraversate da innumerevoli peli di colore arancione chiaro. Il denso strato di tricomi lucidi sembra zucchero a velo ed \u00e8 un chiaro segno dell&#8217;elevato contenuto di principi attivi. <\/li>\n<\/ul>\n<h2><strong>Caratteristiche del prodotto: Perch\u00e9 acquistare la Centrale Elettrica Indoor?<\/strong><\/h2>\n<ul>\n<li><strong>Effetto rinvigorente:<\/strong> la genetica a predominanza sativa offre un&#8217;esperienza creativa e di buon umore, ideale per le giornate attive.<\/li>\n<li><strong>Coltivazione sostenibile:<\/strong> coltivata con energia rinnovabile al 100 %, senza pesticidi o erbicidi - per avere la coscienza pulita quando mangia.<\/li>\n<li><strong>Lavorazione premium:<\/strong> ogni fiore viene raffinato a mano, delicatamente essiccato e perfettamente fermentato per massimizzare la protezione dei terpeni.<\/li>\n<li><strong>Qualit\u00e0 svizzera:<\/strong> 100 % Swiss Made da coltivazione indoor controllata per i pi\u00f9 alti standard di pulizia e potenza.<\/li>\n<\/ul>\n<h2><strong>Acquisti Power Plant Indoor - il suo compagno quotidiano<\/strong><\/h2>\n<p>Crediamo che una buona variet\u00e0 debba ispirare. Power Plant \u00e8 il risultato di anni di esperienza nella coltivazione indoor. Quella che tecnicamente viene descritta come &#8220;a predominanza sativa&#8221;, per noi \u00e8 pura gioia di vivere in forma di fiore.<br \/>\nIl risultato \u00e8 un prodotto che si colloca ai vertici in termini di energia e aspetto. \u00c8 quindi il modo intelligente per godere di <strong>un CBD di alta qualit\u00e0<\/strong>, se apprezza la concentrazione e il sapore di prima classe.   <\/p>\n<h2><strong>Esperienze dei clienti con Power Plant Indoor<\/strong><\/h2>\n<p>I nostri clienti descrivono pi\u00f9 spesso l&#8217;esperienza come <strong>&#8220;rinvigorente, dolce e visivamente sorprendente&#8221;.<\/strong> In particolare, il denso strato di cristalli e le propriet\u00e0 di fumare dolcemente vengono elogiati pi\u00f9 volte. Molti considerano Power Plant come la loro variet\u00e0 standard per la giornata, in quanto fornisce pensieri chiari e un&#8217;aura positiva.  <\/p>\n<h2><strong>Acquisti ora Power Plant Indoor e sperimenti la potenza della sativa!<\/strong><\/h2>\n<p>\u00c8 pronto per il leggendario classico della sativa in qualit\u00e0 premium?<br \/>\nOrdini ora e si assicuri il nostro pacchetto energetico dalla produzione interna svizzera.<\/p>\n<h2><strong>Integratori perfetti per il suo stile di vita<\/strong><\/h2>\n<p>\u27a1\ufe0f  <a href=\"https:\/\/www.herbadiberna.ch\/it\/olio-di-cbd\/\">Acquisti olio di CBD<\/a> (per l&#8217;equilibrio interiore)<br \/>\n\u27a1\ufe0f  <a href=\"https:\/\/www.herbadiberna.ch\/it\/alimenti-canapa\/\">Alimenti alla canapa<\/a> (spuntini salutari)<br \/>\n\u27a1\ufe0f  <a href=\"https:\/\/www.herbadiberna.ch\/it\/accessori-cbd\/\">Negozio di accessori<\/a> (Vapes, Papes e Grinder)<\/p>\n<\/div>\n<\/div>\n<\/div>\n<\/div>\n","protected":false},"excerpt":{"rendered":"<p data-path-to-node=\"10\">Acquisti Power Plant Indoor presso Herba di Berna. Sapore rinvigorente di sativa e fiori di prima qualit\u00e0 con un profilo dolce e delicato. Cime grandi e resinose provenienti da una coltivazione indoor svizzera sostenibile. La scelta ideale per la concentrazione e l&#8217;energia positiva nella vita quotidiana.   <strong>  Ordinato entro le 15:00, consegnato domani \u2713 Spedizione gratuita a partire da CHF 80 \u2713<\/strong><\/p>\n","protected":false},"featured_media":78782,"comment_status":"open","ping_status":"closed","template":"","meta":{"inline_featured_image":false},"product_brand":[],"product_cat":[348,352],"product_tag":[],"class_list":{"0":"post-14836","1":"product","2":"type-product","3":"status-publish","4":"has-post-thumbnail","6":"product_cat-fiori-di-cbd","7":"product_cat-interno","8":"pif-has-gallery","10":"first","11":"instock","12":"taxable","13":"shipping-taxable","14":"purchasable","15":"product-type-variable","16":"rtwpvs-product"},"_links":{"self":[{"href":"https:\/\/www.herbadiberna.ch\/it\/wp-json\/wp\/v2\/product\/14836","targetHints":{"allow":["GET"]}}],"collection":[{"href":"https:\/\/www.herbadiberna.ch\/it\/wp-json\/wp\/v2\/product"}],"about":[{"href":"https:\/\/www.herbadiberna.ch\/it\/wp-json\/wp\/v2\/types\/product"}],"replies":[{"embeddable":true,"href":"https:\/\/www.herbadiberna.ch\/it\/wp-json\/wp\/v2\/comments?post=14836"}],"wp:featuredmedia":[{"embeddable":true,"href":"https:\/\/www.herbadiberna.ch\/it\/wp-json\/wp\/v2\/media\/78782"}],"wp:attachment":[{"href":"https:\/\/www.herbadiberna.ch\/it\/wp-json\/wp\/v2\/media?parent=14836"}],"wp:term":[{"taxonomy":"product_brand","embeddable":true,"href":"https:\/\/www.herbadiberna.ch\/it\/wp-json\/wp\/v2\/product_brand?post=14836"},{"taxonomy":"product_cat","embeddable":true,"href":"https:\/\/www.herbadiberna.ch\/it\/wp-json\/wp\/v2\/product_cat?post=14836"},{"taxonomy":"product_tag","embeddable":true,"href":"https:\/\/www.herbadiberna.ch\/it\/wp-json\/wp\/v2\/product_tag?post=14836"}],"curies":[{"name":"wp","href":"https:\/\/api.w.org\/{rel}","templated":true}]}}