{"id":14806,"date":"2022-04-22T15:02:30","date_gmt":"2022-04-22T14:02:30","guid":{"rendered":"https:\/\/www.herbadiberna.ch\/power-plant-indoor-mini-buds\/"},"modified":"2026-04-28T17:43:03","modified_gmt":"2026-04-28T16:43:03","slug":"power-plant-indoor-mini-buds","status":"publish","type":"product","link":"https:\/\/www.herbadiberna.ch\/it\/prodotto\/power-plant-indoor-mini-buds\/","title":{"rendered":"Mini-Buds Indoor della Centrale Elettrica 21g"},"content":{"rendered":"<h2><strong>Acquistare Power Plant Indoor Mini-Buds - Premium a un prezzo conveniente<\/strong><\/h2>\n<p>Ama i nostri classici della sativa, ma vuole risparmiare sul portafoglio? Allora le <strong>Power Plant Indoor Mini Buds<\/strong> sono proprio quello che fa per lei. Qui ottiene la solita qualit\u00e0 indoor, ma sotto forma di gemme pi\u00f9 piccole.  <\/p>\n<p>Questi <strong>piccoli boccioli<\/strong> hanno conquistato il mercato svizzero. Perch\u00e9? Perch\u00e9 sono identiche alle grandi piante madri in termini di sapore ed effetto. Acquistando <strong>Power Plant Indoor Minis <\/strong>, si rinuncia agli steli e all&#8217;aspetto grande, ma non all&#8217;esperienza intensa e stimolante.   <\/p>\n<h2><strong>Il sapore: dominio della sativa in un formato piccolo<\/strong><\/h2>\n<p>Anche come <strong>miniature da interno<\/strong>, questi fiori sono convincenti su tutta la linea. Sono compatti, resinosi e ricoperti dai tipici peli sottili di colore arancione chiaro. I tricomi lucidi ricoprono le piccole gemme come zucchero a velo - un vero segno di qualit\u00e0.<br \/>\nGrazie alla nostra essiccazione delicata e al processo di fermentazione coordinato, le <strong>gemme Power Plant Indoor Mini<\/strong> sviluppano anche il loro leggendario sapore:  <\/p>\n<ul>\n<li><strong>Il sapore:<\/strong> note dolci ed equilibrate che coccolano immediatamente l&#8217;olfatto e sono piacevolmente delicate quando vengono fumate.<\/li>\n<li><strong>L&#8217;effetto:<\/strong> come variet\u00e0 a predominanza sativa, Power Plant \u00e8 nota per il suo &#8220;ronzio di testa&#8221; rinvigorente e creativo.<\/li>\n<li><strong>L&#8217;uso:<\/strong> Poich\u00e9 i fiori sono gi\u00e0 pi\u00f9 piccoli (&#8220;boccioli di popcorn&#8221;), possono essere lavorati in modo particolarmente facile ed efficiente nel macinino.<\/li>\n<\/ul>\n<h2><strong>Caratteristiche del prodotto: Perch\u00e9 scegliere Power Plant Indoor Mini-Buds?<\/strong><\/h2>\n<ul>\n<li><strong>Rapporto qualit\u00e0-prezzo:<\/strong> a soli <strong>CHF 1,90 al grammo<\/strong>, questo \u00e8 probabilmente il CBD indoor premium pi\u00f9 economico della Svizzera.<\/li>\n<li><strong>Nessun compromesso:<\/strong> Riceve fiori al 100%, senza ritagli. Solo le dimensioni sono diverse. <\/li>\n<li><strong>Ideale per gli utilizzatori abituali:<\/strong> perfetto per tutti coloro che amano fumare &#8220;daily driver&#8221; senza spendere una fortuna.<\/li>\n<li><strong>Coltivazione sostenibile:<\/strong> priva di pesticidi ed erbicidi e prodotta con il 100% di energia rinnovabile.<\/li>\n<\/ul>\n<h2><strong>Acquisti fiori CBD per interni - decida in modo intelligente<\/strong><\/h2>\n<p>Se vuole <strong>acquistare fiori di CBD indoor<\/strong> e fare un calcolo intelligente, scelga i minis. I <strong>Power Plant Indoor Minis <\/strong>provengono dalle stesse piante dei nostri prodotti premium. Crescono solo un po&#8217; pi\u00f9 in basso nella pianta e ricevono meno luce, ma sono altrettanto potenti.<br \/>\n\u00c8 il modo intelligente per godere di una cannabis di prima classe. Risparmia enormemente sul prezzo, ma non sul piacere.   <\/p>\n<h2><strong>Ordini subito i Mini-Buds Indoor Power Plant!<\/strong><\/h2>\n<p>\u00c8 pronto per il vincitore del rapporto prezzo-prestazioni?<br \/>\nOrdini ora e provi il classico della sativa nella favorevole &#8220;smart size&#8221;.<\/p>\n<h2><strong>Integratori perfetti per il suo stile di vita<\/strong><\/h2>\n<p>\u27a1\ufe0f  <a href=\"https:\/\/www.herbadiberna.ch\/it\/trim-it\/\">Acquistare CBD Trim<\/a> (l&#8217;alternativa ancora pi\u00f9 economica)<br \/>\n\u27a1\ufe0f  <a href=\"https:\/\/www.herbadiberna.ch\/it\/olio-di-cbd\/\">Scopra l&#8217;olio di CBD<\/a> (per l&#8217;equilibrio interiore)<br \/>\n\u27a1\ufe0f  <a href=\"https:\/\/www.herbadiberna.ch\/it\/vaporizzatori\/\">Vapes e e-liquid<\/a> (divertimento senza fumo)<\/p>\n","protected":false},"excerpt":{"rendered":"<p data-path-to-node=\"11\">Le nostre Power Plant Indoor Mini Buds le offrono una qualit\u00e0 indoor premium al miglior prezzo. Questi fiori pi\u00f9 piccoli (&#8220;small buds&#8221;) non sono in alcun modo inferiori alle cime grandi: Stesso sapore dolce ed equilibrato di sativa, stesso contenuto di resina, ma significativamente pi\u00f9 economici.   <b data-path-to-node=\"12\" data-index-in-node=\"0\">Ordinato entro le ore 15.00 di oggi, consegnato domani \u2713 Spese di spedizione gratuite a partire da 79 franchi \u2713<\/b><\/p>\n","protected":false},"featured_media":78773,"comment_status":"open","ping_status":"closed","template":"","meta":{"inline_featured_image":false},"product_brand":[],"product_cat":[348,352],"product_tag":[],"class_list":{"0":"post-14806","1":"product","2":"type-product","3":"status-publish","4":"has-post-thumbnail","6":"product_cat-fiori-di-cbd","7":"product_cat-interno","8":"pif-has-gallery","10":"first","11":"instock","12":"taxable","13":"shipping-taxable","14":"purchasable","15":"product-type-simple"},"_links":{"self":[{"href":"https:\/\/www.herbadiberna.ch\/it\/wp-json\/wp\/v2\/product\/14806","targetHints":{"allow":["GET"]}}],"collection":[{"href":"https:\/\/www.herbadiberna.ch\/it\/wp-json\/wp\/v2\/product"}],"about":[{"href":"https:\/\/www.herbadiberna.ch\/it\/wp-json\/wp\/v2\/types\/product"}],"replies":[{"embeddable":true,"href":"https:\/\/www.herbadiberna.ch\/it\/wp-json\/wp\/v2\/comments?post=14806"}],"wp:featuredmedia":[{"embeddable":true,"href":"https:\/\/www.herbadiberna.ch\/it\/wp-json\/wp\/v2\/media\/78773"}],"wp:attachment":[{"href":"https:\/\/www.herbadiberna.ch\/it\/wp-json\/wp\/v2\/media?parent=14806"}],"wp:term":[{"taxonomy":"product_brand","embeddable":true,"href":"https:\/\/www.herbadiberna.ch\/it\/wp-json\/wp\/v2\/product_brand?post=14806"},{"taxonomy":"product_cat","embeddable":true,"href":"https:\/\/www.herbadiberna.ch\/it\/wp-json\/wp\/v2\/product_cat?post=14806"},{"taxonomy":"product_tag","embeddable":true,"href":"https:\/\/www.herbadiberna.ch\/it\/wp-json\/wp\/v2\/product_tag?post=14806"}],"curies":[{"name":"wp","href":"https:\/\/api.w.org\/{rel}","templated":true}]}}