{"id":14793,"date":"2022-04-22T15:05:59","date_gmt":"2022-04-22T14:05:59","guid":{"rendered":"https:\/\/www.herbadiberna.ch\/cannaqueen-indoor\/"},"modified":"2026-04-16T09:46:25","modified_gmt":"2026-04-16T08:46:25","slug":"cannaqueen-indoor","status":"publish","type":"product","link":"https:\/\/www.herbadiberna.ch\/it\/prodotto\/cannaqueen-indoor\/","title":{"rendered":"Cannaqueen Indoor"},"content":{"rendered":"<div class=\"flex max-w-full flex-col flex-grow\">\n<div class=\"min-h-8 text-message flex w-full flex-col items-end gap-2 whitespace-normal break-words text-start [.text-message+&amp;]:mt-5\" dir=\"auto\">\n<div class=\"flex w-full flex-col gap-1 empty:hidden first:pt-[3px]\">\n<div class=\"markdown prose w-full break-words dark:prose-invert light\">\n<h2><strong>Acquisti Cannaqueen Indoor - L&#8217;incrocio reale tra Harlequin e Cannatonic<\/strong><\/h2>\n<p>Sta accarezzando l&#8217;idea di <strong>acquistare Cannaqueen Indoor<\/strong>? Oppure sta cercando la novit\u00e0 assoluta che combina due delle variet\u00e0 svizzere pi\u00f9 leggendarie in un unico fiore?<br \/>\nLa nostra <strong>Cannaqueen Indoor<\/strong> \u00e8 l&#8217;ultimo gioiello di Herba di Berna. In pochissimo tempo, questa variet\u00e0 \u00e8 diventata una delle preferite in assoluto, perch\u00e9 combina le grandi strutture resinose di Harlequin con l&#8217;estrema dolcezza di Cannatonic.  <\/p>\n<p>\u00c8 anche la scelta perfetta per gli intenditori che non scendono a compromessi con l&#8217;estetica. Ecco perch\u00e9 queste magnifiche gemme sono ideali per un piacere sofisticato nel vaporizzatore, dispiegando il loro aroma complesso nella <strong>svapata<\/strong> e stabilendo nuovi standard per i <strong>fiori CBD acquistabili<\/strong> in Svizzera.<br \/>\nQuesta esperienza \u00e8 come un coronamento. Utilizziamo un processo di fermentazione precisamente coordinato per esaltare le sfumature dolci e floreali. Il risultato \u00e8 un&#8217;<strong>esperienza di fiori CBD indoor<\/strong> che stabilisce semplicemente nuovi standard in termini di intensit\u00e0 e struttura.   <\/p>\n<h2><strong>Il profilo gustativo: l&#8217;eleganza floreale incontra la dolcezza intensa<\/strong><\/h2>\n<p>Con noi, acquista genetiche esclusive provenienti da coltivazioni indoor svizzere controllate. Questi fiori rappresentano l&#8217;apice della coltivazione moderna. <\/p>\n<ul>\n<li><strong>Il sapore:<\/strong> un profilo terpenico unico che ispira. Ci si pu\u00f2 aspettare una base intensamente dolce (eredit\u00e0 cannatonica), accompagnata da note eleganti e floreali (influenza Harlequin). Il sapore \u00e8 quindi corposo, morbido ed estremamente armonioso.  <\/li>\n<li><strong>La struttura:<\/strong> si ottengono fiori straordinariamente grandi e densi, ricoperti da uno strato scintillante di cristalli di resina. La struttura densa assicura che i sapori siano perfettamente conservati fino all&#8217;ultimo momento. <\/li>\n<\/ul>\n<h2><strong>Caratteristiche del prodotto: Perch\u00e9 acquistare Cannaqueen Indoor?<\/strong><\/h2>\n<ul>\n<li><strong>Esclusiva selezione interna:<\/strong> questa variet\u00e0 \u00e8 disponibile solo da noi - il meglio di Harlequin e Cannatonic combinati in un fiore di prima qualit\u00e0.<\/li>\n<li><strong>Massima produzione di resina:<\/strong> Grazie alla genetica Harlequin, le cime sono particolarmente resinose e hanno una densit\u00e0 impressionante.<\/li>\n<li><strong>Qualit\u00e0 interna premium: l&#8217;<\/strong> essiccazione delicata e la fermentazione lenta garantiscono un&#8217;esperienza di gusto pura e non adulterata.<\/li>\n<li><strong>Purezza naturale:<\/strong> privo di pesticidi ed erbicidi, 100 % Swiss Made e coltivato sotto i pi\u00f9 severi controlli di qualit\u00e0.<\/li>\n<\/ul>\n<h2><strong>Acquistare Cannaqueen Indoor - innovazione svizzera per intenditori<\/strong><\/h2>\n<p>Investiamo molto tempo nella ricerca e nello sviluppo di nuove variet\u00e0 per offrirle sempre la migliore esperienza. Cannaqueen \u00e8 il risultato di questo lavoro. Quello che tecnicamente viene definito un &#8220;incrocio ibrido&#8221; \u00e8 per noi la perfezione del sapore e dell&#8217;effetto.<br \/>\nCome risultato, si ottiene un prodotto convincente sotto ogni aspetto. \u00c8 quindi il modo pi\u00f9 intelligente per godere di un <strong>CBD esclusivo<\/strong>, se cerca qualcosa di speciale e apprezza la produzione regionale svizzera.   <\/p>\n<h2><strong>Esperienze dei clienti con Cannaqueen Indoor<\/strong><\/h2>\n<p>I nostri clienti descrivono pi\u00f9 spesso l&#8217;esperienza come <strong>&#8220;inconfondibilmente dolce e fiorita&#8221;<\/strong>. In particolare, le dimensioni e la resinosit\u00e0 dei fiori vengono ripetutamente sottolineate come un punto di forza. Molti apprezzano la qualit\u00e0 costante della coltivazione indoor, che rende Cannaqueen la loro prima scelta per esclusivi momenti di piacere.  <\/p>\n<h2><strong>Acquisti Cannaqueen Indoor ora e provi il sapore reale!<\/strong><\/h2>\n<p>\u00c8 pronto per la miscela perfetta di due leggende svizzere?<br \/>\nOrdini ora e si assicuri il nostro marchio esclusivo di coltivazione indoor di prima classe.<\/p>\n<h2><strong>Integratori perfetti per il suo stile di vita<\/strong><\/h2>\n<p>\u27a1\ufe0f  <a href=\"https:\/\/www.herbadiberna.ch\/it\/cbd-hashish\/\">Acquistare CBD Hash<\/a> (per gli amanti della resina)<br \/>\n\u27a1\ufe0f  <a href=\"https:\/\/www.herbadiberna.ch\/it\/olio-di-cbd\/\">Scopra l&#8217;olio di CBD<\/a> (qualit\u00e0 a spettro completo)<br \/>\n\u27a1\ufe0f  <a href=\"https:\/\/www.herbadiberna.ch\/it\/accessori-cbd\/\">Negozio di accessori CBD<\/a> (cartine, macinini e altro)<\/p>\n<\/div>\n<\/div>\n<\/div>\n<\/div>\n","protected":false},"excerpt":{"rendered":"<p data-path-to-node=\"10\">Acquisti Cannaqueen Indoor presso Herba di Berna. L&#8217;esclusivo incrocio tra Cannatonic e Harlequin. Sapore dolce-floreale, grandi cime resinose e qualit\u00e0 indoor 100% svizzera. Il meglio di due leggende per un&#8217;esperienza di piacere unica.     <strong>Ordinato entro le 15:00, consegnato domani \u2713 Spedizione gratuita a partire da CHF 80 \u2713<\/strong><\/p>\n","protected":false},"featured_media":78749,"comment_status":"open","ping_status":"closed","template":"","meta":{"inline_featured_image":false},"product_brand":[],"product_cat":[348,352],"product_tag":[],"class_list":{"0":"post-14793","1":"product","2":"type-product","3":"status-publish","4":"has-post-thumbnail","6":"product_cat-fiori-di-cbd","7":"product_cat-interno","8":"pif-has-gallery","10":"first","11":"instock","12":"taxable","13":"shipping-taxable","14":"purchasable","15":"product-type-variable","16":"rtwpvs-product"},"_links":{"self":[{"href":"https:\/\/www.herbadiberna.ch\/it\/wp-json\/wp\/v2\/product\/14793","targetHints":{"allow":["GET"]}}],"collection":[{"href":"https:\/\/www.herbadiberna.ch\/it\/wp-json\/wp\/v2\/product"}],"about":[{"href":"https:\/\/www.herbadiberna.ch\/it\/wp-json\/wp\/v2\/types\/product"}],"replies":[{"embeddable":true,"href":"https:\/\/www.herbadiberna.ch\/it\/wp-json\/wp\/v2\/comments?post=14793"}],"wp:featuredmedia":[{"embeddable":true,"href":"https:\/\/www.herbadiberna.ch\/it\/wp-json\/wp\/v2\/media\/78749"}],"wp:attachment":[{"href":"https:\/\/www.herbadiberna.ch\/it\/wp-json\/wp\/v2\/media?parent=14793"}],"wp:term":[{"taxonomy":"product_brand","embeddable":true,"href":"https:\/\/www.herbadiberna.ch\/it\/wp-json\/wp\/v2\/product_brand?post=14793"},{"taxonomy":"product_cat","embeddable":true,"href":"https:\/\/www.herbadiberna.ch\/it\/wp-json\/wp\/v2\/product_cat?post=14793"},{"taxonomy":"product_tag","embeddable":true,"href":"https:\/\/www.herbadiberna.ch\/it\/wp-json\/wp\/v2\/product_tag?post=14793"}],"curies":[{"name":"wp","href":"https:\/\/api.w.org\/{rel}","templated":true}]}}