{"id":13998,"date":"2022-04-14T14:07:02","date_gmt":"2022-04-14T13:07:02","guid":{"rendered":"https:\/\/www.herbadiberna.ch\/?post_type=product&#038;p=13998"},"modified":"2026-04-24T19:21:20","modified_gmt":"2026-04-24T18:21:20","slug":"cannatonic-indoor-mini-buds-bulk-1kg","status":"publish","type":"product","link":"https:\/\/www.herbadiberna.ch\/it\/prodotto\/cannatonic-indoor-mini-buds-bulk-1kg\/","title":{"rendered":"Cannatonic Indoor Mini-Buds contenitore grande"},"content":{"rendered":"<h2 data-start=\"0\" data-end=\"91\"><strong data-start=\"2\" data-end=\"89\">Cannatonic Indoor Mini-Buds contenitori grandi - Fiori di CBD di alta qualit\u00e0 in formato grande<\/strong><\/h2>\n<h2 data-start=\"92\" data-end=\"167\"><strong data-start=\"95\" data-end=\"165\">Acquista i fiori di CBD - sapore fruttato-limone con una nota dolce di mango<\/strong><\/h2>\n<p data-start=\"168\" data-end=\"484\"><strong data-start=\"168\" data-end=\"216\">Cannatonic Indoor Mini-Buds bulk pack 1kg<\/strong> \u00e8 la scelta perfetta per chi ha bisogno di <strong data-start=\"253\" data-end=\"295\">fiori di CBD di alta qualit\u00e0 in grandi quantit\u00e0<\/strong>. Questa variet\u00e0 colpisce per il suo <strong data-start=\"341\" data-end=\"393\">sapore dolce e fruttato di agrumi e mango<\/strong> e per la <strong data-start=\"405\" data-end=\"432\">struttura compatta dei fiori<\/strong> che assicura un&#8217;esperienza di gusto intensa.<\/p>\n<p data-start=\"486\" data-end=\"657\">Ora offriamo le <strong data-start=\"505\" data-end=\"570\">Mini Buds in edizione limitata e a un prezzo interessante<\/strong>: l&#8217;ideale per chi vuole testare questa variet\u00e0 o acquistarla in grandi quantit\u00e0.<\/p>\n<hr data-start=\"659\" data-end=\"664\">\n<h2 data-start=\"666\" data-end=\"739\"><strong data-start=\"669\" data-end=\"737\">Caratteristiche del prodotto di Cannatonic Indoor Mini-Buds contenitore grande 1kg<\/strong><\/h2>\n<ul>\n<li data-start=\"740\" data-end=\"1233\"><strong data-start=\"742\" data-end=\"769\">Profilo terpenico fruttato<\/strong> - Aromi dolciastri-limonici con una leggera nota di mango.<\/li>\n<li data-start=\"740\" data-end=\"1233\"><strong data-start=\"831\" data-end=\"858\">Fiori compatti e densi<\/strong> - Qualit\u00e0 ottimale con un alto contenuto di CBD.<\/li>\n<li data-start=\"740\" data-end=\"1233\"><strong data-start=\"905\" data-end=\"942\">Essiccato e fermentato delicatamente<\/strong>, per preservare al massimo gli aromi e i cannabinoidi.<\/li>\n<li data-start=\"740\" data-end=\"1233\"><strong data-start=\"997\" data-end=\"1020\">Confezione da 1 kg<\/strong> - Perfetta per i rivenditori o gli appassionati di CBD.<\/li>\n<li data-start=\"740\" data-end=\"1233\"><strong data-start=\"1078\" data-end=\"1114\">Nessuno sconto, tranne lo sconto sul volume<\/strong> - Alta qualit\u00e0 a un prezzo interessante.<\/li>\n<li data-start=\"740\" data-end=\"1233\"><strong data-start=\"1170\" data-end=\"1198\">Disponibilit\u00e0 limitata<\/strong>, solo fino a esaurimento scorte.<\/li>\n<\/ul>\n<hr data-start=\"1235\" data-end=\"1240\">\n<h2 data-start=\"1242\" data-end=\"1313\"><strong data-start=\"1245\" data-end=\"1311\">Note importanti sul contenitore Cannatonic Indoor Mini-Buds grande<\/strong><\/h2>\n<p data-start=\"1314\" data-end=\"1591\"><strong data-start=\"1314\" data-end=\"1417\">I fiori di CBD sfusi si differenziano dalle mini cime di Herba di Berna con 21g o 41g.<\/strong> Poich\u00e9 la richiesta di grandi quantit\u00e0 \u00e8 in costante aumento, collaboriamo con <strong data-start=\"1483\" data-end=\"1517\">partner esterni selezionati<\/strong> per garantire la massima qualit\u00e0 e un sapore intenso.<\/p>\n<p data-start=\"1593\" data-end=\"1684\">Se desidera un <strong data-start=\"1606\" data-end=\"1616\">campione<\/strong>, si metta in contatto con:<br data-start=\"1652\" data-end=\"1655\">\ud83d\udce7 <strong data-start=\"1658\" data-end=\"1682\"><a rel=\"noopener\" data-start=\"1660\" data-end=\"1680\">info@herbadiberna.ch<\/a><\/strong><\/p>\n<hr data-start=\"1686\" data-end=\"1691\">\n<h2 data-start=\"1693\" data-end=\"1760\"><strong data-start=\"1696\" data-end=\"1758\">Perch\u00e9 acquistare le confezioni sfuse di Cannatonic Indoor Mini-Buds?<\/strong><\/h2>\n<p data-start=\"1761\" data-end=\"2045\">Questa variet\u00e0 combina una <strong data-start=\"1789\" data-end=\"1848\">piacevole dolcezza fruttata con una nota agrumata e fresca<\/strong> ed \u00e8 nota per la sua <strong data-start=\"1874\" data-end=\"1937\">struttura floreale di alta qualit\u00e0 e per la sua qualit\u00e0 costantemente forte<\/strong>. Grazie alla <strong data-start=\"1949\" data-end=\"1975\">lavorazione delicata<\/strong>, i preziosi <strong data-start=\"1999\" data-end=\"2025\">terpeni e i cannabinoidi<\/strong> vengono conservati in modo ottimale.<\/p>\n<p data-start=\"2047\" data-end=\"2235\">Che sia per <strong data-start=\"2058\" data-end=\"2123\">uso personale, per la rivendita o come materia prima per i prodotti a base di CBD<\/strong>, con questo contenitore di prodotti sfusi potrai beneficiare di una <strong data-start=\"2168\" data-end=\"2232\">qualit\u00e0 di prima classe al miglior rapporto qualit\u00e0-prezzo<\/strong>.<\/p>\n<hr data-start=\"2237\" data-end=\"2242\">\n<h2 data-start=\"2244\" data-end=\"2334\"><strong data-start=\"2247\" data-end=\"2332\">Acquisti fiori CBD - Scopra subito i contenitori grandi di Cannatonic Indoor Mini-Buds!<\/strong><\/h2>\n<p data-start=\"2335\" data-end=\"2492\">Se vuoi <strong data-start=\"2339\" data-end=\"2360\">acquistare fiori di CBD<\/strong>, i <strong data-start=\"2380\" data-end=\"2428\">contenitori Cannatonic Indoor Mini-Buds da 1 kg<\/strong> sono un&#8217;<strong data-start=\"2434\" data-end=\"2489\">opzione versatile e di alta qualit\u00e0 per grandi quantit\u00e0<\/strong>.<\/p>\n<p data-start=\"2494\" data-end=\"2587\">\ud83d\uded2 O <strong data-start=\"2497\" data-end=\"2585\">rdini subito i contenitori grandi di Cannatonic Indoor Mini-Buds e si goda il CBD premium!<\/strong><\/p>\n","protected":false},"excerpt":{"rendered":"<p>Piccoli fiori di canapa CBD con aroma di agrumi e mango<\/p>\n","protected":false},"featured_media":10561,"comment_status":"open","ping_status":"closed","template":"","meta":{"inline_featured_image":false},"product_brand":[],"product_cat":[402,348,403],"product_tag":[],"class_list":{"0":"post-13998","1":"product","2":"type-product","3":"status-publish","4":"has-post-thumbnail","6":"product_cat-contenitore-alla-rinfusa-ch","7":"product_cat-fiori-di-cbd","8":"product_cat-interno-it","9":"pif-has-gallery","11":"first","12":"outofstock","13":"taxable","14":"shipping-taxable","15":"purchasable","16":"product-type-variable","17":"rtwpvs-product"},"_links":{"self":[{"href":"https:\/\/www.herbadiberna.ch\/it\/wp-json\/wp\/v2\/product\/13998","targetHints":{"allow":["GET"]}}],"collection":[{"href":"https:\/\/www.herbadiberna.ch\/it\/wp-json\/wp\/v2\/product"}],"about":[{"href":"https:\/\/www.herbadiberna.ch\/it\/wp-json\/wp\/v2\/types\/product"}],"replies":[{"embeddable":true,"href":"https:\/\/www.herbadiberna.ch\/it\/wp-json\/wp\/v2\/comments?post=13998"}],"wp:featuredmedia":[{"embeddable":true,"href":"https:\/\/www.herbadiberna.ch\/it\/wp-json\/wp\/v2\/media\/10561"}],"wp:attachment":[{"href":"https:\/\/www.herbadiberna.ch\/it\/wp-json\/wp\/v2\/media?parent=13998"}],"wp:term":[{"taxonomy":"product_brand","embeddable":true,"href":"https:\/\/www.herbadiberna.ch\/it\/wp-json\/wp\/v2\/product_brand?post=13998"},{"taxonomy":"product_cat","embeddable":true,"href":"https:\/\/www.herbadiberna.ch\/it\/wp-json\/wp\/v2\/product_cat?post=13998"},{"taxonomy":"product_tag","embeddable":true,"href":"https:\/\/www.herbadiberna.ch\/it\/wp-json\/wp\/v2\/product_tag?post=13998"}],"curies":[{"name":"wp","href":"https:\/\/api.w.org\/{rel}","templated":true}]}}