{"id":13330,"date":"2021-12-15T18:00:35","date_gmt":"2021-12-15T17:00:35","guid":{"rendered":"https:\/\/www.herbadiberna.ch\/v1-commerciante-di-massa-al-coperto\/"},"modified":"2026-05-03T12:52:00","modified_gmt":"2026-05-03T11:52:00","slug":"v1-indoor-large-container-trader","status":"publish","type":"product","link":"https:\/\/www.herbadiberna.ch\/it\/prodotto\/v1-indoor-large-container-trader\/","title":{"rendered":"V1 Contenitore grande per interni"},"content":{"rendered":"<h2><strong>Acquisti le confezioni sfuse di V1 Indoor - Fiori CBD premium all&#8217;ingrosso<\/strong><\/h2>\n<p><strong>Acquisti<\/strong> subito la <strong>confezione bulk<\/strong> di <strong>V1 Indoor<\/strong> e si assicuri fiori Haze CBD di alta qualit\u00e0 in grandi quantit\u00e0. Inoltre, beneficia di una qualit\u00e0 indoor di prima classe. Questa variet\u00e0 \u00e8 la scelta perfetta per i consumatori abituali. Inoltre, colpisce per i suoi fiori verde chiaro, grandi e resinosi. Anche il potente profilo terpenico di Haze \u00e8 impressionante. Di conseguenza, le offre un piacevole mix di note dolci e aspre.     <\/p>\n<div style=\"background-color: #e8f5e9; border-left: 4px solid #4caf50; padding: 15px; margin-top: 20px; margin-bottom: 20px;\">\n<h3><strong>\ud83c\udf3f Il nostro servizio premium: miscelare fino a 3 gusti con 500g e 1kg!<\/strong><\/h3>\n<p><strong>Non vuole impegnarsi in una sola variet\u00e0? Nessun problema! Con un supplemento di soli CHF 50.-, pu\u00f2 facilmente dividere il suo ordine. Questo significa che pu\u00f2 scegliere fino a 3 variet\u00e0 diverse per 500g o 1kg.   <\/strong><\/p>\n<p>Per farlo, aggiunga il prodotto con l&#8217;opzione mix al suo carrello. Poi ci comunichi le sue esatte esigenze inviando un&#8217;e-mail a <a href=\"mailto:info@herbadiberna.ch\">info@herbadiberna.ch.<\/a> Dopotutto, saremo felici di confezionare il suo pacchetto personalizzato per lei!  <\/p>\n<\/div>\n<h2><strong>Perch\u00e9 dovrebbe acquistare la confezione sfusa V1 Indoor (500g - 1kg)<\/strong><\/h2>\n<p>Questa variet\u00e0 \u00e8 caratterizzata da un&#8217;intensa formazione di tricomi. Per questo motivo, la V1 Indoor regolare le offre una qualit\u00e0 particolarmente elevata. Inoltre, ci affidiamo a un&#8217;essiccazione e a una fermentazione delicate. Questo assicura che i preziosi sapori siano conservati in modo ottimale. Infine, l&#8217;alta densit\u00e0 di resina assicura un profilo terpenico intenso. Il risultato \u00e8 un perfetto equilibrio di note Haze dolci e aspre.     <\/p>\n<h2><strong>Dettagli del prodotto per i suoi fiori V1 CBD in grande formato<\/strong><\/h2>\n<ul>\n<li><strong>Quantit\u00e0:<\/strong> confezioni sfuse da 500 g o 1 kg. Ideale per un elevato consumo personale. <\/li>\n<li><strong>Sapore:<\/strong> Profilo terpenico Haze pronunciato. Dominano anche le note dolci e aspre. <\/li>\n<li><strong>Opzione Mix:<\/strong> combina in modo flessibile fino a 3 gusti (+ 50 CHF di sovrapprezzo).<\/li>\n<li><strong>Caratteristiche:<\/strong> Fiori densi e grandi per interni. Anche delicatamente essiccati. <\/li>\n<li><strong>Contenuto di principi attivi:<\/strong> alto contenuto di CBD per momenti di piacere rilassati.<\/li>\n<\/ul>\n<div style=\"background-color: #f8f9fa; border-left: 4px solid #d9534f; padding: 15px; margin-top: 20px; margin-bottom: 20px;\">\n<h3><strong>\u26a0\ufe0f Informazioni importanti per gli acquirenti di grandi quantit\u00e0<\/strong><\/h3>\n<p><strong>La preghiamo di notare un punto importante. A questo pacchetto di prodotti sfusi a prezzo ottimizzato non si applicano gli sconti regolari del negozio. Tuttavia, sono esclusi gli sconti specifici per quantit\u00e0.  <\/strong><\/p>\n<p>Attribuiamo sempre grande importanza alla qualit\u00e0 costante. Ecco perch\u00e9 pu\u00f2 richiedere un campione in anticipo in qualsiasi momento. Si metta semplicemente in contatto con noi su <a href=\"mailto:info@herbadiberna.ch\">info@herbadiberna.ch!<\/a>   <\/p>\n<\/div>\n<h2><strong>Ordini ora le confezioni sfuse di V1 Indoor e si goda il CBD di qualit\u00e0 superiore.<\/strong><\/h2>\n<p>Forse sta cercando qualcosa per il suo uso personale o per un&#8217;ulteriore elaborazione. In ogni caso, questo pacchetto di prodotti sfusi \u00e8 impressionante su tutta la linea. Inoltre, beneficia di un rapporto prezzo-prestazioni imbattibile.  <\/p>\n<p>Scelga quindi la quantit\u00e0 desiderata di 500g o 1kg. Pu\u00f2 anche utilizzare la nostra opzione di suddivisione flessibile per una variet\u00e0 ancora maggiore. Infine, ordini oggi stesso in modo sicuro e conveniente da Herba di Berna.  <\/p>\n<h2><strong>Scopra altri punti salienti della nostra gamma<\/strong><\/h2>\n<p>\u27a1\ufe0f Tutto per il suo progetto vegetale: <a href=\"https:\/\/www.herbadiberna.ch\/it\/coltivazione-del-cbd\/\">CBD Grow<\/a><br \/>\n\u27a1\ufe0f Nutrienti di alta qualit\u00e0 per la vita quotidiana: <a href=\"https:\/\/www.herbadiberna.ch\/supplements-kaufen\/\">acquisti gli integratori<\/a><br \/>\n\u27a1\ufe0f Scopra le nostre gocce e i nostri estratti:    <a href=\"https:\/\/www.herbadiberna.ch\/diverse-oele\/\">Vari olii<\/a><\/p>\n","protected":false},"excerpt":{"rendered":"<p>La Haze classicV1 Indoor in contenitore grande le offre i classici sapori Haze. Anche i fiori grandi e cristallini sono impressionanti. Questa variet\u00e0 \u00e8 quindi ideale per i consumatori abituali.    <b>Ordinato entro le 15:00, consegnato domani \u2713 Spedizione gratuita a partire da CHF 80 \u2713<\/b><\/p>\n","protected":false},"featured_media":81529,"comment_status":"open","ping_status":"closed","template":"","meta":{"inline_featured_image":false},"product_brand":[],"product_cat":[402,403],"product_tag":[],"class_list":{"0":"post-13330","1":"product","2":"type-product","3":"status-publish","4":"has-post-thumbnail","6":"product_cat-contenitore-alla-rinfusa-ch","7":"product_cat-interno-it","8":"pif-has-gallery","10":"first","11":"instock","12":"taxable","13":"shipping-taxable","14":"purchasable","15":"product-type-variable","16":"rtwpvs-product"},"_links":{"self":[{"href":"https:\/\/www.herbadiberna.ch\/it\/wp-json\/wp\/v2\/product\/13330","targetHints":{"allow":["GET"]}}],"collection":[{"href":"https:\/\/www.herbadiberna.ch\/it\/wp-json\/wp\/v2\/product"}],"about":[{"href":"https:\/\/www.herbadiberna.ch\/it\/wp-json\/wp\/v2\/types\/product"}],"replies":[{"embeddable":true,"href":"https:\/\/www.herbadiberna.ch\/it\/wp-json\/wp\/v2\/comments?post=13330"}],"wp:featuredmedia":[{"embeddable":true,"href":"https:\/\/www.herbadiberna.ch\/it\/wp-json\/wp\/v2\/media\/81529"}],"wp:attachment":[{"href":"https:\/\/www.herbadiberna.ch\/it\/wp-json\/wp\/v2\/media?parent=13330"}],"wp:term":[{"taxonomy":"product_brand","embeddable":true,"href":"https:\/\/www.herbadiberna.ch\/it\/wp-json\/wp\/v2\/product_brand?post=13330"},{"taxonomy":"product_cat","embeddable":true,"href":"https:\/\/www.herbadiberna.ch\/it\/wp-json\/wp\/v2\/product_cat?post=13330"},{"taxonomy":"product_tag","embeddable":true,"href":"https:\/\/www.herbadiberna.ch\/it\/wp-json\/wp\/v2\/product_tag?post=13330"}],"curies":[{"name":"wp","href":"https:\/\/api.w.org\/{rel}","templated":true}]}}