{"id":13319,"date":"2021-12-15T18:15:29","date_gmt":"2021-12-15T17:15:29","guid":{"rendered":"https:\/\/www.herbadiberna.ch\/harlequin-rivenditore-allingrosso-per-interni\/"},"modified":"2026-04-17T22:56:04","modified_gmt":"2026-04-17T21:56:04","slug":"arlecchino-indoor-large-container-dealer","status":"publish","type":"product","link":"https:\/\/www.herbadiberna.ch\/it\/prodotto\/arlecchino-indoor-large-container-dealer\/","title":{"rendered":"Harlequin Indoor Bulk"},"content":{"rendered":"<h2><strong>Acquisti le confezioni sfuse di Harlequin Indoor - fiori CBD premium all&#8217;ingrosso<\/strong><\/h2>\n<p><strong>Acquisti<\/strong> subito la <strong>confezione di Harlequin Indoor<\/strong> e si assicuri fino a 1 kg di fiori CBD di prima qualit\u00e0 a un prezzo all&#8217;ingrosso interessante. Questa variet\u00e0 \u00e8 la scelta perfetta per tutti i consumatori abituali, i trasformatori e gli appassionati che cercano grandi quantit\u00e0 con una qualit\u00e0 indoor senza compromessi. Dopo tutto, Arlecchino \u00e8 considerata la &#8220;regina dei terpeni&#8221;. Inoltre, colpisce per le cime grandi e chiare e per l&#8217;aroma intenso. Di conseguenza, sperimenter\u00e0 una freschezza agrumata e piccante, unita a un dolce rilassamento.    <\/p>\n<div style=\"background-color: #e8f5e9; border-left: 4px solid #4caf50; padding: 15px; margin-top: 20px; margin-bottom: 20px;\">\n<h3><strong>\ud83c\udf3f Il nostro <span style=\"text-decoration: underline;\">servizio premium<\/span>: miscelare fino a 3 gusti con 500g e 1kg!<\/strong><\/h3>\n<p><strong>Non vuole impegnarsi in una sola variet\u00e0? Nessun problema! Con un supplemento una tantum di soli CHF 50.-, pu\u00f2 facilmente dividere il suo 1kg o 500g con fino a 3 variet\u00e0 diverse, attualmente disponibili, della nostra gamma di confezioni sfuse. Basta aggiungere il prodotto con l&#8217;opzione mix al suo carrello e comunicarci le sue esatte richieste (quali variet\u00e0 in quale rapporto) direttamente via e-mail all&#8217;indirizzo <a href=\"mailto:info@herbadiberna.ch\">info@herbadiberna.ch.<\/a> Saremo lieti di confezionare per lei la sua confezione personalizzata!    <\/strong><\/p>\n<\/div>\n<h2><strong>Perch\u00e9 dovrebbe acquistare la confezione sfusa Harlequin Indoor<\/strong><\/h2>\n<p>Questa variet\u00e0 combina una genetica di prima classe con una coltivazione indoor altamente professionale. Harlequin le offre quindi un&#8217;estrema densit\u00e0 di resina e un profilo terpenico a pi\u00f9 livelli. Le note dominanti di agrumi incontrano una dolcezza fiorita e fruttata. Inoltre, i fiori grandi vengono lavorati a mano. Questo assicura che i preziosi cannabinoidi e la struttura delle cime siano preservati in modo ottimale. Con il 14,5% di CBD, ottiene anche una solida base per il suo benessere, senza appesantirsi.     <\/p>\n<h2><strong>Dettagli del prodotto per i suoi fiori Harlequin CBD in grande formato<\/strong><\/h2>\n<ul>\n<li><strong>Quantit\u00e0:<\/strong> confezioni sfuse da 250g, 500g o 1kg (ideali per la conservazione o l&#8217;ulteriore lavorazione).<\/li>\n<li><strong>Aroma:<\/strong> Profilo agrumato intenso con sfumature floreali e fruttate.<\/li>\n<li><strong>Opzione Mix:<\/strong> combinare in modo flessibile fino a 3 variet\u00e0 (+ 50 CHF di sovrapprezzo) per 500g e 1kg.<\/li>\n<li><strong>Caratteristiche:<\/strong> Fiori da interno luminosi, grandi ed estremamente resinosi.<\/li>\n<li><strong>Contenuto di principi attivi:<\/strong> elevato contenuto di CBD del 14,5% per un rilassamento profondo.<\/li>\n<\/ul>\n<div style=\"background-color: #f8f9fa; border-left: 4px solid #d9534f; padding: 15px; margin-top: 20px; margin-bottom: 20px;\">\n<h3><strong>\u26a0\ufe0f Informazioni importanti per gli acquirenti di grandi quantit\u00e0<\/strong><\/h3>\n<p><strong>La preghiamo di notare che a questa confezione di massa ottimizzata per il prezzo non si applicano i normali sconti del negozio (sono esclusi gli sconti per quantit\u00e0 specifiche). Poich\u00e9 attribuiamo grande importanza alla qualit\u00e0 costante, pu\u00f2 contattarci in qualsiasi momento all&#8217;indirizzo <a href=\"mailto:info@herbadiberna.ch\">info@herbadiberna.ch<\/a> se ha domande o desidera richiedere un campione in anticipo! <\/strong><\/p>\n<\/div>\n<h2><strong>Ordini ora le confezioni sfuse di Harlequin Indoor e si goda il CBD di qualit\u00e0 superiore.<\/strong><\/h2>\n<p>Che si tratti di una materia prima aromatica per i suoi estratti o di un uso personale su larga scala, con questa confezione di massa beneficia dell&#8217;artigianato svizzero al miglior prezzo assoluto. Basta selezionare la quantit\u00e0 desiderata. Pu\u00f2 anche utilizzare la nostra opzione di suddivisione flessibile per una maggiore variet\u00e0. Infine, ordini oggi stesso in modo sicuro e conveniente da Herba di Berna e provi il calcio fruttato degli agrumi in qualit\u00e0 premium.   <\/p>\n<h2><strong>Scopra altri punti salienti della nostra gamma<\/strong><\/h2>\n<p>\u27a1\ufe0f Avvii il suo progetto: <a href=\"https:\/\/www.herbadiberna.ch\/it\/coltivazione-del-cbd\/\">acquisti gli accessori per la coltivazione di CBD<\/a><br \/>\n\u27a1\ufe0f Estratti di alta qualit\u00e0 per intenditori: <a href=\"https:\/\/www.herbadiberna.ch\/it\/cbd-hashish\/\">scopra l&#8217;hashish di CBD<\/a><br \/>\n\u27a1\ufe0f Cura lenitiva per la vita quotidiana:    <a href=\"https:\/\/www.herbadiberna.ch\/it\/prodotti-per-la-cura-del-cbd\/\">Trova i cosmetici al CBD<\/a><\/p>\n","protected":false},"excerpt":{"rendered":"<p>I grandi contenitori di Harlequin Indoor le offrono fiori grandi con il 14,5% di CBD. Ha anche un impressionante sapore fruttato-floreale di agrumi.  \u00c8 quindi ideale per i consumatori abituali.  <b>Ordinato entro le 15:00, consegnato domani \u2713 Spedizione gratuita a partire da CHF 80 \u2713<\/b><\/p>\n","protected":false},"featured_media":10534,"comment_status":"open","ping_status":"closed","template":"","meta":{"inline_featured_image":false},"product_brand":[],"product_cat":[402,403],"product_tag":[],"class_list":{"0":"post-13319","1":"product","2":"type-product","3":"status-publish","4":"has-post-thumbnail","6":"product_cat-contenitore-alla-rinfusa-ch","7":"product_cat-interno-it","8":"pif-has-gallery","10":"first","11":"outofstock","12":"taxable","13":"shipping-taxable","14":"purchasable","15":"product-type-variable","16":"rtwpvs-product"},"_links":{"self":[{"href":"https:\/\/www.herbadiberna.ch\/it\/wp-json\/wp\/v2\/product\/13319","targetHints":{"allow":["GET"]}}],"collection":[{"href":"https:\/\/www.herbadiberna.ch\/it\/wp-json\/wp\/v2\/product"}],"about":[{"href":"https:\/\/www.herbadiberna.ch\/it\/wp-json\/wp\/v2\/types\/product"}],"replies":[{"embeddable":true,"href":"https:\/\/www.herbadiberna.ch\/it\/wp-json\/wp\/v2\/comments?post=13319"}],"wp:featuredmedia":[{"embeddable":true,"href":"https:\/\/www.herbadiberna.ch\/it\/wp-json\/wp\/v2\/media\/10534"}],"wp:attachment":[{"href":"https:\/\/www.herbadiberna.ch\/it\/wp-json\/wp\/v2\/media?parent=13319"}],"wp:term":[{"taxonomy":"product_brand","embeddable":true,"href":"https:\/\/www.herbadiberna.ch\/it\/wp-json\/wp\/v2\/product_brand?post=13319"},{"taxonomy":"product_cat","embeddable":true,"href":"https:\/\/www.herbadiberna.ch\/it\/wp-json\/wp\/v2\/product_cat?post=13319"},{"taxonomy":"product_tag","embeddable":true,"href":"https:\/\/www.herbadiberna.ch\/it\/wp-json\/wp\/v2\/product_tag?post=13319"}],"curies":[{"name":"wp","href":"https:\/\/api.w.org\/{rel}","templated":true}]}}