{"id":13301,"date":"2021-12-15T18:08:33","date_gmt":"2021-12-15T17:08:33","guid":{"rendered":"https:\/\/www.herbadiberna.ch\/strawberryli-indoor-bulk-trader\/"},"modified":"2026-04-20T05:02:51","modified_gmt":"2026-04-20T04:02:51","slug":"strawberry-li-indoor-bulk-bottle-merchant","status":"publish","type":"product","link":"https:\/\/www.herbadiberna.ch\/it\/prodotto\/strawberry-li-indoor-bulk-bottle-merchant\/","title":{"rendered":"Fragolali Contenitore per interni alla rinfusa"},"content":{"rendered":"<h2><strong>Acquisti le confezioni sfuse di Erdbeerli Indoor - fiori CBD di prima qualit\u00e0 in grandi quantit\u00e0<\/strong><\/h2>\n<p><strong>Acquisti<\/strong> subito la <strong>confezione bulk<\/strong> di <strong>Erdbeerli Indoor<\/strong> e si assicuri fiori di CBD di alta qualit\u00e0. Inoltre, beneficia di un&#8217;esclusiva qualit\u00e0 premium in grandi quantit\u00e0. Questa variet\u00e0 delizia con un sapore di bacche estremamente intenso. Il profumo delicato ricorda anche le fragole fresche e i mirtilli. Delicate note legnose completano il profilo terpenico. \u00c8 quindi la scelta perfetta per gli acquirenti abituali e i rivenditori.     <\/p>\n<div style=\"background-color: #e8f5e9; border-left: 4px solid #4caf50; padding: 15px; margin-top: 20px; margin-bottom: 20px;\">\n<h3><strong>\ud83c\udf3f Il nostro servizio premium: miscelare fino a 3 gusti con 500g e 1kg!<\/strong><\/h3>\n<p><strong>Non vuole impegnarsi in una sola variet\u00e0? Nessun problema! Con un supplemento di soli CHF 50.-, pu\u00f2 facilmente dividere il suo ordine. Questo significa che pu\u00f2 scegliere fino a 3 variet\u00e0 diverse per 500g o 1kg.   <\/strong><\/p>\n<p>Per farlo, aggiunga il prodotto con l&#8217;opzione mix al suo carrello. Poi ci comunichi le sue esatte esigenze inviando un&#8217;e-mail a <a href=\"mailto:info@herbadiberna.ch\">info@herbadiberna.ch.<\/a> Dopotutto, saremo felici di confezionare il suo pacchetto personalizzato per lei!  <\/p>\n<\/div>\n<h2><strong>Perch\u00e9 dovrebbe acquistare il contenitore grande Erdbeerli Indoor<\/strong><\/h2>\n<p>Questa variet\u00e0 offre una combinazione eccezionale di sapore fruttato e alta qualit\u00e0. La coltivazione indoor controllata produce fiori particolarmente densi. Ci\u00f2 significa che potr\u00e0 sempre godere di un&#8217;esperienza premium costante.  <\/p>\n<p>Ci affidiamo anche a un&#8217;essiccazione e a una fermentazione delicate. Questo assicura che i preziosi terpeni e i cannabinoidi siano conservati in modo ottimale. In definitiva, questo garantisce un&#8217;esperienza di sapore intenso e aromatico a tutto tondo.  <\/p>\n<h2><strong>Dettagli del prodotto per i suoi fiori Erdbeerli CBD in formato grande<\/strong><\/h2>\n<ul>\n<li><strong>Quantit\u00e0:<\/strong> Perfetto per gli ordini all&#8217;ingrosso. Ideale per acquirenti frequenti e rivenditori. <\/li>\n<li><strong>Sapore:<\/strong> profilo terpenico unico. Dominano anche le note fruttate di fragola e mirtillo. <\/li>\n<li><strong>Opzione Mix:<\/strong> combina in modo flessibile fino a 3 gusti (+ 50 CHF di sovrapprezzo).<\/li>\n<li><strong>Caratteristiche:<\/strong> Fiori da interno densi e aromatici. Anche delicatamente essiccati. <\/li>\n<li><strong>Contenuto di principi attivi:<\/strong> alto contenuto di CBD per momenti di piacere rilassati.<\/li>\n<\/ul>\n<div style=\"background-color: #f8f9fa; border-left: 4px solid #d9534f; padding: 15px; margin-top: 20px; margin-bottom: 20px;\">\n<h3><strong>\u26a0\ufe0f Informazioni importanti per gli acquirenti di grandi quantit\u00e0<\/strong><\/h3>\n<p><strong>La preghiamo di notare un punto importante. A questo pacchetto di prodotti sfusi a prezzo ottimizzato non si applicano gli sconti regolari del negozio. Tuttavia, sono esclusi gli sconti specifici per quantit\u00e0.  <\/strong><\/p>\n<p>Attribuiamo sempre grande importanza alla qualit\u00e0 costante. Ecco perch\u00e9 pu\u00f2 richiedere un campione in anticipo in qualsiasi momento. Si metta semplicemente in contatto con noi su <a href=\"mailto:info@herbadiberna.ch\">info@herbadiberna.ch!<\/a>   <\/p>\n<\/div>\n<h2><strong>Ordini ora le confezioni sfuse di fragole indoor e si goda il CBD di qualit\u00e0 superiore.<\/strong><\/h2>\n<p>Forse sta cercando qualcosa per uso personale o una fonte di CBD a lungo termine. La variet\u00e0 \u00e8 ideale anche per un&#8217;ulteriore lavorazione. In ogni caso, questo grande contenitore \u00e8 convincente su tutta la linea.  <\/p>\n<p>Scelga quindi la quantit\u00e0 desiderata. Pu\u00f2 anche utilizzare la nostra opzione di suddivisione flessibile per una variet\u00e0 ancora maggiore. Infine, ordini oggi stesso in modo sicuro e comodo da Herba di Berna.  <\/p>\n<h2><strong>Scopra altri punti salienti della nostra gamma<\/strong><\/h2>\n<p>\u27a1\ufe0f Compagni pratici per il viaggio: <a href=\"https:\/\/www.herbadiberna.ch\/it\/vaporizzatori\/\">acquistare i vapes<\/a><br \/>\n\u27a1\ufe0f Deliziosi prodotti di canapa per la cucina: <a href=\"https:\/\/www.herbadiberna.ch\/it\/alimenti-canapa\/\">alimenti di canapa<\/a><br \/>\n\u27a1\ufe0f Trovi le gocce perfette per la sua vita quotidiana:    <a href=\"https:\/\/www.herbadiberna.ch\/it\/olio-di-cbd\/\">Scopra l&#8217;olio di CBD<\/a><\/p>\n","protected":false},"excerpt":{"rendered":"<p>Le confezioni sfuse di Erdbeerli Indoor le offrono fiori densi e pregiati. Hanno anche un sapore intenso di fragole fresche e mirtilli. Questa variet\u00e0 \u00e8 quindi ideale per gli acquirenti abituali.    <b>Ordinato entro le 15:00, consegnato domani \u2713 Spedizione gratuita a partire da CHF 80 \u2713<\/b><\/p>\n","protected":false},"featured_media":81533,"comment_status":"open","ping_status":"closed","template":"","meta":{"inline_featured_image":false},"product_brand":[],"product_cat":[402,403],"product_tag":[],"class_list":{"0":"post-13301","1":"product","2":"type-product","3":"status-publish","4":"has-post-thumbnail","6":"product_cat-contenitore-alla-rinfusa-ch","7":"product_cat-interno-it","8":"pif-has-gallery","10":"first","11":"instock","12":"taxable","13":"shipping-taxable","14":"purchasable","15":"product-type-variable","16":"rtwpvs-product"},"_links":{"self":[{"href":"https:\/\/www.herbadiberna.ch\/it\/wp-json\/wp\/v2\/product\/13301","targetHints":{"allow":["GET"]}}],"collection":[{"href":"https:\/\/www.herbadiberna.ch\/it\/wp-json\/wp\/v2\/product"}],"about":[{"href":"https:\/\/www.herbadiberna.ch\/it\/wp-json\/wp\/v2\/types\/product"}],"replies":[{"embeddable":true,"href":"https:\/\/www.herbadiberna.ch\/it\/wp-json\/wp\/v2\/comments?post=13301"}],"wp:featuredmedia":[{"embeddable":true,"href":"https:\/\/www.herbadiberna.ch\/it\/wp-json\/wp\/v2\/media\/81533"}],"wp:attachment":[{"href":"https:\/\/www.herbadiberna.ch\/it\/wp-json\/wp\/v2\/media?parent=13301"}],"wp:term":[{"taxonomy":"product_brand","embeddable":true,"href":"https:\/\/www.herbadiberna.ch\/it\/wp-json\/wp\/v2\/product_brand?post=13301"},{"taxonomy":"product_cat","embeddable":true,"href":"https:\/\/www.herbadiberna.ch\/it\/wp-json\/wp\/v2\/product_cat?post=13301"},{"taxonomy":"product_tag","embeddable":true,"href":"https:\/\/www.herbadiberna.ch\/it\/wp-json\/wp\/v2\/product_tag?post=13301"}],"curies":[{"name":"wp","href":"https:\/\/api.w.org\/{rel}","templated":true}]}}