{"id":13237,"date":"2021-12-06T23:31:37","date_gmt":"2021-12-06T22:31:37","guid":{"rendered":"https:\/\/www.herbadiberna.ch\/cannatonic-outdoor-in-edizione-limitata\/"},"modified":"2026-04-27T18:55:15","modified_gmt":"2026-04-27T17:55:15","slug":"cannatonic-outdoor-limited-edition","status":"publish","type":"product","link":"https:\/\/www.herbadiberna.ch\/it\/prodotto\/cannatonic-outdoor-limited-edition\/","title":{"rendered":"Cannatonic Outdoor 40g"},"content":{"rendered":"<h2><strong>Comprare Cannatonic Outdoor - Gusto classico da Ticino<\/strong><\/h2>\n<p>Vuole acquistare un Cannatonic Outdoor CBD di alta qualit\u00e0? Allora abbiamo buone notizie, perch\u00e9 il nostro classico popolare \u00e8 disponibile anche quest&#8217;anno come prodotto outdoor!<br \/>\nLa coltivazione naturale conferisce a questa variet\u00e0 un sapore unico<strong>,<\/strong> mentre il profilo terpenico ricorda fortemente il popolare classico indoor.<\/p>\n<p><strong>Perch\u00e9 la qualit\u00e0 \u00e8 cos\u00ec alta?<\/strong><br \/>\nQuesta variet\u00e0 \u00e8 stata prodotta dal nostro partner di lunga data, l&#8217;azienda di taglio. Ha quindi beneficiato delle eccellenti condizioni di coltivazione in Ticino, proprio al confine con l&#8217;Italia.<br \/>\nPoich\u00e9 l&#8217;anno 2023 ha offerto un numero eccezionalmente elevato di ore di sole, la qualit\u00e0 e la struttura di questi fiori sono migliorate ulteriormente. <\/p>\n<p>Grazie alla coltivazione all&#8217;aperto, si sviluppa una sfumatura molto particolare del sapore Cannatonic, anche se la variet\u00e0 conserva i suoi ben noti terpeni delicati e il suo aroma piacevole.<br \/>\nPoich\u00e9 si distingue anche per i buoni valori di CBD e per l&#8217;imbattibile rapporto qualit\u00e0-prezzo di solo <strong>1 franco al grammo<\/strong>, questa variet\u00e0 \u00e8 ideale per tutti coloro che vogliono godere di <strong>CBD outdoor di alta qualit\u00e0 a prezzi equi<\/strong>.<\/p>\n<h2><strong>Caratteristiche del prodotto Cannatonic Outdoor  <\/strong><\/h2>\n<ul>\n<li><strong>Coltivazione naturale all&#8217;aperto:<\/strong> fiori autentici, baciati dal sole, direttamente dalla Svizzera<strong>.<\/strong> <\/li>\n<li><strong>Gusto classico:<\/strong> tipico gusto Cannatonic con una sfumatura selvatica all&#8217;aperto.<\/li>\n<li><strong>Coltivato in Ticino: ha<\/strong> beneficiato di un&#8217;insolazione eccezionale nel sud nel 2023.<\/li>\n<li><strong>Buoni livelli di CBD:<\/strong> perfetto per un rilassamento delicato e un piacere quotidiano.<\/li>\n<li><strong>Struttura forte:<\/strong> coltivazione di alta qualit\u00e0 e raccolta accurata.<\/li>\n<li><strong>Ottimo rapporto qualit\u00e0-prezzo:<\/strong> imbattibilmente economico, a soli CHF 1,00 al grammo.<\/li>\n<li><strong>Offerta stagionale:<\/strong> Solo fino ad esaurimento scorte.<\/li>\n<li style=\"list-style-type: none;\">\n<\/li>\n<\/ul>\n<h2><strong>Perch\u00e9 dovrebbe acquistare e scoprire Cannatonic Outdoor<\/strong><\/h2>\n<p>Se desidera <strong>acquistare fiori CBD outdoor<\/strong>, <strong>Cannatonic Outdoor<\/strong> \u00e8 una variet\u00e0 di alta qualit\u00e0 che colpisce per il suo sapore comprovato e per la coltivazione sostenibile.<br \/>\n\u00c8 quindi la scelta perfetta per chi \u00e8 attento al prezzo e non vuole scendere a compromessi sulla qualit\u00e0.<\/p>\n<h2><strong>Ordini Cannatonic Outdoor ora e si diverta!<\/strong><\/h2>\n<p>Quindi non aspetti troppo. Ordini subito <strong>Cannatonic Outdoor<\/strong> e si goda il CBD di prima qualit\u00e0 a un prezzo da amico! <\/p>\n<h2><strong>Scopra di pi\u00f9: Altri punti salienti del CBD<\/strong><\/h2>\n<p>\u27a1\ufe0f Dia un&#8217;occhiata anche ai nostri popolari <a href=\"https:\/\/www.herbadiberna.ch\/produkt\/purple-punch-mini-buds\/\">mini boccioli Purple Punch<\/a>.<br \/>\n\u27a1\ufe0f Oppure scopra i nostri <a href=\"https:\/\/www.herbadiberna.ch\/it\/olio-di-cbd\/\">oli di CBD a spettro completo<\/a>, per ottenere tutta la potenza della pianta.<br \/>\n<a href=\"https:\/\/www.herbadiberna.ch\/it\/fiori-di-cbd\/\">\u27a1\ufe0f Clicchi qui per tornare alla panoramica di tutti i fiori di CBD<\/a><\/p>\n","protected":false},"excerpt":{"rendered":"<p>Il classico della regione pi\u00f9 soleggiata della Svizzera: Cannatonic Outdoor colpisce per la sua coltivazione naturale in Ticino e per il suo autentico profilo terpenico. Approfittate del raccolto 2023, baciato dal sole, a un prezzo equo di soli CHF 1,00\/g. <\/p>\n","protected":false},"featured_media":57613,"comment_status":"open","ping_status":"closed","template":"","meta":{"inline_featured_image":false},"product_brand":[],"product_cat":[426,348],"product_tag":[],"class_list":{"0":"post-13237","1":"product","2":"type-product","3":"status-publish","4":"has-post-thumbnail","6":"product_cat-allaperto","7":"product_cat-fiori-di-cbd","8":"pif-has-gallery","10":"first","11":"instock","12":"taxable","13":"shipping-taxable","14":"purchasable","15":"product-type-simple"},"_links":{"self":[{"href":"https:\/\/www.herbadiberna.ch\/it\/wp-json\/wp\/v2\/product\/13237","targetHints":{"allow":["GET"]}}],"collection":[{"href":"https:\/\/www.herbadiberna.ch\/it\/wp-json\/wp\/v2\/product"}],"about":[{"href":"https:\/\/www.herbadiberna.ch\/it\/wp-json\/wp\/v2\/types\/product"}],"replies":[{"embeddable":true,"href":"https:\/\/www.herbadiberna.ch\/it\/wp-json\/wp\/v2\/comments?post=13237"}],"wp:featuredmedia":[{"embeddable":true,"href":"https:\/\/www.herbadiberna.ch\/it\/wp-json\/wp\/v2\/media\/57613"}],"wp:attachment":[{"href":"https:\/\/www.herbadiberna.ch\/it\/wp-json\/wp\/v2\/media?parent=13237"}],"wp:term":[{"taxonomy":"product_brand","embeddable":true,"href":"https:\/\/www.herbadiberna.ch\/it\/wp-json\/wp\/v2\/product_brand?post=13237"},{"taxonomy":"product_cat","embeddable":true,"href":"https:\/\/www.herbadiberna.ch\/it\/wp-json\/wp\/v2\/product_cat?post=13237"},{"taxonomy":"product_tag","embeddable":true,"href":"https:\/\/www.herbadiberna.ch\/it\/wp-json\/wp\/v2\/product_tag?post=13237"}],"curies":[{"name":"wp","href":"https:\/\/api.w.org\/{rel}","templated":true}]}}