{"id":12909,"date":"2021-03-03T09:24:17","date_gmt":"2021-03-03T08:24:17","guid":{"rendered":"https:\/\/www.herbadiberna.ch\/harlequin-indoor-mini-buds-bulk-1kg\/"},"modified":"2026-05-01T15:50:28","modified_gmt":"2026-05-01T14:50:28","slug":"harlequin-indoor-minibuds-bulk","status":"publish","type":"product","link":"https:\/\/www.herbadiberna.ch\/it\/prodotto\/harlequin-indoor-minibuds-bulk\/","title":{"rendered":"Harlequin Indoor Mini-Buds contenitore grande"},"content":{"rendered":"<h2><strong>Acquisti le confezioni sfuse di Harlequin Mini-Buds - Fiori CBD premium all&#8217;ingrosso<\/strong><\/h2>\n<p><strong>Acquisti<\/strong> subito la <strong>confezione di Harlequin Mini-buds<\/strong> e si assicuri fino a 1 kg di fiori CBD di alta qualit\u00e0 a un prezzo all&#8217;ingrosso. Queste mini gemme indoor sono la scelta ideale per tutti i consumatori abituali, i trasformatori e gli appassionati che hanno bisogno di quantit\u00e0 maggiori senza compromettere il sapore. Provi una piacevole sensazione di benessere grazie al sapore pieno, fiorito-fruttato con intense note agrumate.  <\/p>\n<h2><strong>Perch\u00e9 dovrebbe acquistare la confezione sfusa di Mini-Buds Harlequin<\/strong><\/h2>\n<p>Le nostre mini gemme CBD resinose e di colore chiaro vengono sottoposte a un delicato processo di essiccazione e fermentazione per preservare il profilo terpenico fino all&#8217;ultimo grammo. Con un solido contenuto di CBD del 14,5%, offrono una qualit\u00e0 costantemente elevata. A causa del massiccio aumento della domanda di grandi quantit\u00e0, per questa offerta specifica collaboriamo con partner esterni selezionati e di prima classe, per poterle offrire questo prezzo interessante.  <\/p>\n<h2><strong>Dettagli del prodotto per i suoi fiori di cannabis CBD in grande formato<\/strong><\/h2>\n<ul>\n<li><strong>Quantit\u00e0:<\/strong> 250g\/500g o confezioni sfuse da 1 kg (ideali per un elevato consumo personale o per la rivendita).<\/li>\n<li><strong>Aroma:<\/strong> profilo terpenico fruttato-floreale con note di agrumi dominanti e rinfrescanti.<\/li>\n<li><strong>Opzione mix:<\/strong> combinare in modo flessibile fino a 3 variet\u00e0 (+ CHF 50) per le varianti da 500 g e 1 kg.<\/li>\n<li><strong>Propriet\u00e0:<\/strong> Mini gemme indoor di colore chiaro, resinose, delicatamente essiccate.<\/li>\n<li><strong>Contenuto di principi attivi:<\/strong> elevato contenuto di CBD del 14,5% per momenti calmanti.<\/li>\n<\/ul>\n<div style=\"background-color: #f8f9fa; border-left: 4px solid #d9534f; padding: 15px; margin-top: 20px; margin-bottom: 20px;\">\n<h3><strong>\u26a0\ufe0f Informazioni importanti per gli acquirenti di grandi quantit\u00e0<\/strong><\/h3>\n<p><strong>La preghiamo di notare che questi fiori di CBD nel formato da 500g o 1kg non sono identici alle nostre normali mini gemme Herba di Berna nelle confezioni da 21g o 42g. Inoltre, a questa confezione di prodotti sfusi a prezzo ottimizzato non si applicano i normali sconti del negozio (ad eccezione di sconti specifici per quantit\u00e0). Se desidera convincersi in anticipo della qualit\u00e0, pu\u00f2 richiedere un campione in qualsiasi momento su <a href=\"mailto:info@herbadiberna.ch\">info@herbadiberna.ch!<\/a>   <\/strong><\/p>\n<\/div>\n<h2><strong>Domande frequenti (FAQ) sulla gamma di fiori CBD sfusi<\/strong><\/h2>\n<p><strong>Come funziona esattamente la suddivisione delle variet\u00e0 per un supplemento di 50 franchi svizzeri?<\/strong><br \/>\nSe opta per questo servizio, pu\u00f2 comporre la sua confezione da 500 g o da 1 kg scegliendo fino a 3 diverse variet\u00e0 di confezioni sfuse attualmente disponibili. Inserisca il prodotto con l&#8217;opzione mix nel carrello e ci invii un&#8217;e-mail per comunicarci quali 3 variet\u00e0 possiamo confezionare per lei e in quale rapporto. <\/p>\n<p><strong>Perch\u00e9 questi mini germogli provengono da partner esterni?<\/strong><br \/>\nPer soddisfare l&#8217;enorme richiesta di quantit\u00e0 sfuse fortemente scontate, la nostra produzione interna di qualit\u00e0 superiore per le piccole buste non \u00e8 sufficiente. Pertanto, ci riforniamo di queste mini gemme di alta qualit\u00e0 da coltivatori partner rigorosamente controllati in Svizzera, che soddisfano i nostri elevati standard di sapori intensi e di lavorazione pulita. <\/p>\n<h2><strong>Acquisti ora le confezioni grandi di Harlequin Mini-Buds e risparmi in modo intelligente.<\/strong><\/h2>\n<p>Che sia per un uso personale su larga scala, come materia prima per i suoi estratti o per una scorta intelligente - con il formato da 250g, 500g o 1kg, beneficia di una qualit\u00e0 interna di prima classe ad un prezzo all&#8217;ingrosso. Scelga la quantit\u00e0, approfitti della nostra opzione flessibile per un massimo di 3 variet\u00e0 e ordini in modo sicuro online da Herba di Berna oggi stesso. <\/p>\n<h2><strong>Scopra la coltivazione della cannabis, i cosmetici e l&#8217;assetto CBD<\/strong><\/h2>\n<p>\u27a1\ufe0f Tutto per il suo progetto di pianta: <a href=\"https:\/\/www.herbadiberna.ch\/it\/coltivazione-del-cbd\/\">CBD Grow<\/a><br \/>\n\u27a1\ufe0f Genetica di alta qualit\u00e0 dalla Svizzera: <a href=\"https:\/\/www.herbadiberna.ch\/it\/talee\/\">talee di CBD<\/a><br \/>\n\u27a1\ufe0f Riempia la sua camera al miglior prezzo:    <a href=\"https:\/\/www.herbadiberna.ch\/it\/trim-it\/\">Acquista CBD Trim<\/a><\/p>\n","protected":false},"excerpt":{"rendered":"<p data-path-to-node=\"11\">La confezione di Harlequin Indoor Mini Buds (1 kg) le offre fiori CBD fioriti e fruttati, con note dominanti di agrumi, ad un prezzo imbattibile. Beneficia del 14,5% di CBD e di una qualit\u00e0 di prima classe.   <b>Ordinato entro le 15:00, consegnato domani \u2713 Spedizione gratuita a partire da CHF 80 \u2713<\/b><\/p>\n","protected":false},"featured_media":11308,"comment_status":"open","ping_status":"closed","template":"","meta":{"inline_featured_image":false},"product_brand":[],"product_cat":[402,348,403],"product_tag":[],"class_list":{"0":"post-12909","1":"product","2":"type-product","3":"status-publish","4":"has-post-thumbnail","6":"product_cat-contenitore-alla-rinfusa-ch","7":"product_cat-fiori-di-cbd","8":"product_cat-interno-it","9":"pif-has-gallery","11":"first","12":"outofstock","13":"taxable","14":"shipping-taxable","15":"purchasable","16":"product-type-variable","17":"rtwpvs-product"},"_links":{"self":[{"href":"https:\/\/www.herbadiberna.ch\/it\/wp-json\/wp\/v2\/product\/12909","targetHints":{"allow":["GET"]}}],"collection":[{"href":"https:\/\/www.herbadiberna.ch\/it\/wp-json\/wp\/v2\/product"}],"about":[{"href":"https:\/\/www.herbadiberna.ch\/it\/wp-json\/wp\/v2\/types\/product"}],"replies":[{"embeddable":true,"href":"https:\/\/www.herbadiberna.ch\/it\/wp-json\/wp\/v2\/comments?post=12909"}],"wp:featuredmedia":[{"embeddable":true,"href":"https:\/\/www.herbadiberna.ch\/it\/wp-json\/wp\/v2\/media\/11308"}],"wp:attachment":[{"href":"https:\/\/www.herbadiberna.ch\/it\/wp-json\/wp\/v2\/media?parent=12909"}],"wp:term":[{"taxonomy":"product_brand","embeddable":true,"href":"https:\/\/www.herbadiberna.ch\/it\/wp-json\/wp\/v2\/product_brand?post=12909"},{"taxonomy":"product_cat","embeddable":true,"href":"https:\/\/www.herbadiberna.ch\/it\/wp-json\/wp\/v2\/product_cat?post=12909"},{"taxonomy":"product_tag","embeddable":true,"href":"https:\/\/www.herbadiberna.ch\/it\/wp-json\/wp\/v2\/product_tag?post=12909"}],"curies":[{"name":"wp","href":"https:\/\/api.w.org\/{rel}","templated":true}]}}