{"id":12763,"date":"2020-07-15T21:56:52","date_gmt":"2020-07-15T19:56:52","guid":{"rendered":"https:\/\/www.herbadiberna.ch\/biobizz-try-pack-stimolante\/"},"modified":"2026-04-23T07:03:51","modified_gmt":"2026-04-23T06:03:51","slug":"biobizz-try-pack-stimolanti","status":"publish","type":"product","link":"https:\/\/www.herbadiberna.ch\/it\/prodotto\/biobizz-try-pack-stimolanti\/","title":{"rendered":"Biobizz Try Pack Stimolante"},"content":{"rendered":"<h2><strong>Acquistare Biobizz Try Pack Stimolante - Il Bio-Booster<\/strong><\/h2>\n<p>Le sue piante stanno perdendo le foglie o hanno un aspetto poco brillante? Allora il <strong>Biobizz Try Pack Stimolante<\/strong> \u00e8 quello che fa per lei. Questo set \u00e8 stato sviluppato per supportare le sue piante in ogni fase, sia che sia un principiante o che voglia massimizzare la resa.  <\/p>\n<p>Quando utilizza lo <strong>Stimolante Biobizz Try Pack<\/strong>, si affida alla qualit\u00e0 biologica al 100 %. \u00c8 l&#8217;introduzione ideale al mondo degli additivi per fertilizzanti. Pu\u00f2 facilmente combinarlo con altri fertilizzanti per ottenere piante pi\u00f9 grandi e frutti dal sapore pi\u00f9 dolce.  <\/p>\n<h2><strong>Biobizz Try Pack Stimolante: Cosa c&#8217;\u00e8 nel set<\/strong><\/h2>\n<p>Questa confezione le offre il &#8220;miglio extra&#8221; per 1-4 piante. Contiene tre componenti specializzati (250 ml ciascuno) che vanno ben oltre la normale concimazione NPK: <\/p>\n<ul>\n<li><strong>Root-Juice (stimolatore di radici):<\/strong> Assicura una crescita esplosiva delle radici. Una base radicale forte \u00e8 il fondamento di una pianta sana e di un migliore assorbimento dei nutrienti. <\/li>\n<li><strong>Top-Max (stimolatore della fioritura):<\/strong> Questo stimolatore di fioritura biologico al 100 % ha un triplice effetto. Ingrandisce le infiorescenze, aumenta l&#8217;assorbimento dei nutrienti e garantisce un sapore pi\u00f9 dolce e intenso dei prodotti finali. <\/li>\n<li><strong>Alg-A-Mic (booster di vitalit\u00e0):<\/strong> Il salvatore in caso di stress. Se le sue piante soffrono di sovraconcimazione, carenza, malattia o sbalzi di temperatura, Alg-A-Mic ripristina il verde delle foglie e la vitalit\u00e0. <\/li>\n<\/ul>\n<h2><strong>Caratteristiche del prodotto: Perch\u00e9 scegliere Biobizz Try Stimolant?<\/strong><\/h2>\n<ul>\n<li><strong>Soluzione completa:<\/strong> non deve preoccuparsi di raccogliere singole bottiglie. Con il <strong>Biobizz Try Pack Stimolante<\/strong>, ha tutto ci\u00f2 che le serve per il radicamento, la fioritura e la protezione in un&#8217;unica confezione. <\/li>\n<li><strong>Versatilit\u00e0:<\/strong> \u00e8 ideale per la coltivazione in terra, ma anche per la coltura idroponica.<\/li>\n<li><strong>Rapporto qualit\u00e0-prezzo:<\/strong> perfetto per conoscere la gamma Biobizz senza dover acquistare bottiglie da litro.<\/li>\n<li><strong>Qualit\u00e0:<\/strong> Biobizz \u00e8 sinonimo di fertilizzanti organici certificati che promuovono il sapore naturale del suo raccolto, invece di adulterarlo chimicamente.<\/li>\n<\/ul>\n<h2><strong>Aumenta il rendimento con il Pacchetto Stimolante<\/strong><\/h2>\n<p>Sappiamo che la coltivazione pu\u00f2 essere una scienza in s\u00e9. Biobizz la semplifica.<br \/>\nCome risultato, ottiene un prodotto che perdona e d\u00e0 risultati. \u00c8 il modo intelligente di drogare le sue piante in modo biologico.  <\/p>\n<h2><strong>Esperienze dei clienti con Biobizz<\/strong><\/h2>\n<p><em>&#8220;I fiori hanno un sapore molto pi\u00f9 intenso!<\/em><em>&#8220;.<\/em> - Lo sentiamo spesso dire quando i clienti usano Top-Max di questo set.<br \/>\nAnche il succo di radice viene elogiato, perch\u00e9 le talee e le giovani piante &#8220;attecchiscono&#8221; molto pi\u00f9 velocemente con esso.<\/p>\n<h2><strong>Ordini Biobizz Try Stimulant ora e cominci!<\/strong><\/h2>\n<p>\u00c8 pronto per avere piante vigorose e raccolti abbondanti?<br \/>\nOrdini ora e dia alla sua coltivazione la spinta di cui ha bisogno.<\/p>\n<h2><strong>Gli integratori perfetti per la sua crescita<\/strong><\/h2>\n<p>\u27a1\ufe0f  <a href=\"https:\/\/www.herbadiberna.ch\/it\/fiori-di-cbd\/\">Acquisti i fiori di CBD<\/a> (confronti il suo raccolto con il nostro).<br \/>\n\u27a1\ufe0f  <a href=\"https:\/\/www.herbadiberna.ch\/it\/papi-filtri-macinino\/\">Carte e rotoli<\/a> (per il piacere successivo)<br \/>\n\u27a1\ufe0f  <a href=\"https:\/\/www.herbadiberna.ch\/it\/interno\/\">Fiori da interno<\/a> (la nostra qualit\u00e0 di riferimento)<\/p>\n","protected":false},"excerpt":{"rendered":"<p data-path-to-node=\"12\">Le sue piante hanno un aspetto poco brillante o hanno bisogno di una spinta energetica? Il Biobizz Try Pack Stimolante \u00e8 la soluzione completa per la coltivazione biologica. Assicura radici pi\u00f9 forti, foglie pi\u00f9 vitali e frutti pi\u00f9 dolci.    <b data-path-to-node=\"13\" data-index-in-node=\"0\">Ordinato entro le ore 15.00 di oggi, consegnato domani \u2713 Spese di spedizione gratuite a partire da 79 franchi \u2713<\/b><\/p>\n","protected":false},"featured_media":11035,"comment_status":"open","ping_status":"closed","template":"","meta":{"inline_featured_image":false},"product_brand":[],"product_cat":[385,386],"product_tag":[],"class_list":{"0":"post-12763","1":"product","2":"type-product","3":"status-publish","4":"has-post-thumbnail","6":"product_cat-coltivazione-del-cbd","7":"product_cat-fertilizzante","8":"pif-has-gallery","10":"first","11":"instock","12":"taxable","13":"shipping-taxable","14":"purchasable","15":"product-type-simple"},"_links":{"self":[{"href":"https:\/\/www.herbadiberna.ch\/it\/wp-json\/wp\/v2\/product\/12763","targetHints":{"allow":["GET"]}}],"collection":[{"href":"https:\/\/www.herbadiberna.ch\/it\/wp-json\/wp\/v2\/product"}],"about":[{"href":"https:\/\/www.herbadiberna.ch\/it\/wp-json\/wp\/v2\/types\/product"}],"replies":[{"embeddable":true,"href":"https:\/\/www.herbadiberna.ch\/it\/wp-json\/wp\/v2\/comments?post=12763"}],"wp:featuredmedia":[{"embeddable":true,"href":"https:\/\/www.herbadiberna.ch\/it\/wp-json\/wp\/v2\/media\/11035"}],"wp:attachment":[{"href":"https:\/\/www.herbadiberna.ch\/it\/wp-json\/wp\/v2\/media?parent=12763"}],"wp:term":[{"taxonomy":"product_brand","embeddable":true,"href":"https:\/\/www.herbadiberna.ch\/it\/wp-json\/wp\/v2\/product_brand?post=12763"},{"taxonomy":"product_cat","embeddable":true,"href":"https:\/\/www.herbadiberna.ch\/it\/wp-json\/wp\/v2\/product_cat?post=12763"},{"taxonomy":"product_tag","embeddable":true,"href":"https:\/\/www.herbadiberna.ch\/it\/wp-json\/wp\/v2\/product_tag?post=12763"}],"curies":[{"name":"wp","href":"https:\/\/api.w.org\/{rel}","templated":true}]}}