{"id":12621,"date":"2020-04-18T22:51:01","date_gmt":"2020-04-18T20:51:01","guid":{"rendered":"https:\/\/www.herbadiberna.ch\/v1-harlequin-indoor-handtrim-mix\/"},"modified":"2026-04-23T10:50:00","modified_gmt":"2026-04-23T09:50:00","slug":"v1-harlequin-indoor-handtrim-mix","status":"publish","type":"product","link":"https:\/\/www.herbadiberna.ch\/it\/prodotto\/v1-harlequin-indoor-handtrim-mix\/","title":{"rendered":"V1 &amp; Harlequin Indoor Handtrim Mix"},"content":{"rendered":"<h2><strong>Acquista Harlequin &amp; V1 Handtrim - Il dolce incontra la crostata<\/strong><\/h2>\n<p>Se desidera <strong>acquistare<\/strong> la nostra <strong>Harlequin &amp; V1 Handtrim<\/strong>, sceglie un&#8217;affascinante fusione di due teste di carattere. Qui si uniscono due genetiche uniche che si completano perfettamente in termini di sapore. La nota dolce e familiare di Harlequin Indoor incontra i sapori distintivi e aciduli della genetica V1. Il risultato \u00e8 una <strong>miscela di CBD<\/strong> che colpisce per un&#8217;esperienza di gusto particolarmente equilibrata ed emozionante.   <\/p>\n<p>Questa miscela \u00e8 quindi la prima scelta per gli intenditori che cercano la variet\u00e0 e non vogliono essere limitati a un solo sapore. Pertanto, non \u00e8 solo ideale come <strong>sostituto del tabacco<\/strong>, ma costituisce anche la base perfetta per ricette creative a base di CBD. Dopotutto, ci si pu\u00f2 aspettare una potenza totale: questa rifinitura manuale di alta qualit\u00e0 contiene un numero particolarmente elevato di ghiandole di resina, il che la rende una materia prima potente.  <\/p>\n<h2><strong>Il profilo aromatico: un duetto di due mondi<\/strong><\/h2>\n<p>Con questo prodotto, ottiene il meglio di due ceppi top. Questo frullato di CBD ha quindi una profondit\u00e0 di sapore che raramente si trova nelle monocolture: <\/p>\n<ul>\n<li><strong>Il sapore:<\/strong> un gioco di contrasti. Da un lato la dolcezza leggera e floreale dell&#8217;Arlecchino, dall&#8217;altro la forza terrosa e speziata del V1. Il profilo \u00e8 quindi molto corposo, onesto e mai noioso.  <\/li>\n<li><strong>La consistenza:<\/strong> <strong>non appena<\/strong> <strong>acquister\u00e0<\/strong> l&#8217;<strong>Harlequin &amp; V1 Handtrim<\/strong>, ricever\u00e0 i nostri scarti di CBD accuratamente setacciati. Viene prodotto direttamente quando i fiori vengono girati e consiste in piccoli sepali e molti tricomi (cristalli di resina). <\/li>\n<li><strong>L&#8217;uso:<\/strong> Poich\u00e9 questa miscela \u00e8 estremamente ricca di resina, \u00e8 ideale come materia prima. \u00c8 perfetta per gli <strong>edibili al CBD<\/strong>, i cosmetici o le miscele di t\u00e8, ma fa anche una bella figura pura in uno spinello. <\/li>\n<\/ul>\n<h2><strong>Caratteristiche del prodotto: Perch\u00e9 acquistare Harlequin &amp; V1 Handtrim?<\/strong><\/h2>\n<ul>\n<li><strong>Rapporto qualit\u00e0-prezzo:<\/strong> ottiene la qualit\u00e0 di due ceppi top ad un prezzo significativamente inferiore rispetto ai fiori interi.<\/li>\n<li><strong>Gusto emozionante:<\/strong> la combinazione di terpeni dolci e amari rende l&#8217;esperienza del fumo complessa.<\/li>\n<li><strong>Alto contenuto di resina:<\/strong> l&#8217;alta percentuale di tricomi rende questo assetto particolarmente ricco di principi attivi e potente.<\/li>\n<li><strong>Versatilit\u00e0:<\/strong> che si tratti di affumicatura, cottura o estrazione, questa miscela copre tutte le esigenze.<\/li>\n<\/ul>\n<h2><strong>Acquistare Harlequin &amp; V1 Handtrim - Carattere forte e prezzo vantaggioso<\/strong><\/h2>\n<p>Dopo tutto, il nostro principio \u00e8 quello di utilizzare le risorse in modo sensato. Durante l&#8217;essiccazione, le parti pi\u00f9 piccole della pianta si staccano naturalmente, ma queste hanno lo stesso contenuto di principi attivi delle gemme grandi. Sarebbe uno spreco non utilizzare questa &#8220;polvere d&#8217;oro&#8221;.  <\/p>\n<p>Acquistando questa miscela, ottiene un&#8217;alternativa economica ai fiori interi, senza sacrificare la qualit\u00e0. \u00c8 semplicemente il modo pi\u00f9 intelligente di assaporare il <strong>complesso sapore del CBD<\/strong> - e di risparmiare nel frattempo. <\/p>\n<h2><strong>Esperienze dei clienti con Harlequin &amp; V1 Mix<\/strong><\/h2>\n<p><em>&#8220;Finalmente un assetto che non ha un sapore noioso. \u00c8 la miscela che lo rende tale!&#8221;.<\/em> - \u00e8 il modo in cui molti clienti abituali descrivono la combinazione.<\/p>\n<p>Questo taglio a mano \u00e8 particolarmente apprezzato dai &#8220;trasformatori&#8221;. Grazie ai suoi sapori intensi e all&#8217;elevato contenuto di resina, pu\u00f2 essere utilizzato per realizzare ottimi <strong>burri o unguenti al CBD<\/strong>. <\/p>\n<h2><strong>Acquisti ora Harlequin &amp; V1 Handtrim e si diverta!<\/strong><\/h2>\n<p>\u00c8 pronto per il duo perfetto di dolce e crostata?<br \/>\nOrdini subito, perch\u00e9 questo mix speciale \u00e8 disponibile solo in quantit\u00e0 limitate.<\/p>\n<h2><strong>Integratori perfetti per il suo stile di vita<\/strong><\/h2>\n<p>\u27a1\ufe0f  <a href=\"https:\/\/www.herbadiberna.ch\/it\/fiori-di-cbd\/\">Scopra i fiori interi di CBD<\/a> (per le immagini)<br \/>\n\u27a1\ufe0f  <a href=\"https:\/\/www.herbadiberna.ch\/it\/olio-di-cbd\/\">Acquisti l&#8217;olio di CBD<\/a> (l&#8217;integratore ideale)<br \/>\n\u27a1\ufe0f  <a href=\"https:\/\/www.herbadiberna.ch\/it\/vaporizzatori\/\">Vaporizzatore <\/a> (per un piacere delicato)<\/p>\n","protected":false},"excerpt":{"rendered":"<p>Acquista CBD Trim - Harlequin &amp; V1 Handtrim dai sapori intensi e dall&#8217;alto contenuto di resina. Ideale per prodotti CBD, cosmetici e come prodotto da fumo. Scoprilo subito!  <\/p>\n","protected":false},"featured_media":60732,"comment_status":"open","ping_status":"closed","template":"","meta":{"inline_featured_image":false},"product_brand":[],"product_cat":[348,362],"product_tag":[1486],"class_list":{"0":"post-12621","1":"product","2":"type-product","3":"status-publish","4":"has-post-thumbnail","6":"product_cat-fiori-di-cbd","7":"product_cat-trim-it","8":"product_tag-bestseller","9":"pif-has-gallery","11":"first","12":"instock","13":"taxable","14":"shipping-taxable","15":"purchasable","16":"product-type-variable","17":"rtwpvs-product"},"_links":{"self":[{"href":"https:\/\/www.herbadiberna.ch\/it\/wp-json\/wp\/v2\/product\/12621","targetHints":{"allow":["GET"]}}],"collection":[{"href":"https:\/\/www.herbadiberna.ch\/it\/wp-json\/wp\/v2\/product"}],"about":[{"href":"https:\/\/www.herbadiberna.ch\/it\/wp-json\/wp\/v2\/types\/product"}],"replies":[{"embeddable":true,"href":"https:\/\/www.herbadiberna.ch\/it\/wp-json\/wp\/v2\/comments?post=12621"}],"wp:featuredmedia":[{"embeddable":true,"href":"https:\/\/www.herbadiberna.ch\/it\/wp-json\/wp\/v2\/media\/60732"}],"wp:attachment":[{"href":"https:\/\/www.herbadiberna.ch\/it\/wp-json\/wp\/v2\/media?parent=12621"}],"wp:term":[{"taxonomy":"product_brand","embeddable":true,"href":"https:\/\/www.herbadiberna.ch\/it\/wp-json\/wp\/v2\/product_brand?post=12621"},{"taxonomy":"product_cat","embeddable":true,"href":"https:\/\/www.herbadiberna.ch\/it\/wp-json\/wp\/v2\/product_cat?post=12621"},{"taxonomy":"product_tag","embeddable":true,"href":"https:\/\/www.herbadiberna.ch\/it\/wp-json\/wp\/v2\/product_tag?post=12621"}],"curies":[{"name":"wp","href":"https:\/\/api.w.org\/{rel}","templated":true}]}}