{"id":12544,"date":"2020-04-18T22:50:58","date_gmt":"2020-04-18T20:50:58","guid":{"rendered":"https:\/\/www.herbadiberna.ch\/sciroppo-dinverno-in-bottiglia\/"},"modified":"2026-05-08T14:21:29","modified_gmt":"2026-05-08T13:21:29","slug":"sciroppo-dinverno-7dl","status":"publish","type":"product","link":"https:\/\/www.herbadiberna.ch\/it\/prodotto\/sciroppo-dinverno-7dl\/","title":{"rendered":"Sciroppo d&#8217;inverno in bottiglia"},"content":{"rendered":"<p>Il nostro sciroppo invernale di canapa \u00e8 raffinato con succo di mela biologico fresco e cannella. Ha un sapore meravigliosamente rinfrescante freddo, pu\u00f2 essere bevuto caldo come un punch o \u00e8 la bevanda perfetta per la stagione fredda con un sorso di rum o vodka. Per lo sciroppo, usiamo canapa certificata dall&#8217;UE, selezionata a mano per il massimo sapore.<\/p>\n<p>Preparazione: Mescolare 1 dl di sciroppo con 1 l di acqua e gustare fresco o caldo.<span class=\"Apple-converted-space\"> <\/span><\/p>\n<p>Disponibile nella bottiglia da 7 dl, 2 dl o nella scatola di cartone da 5 litri.<\/p>\n","protected":false},"excerpt":{"rendered":"<p>Sciroppo di canapa con succo di mela biologico e cannella<\/p>\n","protected":false},"featured_media":10297,"comment_status":"open","ping_status":"closed","template":"","meta":{"inline_featured_image":false},"product_brand":[],"product_cat":[347,351],"product_tag":[],"class_list":{"0":"post-12544","1":"product","2":"type-product","3":"status-publish","4":"has-post-thumbnail","6":"product_cat-alimenti-canapa","7":"product_cat-sciroppo","8":"product_shipping_class-postpac-vetro","9":"pif-has-gallery","11":"first","12":"instock","13":"taxable","14":"shipping-taxable","15":"purchasable","16":"product-type-variable","17":"rtwpvs-product"},"_links":{"self":[{"href":"https:\/\/www.herbadiberna.ch\/it\/wp-json\/wp\/v2\/product\/12544","targetHints":{"allow":["GET"]}}],"collection":[{"href":"https:\/\/www.herbadiberna.ch\/it\/wp-json\/wp\/v2\/product"}],"about":[{"href":"https:\/\/www.herbadiberna.ch\/it\/wp-json\/wp\/v2\/types\/product"}],"replies":[{"embeddable":true,"href":"https:\/\/www.herbadiberna.ch\/it\/wp-json\/wp\/v2\/comments?post=12544"}],"wp:featuredmedia":[{"embeddable":true,"href":"https:\/\/www.herbadiberna.ch\/it\/wp-json\/wp\/v2\/media\/10297"}],"wp:attachment":[{"href":"https:\/\/www.herbadiberna.ch\/it\/wp-json\/wp\/v2\/media?parent=12544"}],"wp:term":[{"taxonomy":"product_brand","embeddable":true,"href":"https:\/\/www.herbadiberna.ch\/it\/wp-json\/wp\/v2\/product_brand?post=12544"},{"taxonomy":"product_cat","embeddable":true,"href":"https:\/\/www.herbadiberna.ch\/it\/wp-json\/wp\/v2\/product_cat?post=12544"},{"taxonomy":"product_tag","embeddable":true,"href":"https:\/\/www.herbadiberna.ch\/it\/wp-json\/wp\/v2\/product_tag?post=12544"}],"curies":[{"name":"wp","href":"https:\/\/api.w.org\/{rel}","templated":true}]}}