{"id":12516,"date":"2020-04-18T22:50:52","date_gmt":"2020-04-18T20:50:52","guid":{"rendered":"https:\/\/www.herbadiberna.ch\/cannatonic-indoor\/"},"modified":"2026-04-30T15:45:56","modified_gmt":"2026-04-30T14:45:56","slug":"cannatonic-indoor","status":"publish","type":"product","link":"https:\/\/www.herbadiberna.ch\/it\/prodotto\/cannatonic-indoor\/","title":{"rendered":"Cannatonic Indoor"},"content":{"rendered":"<div class=\"flex max-w-full flex-col flex-grow\">\n<div class=\"min-h-8 text-message flex w-full flex-col items-end gap-2 whitespace-normal break-words text-start [.text-message+&amp;]:mt-5\" dir=\"auto\">\n<div class=\"flex w-full flex-col gap-1 empty:hidden first:pt-[3px]\">\n<div class=\"markdown prose w-full break-words dark:prose-invert light\">\n<h2><strong>Comprare Cannatonic Indoor - Note dolci di mango e freschezza agrumata<\/strong><\/h2>\n<p>Sta pensando di <strong>acquistare Cannatonic Indoor<\/strong>? O sta cercando una variet\u00e0 che \u00e8 maturata fino a raggiungere lo standard premium assoluto, grazie ad anni di perfezione nella coltivazione?<br \/>\nLa nostra <strong>Cannatonic Indoor<\/strong> \u00e8 molto pi\u00f9 di un semplice fiore. \u00c8 il risultato della nostra passione per le piante forti ed esigenti. Nel panorama svizzero, questa variet\u00e0 incarna il CBD fruttato in una classe a s\u00e9 stante.   <\/p>\n<p>Inoltre, questa variet\u00e0 ha ispirato il nostro team fin dall&#8217;inizio. Ecco perch\u00e9 abbiamo perfezionato ogni metodo di coltivazione, in modo che le cime grandi e compatte dispieghino tutto il loro potenziale. Sono ideali per il puro godimento, sviluppano un bouquet complesso nello <strong>svapo<\/strong> e arricchiscono qualsiasi sofisticata collezione di CBD.<br \/>\nQuesta esperienza \u00e8 come una colazione tropicale. Utilizziamo condizioni indoor controllate per garantire la massima formazione di resina. Il risultato \u00e8 un&#8217;<strong>esperienza di acquisto di CBD in Svizzera<\/strong> con un sapore cos\u00ec dolce e fruttato che gli intenditori lo identificheranno immediatamente come autentico Cannatonic.    <\/p>\n<h2><strong>Il profilo gustativo: la dolcezza del mango incontra l&#8217;acidit\u00e0 degli agrumi.<\/strong><\/h2>\n<p>Con noi, acquista la massima qualit\u00e0 e concentrazione di terpeni. Queste gemme sono sinonimo di un&#8217;interazione armoniosa che ispira sia i principianti che i professionisti. <\/p>\n<ul>\n<li><strong>Il sapore:<\/strong> un vero highlight per i buongustai. Le note dominanti di mango maturo si mescolano con i sapori aciduli degli agrumi. Di conseguenza, il sapore \u00e8 corposo, fruttato e si mantiene fino all&#8217;ultima boccata grazie alla fermentazione delicata.  <\/li>\n<li><strong>La struttura:<\/strong> si ottengono cime grandi, dense ed estremamente compatte. Grazie all&#8217;elevato contenuto di resina, le cime brillano letteralmente e mostrano la potenza di questa genetica. <\/li>\n<\/ul>\n<h2><strong>Caratteristiche del prodotto: Perch\u00e9 acquistare Cannatonic Indoor?<\/strong><\/h2>\n<ul>\n<li><strong>Coltivazione perfezionata:<\/strong> siamo particolarmente affezionati alla coltivazione di questa variet\u00e0 e nel corso degli anni abbiamo ottimizzato i metodi indoor per questo profilo specifico.<\/li>\n<li><strong>Qualit\u00e0 raccolta a mano:<\/strong> ogni fiore viene accuratamente lavorato e controllato a mano per preservare la delicata struttura resinosa delle grandi gemme.<\/li>\n<li><strong>Massima purezza:<\/strong> privo di pesticidi ed erbicidi, prodotto in modo sostenibile e 100% Swiss Made - per un&#8217;esperienza sicura e non adulterata.<\/li>\n<li><strong>Fermentazione ottimale:<\/strong> il processo di essiccazione lenta fa s\u00ec che i terpeni volatili non vadano persi, ma si condensino in un sapore complessivo intenso.<\/li>\n<\/ul>\n<h2><strong>Acquistare Cannatonic Indoor - Sapore unico dalla Svizzera<\/strong><\/h2>\n<p>Siamo orgogliosi di offrire questa potente pianta nella sua forma pi\u00f9 pura. \u00c8 la combinazione di esperienza e pazienza che rende il nostro Cannatonic cos\u00ec speciale. Quello che tecnicamente viene descritto come &#8220;coltivazione indoor controllata&#8221; \u00e8 il nostro mestiere.<br \/>\nCome risultato, ottiene un prodotto che non scende a compromessi in termini di struttura e sapore. \u00c8 quindi il modo intelligente di gustare il <strong>CBD di qualit\u00e0 superiore<\/strong>, se sta cercando il meglio della coltivazione svizzera di CBD.   <\/p>\n<h2><strong>Esperienze dei clienti con Cannatonic Indoor<\/strong><\/h2>\n<p>I nostri clienti descrivono pi\u00f9 spesso l&#8217;esperienza come <strong>&#8220;intensamente fruttata e incredibilmente liscia&#8221;<\/strong>. La struttura densa e resinosa dei fiori, in particolare, viene elogiata pi\u00f9 volte. Molti apprezzano l&#8217;aroma armonioso che rende Cannatonic Indoor il loro preferito indiscusso per i momenti di piacere.  <\/p>\n<h2><strong>Acquisti ora Cannatonic Indoor e sperimenti la freschezza tropicale!<\/strong><\/h2>\n<p>\u00c8 pronto per il leggendario mix di mango e agrumi in qualit\u00e0 premium?<br \/>\nOrdini ora e si assicuri il nostro capolavoro della produzione interna svizzera.<\/p>\n<h2><strong>Integratori perfetti per il suo stile di vita<\/strong><\/h2>\n<p>\u27a1\ufe0f  <a href=\"https:\/\/www.herbadiberna.ch\/cbd-trim-kaufen\/\">Scopra CBD Trim<\/a> (l&#8217;alternativa conveniente)<br \/>\n\u27a1\ufe0f  <a href=\"https:\/\/www.herbadiberna.ch\/it\/alimenti-canapa\/\">Alimenti alla canapa<\/a> (per un divertimento sano)<br \/>\n\u27a1\ufe0f  <a href=\"https:\/\/www.herbadiberna.ch\/it\/accessori-cbd\/\">Acquisti accessori per il CBD<\/a> (vapes, cartine e altro)<\/p>\n<\/div>\n<\/div>\n<\/div>\n<\/div>\n","protected":false},"excerpt":{"rendered":"<p data-path-to-node=\"10\">Acquisti Cannatonic Indoor presso Herba di Berna. Il leggendario sapore di mango e agrumi incontra fiori grandi e compatti di qualit\u00e0 superiore. Il nostro team favorito dalla coltivazione indoor svizzera perfezionata per le esigenze pi\u00f9 elevate.    <strong>Ordinato entro le 15:00, consegnato domani \u2713 Spedizione gratuita a partire da CHF 80 \u2713<\/strong><\/p>\n","protected":false},"featured_media":78731,"comment_status":"open","ping_status":"closed","template":"","meta":{"inline_featured_image":false},"product_brand":[],"product_cat":[348,352],"product_tag":[],"class_list":{"0":"post-12516","1":"product","2":"type-product","3":"status-publish","4":"has-post-thumbnail","6":"product_cat-fiori-di-cbd","7":"product_cat-interno","8":"pif-has-gallery","10":"first","11":"instock","12":"taxable","13":"shipping-taxable","14":"purchasable","15":"product-type-variable","16":"has-default-attributes","17":"rtwpvs-product"},"_links":{"self":[{"href":"https:\/\/www.herbadiberna.ch\/it\/wp-json\/wp\/v2\/product\/12516","targetHints":{"allow":["GET"]}}],"collection":[{"href":"https:\/\/www.herbadiberna.ch\/it\/wp-json\/wp\/v2\/product"}],"about":[{"href":"https:\/\/www.herbadiberna.ch\/it\/wp-json\/wp\/v2\/types\/product"}],"replies":[{"embeddable":true,"href":"https:\/\/www.herbadiberna.ch\/it\/wp-json\/wp\/v2\/comments?post=12516"}],"wp:featuredmedia":[{"embeddable":true,"href":"https:\/\/www.herbadiberna.ch\/it\/wp-json\/wp\/v2\/media\/78731"}],"wp:attachment":[{"href":"https:\/\/www.herbadiberna.ch\/it\/wp-json\/wp\/v2\/media?parent=12516"}],"wp:term":[{"taxonomy":"product_brand","embeddable":true,"href":"https:\/\/www.herbadiberna.ch\/it\/wp-json\/wp\/v2\/product_brand?post=12516"},{"taxonomy":"product_cat","embeddable":true,"href":"https:\/\/www.herbadiberna.ch\/it\/wp-json\/wp\/v2\/product_cat?post=12516"},{"taxonomy":"product_tag","embeddable":true,"href":"https:\/\/www.herbadiberna.ch\/it\/wp-json\/wp\/v2\/product_tag?post=12516"}],"curies":[{"name":"wp","href":"https:\/\/api.w.org\/{rel}","templated":true}]}}