{"id":12506,"date":"2020-04-18T22:50:59","date_gmt":"2020-04-18T20:50:59","guid":{"rendered":"https:\/\/www.herbadiberna.ch\/harlequin-indoor-handtrim\/"},"modified":"2026-05-06T01:47:22","modified_gmt":"2026-05-06T00:47:22","slug":"arlecchino-indoor-handtrim","status":"publish","type":"product","link":"https:\/\/www.herbadiberna.ch\/it\/prodotto\/arlecchino-indoor-handtrim\/","title":{"rendered":"Harlequin Indoor Handtrim"},"content":{"rendered":"<div class=\"flex max-w-full flex-col flex-grow\">\n<div class=\"min-h-8 text-message flex w-full flex-col items-end gap-2 whitespace-normal break-words text-start [.text-message+&amp;]:mt-5\" dir=\"auto\">\n<div class=\"flex w-full flex-col gap-1 empty:hidden first:pt-[3px]\">\n<div class=\"markdown prose w-full break-words dark:prose-invert light\">\n<h2><strong>Acquistare Harlequin Indoor Handtrim - Qualit\u00e0 floreale e fruttata degli agrumi<\/strong><\/h2>\n<p>Sta pensando di <strong>acquistare Harlequin Indoor Handtrim<\/strong>? O \u00e8 semplicemente a caccia di qualit\u00e0 indoor a basso prezzo?<br \/>\nIl nostro <strong>Indoor Handtrim<\/strong> non \u00e8 affatto un semplice prodotto residuale. Gli intenditori si riferiscono spesso ad esso come ad un &#8220;frullato&#8221; o direttamente come ad una potente <strong>miscela di CBD<\/strong>.  <\/p>\n<p>\u00c8 anche un consiglio da insider per chi sa che la maggior parte della resina \u00e8 nascosta nella sporcizia. Ecco perch\u00e9 \u00e8 ideale come <strong>sostituto del tabacco<\/strong>, si adatta perfettamente allo <strong>svapo<\/strong> e arricchisce i suoi progetti fai-da-te.<br \/>\nQuesta miscela \u00e8 come una passeggiata in un limoneto. Combiniamo la popolare genetica Harlequin con una coltivazione indoor professionale. Il risultato \u00e8 un&#8217;<strong>esperienza di acquisto di assetto CBD<\/strong> che ha un profumo cos\u00ec floreale e fruttato che vorr\u00e0 provarlo.   <\/p>\n<h2><strong>Il profilo aromatico: la spinta degli agrumi incontra la potenza floreale<\/strong><\/h2>\n<p>Con noi acquista puro piacere e massima efficienza. Questo frullato proviene dai nostri migliori fiori indoor, maturati in condizioni controllate. <\/p>\n<ul>\n<li><strong>Il sapore:<\/strong> la genetica Harlequin apporta una nota meravigliosamente floreale. Questa \u00e8 completata da una freschezza dominante di agrumi. Il profilo \u00e8 quindi assolutamente rinvigorente e chiaro.  <\/li>\n<li><strong>Uso:<\/strong> Poich\u00e9 questa miscela pregiata contiene una quantit\u00e0 estremamente elevata di ghiandole resinose e il <strong>14,5% di CBD<\/strong>, \u00e8 particolarmente potente. \u00c8 quindi perfetta per essere fumata o come base per i suoi <strong>estratti di CBD<\/strong>, <strong>alimenti<\/strong> e <strong>prodotti cosmetici<\/strong> di alta qualit\u00e0. <\/li>\n<\/ul>\n<h2><strong>Caratteristiche del prodotto: Perch\u00e9 acquistare Harlequin Indoor Handtrim?<\/strong><\/h2>\n<ul>\n<li><strong>Rapporto qualit\u00e0-prezzo:<\/strong> ottiene la piena potenza indoor ad una frazione del prezzo del fiore. Questo rende questo assetto un vero affare. <\/li>\n<li><strong>Gusto intenso:<\/strong> si gode di un aroma fiorito e fruttato con una nota agrumata. Questa qualit\u00e0 \u00e8 raramente riscontrabile nelle finiture a mano a basso costo. <\/li>\n<li><strong>Versatilit\u00e0:<\/strong> per una miscelazione rapida, per la produzione di olio di CBD o come ingrediente in cucina. L&#8217;Harlequin Indoor Mix \u00e8 sicuramente un tuttofare. <\/li>\n<li><strong>Elevato contenuto di principi attivi:<\/strong> con il <strong>14,5% di CBD<\/strong>, questo assetto offre una solida base per un dolce rilassamento. L&#8217;essiccazione e la fermentazione delicate assicurano che i terpeni siano conservati al massimo. <\/li>\n<\/ul>\n<h2><strong>Acquistare Harlequin Indoor Handtrim - Sostenibile e intelligente<\/strong><\/h2>\n<p>L&#8217;utilizzo completo della pianta di canapa \u00e8 importante per noi. Nessuna parte di questa preziosa materia prima deve essere sprecata. Quello che molti tecnicamente chiamano &#8220;abrasione&#8221;, noi lo consideriamo invece una raffinatezza concentrata.<br \/>\nIl risultato \u00e8 un prodotto ricco di principi attivi. Si tratta quindi di un modo intelligente per godere di un <strong>CBD<\/strong> di qualit\u00e0 indoor <strong>a prezzi accessibili<\/strong>. Non deve scendere a compromessi sul sapore o sulla potenza.  <\/p>\n<h2><strong>Esperienze dei clienti con il Mix Harlequin<\/strong><\/h2>\n<p>I nostri clienti descrivono pi\u00f9 spesso il sapore come <strong>piacevolmente fresco e non graffiante<\/strong>. La nota agrumata \u00e8 chiaramente riconoscibile e rende questo CBD handtrim versatile - \u00e8 particolarmente apprezzato come sostituto del tabacco nelle miscele. Anche l&#8217;<strong>ottimo rapporto qualit\u00e0-prezzo<\/strong> per una variet\u00e0 indoor \u00e8 particolarmente apprezzato.  <\/p>\n<h2><strong>Acquisti Harlequin Indoor Handtrim ora e risparmi!<\/strong><\/h2>\n<p>\u00c8 pronto per un&#8217;iniezione di agrumi fruttati grazie alla coltivazione indoor?<br \/>\nOrdini ora e si assicuri la nostra vittoria in termini di prezzo e prestazioni.<\/p>\n<h2><strong>Integratori perfetti per il suo stile di vita<\/strong><\/h2>\n<p>\u27a1\ufe0f  <a href=\"https:\/\/www.herbadiberna.ch\/it\/olio-di-cbd\/\">Gocce di olio di CBD<\/a> (per l&#8217;equilibrio interiore)<br \/>\n\u27a1\ufe0f  <a href=\"https:\/\/www.herbadiberna.ch\/it\/cbd-hashish\/\">Acquistare CBD Hash<\/a> (per gli amanti della resina)<br \/>\n\u27a1\ufe0f  <a href=\"https:\/\/www.herbadiberna.ch\/it\/alimenti-canapa\/\">Alimenti alla canapa<\/a> (snack sani)<\/p>\n<\/div>\n<\/div>\n<\/div>\n<\/div>\n","protected":false},"excerpt":{"rendered":"<p data-path-to-node=\"2\">Acquisti Harlequin Indoor Handtrim presso Herba di Berna. 14,5% di CBD, sapore fiorito-fruttato di agrumi e qualit\u00e0 indoor di alta qualit\u00e0 per gli intenditori attenti al prezzo. Ideale come sostituto del tabacco, per il vaping o per un&#8217;ulteriore lavorazione. Ordinato entro le 15:00, consegnato domani \u2713 Spedizione gratuita a partire da CHF 80 \u2713   <\/p>\n","protected":false},"featured_media":50746,"comment_status":"open","ping_status":"closed","template":"","meta":{"inline_featured_image":false},"product_brand":[],"product_cat":[348,362],"product_tag":[],"class_list":{"0":"post-12506","1":"product","2":"type-product","3":"status-publish","4":"has-post-thumbnail","6":"product_cat-fiori-di-cbd","7":"product_cat-trim-it","8":"pif-has-gallery","10":"first","11":"instock","12":"taxable","13":"shipping-taxable","14":"purchasable","15":"product-type-simple"},"_links":{"self":[{"href":"https:\/\/www.herbadiberna.ch\/it\/wp-json\/wp\/v2\/product\/12506","targetHints":{"allow":["GET"]}}],"collection":[{"href":"https:\/\/www.herbadiberna.ch\/it\/wp-json\/wp\/v2\/product"}],"about":[{"href":"https:\/\/www.herbadiberna.ch\/it\/wp-json\/wp\/v2\/types\/product"}],"replies":[{"embeddable":true,"href":"https:\/\/www.herbadiberna.ch\/it\/wp-json\/wp\/v2\/comments?post=12506"}],"wp:featuredmedia":[{"embeddable":true,"href":"https:\/\/www.herbadiberna.ch\/it\/wp-json\/wp\/v2\/media\/50746"}],"wp:attachment":[{"href":"https:\/\/www.herbadiberna.ch\/it\/wp-json\/wp\/v2\/media?parent=12506"}],"wp:term":[{"taxonomy":"product_brand","embeddable":true,"href":"https:\/\/www.herbadiberna.ch\/it\/wp-json\/wp\/v2\/product_brand?post=12506"},{"taxonomy":"product_cat","embeddable":true,"href":"https:\/\/www.herbadiberna.ch\/it\/wp-json\/wp\/v2\/product_cat?post=12506"},{"taxonomy":"product_tag","embeddable":true,"href":"https:\/\/www.herbadiberna.ch\/it\/wp-json\/wp\/v2\/product_tag?post=12506"}],"curies":[{"name":"wp","href":"https:\/\/api.w.org\/{rel}","templated":true}]}}