{"id":12490,"date":"2020-04-18T22:50:53","date_gmt":"2020-04-18T20:50:53","guid":{"rendered":"https:\/\/www.herbadiberna.ch\/arlecchino-indoor\/"},"modified":"2026-05-01T15:48:12","modified_gmt":"2026-05-01T14:48:12","slug":"arlecchino-indoor","status":"publish","type":"product","link":"https:\/\/www.herbadiberna.ch\/it\/prodotto\/arlecchino-indoor\/","title":{"rendered":"Fiori di CBD per interni Harlequin"},"content":{"rendered":"<div class=\"flex max-w-full flex-col flex-grow\">\n<div class=\"min-h-8 text-message flex w-full flex-col items-end gap-2 whitespace-normal break-words text-start [.text-message+&amp;]:mt-5\" dir=\"auto\">\n<div class=\"flex w-full flex-col gap-1 empty:hidden first:pt-[3px]\">\n<div class=\"markdown prose w-full break-words dark:prose-invert light\">\n<h2><strong>Acquistare Harlequin Indoor - Leggenda fruttata con il 14,5% di CBD<\/strong><\/h2>\n<p>Sta accarezzando l&#8217;idea di <strong>acquistare Harlequin Indoor<\/strong>? Oppure sta cercando l&#8217;equilibrio perfetto tra la freschezza agrumata e il dolce relax?<br \/>\nI nostri fiori <strong>Harlequin Indoor<\/strong> non sono affatto un prodotto standard. Nella scena, questa variet\u00e0 \u00e8 spesso definita la &#8220;regina dei terpeni&#8221; ed \u00e8 considerata un classico assoluto del mercato svizzero del CBD.  <\/p>\n<p>\u00c8 anche un vero e proprio consiglio per gli esteti che apprezzano le cime grandi e chiare e l&#8217;estrema densit\u00e0 di resina. \u00c8 quindi ideale per il puro divertimento, dispiega tutto il suo potenziale nello <strong>svapo<\/strong> e arricchisce ogni momento di relax dopo una lunga giornata.<br \/>\nQuesta variet\u00e0 \u00e8 come una passeggiata in un limoneto in fiore. Combiniamo una genetica di prima classe con una coltivazione indoor altamente professionale. Il risultato \u00e8 un&#8217;<strong>esperienza di acquisto di CBD in Svizzera<\/strong> con un profumo cos\u00ec floreale e fresco da farle riscoprire la sua qualit\u00e0 ogni volta che apre la confezione.   <\/p>\n<h2><strong>Il profilo gustativo: la spinta degli agrumi incontra la dolcezza floreale<\/strong><\/h2>\n<p>Con noi, acquista lusso puro e massima purezza. Questi fiori provengono dalle nostre strutture interne controllate, dove maturano fino a raggiungere il loro massimo splendore in condizioni ottimali. <\/p>\n<ul>\n<li><strong>Il sapore:<\/strong> la genetica Harlequin \u00e8 famosa per il suo profilo multistrato. Le note dominanti di agrumi incontrano una dolcezza fiorita e fruttata. Il sapore \u00e8 quindi intenso, rinfrescante e rimane piacevolmente morbido fino all&#8217;ultima boccata.  <\/li>\n<li><strong>Lavorazione:<\/strong> grazie a un&#8217;essiccazione precisa e a un processo di fermentazione perfettamente armonizzato, i preziosi terpeni vengono preservati al massimo. Anche i fiori vengono <strong>lavorati a mano<\/strong>, per non danneggiare la struttura resinosa delle grandi gemme. <\/li>\n<\/ul>\n<h2><strong>Caratteristiche del prodotto: Perch\u00e9 acquistare Harlequin Indoor?<\/strong><\/h2>\n<ul>\n<li><strong>Alto contenuto di principi attivi:<\/strong> con il 14,5% di CBD, questa variet\u00e0 offre una solida base per un rilassamento profondo, senza appesantire.<\/li>\n<li><strong>Punto di forza visivo:<\/strong> ottiene fiori luminosi, grandi ed estremamente compatti, ricoperti da uno strato di resina lucida - una vera qualit\u00e0 premium per gli occhi.<\/li>\n<li><strong>Premium Indoor: la<\/strong> coltivazione sotto luce artificiale garantisce una qualit\u00e0 costantemente elevata e un profilo terpenico difficilmente ottenibile all&#8217;aperto.<\/li>\n<li><strong>Garanzia di purezza:<\/strong> naturalmente privo di pesticidi ed erbicidi, 100 % Swiss Made e coltivato con grande attenzione ai dettagli.<\/li>\n<\/ul>\n<h2><strong>Acquistare Harlequin Indoor - Artigianato svizzero<\/strong><\/h2>\n<p>La raffinazione della pianta di canapa \u00e8 la nostra passione. Crediamo che la qualit\u00e0 non debba solo essere vista, ma soprattutto annusata e sentita. Quello che tecnicamente molti dichiarano &#8220;premium&#8221; \u00e8 lo standard di vita della nostra Arlecchino.<br \/>\nDi conseguenza, ottiene un prodotto pieno di attenzioni. \u00c8 quindi il modo pi\u00f9 intelligente per gustare un <strong>CBD di alta qualit\u00e0<\/strong>, se non vuole scendere a compromessi con il sapore o l&#8217;estetica.   <\/p>\n<h2><strong>Esperienze dei clienti con Harlequin Indoor<\/strong><\/h2>\n<p>I nostri clienti descrivono molto spesso l&#8217;esperienza come <strong>&#8220;rinfrescante, morbida ed estremamente aromatica&#8221;.<\/strong> In particolare, la caratteristica nota di agrumi viene ripetutamente sottolineata come un punto di vendita unico. Molti apprezzano anche la qualit\u00e0 costante dei fiori grandi, che rende Harlequin Indoor il loro preferito in assoluto per le serate piacevoli.  <\/p>\n<h2><strong>Acquisti Harlequin Indoor ora e sperimenti la qualit\u00e0 superiore!<\/strong><\/h2>\n<p>\u00c8 pronto per il calcio fruttato degli agrumi della coltivazione indoor svizzera?<br \/>\nOrdini ora e si assicuri la nostra ammiraglia per la sua prossima esperienza di indulgenza.<\/p>\n<h2><strong>Integratori perfetti per il suo stile di vita<\/strong><\/h2>\n<p>\u27a1\ufe0f  <a href=\"https:\/\/www.herbadiberna.ch\/it\/olio-di-cbd\/\">Acquisti olio di CBD<\/a> (per la sua routine quotidiana)<br \/>\n\u27a1\ufe0f  <a href=\"https:\/\/www.herbadiberna.ch\/it\/cbd-hashish\/\">Scopra il CBD Hash<\/a> (resine varietali pure)<br \/>\n\u27a1\ufe0f  <a href=\"https:\/\/www.herbadiberna.ch\/it\/accessori-cbd\/\">Negozio di accessori<\/a> (Vapes, Papes e Grinder)<\/p>\n<\/div>\n<\/div>\n<\/div>\n<\/div>\n","protected":false},"excerpt":{"rendered":"<p>Fiori CBD Svizzera - Harlequin Indoor ha un contenuto di CBD del 14,5% e un sapore fruttato. Qualit\u00e0 indoor premium, fiori resinosi e profilo terpenico intenso. Scoprila subito!  <\/p>\n","protected":false},"featured_media":78675,"comment_status":"open","ping_status":"closed","template":"","meta":{"inline_featured_image":false},"product_brand":[],"product_cat":[348,352],"product_tag":[],"class_list":{"0":"post-12490","1":"product","2":"type-product","3":"status-publish","4":"has-post-thumbnail","6":"product_cat-fiori-di-cbd","7":"product_cat-interno","8":"pif-has-gallery","10":"first","11":"instock","12":"taxable","13":"shipping-taxable","14":"purchasable","15":"product-type-variable","16":"has-default-attributes","17":"rtwpvs-product"},"_links":{"self":[{"href":"https:\/\/www.herbadiberna.ch\/it\/wp-json\/wp\/v2\/product\/12490","targetHints":{"allow":["GET"]}}],"collection":[{"href":"https:\/\/www.herbadiberna.ch\/it\/wp-json\/wp\/v2\/product"}],"about":[{"href":"https:\/\/www.herbadiberna.ch\/it\/wp-json\/wp\/v2\/types\/product"}],"replies":[{"embeddable":true,"href":"https:\/\/www.herbadiberna.ch\/it\/wp-json\/wp\/v2\/comments?post=12490"}],"wp:featuredmedia":[{"embeddable":true,"href":"https:\/\/www.herbadiberna.ch\/it\/wp-json\/wp\/v2\/media\/78675"}],"wp:attachment":[{"href":"https:\/\/www.herbadiberna.ch\/it\/wp-json\/wp\/v2\/media?parent=12490"}],"wp:term":[{"taxonomy":"product_brand","embeddable":true,"href":"https:\/\/www.herbadiberna.ch\/it\/wp-json\/wp\/v2\/product_brand?post=12490"},{"taxonomy":"product_cat","embeddable":true,"href":"https:\/\/www.herbadiberna.ch\/it\/wp-json\/wp\/v2\/product_cat?post=12490"},{"taxonomy":"product_tag","embeddable":true,"href":"https:\/\/www.herbadiberna.ch\/it\/wp-json\/wp\/v2\/product_tag?post=12490"}],"curies":[{"name":"wp","href":"https:\/\/api.w.org\/{rel}","templated":true}]}}