{"id":68821,"date":"2025-09-15T12:06:33","date_gmt":"2025-09-15T11:06:33","guid":{"rendered":"https:\/\/www.herbadiberna.ch\/modulo-di-registrazione-conduttore\/"},"modified":"2026-04-21T09:26:34","modified_gmt":"2026-04-21T08:26:34","slug":"modulo-di-registrazione-conduttore","status":"publish","type":"page","link":"https:\/\/www.herbadiberna.ch\/it\/modulo-di-registrazione-conduttore\/","title":{"rendered":"Rivendita con Herba di Berna"},"content":{"rendered":"\n<div class=\"wp-block-columns is-layout-flex wp-container-core-columns-is-layout-28f84493 wp-block-columns-is-layout-flex\">\n<div class=\"wp-block-column is-layout-flow wp-block-column-is-layout-flow\">\n<p>Gestisci la tua attivit\u00e0 e vorresti includere oli CBD, alimenti o prodotti per la cura di Herba di Berna nella tua gamma? La nostra gamma completa di prodotti incl. I prezzi graduati sono riportati nel catalogo <a href=\"https:\/\/www.herbadiberna.ch\/wp-content\/uploads\/2026_Wiederverkaeufer_de_mail.pdf\">(PDF)<\/a>. Per ulteriori informazioni, contattateci.<\/p>\n\n\n\n<div class=\"wp-block-buttons is-horizontal is-content-justification-center is-layout-flex wp-container-core-buttons-is-layout-03627597 wp-block-buttons-is-layout-flex\">\n<div class=\"wp-block-button is-style-outline is-style-outline--1\"><a class=\"wp-block-button__link wp-element-button\" href=\"https:\/\/www.herbadiberna.ch\/it\/modulo-di-registrazione-conduttore\/#anmeldungformular\" style=\"border-radius:5px\">Modulo di registrazione<\/a><\/div>\n<\/div>\n<\/div>\n\n\n\n<div class=\"wp-block-column is-layout-flow wp-block-column-is-layout-flow\">\n<figure class=\"wp-block-image size-full\"><img loading=\"lazy\" decoding=\"async\" width=\"503\" height=\"377\" src=\"https:\/\/www.herbadiberna.ch\/wp-content\/uploads\/Fachgeschaeft-2023-2-Herba-di-Berna.jpg\" alt=\"\" class=\"wp-image-32002\" srcset=\"https:\/\/www.herbadiberna.ch\/wp-content\/uploads\/Fachgeschaeft-2023-2-Herba-di-Berna.jpg 503w, https:\/\/www.herbadiberna.ch\/wp-content\/uploads\/Fachgeschaeft-2023-2-Herba-di-Berna-300x225.jpg 300w, https:\/\/www.herbadiberna.ch\/wp-content\/uploads\/Fachgeschaeft-2023-2-Herba-di-Berna-416x312.jpg 416w\" sizes=\"auto, (max-width: 503px) 100vw, 503px\" \/><\/figure>\n<\/div>\n<\/div>\n\n<h2 class=\"wp-block-heading has-text-align-center\" id=\"growmaterial\">Ottenere materiale di coltivazione da Herba di Berna<\/h2>\n\n<div class=\"wp-block-group service-description-div\"><div class=\"wp-block-group__inner-container is-layout-flow wp-block-group-is-layout-flow\">\n<div class=\"wp-block-columns is-layout-flex wp-container-core-columns-is-layout-28f84493 wp-block-columns-is-layout-flex\">\n<div class=\"wp-block-column is-layout-flow wp-block-column-is-layout-flow\">\n<figure class=\"wp-block-image size-large\"><img decoding=\"async\" src=\"https:\/\/www.herbadiberna.ch\/wp-content\/uploads\/\/Baupl&#xE4;ne_2-1024x683.png\" alt=\"\" class=\"wp-image-725\"\/><\/figure>\n<\/div>\n\n\n\n<div class=\"wp-block-column is-layout-flow wp-block-column-is-layout-flow\">\n<p>Vuoi crescere e coltivare le tue piante di cannabis? Siamo i professionisti per questo: abbiamo molti anni di esperienza e una grande rete di specialisti nella costruzione di strutture interne. Come acquirente all&#8217;ingrosso, possiamo offrirvi prezzi interessanti per lampade e parti di ventilazione, per esempio. Gli ordini sono benvenuti su richiesta.<\/p>\n\n\n\n<div class=\"wp-block-buttons is-horizontal is-content-justification-center is-layout-flex wp-container-core-buttons-is-layout-03627597 wp-block-buttons-is-layout-flex\">\n<div class=\"wp-block-button is-style-outline is-style-outline--2\"><a class=\"wp-block-button__link wp-element-button\" href=\"https:\/\/www.herbadiberna.ch\/it\/contatta\/\" style=\"border-radius:5px\">Contatta<\/a><\/div>\n<\/div>\n<\/div>\n<\/div>\n<\/div><\/div>\n\n<h2 class=\"wp-block-heading has-text-align-center\" id=\"verpackungsservice\">Servizio di imballaggio di Herba di Berna<\/h2>\n\n<div class=\"wp-block-group service-description-div\"><div class=\"wp-block-group__inner-container is-layout-flow wp-block-group-is-layout-flow\">\n<div class=\"wp-block-columns is-layout-flex wp-container-core-columns-is-layout-28f84493 wp-block-columns-is-layout-flex\">\n<div class=\"wp-block-column is-layout-flow wp-block-column-is-layout-flow\">\n<p>Producete voi stessi dei prodotti CBD, ma non avete l&#8217;infrastruttura e le risorse per confezionarli? Con noi, i vostri prodotti sono nelle migliori mani: Collaboriamo con le istituzioni sociali per un imballaggio accurato e igienico e coordiniamo il tutto per voi - dalla raccolta alla restituzione dei vostri prodotti imballati pronti per l&#8217;uso.<\/p>\n\n\n\n<p>Potete far etichettare solo i vostri prodotti o utilizzare il servizio completo: imballaggio e sigillatura incl.. Controllo di qualit\u00e0. Offriamo questo servizio a partire da una quantit\u00e0 di 250 unit\u00e0. Saremo felici di discutere tutti i dettagli e i prezzi con voi personalmente.<\/p>\n\n\n\n<div class=\"wp-block-buttons is-horizontal is-content-justification-center is-layout-flex wp-container-core-buttons-is-layout-03627597 wp-block-buttons-is-layout-flex\">\n<div class=\"wp-block-button is-style-outline is-style-outline--3\"><a class=\"wp-block-button__link wp-element-button\" href=\"https:\/\/www.herbadiberna.ch\/it\/contatta\/\" style=\"border-radius:5px\">Contatta<\/a><\/div>\n<\/div>\n<\/div>\n\n\n\n<div class=\"wp-block-column is-layout-flow wp-block-column-is-layout-flow\">\n<figure class=\"wp-block-image size-large\"><img decoding=\"async\" src=\"https:\/\/www.herbadiberna.ch\/wp-content\/uploads\/Blueten_1-1024x683.jpg\" alt=\"\" class=\"wp-image-1238\"\/><\/figure>\n<\/div>\n<\/div>\n\n\n\n<h2 class=\"wp-block-heading has-text-align-center\" id=\"anmeldungformular\">Rivendita - Modulo di registrazione<\/h2>\n<\/div><\/div>\n\n<hr class=\"wp-block-separator has-alpha-channel-opacity\"\/>\n\n<p class=\"form-block__required-notice\" aria-hidden=\"true\">I campi obbligatori sono contrassegnati da <span class=\"is-required\" aria-hidden=\"true\">*<\/span><\/p><form method=\"POST\" data-max-upload=\"157286400\" data-max-upload-file=\"157286400\" action=\"https:\/\/www.herbadiberna.ch\/it\/wp-json\/wp\/v2\/pages\/68821\/\" class=\"wp-block-form-block-form\" enctype=\"multipart\/form-data\" novalidate>\n<input type=\"hidden\" name=\"_object_id\" value=\"0\" \/>\n<input type=\"hidden\" name=\"_object_type\" value=\"\" \/>\n<input type=\"hidden\" name=\"_form_id\" value=\"d1c93189-ac3d-4015-a9ba-b8231baf261d\" \/>\n<div class=\"wp-block-form-block-input form-block__element is-type-text\"><input name=\"firmenname\" id=\"id-firmenname-2\" type=\"text\" autocomplete=\"\" required=\"\" spellcheck=\"true\" class=\"form-block__source\"><label for=\"id-firmenname-2\" class=\"form-block__label is-input-label\"><span class=\"form-block__label-content\">Nome dell&#8217;azienda<\/span><span class=\"is-required\" aria-hidden=\"true\">*<\/span><\/label><\/div>\n\n\n\n<hr class=\"wp-block-separator has-alpha-channel-opacity\"\/>\n\n\n\n<h2 class=\"wp-block-heading has-text-align-center\">Indirizzo commerciale<\/h2>\n\n\n\n<div class=\"wp-block-form-block-input form-block__element is-type-text\"><input name=\"adresse\" id=\"id-adresse-2\" type=\"text\" required=\"\" spellcheck=\"true\" class=\"form-block__source\"><label for=\"id-adresse-2\" class=\"form-block__label is-input-label\"><span class=\"form-block__label-content\">Indirizzo<\/span><span class=\"is-required\" aria-hidden=\"true\">*<\/span><\/label><\/div>\n\n\n\n<div class=\"wp-block-form-block-input form-block__element is-type-text\"><input name=\"plz\" id=\"id-plz-2\" type=\"text\" required=\"\" spellcheck=\"true\" class=\"form-block__source\"><label for=\"id-plz-2\" class=\"form-block__label is-input-label\"><span class=\"form-block__label-content\">CAP<\/span><span class=\"is-required\" aria-hidden=\"true\">*<\/span><\/label><\/div>\n\n\n\n<div class=\"wp-block-form-block-input form-block__element is-type-text\"><input name=\"ort\" id=\"id-ort-2\" type=\"text\" required=\"\" spellcheck=\"true\" class=\"form-block__source\"><label for=\"id-ort-2\" class=\"form-block__label is-input-label\"><span class=\"form-block__label-content\">Luogo<\/span><span class=\"is-required\" aria-hidden=\"true\">*<\/span><\/label><\/div>\n\n\n\n<hr class=\"wp-block-separator has-alpha-channel-opacity\"\/>\n\n\n\n<div class=\"wp-block-form-block-textarea form-block__element\"><textarea class=\"form-block__source optional\" name=\"zusatzinformationen\" id=\"id-zusatzinformationen-2\" spellcheck=\"true\"><\/textarea><label for=\"id-zusatzinformationen-2\" class=\"form-block__label is-textarea-label\"><span class=\"form-block__label-content\">Informazioni aggiuntive<\/span><\/label><\/div>\n\n\n\n<hr class=\"wp-block-separator has-alpha-channel-opacity\"\/>\n\n\n\n<h2 class=\"wp-block-heading has-text-align-center\">Informazioni di contatto<\/h2>\n\n\n\n<div class=\"wp-block-form-block-input form-block__element is-type-text\"><input name=\"name-kontaktperson\" id=\"id-name-kontaktperson-2\" type=\"text\" required=\"\" spellcheck=\"true\" class=\"form-block__source\"><label for=\"id-name-kontaktperson-2\" class=\"form-block__label is-input-label\"><span class=\"form-block__label-content\">Nome Contatto<\/span><span class=\"is-required\" aria-hidden=\"true\">*<\/span><\/label><\/div>\n\n\n\n<div class=\"wp-block-form-block-input form-block__element is-type-email\"><input name=\"email\" id=\"id-email-2\" type=\"email\" required=\"\" spellcheck=\"true\" class=\"form-block__source\"><label for=\"id-email-2\" class=\"form-block__label is-input-label\"><span class=\"form-block__label-content\">Email<\/span><span class=\"is-required\" aria-hidden=\"true\">*<\/span><\/label><\/div>\n\n\n\n<div class=\"wp-block-form-block-input form-block__element is-type-text\"><input name=\"telefonnummer\" id=\"id-telefonnummer-2\" type=\"text\" required=\"\" spellcheck=\"true\" class=\"form-block__source\"><label for=\"id-telefonnummer-2\" class=\"form-block__label is-input-label\"><span class=\"form-block__label-content\">Numero di telefono<\/span><span class=\"is-required\" aria-hidden=\"true\">*<\/span><\/label><\/div>\n\n\n\n<hr class=\"wp-block-separator has-alpha-channel-opacity\"\/>\n\n\n\n<h2 class=\"wp-block-heading has-text-align-center\">Legale<\/h2>\n\n\n\n<div class=\"wp-block-form-block-input form-block__element is-type-text\"><input name=\"firman-uid\" id=\"id-firman-uid-2\" type=\"text\" spellcheck=\"true\" class=\"form-block__source optional\"><label for=\"id-firman-uid-2\" class=\"form-block__label is-input-label\"><span class=\"form-block__label-content\">Numero UID dell&#8217;azienda<\/span><\/label><\/div>\n\n\n\n<div class=\"wp-block-columns is-layout-flex wp-container-core-columns-is-layout-28f84493 wp-block-columns-is-layout-flex\">\n<div class=\"wp-block-column is-layout-flow wp-block-column-is-layout-flow\">\n<div class=\"wp-block-form-block-input form-block__element is-type-checkbox\"><input name=\"bist-du-mwst-pflichtig\" id=\"id-bist-du-mwst-pflichtig-2\" type=\"checkbox\" class=\"form-block__source\"><label for=\"id-bist-du-mwst-pflichtig-2\" class=\"form-block__label is-input-label\"><span class=\"form-block__label-content\">\u00c8 soggetto all&#8217;IVA?<\/span><\/label><\/div>\n<\/div>\n\n\n\n<div class=\"wp-block-column is-layout-flow wp-block-column-is-layout-flow\">\n<div class=\"wp-block-form-block-input form-block__element is-type-text\"><input name=\"mwst-nummer\" id=\"id-mwst-nummer-2\" type=\"text\" spellcheck=\"true\" class=\"form-block__source optional\"><label for=\"id-mwst-nummer-2\" class=\"form-block__label is-input-label\"><span class=\"form-block__label-content\">Numero di partita IVA<\/span><\/label><\/div>\n<\/div>\n<\/div>\n\n\n\n<div class=\"wp-block-form-block-input form-block__element is-type-submit wp-block-button\"><input name=\"unknown\" id=\"id-unknown-2\" type=\"submit\" value=\"Inviare\" class=\"wp-block-button__link wp-element-button form-block__source optional\"><\/div>\n<div class=\"wp-block-form-block-input form-block__element is-type-system\"><input name=\"_town\" type=\"text\" aria-hidden=\"true\" autocomplete=\"new-password\" style=\"padding: 0; clip: rect(1px, 1px, 1px, 1px); position: absolute !important; white-space: nowrap; height: 1px; width: 1px; overflow: hidden;\" tabindex=\"-1\" \/><\/div><\/form>\n","protected":false},"excerpt":{"rendered":"<p>Gestisci la tua attivit\u00e0 e vorresti includere oli CBD, alimenti o prodotti per la cura di Herba di Berna nella tua gamma? La nostra gamma completa di prodotti incl. I prezzi graduati sono riportati nel catalogo (PDF). Per ulteriori informazioni, contattateci. Ottenere materiale di coltivazione da Herba di Berna Vuoi crescere e coltivare le tue [&hellip;]<\/p>\n","protected":false},"author":1019,"featured_media":0,"parent":0,"menu_order":0,"comment_status":"closed","ping_status":"closed","template":"","meta":{"inline_featured_image":false,"footnotes":""},"class_list":["post-68821","page","type-page","status-publish","hentry"],"_links":{"self":[{"href":"https:\/\/www.herbadiberna.ch\/it\/wp-json\/wp\/v2\/pages\/68821","targetHints":{"allow":["GET"]}}],"collection":[{"href":"https:\/\/www.herbadiberna.ch\/it\/wp-json\/wp\/v2\/pages"}],"about":[{"href":"https:\/\/www.herbadiberna.ch\/it\/wp-json\/wp\/v2\/types\/page"}],"author":[{"embeddable":true,"href":"https:\/\/www.herbadiberna.ch\/it\/wp-json\/wp\/v2\/users\/1019"}],"replies":[{"embeddable":true,"href":"https:\/\/www.herbadiberna.ch\/it\/wp-json\/wp\/v2\/comments?post=68821"}],"version-history":[{"count":3,"href":"https:\/\/www.herbadiberna.ch\/it\/wp-json\/wp\/v2\/pages\/68821\/revisions"}],"predecessor-version":[{"id":83361,"href":"https:\/\/www.herbadiberna.ch\/it\/wp-json\/wp\/v2\/pages\/68821\/revisions\/83361"}],"wp:attachment":[{"href":"https:\/\/www.herbadiberna.ch\/it\/wp-json\/wp\/v2\/media?parent=68821"}],"curies":[{"name":"wp","href":"https:\/\/api.w.org\/{rel}","templated":true}]}}