{"id":59418,"date":"2025-02-10T13:28:29","date_gmt":"2025-02-10T12:28:29","guid":{"rendered":"https:\/\/www.herbadiberna.ch\/?page_id=59418"},"modified":"2026-04-08T06:28:19","modified_gmt":"2026-04-08T05:28:19","slug":"info-cbd-2","status":"publish","type":"page","link":"https:\/\/www.herbadiberna.ch\/it\/info-cbd-2\/","title":{"rendered":"Acquistare CBD da Herba di Berna"},"content":{"rendered":"\n<h1 class=\"wp-block-heading\"><strong><strong><strong>Acquistare CBD Svizzera | Erba di Berna negozio online &amp; negozio specializzato<\/strong><\/strong><\/strong><\/h1>\n\n<p>Innumerevoli fornitori si pubblicizzano su internet, ma la qualit\u00e0, la purezza e la produzione equa non possono essere date per scontate. Se vuole <strong>acquistare CBD in Svizzera<\/strong>, deve cercare la fiducia. Herba di Berna \u00e8 pi\u00f9 di un semplice <strong>negozio online di CBD<\/strong>: Siamo il suo <strong><a href=\"https:\/\/share.google\/6EvxNvb0QvjolbURa\">negozio di specialit\u00e0 CBD di Berna<\/a><\/strong> con anni di esperienza.  <\/p>\n\n<p>Ci concentriamo sulla trasparenza e sulla qualit\u00e0 testata. I nostri prodotti sono analizzati in laboratorio, provengono da coltivazioni svizzere sostenibili e sono lavorati con la massima cura, dal seme alla consegna rapida a casa sua. Se ordina entro le ore 15.00, la consegna avverr\u00e0 di solito il giorno successivo.  <\/p>\n\n<h2 class=\"wp-block-heading\"><strong><strong>Che cos&#8217;\u00e8 il CBD? Le nozioni di base spiegate in modo semplice<\/strong><\/strong><\/h2>\n\n<div class=\"wp-block-media-text is-stacked-on-mobile\"><figure class=\"wp-block-media-text__media\"><img loading=\"lazy\" decoding=\"async\" width=\"1024\" height=\"1024\" src=\"https:\/\/www.herbadiberna.ch\/wp-content\/uploads\/\/cbd-kaufen-schweiz-herba-di-berna-1024x1024.jpg\" alt=\"Acquisti i fiori di CBD Harlequin Indoor - fiori di canapa legali dalla Svizzera, testati in laboratorio e coltivati in modo sostenibile.\" class=\"wp-image-64101 size-full\" srcset=\"https:\/\/www.herbadiberna.ch\/wp-content\/uploads\/cbd-kaufen-schweiz-herba-di-berna-1024x1024.jpg 1024w, https:\/\/www.herbadiberna.ch\/wp-content\/uploads\/cbd-kaufen-schweiz-herba-di-berna-300x300.jpg 300w, https:\/\/www.herbadiberna.ch\/wp-content\/uploads\/cbd-kaufen-schweiz-herba-di-berna-150x150.jpg 150w, https:\/\/www.herbadiberna.ch\/wp-content\/uploads\/cbd-kaufen-schweiz-herba-di-berna-768x768.jpg 768w, https:\/\/www.herbadiberna.ch\/wp-content\/uploads\/cbd-kaufen-schweiz-herba-di-berna-324x324.jpg 324w, https:\/\/www.herbadiberna.ch\/wp-content\/uploads\/cbd-kaufen-schweiz-herba-di-berna-416x416.jpg 416w, https:\/\/www.herbadiberna.ch\/wp-content\/uploads\/cbd-kaufen-schweiz-herba-di-berna-100x100.jpg 100w, https:\/\/www.herbadiberna.ch\/wp-content\/uploads\/cbd-kaufen-schweiz-herba-di-berna.jpg 1080w\" sizes=\"auto, (max-width: 1024px) 100vw, 1024px\" \/><\/figure><div class=\"wp-block-media-text__content\">\n<h3 class=\"wp-block-heading has-normal-font-size\"><strong>La pianta di canapa: pi\u00f9 di una semplice pianta<\/strong> <\/h3>\n\n\n\n<p>La canapa (Cannabis Sativa L.) \u00e8 una delle piante coltivate pi\u00f9 antiche conosciute dall&#8217;umanit\u00e0. Si distingue principalmente tra la canapa industriale (spesso chiamata &#8220;canapa industriale&#8221;) e la marijuana. La canapa industriale \u00e8 ricca di CBD e contiene naturalmente pochissimo THC. Per tutti i prodotti legali del nostro <strong>negozio online di CBD<\/strong> viene utilizzata esclusivamente canapa industriale di alta qualit\u00e0.   <\/p>\n\n\n\n<h3 class=\"wp-block-heading has-normal-font-size\"><strong>CBD vs <a href=\"https:\/\/de.wikipedia.org\/wiki\/Tetrahydrocannabinol\">THC:<\/a> i due cannabinoidi pi\u00f9 conosciuti<\/strong><\/h3>\n\n\n\n<p>La pianta di canapa produce oltre <a href=\"https:\/\/www.herbadiberna.ch\/it\/blog\/sapevi-che-la-pianta-di-canapa-contiene-oltre-113-cannabinoidi-diversi\/\">113 cannabinoidi diversi<\/a>. I pi\u00f9 importanti sono:<\/p>\n\n\n\n<ul class=\"wp-block-list\">\n<li><strong><a href=\"https:\/\/de.wikipedia.org\/wiki\/Tetrahydrocannabinol\">THC (tetraidrocannabinolo)<\/a>:<\/strong> Il cannabinoide psicoattivo responsabile dello stato di &#8220;sballo&#8221;. In Svizzera, il limite massimo legale \u00e8 dell&#8217;1%. <\/li>\n\n\n\n<li><strong>CBD (cannabidiolo):<\/strong> Un cannabinoide non psicoattivo, senza effetto intossicante. \u00c8 il fulcro della nostra gamma. <em>Scopra qui i nostri <a href=\"https:\/\/www.herbadiberna.ch\/cbd-blueten-kaufen-schweiz\/\">fiori naturali di CBD<\/a>.<\/em> <\/li>\n<\/ul>\n\n\n\n<h3 class=\"wp-block-heading has-normal-font-size\"><strong><a href=\"https:\/\/www.herbadiberna.ch\/it\/blog\/la-scoperta-del-sistema-endocannabinoide\/\">Il sistema endocannabinoide<\/a> (ECS):  <\/strong><\/h3>\n\n\n\n<p><strong>Come funziona il CBD nell&#8217;organismo<\/strong> Tutti hanno un sistema endocannabinoide (ECS). Questa complessa rete di recettori<a href=\"https:\/\/www.herbadiberna.ch\/it\/blog\/i-recettori-cb1-e-il-loro-ruolo-nel-sistema-endocannabinoide\/\">(CB1<\/a> e <a href=\"https:\/\/www.herbadiberna.ch\/it\/blog\/i-recettori-cb2-e-il-loro-ruolo-nel-sistema-endocannabinoide\/\">CB2<\/a>) regola il sonno, l&#8217;appetito, la percezione del dolore e l&#8217;umore. I cannabinoidi vegetali possono interagire con questo sistema e supportarlo delicatamente.  <\/p>\n<\/div><\/div>\n\n<h2 class=\"wp-block-heading has-text-align-center has-huge-font-size\"><strong><strong>La situazione legale: acquistare CBD legale in Svizzera<\/strong><\/strong><\/h2>\n\n<p>L&#8217;acquisto, il possesso e il consumo sono legali in Svizzera per le persone maggiorenni, a condizione che il contenuto di THC sia inferiore al limite dell&#8217;1%. Questa normativa liberale consente una qualit\u00e0 superiore e un pi\u00f9 ampio spettro di principi attivi rispetto ad altri Paesi dell&#8217;UE. <strong>Importante:<\/strong> c&#8217;\u00e8 una tolleranza zero per il THC nella circolazione stradale; pertanto, sconsigliamo vivamente il consumo prima della guida. I nostri prodotti sono adeguatamente etichettati come sostituti del tabacco, cosmetici o prodotti chimici, per cui pu\u00f2 sempre fare acquisti sicuri con noi.  <\/p>\n\n<h2 class=\"wp-block-heading has-text-align-right has-medium-font-size\" id=\"risiken\"><strong><strong>La sua guida: Acquistare CBD di alta qualit\u00e0 in Svizzera e utilizzarlo correttamente<\/strong><\/strong><\/h2>\n\n<p>In qualit\u00e0 di <strong>negozio specializzato in CBD a Berna<\/strong>, siamo lieti di consigliarle l&#8217;applicazione corretta. Non tutti i prodotti sono adatti a tutte le esigenze. <\/p>\n\n<div class=\"wp-block-group\"><div class=\"wp-block-group__inner-container is-layout-constrained wp-block-group-is-layout-constrained\">\n<div class=\"wp-block-columns is-layout-flex wp-container-core-columns-is-layout-28f84493 wp-block-columns-is-layout-flex\">\n<div class=\"wp-block-column is-layout-flow wp-block-column-is-layout-flow\">\n<h3 class=\"wp-block-heading has-normal-font-size\"><strong><a href=\"https:\/\/www.herbadiberna.ch\/it\/olio-di-cbd\/\">Olio di CBD<\/a>: il classico flessibile<\/strong> <\/h3>\n\n\n\n<p>I nostri oli sono spesso dichiarati come cosmetici per la cura o come prodotti chimici per l&#8217;aromatizzazione. Sono ideali per tutti coloro che non vogliono fumare. <\/p>\n\n\n\n<ul class=\"wp-block-list\">\n<li><strong><a href=\"https:\/\/www.herbadiberna.ch\/it\/olio-a-tutto-spettro\/\">Olio a spettro completo<\/a>:<\/strong> contiene tutti i principi attivi, compreso &lt;1 % di THC (effetto entourage).<\/li>\n\n\n\n<li><strong><a href=\"https:\/\/www.herbadiberna.ch\/it\/olio-senza-thc\/\">Olio ad ampio spettro<\/a>:<\/strong> senza THC. <em>Clicchi qui per i nostri oli di CBD di alta qualit\u00e0.<\/em><\/li>\n<\/ul>\n\n\n\n<h3 class=\"wp-block-heading has-normal-font-size\"><strong><a href=\"https:\/\/www.herbadiberna.ch\/cbd-blueten-kaufen-schweiz\/\">Fiori CBD<\/a>:<\/strong> <strong>Dall&#8217;interno all&#8217;esterno<\/strong><\/h3>\n\n\n\n<p>Da Herba di Berna trover\u00e0 una selezione accuratamente curata di fiori di CBD che offrono l&#8217;esperienza giusta per ogni esigenza e budget. I nostri fiori provengono da coltivazioni svizzere sostenibili e vengono lavorati con cura per preservare il profilo terpenico completo. Distinguiamo quattro categorie principali:  <\/p>\n\n\n\n<p><strong><a href=\"https:\/\/www.herbadiberna.ch\/it\/trim-it\/\">CBD Trim<\/a>:<\/strong> il nostro trim \u00e8 costituito da residui di fiori e foglie sottili che rimangono dalla lavorazione delle cime. \u00c8 la scelta ideale ed economica per un&#8217;ulteriore lavorazione o come sostituto del tabacco, senza dover rinunciare ai preziosi ingredienti della pianta. <\/p>\n\n\n\n<p><strong><a href=\"https:\/\/www.herbadiberna.ch\/it\/interno\/\">Indoor<\/a>:<\/strong> Questi fiori sono di prima classe. Coltivati in condizioni controllate a Berna, sviluppano la massima produzione di resina e un sapore estremamente intenso. Se non vuole scendere a compromessi sulla qualit\u00e0, \u00e8 nel posto giusto.  <\/p>\n\n\n\n<p><strong><a href=\"https:\/\/www.herbadiberna.ch\/it\/allaperto\/\">Outdoor<\/a>:<\/strong> I nostri fiori outdoor crescono sotto il sole della Svizzera. Hanno un carattere pi\u00f9 robusto, un aspetto molto naturale e offrono un ottimo rapporto qualit\u00e0-prezzo agli amanti della canapa autentica. <\/p>\n\n\n\n<p><strong>Mini gemme:<\/strong> sono i fiori pi\u00f9 piccoli per la produzione indoor o in serra. Non sono in alcun modo inferiori ai boccioli grandi in termini di effetto e sapore, ma sono significativamente pi\u00f9 economici a causa delle loro dimensioni. <\/p>\n\n\n\n<h3 class=\"wp-block-heading has-normal-font-size\"><strong><a href=\"https:\/\/www.herbadiberna.ch\/it\/cbd-hashish\/\">CBD hashish<\/a>: la forma concentrata<\/strong> <\/h3>\n\n\n\n<p>L&#8217;hashish di CBD \u00e8 costituito dalla resina pressata della pianta di canapa e per molti intenditori \u00e8 il modo pi\u00f9 intenso di gustare il CBD. Grazie all&#8217;alta concentrazione di tricomi, offre un&#8217;esperienza di sapore particolarmente profonda e speziata quando viene fumato o vaporizzato. Il nostro hashish viene estratto direttamente dalle nostre piante bernesi senza alcun additivo e colpisce per la sua consistenza e purezza di prima classe.  <\/p>\n<\/div>\n\n\n\n<div class=\"wp-block-column is-layout-flow wp-block-column-is-layout-flow\">\n<figure class=\"wp-block-image size-large\"><a href=\"https:\/\/www.herbadiberna.ch\/it\/\"><img loading=\"lazy\" decoding=\"async\" width=\"1024\" height=\"1024\" src=\"https:\/\/www.herbadiberna.ch\/wp-content\/uploads\/\/cbd-shop-schweiz-herba-di-berna-startseite-1-1024x1024.jpg\" alt=\"Herba di Berna - Negozio di CBD dalla Svizzera con una produzione sostenibile e di qualit&#xE0; superiore\" class=\"wp-image-64078\" srcset=\"https:\/\/www.herbadiberna.ch\/wp-content\/uploads\/cbd-shop-schweiz-herba-di-berna-startseite-1-1024x1024.jpg 1024w, https:\/\/www.herbadiberna.ch\/wp-content\/uploads\/cbd-shop-schweiz-herba-di-berna-startseite-1-300x300.jpg 300w, https:\/\/www.herbadiberna.ch\/wp-content\/uploads\/cbd-shop-schweiz-herba-di-berna-startseite-1-150x150.jpg 150w, https:\/\/www.herbadiberna.ch\/wp-content\/uploads\/cbd-shop-schweiz-herba-di-berna-startseite-1-768x768.jpg 768w, https:\/\/www.herbadiberna.ch\/wp-content\/uploads\/cbd-shop-schweiz-herba-di-berna-startseite-1-324x324.jpg 324w, https:\/\/www.herbadiberna.ch\/wp-content\/uploads\/cbd-shop-schweiz-herba-di-berna-startseite-1-416x416.jpg 416w, https:\/\/www.herbadiberna.ch\/wp-content\/uploads\/cbd-shop-schweiz-herba-di-berna-startseite-1-100x100.jpg 100w, https:\/\/www.herbadiberna.ch\/wp-content\/uploads\/cbd-shop-schweiz-herba-di-berna-startseite-1.jpg 1080w\" sizes=\"auto, (max-width: 1024px) 100vw, 1024px\" \/><\/a><figcaption class=\"wp-element-caption\"> <\/figcaption><\/figure>\n\n\n\n<figure class=\"wp-block-image size-full\"><img loading=\"lazy\" decoding=\"async\" width=\"1024\" height=\"1024\" src=\"https:\/\/www.herbadiberna.ch\/wp-content\/uploads\/cbd-hasch-schweiz-realistisch-hashisch-handgemacht.jpg\" alt=\"\" class=\"wp-image-76513\" srcset=\"https:\/\/www.herbadiberna.ch\/wp-content\/uploads\/cbd-hasch-schweiz-realistisch-hashisch-handgemacht.jpg 1024w, https:\/\/www.herbadiberna.ch\/wp-content\/uploads\/cbd-hasch-schweiz-realistisch-hashisch-handgemacht-300x300.jpg 300w, https:\/\/www.herbadiberna.ch\/wp-content\/uploads\/cbd-hasch-schweiz-realistisch-hashisch-handgemacht-150x150.jpg 150w, https:\/\/www.herbadiberna.ch\/wp-content\/uploads\/cbd-hasch-schweiz-realistisch-hashisch-handgemacht-768x768.jpg 768w, https:\/\/www.herbadiberna.ch\/wp-content\/uploads\/cbd-hasch-schweiz-realistisch-hashisch-handgemacht-324x324.jpg 324w, https:\/\/www.herbadiberna.ch\/wp-content\/uploads\/cbd-hasch-schweiz-realistisch-hashisch-handgemacht-416x416.jpg 416w, https:\/\/www.herbadiberna.ch\/wp-content\/uploads\/cbd-hasch-schweiz-realistisch-hashisch-handgemacht-100x100.jpg 100w\" sizes=\"auto, (max-width: 1024px) 100vw, 1024px\" \/><\/figure>\n<\/div>\n<\/div>\n<\/div><\/div>\n\n<h2 class=\"wp-block-heading\"><strong><strong>Una qualit\u00e0 che impressiona: dall&#8217;estrazione alla certificazione<\/strong><\/strong><\/h2>\n\n<p>Chi vuole <strong>acquistare CBD Svizzera<\/strong> presta attenzione all&#8217;origine. Molti clienti apprezzano il fatto di sapere esattamente da dove proviene il prodotto. <\/p>\n\n<div class=\"wp-block-media-text is-stacked-on-mobile\"><figure class=\"wp-block-media-text__media\"><img loading=\"lazy\" decoding=\"async\" width=\"683\" height=\"1024\" src=\"https:\/\/www.herbadiberna.ch\/wp-content\/uploads\/\/CBD-alles-was-man-wissen-muss-683x1024.jpg\" alt=\"Gocce di olio di CBD da una moderna estrazione di CO\u2082 - processo di laboratorio pulito per prodotti puri a spettro completo\" class=\"wp-image-70002 size-full\" srcset=\"https:\/\/www.herbadiberna.ch\/wp-content\/uploads\/CBD-alles-was-man-wissen-muss-683x1024.jpg 683w, https:\/\/www.herbadiberna.ch\/wp-content\/uploads\/CBD-alles-was-man-wissen-muss-200x300.jpg 200w, https:\/\/www.herbadiberna.ch\/wp-content\/uploads\/CBD-alles-was-man-wissen-muss-768x1152.jpg 768w, https:\/\/www.herbadiberna.ch\/wp-content\/uploads\/CBD-alles-was-man-wissen-muss-416x624.jpg 416w, https:\/\/www.herbadiberna.ch\/wp-content\/uploads\/CBD-alles-was-man-wissen-muss.jpg 832w\" sizes=\"auto, (max-width: 683px) 100vw, 683px\" \/><\/figure><div class=\"wp-block-media-text__content\">\n<h3 class=\"wp-block-heading has-normal-font-size\"><strong>Coltivazione: terreno svizzero, principi biologici<\/strong> <\/h3>\n\n\n\n<p>Le nostre piante sono coltivate in Svizzera secondo chiari principi ecologici. Ci asteniamo deliberatamente dall&#8217;utilizzare pesticidi e fertilizzanti chimici. Questo protegge l&#8217;ambiente e garantisce un prodotto puro.  <\/p>\n\n\n\n<h3 class=\"wp-block-heading has-normal-font-size\"><strong>Metodo di estrazione: il gold standard<\/strong><\/h3>\n\n\n\n<p><strong>Estrazione CO\u2082<\/strong> Per i nostri oli utilizziamo l&#8217;estrazione CO\u2082, il metodo pi\u00f9 pulito del settore. I cannabinoidi e i terpeni vengono dissolti senza residui nocivi. Il risultato: estratti puri con uno spettro vegetale completo.  <\/p>\n\n\n\n<h3 class=\"wp-block-heading has-normal-font-size\"><strong>Le analisi di laboratorio: il massimo della trasparenza<\/strong> <\/h3>\n\n\n\n<p>Ogni lotto viene analizzato da un laboratorio indipendente. Ci\u00f2 significa che conosce sempre l&#8217;esatto contenuto di CBD e THC dei suoi prodotti - testato, tracciabile e affidabile. <\/p>\n<\/div><\/div>\n\n<h2 class=\"wp-block-heading\"><strong><strong>Per cosa si usa il CBD e perch\u00e9?<\/strong><\/strong><\/h2>\n\n<p>I nostri clienti utilizzano i prodotti come parte della loro vita quotidiana - come un prodotto di benessere naturale che viene vissuto in modo diverso da ogni individuo.<\/p>\n\n<div class=\"wp-block-media-text has-media-on-the-right is-stacked-on-mobile\"><div class=\"wp-block-media-text__content\">\n<h3 class=\"wp-block-heading has-normal-font-size\"><strong>Rilassamento e gestione dello stress<\/strong> <\/h3>\n\n\n\n<p>Molte persone usano il CBD per aiutarsi a calmarsi nella vita frenetica di tutti i giorni. L&#8217;effetto equilibrante \u00e8 particolarmente benefico nelle fasi di stress. <\/p>\n\n\n\n<h3 class=\"wp-block-heading has-normal-font-size\"><strong>Sostenere la qualit\u00e0 del sonno<\/strong> <\/h3>\n\n\n\n<p>Altri preferiscono usare le gocce o i fiori la sera, per trovare pi\u00f9 facile entrare in modalit\u00e0 serale e sostenere dolcemente la loro routine serale.<\/p>\n\n\n\n<h3 class=\"wp-block-heading has-normal-font-size\"><strong>Rigenerazione dopo lo sport<\/strong><\/h3>\n\n\n\n<p>Dopo un allenamento intensivo, gli atleti utilizzano spesso unguenti o oli di CBD per favorire il recupero muscolare. Viene percepito come una parte pratica della routine di rigenerazione.   <\/p>\n\n\n\n<p><em>\u26a0\ufe0f Nota: i nostri prodotti sono prodotti per lo stile di vita e il benessere. Non diamo consigli medici e non facciamo promesse di guarigione. <\/em><\/p>\n<\/div><figure class=\"wp-block-media-text__media\"><img loading=\"lazy\" decoding=\"async\" width=\"683\" height=\"1024\" src=\"https:\/\/www.herbadiberna.ch\/wp-content\/uploads\/\/Wo-CBD-Schweiz-kaufen-683x1024.jpg\" alt=\"Prodotti CBD per il relax e la gestione dello stress - le donne trovano la pace nella vita di tutti i giorni, colori tenui, sottili simboli di foglie di canapa\" class=\"wp-image-70021 size-full\" srcset=\"https:\/\/www.herbadiberna.ch\/wp-content\/uploads\/Wo-CBD-Schweiz-kaufen-683x1024.jpg 683w, https:\/\/www.herbadiberna.ch\/wp-content\/uploads\/Wo-CBD-Schweiz-kaufen-200x300.jpg 200w, https:\/\/www.herbadiberna.ch\/wp-content\/uploads\/Wo-CBD-Schweiz-kaufen-768x1152.jpg 768w, https:\/\/www.herbadiberna.ch\/wp-content\/uploads\/Wo-CBD-Schweiz-kaufen-416x624.jpg 416w, https:\/\/www.herbadiberna.ch\/wp-content\/uploads\/Wo-CBD-Schweiz-kaufen.jpg 832w\" sizes=\"auto, (max-width: 683px) 100vw, 683px\" \/><\/figure><\/div>\n\n<div class=\"wp-block-pb-accordion-item c-accordion__item js-accordion-item no-js\" data-initially-open=\"false\" data-click-to-close=\"true\" data-auto-close=\"true\" data-scroll=\"false\" data-scroll-offset=\"0\"><h2 id=\"at-594150\" class=\"c-accordion__title js-accordion-controller\" role=\"button\"><strong><strong>CBD Schweiz kaufen - Die 8 wichtigsten FAQs<\/strong><\/strong><\/h2><div id=\"ac-594150\" class=\"c-accordion__content\">\n<div class=\"wp-block-columns is-layout-flex wp-container-core-columns-is-layout-28f84493 wp-block-columns-is-layout-flex\">\n<div class=\"wp-block-column is-layout-flow wp-block-column-is-layout-flow\">\n<div class=\"wp-block-pb-accordion-item c-accordion__item js-accordion-item no-js\" data-initially-open=\"false\" data-click-to-close=\"true\" data-auto-close=\"true\" data-scroll=\"false\" data-scroll-offset=\"0\"><h3 id=\"at-594151\" class=\"c-accordion__title js-accordion-controller\" role=\"button\"><strong><strong>Macht CBD high oder s\u00fcchtig?<\/strong><\/strong><\/h3><div id=\"ac-594151\" class=\"c-accordion__content\">\n<p>No, il CBD non \u00e8 psicoattivo e non provoca sballo. Lo sballo \u00e8 causato dal THC, che nel nostro Paese \u00e8 sempre inferiore al limite legale dell&#8217;1%. Secondo l&#8217;OMS, il CBD non crea dipendenza.  <\/p>\n<\/div><\/div>\n\n\n\n<div class=\"wp-block-pb-accordion-item c-accordion__item js-accordion-item no-js\" data-initially-open=\"false\" data-click-to-close=\"true\" data-auto-close=\"true\" data-scroll=\"false\" data-scroll-offset=\"0\"><h3 id=\"at-594152\" class=\"c-accordion__title js-accordion-controller\" role=\"button\"><strong><strong>Wie lange ist CBD im K\u00f6rper nachweisbar?<\/strong><\/strong><\/h3><div id=\"ac-594152\" class=\"c-accordion__content\">\n<p>Il CBD in s\u00e9 \u00e8 rilevabile solo per un breve periodo, ma le tracce minime di THC nei prodotti a spettro completo possono accumularsi con l&#8217;uso a lungo termine. Si consiglia quindi cautela nei test antidroga (ad esempio, nel traffico stradale). Se vuole essere assolutamente sicuro, utilizzi prodotti senza THC.  <\/p>\n<\/div><\/div>\n\n\n\n<div class=\"wp-block-pb-accordion-item c-accordion__item js-accordion-item no-js\" data-initially-open=\"false\" data-click-to-close=\"true\" data-auto-close=\"true\" data-scroll=\"false\" data-scroll-offset=\"0\"><h3 id=\"at-594153\" class=\"c-accordion__title js-accordion-controller\" role=\"button\"><strong>Was ist der Entourage-Effekt bei Cannabis?<\/strong><\/h3><div id=\"ac-594153\" class=\"c-accordion__content\">\n<p>Si tratta dell&#8217;interazione sinergica di tutte le sostanze vegetali. I cannabinoidi e i terpeni insieme hanno spesso un effetto migliore e pi\u00f9 &#8220;rotondo&#8221; rispetto al solo CBD isolato. <\/p>\n\n\n\n<div class=\"wp-block-pb-accordion-item c-accordion__item js-accordion-item no-js\" data-initially-open=\"false\" data-click-to-close=\"true\" data-auto-close=\"true\" data-scroll=\"false\" data-scroll-offset=\"0\"><h3 id=\"at-594154\" class=\"c-accordion__title js-accordion-controller\" role=\"button\"><strong>Was sollte ich beim ersten CBD Kaufen Schweiz beachten?<\/strong><\/h3><div id=\"ac-594154\" class=\"c-accordion__content\">\n<p>Presti attenzione alle analisi di laboratorio e all&#8217;origine svizzera. Come principiante, inizi sempre con un dosaggio basso per vedere come reagisce il suo corpo. <\/p>\n<\/div><\/div>\n<\/div><\/div>\n<\/div>\n\n\n\n<div class=\"wp-block-column is-layout-flow wp-block-column-is-layout-flow\">\n<div class=\"wp-block-pb-accordion-item c-accordion__item js-accordion-item no-js\" data-initially-open=\"false\" data-click-to-close=\"true\" data-auto-close=\"true\" data-scroll=\"false\" data-scroll-offset=\"0\"><h3 id=\"at-594155\" class=\"c-accordion__title js-accordion-controller\" role=\"button\"><strong><strong><strong>Warum ist CBD aus der Schweiz oft hochwertiger?<\/strong><\/strong><\/strong><\/h3><div id=\"ac-594155\" class=\"c-accordion__content\">\n<p>Grazie alle severe specifiche di qualit\u00e0 e al limite di THC consentito dell&#8217;1% (nell&#8217;UE spesso \u00e8 solo lo 0,2%), le piante possono maturare pi\u00f9 a lungo. Questo porta a un profilo terpenico pi\u00f9 ricco e a fiori pi\u00f9 aromatici. <\/p>\n<\/div><\/div>\n\n\n\n<div class=\"wp-block-pb-accordion-item c-accordion__item js-accordion-item no-js\" data-initially-open=\"false\" data-click-to-close=\"true\" data-auto-close=\"true\" data-scroll=\"false\" data-scroll-offset=\"0\"><h3 id=\"at-594156\" class=\"c-accordion__title js-accordion-controller\" role=\"button\"><strong>Warum sollte ich mein CBD bei einem Fachgesch\u00e4ft in Bern kaufen?<\/strong><\/h3><div id=\"ac-594156\" class=\"c-accordion__content\">\n<p>Acquistare da un negozio specializzato locale come Herba di Berna le garantisce una qualit\u00e0 svizzera certificata e una consulenza personalizzata da parte di esperti che conoscono il loro mestiere dalla pianta al prodotto. Inoltre, beneficia di percorsi di trasporto brevi e della certezza che tutti i prodotti sono conformi alle severe linee guida svizzere e sono prodotti o selezionati con passione a Berna. <\/p>\n<\/div><\/div>\n\n\n\n<div class=\"wp-block-pb-accordion-item c-accordion__item js-accordion-item no-js\" data-initially-open=\"false\" data-click-to-close=\"true\" data-auto-close=\"true\" data-scroll=\"false\" data-scroll-offset=\"0\"><h3 id=\"at-594157\" class=\"c-accordion__title js-accordion-controller\" role=\"button\"><strong>Wie lagere ich die Produkte richtig?<\/strong><\/h3><div id=\"ac-594157\" class=\"c-accordion__content\">\n<p>Conservi in un luogo fresco e asciutto, al riparo dalla luce. I fiori devono essere conservati in un sacchetto o vaso ermetico, gli oli in una bottiglia scura. L&#8217;ideale \u00e8 una credenza fresca in cucina - il frigorifero \u00e8 solitamente troppo umido per i fiori.  <\/p>\n\n\n\n<div class=\"wp-block-pb-accordion-item c-accordion__item js-accordion-item no-js\" data-initially-open=\"false\" data-click-to-close=\"true\" data-auto-close=\"true\" data-scroll=\"false\" data-scroll-offset=\"0\"><h3 id=\"at-594158\" class=\"c-accordion__title js-accordion-controller\" role=\"button\"><strong>Ist der Versand diskret?<\/strong><\/h3><div id=\"ac-594158\" class=\"c-accordion__content\">\n<p>S\u00ec, assolutamente. Spediamo in un imballaggio neutro. Nessuno pu\u00f2 vedere cosa c&#8217;\u00e8 dentro dall&#8217;esterno - la sua privacy \u00e8 la nostra priorit\u00e0.  <\/p>\n<\/div><\/div>\n<\/div><\/div>\n<\/div>\n<\/div>\n<\/div><\/div>\n\n<div class=\"wp-block-columns is-layout-flex wp-container-core-columns-is-layout-28f84493 wp-block-columns-is-layout-flex\">\n<div class=\"wp-block-column is-layout-flow wp-block-column-is-layout-flow\">\n<p>Sfoglia il <strong>negozio di CBD <\/strong>ora: <a href=\"https:\/\/www.herbadiberna.ch\/cbd-blueten-kaufen-schweiz\/\"><strong>Acquisti fiori di CBD<\/strong><\/a>, <strong><a href=\"https:\/\/www.herbadiberna.ch\/it\/olio-di-cbd\/\">Comprare olio di CBD<\/a><\/strong>, <a href=\"https:\/\/www.herbadiberna.ch\/it\/cbd-hashish\/\"><strong>Comprare CBD Hash<\/strong><\/a>, <a href=\"https:\/\/www.herbadiberna.ch\/it\/prodotti-per-la-cura-del-cbd\/\"><strong>Cosmetici CBD<\/strong> <\/a>&amp; <strong><a href=\"https:\/\/www.herbadiberna.ch\/it\/accessori-cbd\/\">Accessori CBD<\/a><\/strong> - ordine legale, controllato entro le 15.00 e nella sua cassetta delle lettere il giorno successivo.<\/p>\n<\/div>\n<\/div>\n","protected":false},"excerpt":{"rendered":"<p>Acquistare CBD Svizzera | Erba di Berna negozio online &amp; negozio specializzato Innumerevoli fornitori si pubblicizzano su internet, ma la qualit\u00e0, la purezza e la produzione equa non possono essere date per scontate. Se vuole acquistare CBD in Svizzera, deve cercare la fiducia. Herba di Berna \u00e8 pi\u00f9 di un semplice negozio online di CBD: [&hellip;]<\/p>\n","protected":false},"author":1147,"featured_media":0,"parent":0,"menu_order":0,"comment_status":"closed","ping_status":"closed","template":"","meta":{"inline_featured_image":false,"footnotes":""},"class_list":["post-59418","page","type-page","status-publish","hentry"],"_links":{"self":[{"href":"https:\/\/www.herbadiberna.ch\/it\/wp-json\/wp\/v2\/pages\/59418","targetHints":{"allow":["GET"]}}],"collection":[{"href":"https:\/\/www.herbadiberna.ch\/it\/wp-json\/wp\/v2\/pages"}],"about":[{"href":"https:\/\/www.herbadiberna.ch\/it\/wp-json\/wp\/v2\/types\/page"}],"author":[{"embeddable":true,"href":"https:\/\/www.herbadiberna.ch\/it\/wp-json\/wp\/v2\/users\/1147"}],"replies":[{"embeddable":true,"href":"https:\/\/www.herbadiberna.ch\/it\/wp-json\/wp\/v2\/comments?post=59418"}],"version-history":[{"count":1,"href":"https:\/\/www.herbadiberna.ch\/it\/wp-json\/wp\/v2\/pages\/59418\/revisions"}],"predecessor-version":[{"id":77911,"href":"https:\/\/www.herbadiberna.ch\/it\/wp-json\/wp\/v2\/pages\/59418\/revisions\/77911"}],"wp:attachment":[{"href":"https:\/\/www.herbadiberna.ch\/it\/wp-json\/wp\/v2\/media?parent=59418"}],"curies":[{"name":"wp","href":"https:\/\/api.w.org\/{rel}","templated":true}]}}