{"id":83752,"date":"2026-05-07T10:47:38","date_gmt":"2026-05-07T09:47:38","guid":{"rendered":"https:\/\/www.herbadiberna.ch\/?post_type=product&#038;p=83752"},"modified":"2026-05-08T16:37:19","modified_gmt":"2026-05-08T15:37:19","slug":"cannaqueen-indoor-kopie-kopie-3","status":"publish","type":"product","link":"https:\/\/www.herbadiberna.ch\/fr\/produit\/cannaqueen-indoor-kopie-kopie-3\/","title":{"rendered":"Fleurs de Mango Rambo Indoor CBD"},"content":{"rendered":"<h2><strong>Commander des fleurs de CBD Mango Rambo : Qualit\u00e9 tropicale premium<\/strong><\/h2>\n<p><strong>Achetez des fleurs de Mango Rambo CBD<\/strong> et faites l&rsquo;exp\u00e9rience de la classe de r\u00e9f\u00e9rence absolue de Herba di Berna. Ces grands buds premium, cultiv\u00e9s de main de ma\u00eetre, se distinguent par un ar\u00f4me clair et intens\u00e9ment fruit\u00e9 de mangue et de maracuja. La g\u00e9n\u00e9tique populaire d&rsquo;int\u00e9rieur d\u00e9ploie son spectre terp\u00e9nique complet et d&rsquo;une richesse in\u00e9gal\u00e9e dans ces magnifiques fleurs principales.  <\/p>\n<h2><strong>Caract\u00e9ristiques des fleurs de CBD Premium Mango Rambo<\/strong><\/h2>\n<ul>\n<li><strong>Profil aromatique exotique :<\/strong> un m\u00e9lange vif de mangue, de fruit de la passion et une douceur cors\u00e9e.<\/li>\n<li><strong>Structure exceptionnelle :<\/strong> grands buds extr\u00eamement denses et riches en r\u00e9sine provenant de la partie sup\u00e9rieure de la plante.<\/li>\n<li><strong>Culture bernoise en int\u00e9rieur :<\/strong> Cultiv\u00e9 dans des conditions parfaites pour un maximum de terp\u00e8nes et de principes actifs.<\/li>\n<li><strong>Fermentation douce :<\/strong> longue et soigneusement affin\u00e9e pour que le bouquet reste inalt\u00e9r\u00e9.<\/li>\n<li>L&rsquo;<strong>excellence suisse :<\/strong> le fleuron de nos vari\u00e9t\u00e9s fruit\u00e9es pour les plus exigeants.<\/li>\n<\/ul>\n<h2><strong>Pourquoi acheter ces fleurs de CBD fruit\u00e9es Mango Rambo ?<\/strong><\/h2>\n<p>Si vous recherchez une qualit\u00e9 sans compromis et que vous souhaitez <strong>acheter<\/strong> nos <strong>fleurs de CBD Mango Rambo<\/strong>, vous avez frapp\u00e9 \u00e0 la bonne porte avec ces fleurs principales. Les bourgeons proviennent de la partie la plus haute de la plante et re\u00e7oivent le plus de lumi\u00e8re. Cela leur permet de d\u00e9velopper une taille impressionnante et une couche de r\u00e9sine incomparable. L&rsquo;ar\u00f4me tropical intense est enti\u00e8rement pr\u00e9serv\u00e9 gr\u00e2ce \u00e0 un traitement doux. Nous livrons en toute fiabilit\u00e9 cette exp\u00e9rience de plaisir exclusive \u00e0 <strong>Zurich, Berne ou Saint-Gall<\/strong> ainsi que dans toute la Suisse.    <\/p>\n<h2><strong>T\u00e9moignages de clients sur les grandes fleurs de chanvre Mango Rambo<\/strong><\/h2>\n<p>Nos clients les plus exigeants appr\u00e9cient particuli\u00e8rement l&rsquo;aspect impeccable et la taille volumineuse des buds de cette vari\u00e9t\u00e9. En outre, le go\u00fbt fruit\u00e9 et durable est tr\u00e8s souvent soulign\u00e9. Les connaisseurs d <strong>&lsquo;Aarau et de B\u00e2le<\/strong> appr\u00e9cient le fait que l&rsquo;ar\u00f4me tropical p\u00e9tillant atteint son maximum absolu chez les pendants de grande taille. Cela en fait donc le premier choix pour les moments sp\u00e9ciaux.   <\/p>\n<h2><strong>Acheter des fleurs de CBD Mango Rambo maintenant &amp; en profiter directement !<\/strong><\/h2>\n<p><strong>Recevez le fleuron de Berne directement chez vous !<\/strong>  Commandez d\u00e8s maintenant vos fleurs de chanvre premium et profitez-en chez vous d\u00e8s demain. En <strong>commandant des fleurs de CBD Mango Rambo<\/strong>, vous b\u00e9n\u00e9ficierez d&rsquo;un maximum de notes tropicales dans la meilleure qualit\u00e9 d&rsquo;int\u00e9rieur. <\/p>\n<h3>Foire aux questions (FAQ) sur la commande de fleurs de CBD Mango Rambo<\/h3>\n<p><b>Qu&rsquo;est-ce qui rend les fleurs de mangue Rambo Premium si sp\u00e9ciales ?<\/b><br \/>\nCes fleurs principales re\u00e7oivent la plus grande partie de la lumi\u00e8re pendant la phase de croissance. En cons\u00e9quence, elles se d\u00e9veloppent en gros bourgeons extr\u00eamement denses et riches en r\u00e9sine. Elles repr\u00e9sentent le sommet absolu de notre culture bernoise en int\u00e9rieur.  <\/p>\n<p><b>Quelle est l&rsquo;intensit\u00e9 de l&rsquo;ar\u00f4me de ces fleurs de CBD ?<\/b><br \/>\nGr\u00e2ce \u00e0 une maturit\u00e9 parfaite et \u00e0 une longue fermentation, le profil terp\u00e9nique est exceptionnellement fort. Vous savourez \u00e0 chaque bouff\u00e9e un bouquet clair et authentique de mangue m\u00fbre et de fruit de la passion exotique. <\/p>\n<p><b>L&rsquo;exp\u00e9dition de la qualit\u00e9 sup\u00e9rieure se fait-elle \u00e9galement \u00e0 Zurich ou \u00e0 Saint-Gall ?<\/b><br \/>\nOui, nous envoyons nos produits tous les jours dans toute la Suisse. Si vous commandez avant 15h00, la livraison discr\u00e8te est g\u00e9n\u00e9ralement effectu\u00e9e d\u00e8s le jour ouvrable suivant par courrier A \u00e0 Zurich, Saint-Gall ou directement \u00e0 votre domicile. <\/p>\n<h2><strong>En savoir plus : Autres produits phares CBD premium<\/strong><\/h2>\n<p>\u27a1\ufe0f Agr\u00e9mentez votre plaisir avec des <a href=\"https:\/\/www.herbadiberna.ch\/fr\/accessoires-cbd\/\">accessoires CBD<\/a> de qualit\u00e9.<br \/>\n\u27a1\ufe0f Exp\u00e9rimentez la culture vous-m\u00eame avec nos <a href=\"https:\/\/www.herbadiberna.ch\/fr\/boutures\/\">boutures de CBD<\/a>.<br \/>\n<a href=\"https:\/\/www.herbadiberna.ch\/fr\/fleurs-de-cbd\/\">\u27a1\ufe0f<\/a> D\u00e9couvrez toutes les <a href=\"https:\/\/www.herbadiberna.ch\/fr\/fleurs-de-cbd\/\">fleurs CBD<\/a> de la gamme<\/p>\n","protected":false},"excerpt":{"rendered":"<p data-path-to-node=\"10\">Les fleurs de Mango Rambo CBD se distinguent par leur ar\u00f4me intense de mangue et de maracuja tropicaux. De gros buds d&rsquo;int\u00e9rieur de qualit\u00e9 sup\u00e9rieure, riches en r\u00e9sine, cultiv\u00e9s \u00e0 Berne. Lorsque vous achetez des fleurs de Mango Rambo CBD, vous faites l&rsquo;exp\u00e9rience de la classe de r\u00e9f\u00e9rence absolue.    <strong>Command\u00e9 jusqu&rsquo;\u00e0 15:00, livr\u00e9 demain \u2713 Port pay\u00e9 \u00e0 partir de 80 CHF \u2713<\/strong><\/p>\n","protected":false},"featured_media":84085,"comment_status":"open","ping_status":"closed","template":"","meta":{"inline_featured_image":false},"product_brand":[],"product_cat":[355,357],"product_tag":[1387],"class_list":{"0":"post-83752","1":"product","2":"type-product","3":"status-publish","4":"has-post-thumbnail","6":"product_cat-fleurs-de-cbd","7":"product_cat-interieur","8":"product_tag-new-fr","10":"first","11":"outofstock","12":"taxable","13":"shipping-taxable","14":"product-type-variable","15":"rtwpvs-product"},"_links":{"self":[{"href":"https:\/\/www.herbadiberna.ch\/fr\/wp-json\/wp\/v2\/product\/83752","targetHints":{"allow":["GET"]}}],"collection":[{"href":"https:\/\/www.herbadiberna.ch\/fr\/wp-json\/wp\/v2\/product"}],"about":[{"href":"https:\/\/www.herbadiberna.ch\/fr\/wp-json\/wp\/v2\/types\/product"}],"replies":[{"embeddable":true,"href":"https:\/\/www.herbadiberna.ch\/fr\/wp-json\/wp\/v2\/comments?post=83752"}],"wp:featuredmedia":[{"embeddable":true,"href":"https:\/\/www.herbadiberna.ch\/fr\/wp-json\/wp\/v2\/media\/84085"}],"wp:attachment":[{"href":"https:\/\/www.herbadiberna.ch\/fr\/wp-json\/wp\/v2\/media?parent=83752"}],"wp:term":[{"taxonomy":"product_brand","embeddable":true,"href":"https:\/\/www.herbadiberna.ch\/fr\/wp-json\/wp\/v2\/product_brand?post=83752"},{"taxonomy":"product_cat","embeddable":true,"href":"https:\/\/www.herbadiberna.ch\/fr\/wp-json\/wp\/v2\/product_cat?post=83752"},{"taxonomy":"product_tag","embeddable":true,"href":"https:\/\/www.herbadiberna.ch\/fr\/wp-json\/wp\/v2\/product_tag?post=83752"}],"curies":[{"name":"wp","href":"https:\/\/api.w.org\/{rel}","templated":true}]}}