{"id":83345,"date":"2026-04-21T08:05:49","date_gmt":"2026-04-21T07:05:49","guid":{"rendered":"https:\/\/www.herbadiberna.ch\/?post_type=product&#038;p=83345"},"modified":"2026-04-21T15:11:29","modified_gmt":"2026-04-21T14:11:29","slug":"jeune-plante-cbd-kopie-kopie-2","status":"publish","type":"product","link":"https:\/\/www.herbadiberna.ch\/fr\/produit\/jeune-plante-cbd-kopie-kopie-2\/","title":{"rendered":"BioBizz All Pack Engrais CBD"},"content":{"rendered":"<div class=\"flex max-w-full flex-col flex-grow\">\n<div class=\"min-h-8 text-message flex w-full flex-col items-end gap-2 whitespace-normal break-words text-start [.text-message+&amp;]:mt-5\" dir=\"auto\">\n<div class=\"flex w-full flex-col gap-1 empty:hidden first:pt-[3px]\">\n<div class=\"markdown prose w-full break-words dark:prose-invert light\">\n<h2><strong>Acheter BioBizz All-Pack - Puissance organique pour votre culture de cannabis<\/strong><\/h2>\n<p><strong>Acheter BioBizz All-Pack et profiter d&rsquo;un apport complet de nutriments !<\/strong><br \/>\nCe kit de d\u00e9marrage d&rsquo;engrais pour cannabis vous montre de mani\u00e8re impressionnante \u00e0 quel point la culture biologique du CBD peut \u00eatre puissante et productive. En outre, la version de 500 ml offre exactement le m\u00eame syst\u00e8me organique \u00e9prouv\u00e9 que le petit kit, mais g\u00e9n\u00e9reusement doubl\u00e9. Il aide vos plantes \u00e0 atteindre leur plein potentiel \u00e0 chaque \u00e9tape. Vous b\u00e9n\u00e9ficierez ainsi de racines solides, de feuilles saines et de fleurs aromatiques. En outre, ce pack rend la fertilisation organique tr\u00e8s facile, que ce soit sous une tente de culture ou en plein air.    <\/p>\n<h2><strong>Caract\u00e9ristiques du produit du kit d&rsquo;engrais pour cannabis BioBizz<\/strong><\/h2>\n<ul>\n<li><strong>Syst\u00e8me complet :<\/strong> Contient les 6 produits fertilisants essentiels BioBizz pour l&rsquo;ensemble du cycle de la plante.<\/li>\n<li><strong>Choix individuel :<\/strong> disponible en version indoor (avec Bio-Grow) ou outdoor (avec Fish-Mix).<\/li>\n<li><strong>Potentiel maximal :<\/strong> assure une v\u00e9g\u00e9tation vigoureuse, une floraison abondante de cannabis et des rendements plus doux.<\/li>\n<li><strong>Haut rendement :<\/strong> bouteilles g\u00e9n\u00e9reuses de 500 ml, id\u00e9ales pour une \u00e0 huit plantes (selon la taille du pot).<\/li>\n<li><strong>100 % organique :<\/strong> un syst\u00e8me enti\u00e8rement naturel pour des produits finis propres et de qualit\u00e9, sans produits chimiques.<\/li>\n<\/ul>\n<h2><strong>D\u00e9tails sur le BioBizz All-Pack pour votre culture de cannabis<\/strong><\/h2>\n<ul>\n<li><strong>Marque Fabricant :<\/strong> BioBizz Worldwide Organics<\/li>\n<li><strong>Type de produit :<\/strong> Kit complet d&rsquo;engrais pour la culture biologique du cannabis<\/li>\n<li><strong>Contenu du kit Biobizz :<\/strong> 6 bouteilles de 500 ml chacune<\/li>\n<li><strong>Variante Indoor :<\/strong> Contient Bio-Grow pour la phase v\u00e9g\u00e9tative en int\u00e9rieur.<\/li>\n<li><strong>Variante Outdoor :<\/strong> Contient Fish-Mix pour stimuler la vie du sol en plein air.<\/li>\n<li><strong>Boosters communs :<\/strong> Bio-Bloom, Top-Max, Root-Juice, Alg-A-Mic et Bio-Heaven.<\/li>\n<\/ul>\n<h2><strong>Pourquoi acheter le BioBizz All-Pack ?<\/strong><\/h2>\n<p>Avec cette offre group\u00e9e, vous avez toute la puissance organique \u00e0 port\u00e9e de main. De plus, tous les composants de BioBizz sont parfaitement adapt\u00e9s les uns aux autres. Vous n&rsquo;avez donc pas \u00e0 vous soucier d&rsquo;un manque de nutriments pendant la culture. <b>En effet,<\/b> vous fournissez constamment au substrat tout ce qui est n\u00e9cessaire \u00e0 un \u00e9cosyst\u00e8me sain. Par cons\u00e9quent, vous obtiendrez des fleurs de CBD plus grandes et beaucoup plus aromatiques.    <\/p>\n<h2><strong>T\u00e9moignages de clients sur le kit complet<\/strong><\/h2>\n<p>Les cultivateurs \u00e0 domicile appr\u00e9cient particuli\u00e8rement la simplicit\u00e9 d&rsquo;utilisation du plan de nutrition officiel. En outre, ils soulignent souvent que les plantes sont beaucoup plus r\u00e9sistantes au stress gr\u00e2ce \u00e0 Alg-A-Mic et Bio-Heaven. Par cons\u00e9quent, toute la culture du cannabis se d\u00e9roule plus facilement et les petites erreurs sont pardonn\u00e9es. Il s&rsquo;agit donc de la solution compl\u00e8te id\u00e9ale pour les cultivateurs qui exigent de la qualit\u00e9.   <\/p>\n<h2><strong>Achetez BioBizz All-Pack maintenant et augmentez vos rendements !<\/strong><\/h2>\n<p>Obtenez la puissance concentr\u00e9e de la nature dans votre tente de culture ou dans votre jardin !<br \/>\nCommandez d\u00e8s maintenant le kit complet organique et d\u00e9marrez la saison prochaine avec succ\u00e8s. Vous b\u00e9n\u00e9ficiez ainsi d&rsquo;un service rapide : command\u00e9 aujourd&rsquo;hui avant 15h, livr\u00e9 demain ! <\/p>\n<h2><strong>Foire aux questions (FAQ)<\/strong><\/h2>\n<h3><strong>Quelle est la diff\u00e9rence entre le All-Pack Indoor et le All-Pack Outdoor ?<\/strong><\/h3>\n<p>La principale diff\u00e9rence r\u00e9side dans l&rsquo;engrais de croissance qu&rsquo;il contient. Le kit d&rsquo;int\u00e9rieur contient Bio-Grow, sp\u00e9cialement con\u00e7u pour les environnements int\u00e9rieurs contr\u00f4l\u00e9s. Le kit pour l&rsquo;ext\u00e9rieur utilise quant \u00e0 lui Fish-Mix, qui active la vie du sol en plein air de mani\u00e8re particuli\u00e8rement efficace et renforce les plantes du jardin.  <\/p>\n<h3><strong>Pour combien de plantes ce kit de 500 ml est-il suffisant ?<\/strong><\/h3>\n<p>Le All-Pack de 500 ml est g\u00e9n\u00e9ralement tr\u00e8s \u00e9conomique. En fonction de la taille du pot choisi, de la dur\u00e9e de la phase de croissance et de votre fr\u00e9quence g\u00e9n\u00e9rale de fertilisation, ce kit suffit facilement pour une \u00e0 huit plantes pendant le cycle complet. <\/p>\n<h3><strong>Ai-je besoin d&rsquo;engrais suppl\u00e9mentaires pour la culture ?<\/strong><\/h3>\n<p>Non, ce pack est un syst\u00e8me complet et autonome. Il contient les engrais de base pour la croissance et la floraison ainsi que tous les stimulants importants pour les racines, l&rsquo;\u00e9nergie et la production de fleurs. Vous \u00eates ainsi enti\u00e8rement couvert, de la graine \u00e0 la r\u00e9colte.  <\/p>\n<h2><strong>En d\u00e9couvrir davantage : En savoir plus sur Herba di Berna<\/strong><\/h2>\n<p>\u27a1\ufe0f D\u00e9couvrez nos vari\u00e9t\u00e9s aromatiques : <a href=\"https:\/\/www.herbadiberna.ch\/fr\/fleurs-de-cbd\/\">commander des fleurs CBD<\/a><br \/>\n\u27a1\ufe0f Gouttes naturelles : <a href=\"https:\/\/www.herbadiberna.ch\/fr\/huile-de-cbd\/\">acheter de l&rsquo;huile CBD<\/a><br \/>\n\u27a1\ufe0f Pour des moments de d\u00e9tente en d\u00e9placement :    <a href=\"https:\/\/www.herbadiberna.ch\/fr\/vaporisateurs\/\">Essayer les vapes CBD<\/a><\/p>\n<\/div>\n<\/div>\n<\/div>\n<\/div>\n","protected":false},"excerpt":{"rendered":"<p>Achetez le BioBizz All-Pack et donnez \u00e0 vos plantes un soin biologique parfait d\u00e8s le d\u00e9but. Choisissez entre la version d&rsquo;int\u00e9rieur pour votre tente ou le kit d&rsquo;ext\u00e9rieur pour votre jardin. Les deux contiennent 6 x 500ml d&rsquo;engrais et de boosters hautement efficaces pour un rendement maximal. <strong>Livraison rapide en 1-3 jours <\/strong> \u2713<b>Port pay\u00e9 \u00e0 partir de 80 CHF \u2713<\/b>  <\/p>\n","protected":false},"featured_media":83368,"comment_status":"open","ping_status":"closed","template":"","meta":{"inline_featured_image":false},"product_brand":[],"product_cat":[387,390],"product_tag":[1387],"class_list":{"0":"post-83345","1":"product","2":"type-product","3":"status-publish","4":"has-post-thumbnail","6":"product_cat-culture-du-cbd","7":"product_cat-engrais","8":"product_tag-new-fr","9":"product_shipping_class-postpac-conteneur-de-plantes-jeune-plante","10":"pa_marke-biobizz","11":"pif-has-gallery","13":"first","14":"instock","15":"taxable","16":"shipping-taxable","17":"purchasable","18":"product-type-variable","19":"rtwpvs-product"},"_links":{"self":[{"href":"https:\/\/www.herbadiberna.ch\/fr\/wp-json\/wp\/v2\/product\/83345","targetHints":{"allow":["GET"]}}],"collection":[{"href":"https:\/\/www.herbadiberna.ch\/fr\/wp-json\/wp\/v2\/product"}],"about":[{"href":"https:\/\/www.herbadiberna.ch\/fr\/wp-json\/wp\/v2\/types\/product"}],"replies":[{"embeddable":true,"href":"https:\/\/www.herbadiberna.ch\/fr\/wp-json\/wp\/v2\/comments?post=83345"}],"wp:featuredmedia":[{"embeddable":true,"href":"https:\/\/www.herbadiberna.ch\/fr\/wp-json\/wp\/v2\/media\/83368"}],"wp:attachment":[{"href":"https:\/\/www.herbadiberna.ch\/fr\/wp-json\/wp\/v2\/media?parent=83345"}],"wp:term":[{"taxonomy":"product_brand","embeddable":true,"href":"https:\/\/www.herbadiberna.ch\/fr\/wp-json\/wp\/v2\/product_brand?post=83345"},{"taxonomy":"product_cat","embeddable":true,"href":"https:\/\/www.herbadiberna.ch\/fr\/wp-json\/wp\/v2\/product_cat?post=83345"},{"taxonomy":"product_tag","embeddable":true,"href":"https:\/\/www.herbadiberna.ch\/fr\/wp-json\/wp\/v2\/product_tag?post=83345"}],"curies":[{"name":"wp","href":"https:\/\/api.w.org\/{rel}","templated":true}]}}