{"id":83166,"date":"2026-04-16T11:08:00","date_gmt":"2026-04-16T10:08:00","guid":{"rendered":"https:\/\/www.herbadiberna.ch\/?post_type=product&#038;p=83166"},"modified":"2026-04-16T15:02:43","modified_gmt":"2026-04-16T14:02:43","slug":"biobizz-calmag-kopie","status":"publish","type":"product","link":"https:\/\/www.herbadiberna.ch\/fr\/produit\/biobizz-calmag-kopie\/","title":{"rendered":"BioBizz Microbes 150g"},"content":{"rendered":"<div class=\"flex max-w-full flex-col flex-grow\">\n<div class=\"min-h-8 text-message flex w-full flex-col items-end gap-2 whitespace-normal break-words text-start [.text-message+&amp;]:mt-5\" dir=\"auto\">\n<div class=\"flex w-full flex-col gap-1 empty:hidden first:pt-[3px]\">\n<div class=\"markdown prose w-full break-words dark:prose-invert light\">\n<h2><strong>Commander BioBizz Microbes- Puissance hautement concentr\u00e9e pour votre substrat<\/strong><\/h2>\n<p><strong>Achetez BioBizz Microbes et augmentez vos rendements gr\u00e2ce au pouvoir de la nature !<\/strong><br \/>\nSi vous voulez tirer le maximum de votre culture, cette poudre est le choix parfait. De plus, l&rsquo;association de bact\u00e9ries et de champignons favorise \u00e9norm\u00e9ment la germination et la croissance pr\u00e9coce. Elle augmente en effet la surface utile des racines dans la rhizosph\u00e8re. Par cons\u00e9quent, l&rsquo;absorption des nutriments essentiels est consid\u00e9rablement am\u00e9lior\u00e9e. De plus, les enzymes qu&rsquo;il contient favorisent la catalyse rapide des engrais organiques.    <\/p>\n<h2><strong>Caract\u00e9ristiques du produit BioBizz Microbes<\/strong><\/h2>\n<ul>\n<li><strong>Complexe :<\/strong> m\u00e9lange hautement concentr\u00e9 de 4 bact\u00e9ries b\u00e9n\u00e9fiques, d&rsquo;enzymes et de champignons Trichoderma.<\/li>\n<li><strong>Meilleure absorption des nutriments :<\/strong> augmente sensiblement l&rsquo;absorption de l&rsquo;azote, du phosphore et du potassium.<\/li>\n<li><strong>Croissance saine des racines :<\/strong> augmente la surface des racines et prot\u00e8ge contre les pathog\u00e8nes nuisibles.<\/li>\n<li><strong>Effet catalyseur :<\/strong> les enzymes d\u00e9composent les cha\u00eenes de prot\u00e9ines et acc\u00e9l\u00e8rent la disponibilit\u00e9 des nutriments.<\/li>\n<li><strong>Rendement \u00e9lev\u00e9 :<\/strong> extr\u00eamement concentr\u00e9 pour une utilisation tr\u00e8s \u00e9conomique au quotidien.<\/li>\n<\/ul>\n<h2><strong>D\u00e9tails sur les microbes BioBizz<\/strong><\/h2>\n<ul>\n<li><strong>Marque :<\/strong> BioBizz<\/li>\n<li><strong>Type de produit :<\/strong> Conditionneur de sol \/ M\u00e9lange de micro-organismes<\/li>\n<li><strong>Ingr\u00e9dients :<\/strong> bact\u00e9ries, enzymes, champignons Trichoderma<\/li>\n<li><strong>Dosage :<\/strong> 0,2 \u00e0 0,4 gramme par litre d&rsquo;eau<\/li>\n<li><strong>Application :<\/strong> une fois par semaine pendant tout le cycle de la plante<\/li>\n<\/ul>\n<h2><strong>Pourquoi acheter BioBizz Microbes ?<\/strong><\/h2>\n<p>Cette pr\u00e9paration offre aux cultivateurs l&rsquo;outil parfait pour obtenir des rendements de meilleure qualit\u00e9. En outre, les champignons utiles Trichoderma travaillent en symbiose optimale avec la plante. C&rsquo;est pourquoi non seulement la croissance des racines est stimul\u00e9e, mais l&rsquo;efficacit\u00e9 g\u00e9n\u00e9rale est \u00e9galement renforc\u00e9e. Vous cr\u00e9ez <b>en effet<\/b> un \u00e9cosyst\u00e8me sain et hautement productif dans votre substrat. Par cons\u00e9quent, vous tirez le maximum de vos plantes.    <\/p>\n<h2><strong>T\u00e9moignages de clients sur la poudre BioBizz<\/strong><\/h2>\n<p>Les cultivateurs exp\u00e9riment\u00e9s parlent avec enthousiasme de l&rsquo;effet rapide et visible sur le tissu racinaire. De plus, ils soulignent souvent que la poudre est extr\u00eamement facile \u00e0 utiliser, car elle se combine parfaitement avec les autres produits BioBizz. En cons\u00e9quence, de nombreux utilisateurs constatent une floraison plus abondante et une structure v\u00e9g\u00e9tale plus saine. Cela vaut donc la peine pour tout cultivateur ambitieux.   <\/p>\n<h2><strong>Commandez BioBizz Microbes maintenant &amp; maximisez vos rendements !<\/strong><\/h2>\n<p>Profitez de la puissance concentr\u00e9e de la nature !<br \/>\nCommandez d\u00e8s maintenant et faites passer la vie de votre sol au niveau sup\u00e9rieur. Vous b\u00e9n\u00e9ficiez ainsi d&rsquo;un service rapide : command\u00e9 aujourd&rsquo;hui avant 15h, livr\u00e9 demain ! <\/p>\n<h3><strong>Foire aux questions (FAQ)<\/strong><\/h3>\n<p><b>Comment utiliser BioBizz Microbes exactement ?<\/b><br \/>\nVous pouvez utiliser la poudre hautement concentr\u00e9e tout au long du cycle de la plante. Nous vous recommandons de l&rsquo;ajouter \u00e0 l&rsquo;eau d&rsquo;arrosage une fois par semaine. Le dosage id\u00e9al se situe entre 0,2 et 0,4 gramme par litre d&rsquo;eau. Suivez le plan de nutrition officiel pour les phases exactes.   <\/p>\n<p><b>Pourquoi les enzymes qu&rsquo;il contient sont-elles si importantes ?<\/b><br \/>\nLes enzymes agissent comme un catalyseur naturel sur les nutriments organiques. Elles d\u00e9composent les cha\u00eenes de prot\u00e9ines de l&rsquo;engrais et les transforment en acides amin\u00e9s libres. Cela permet aux micro-organismes actifs et aux racines des plantes d&rsquo;absorber les nutriments beaucoup plus rapidement et efficacement.  <\/p>\n<p><b>Quel est le r\u00f4le des champignons Trichoderma ?<\/b><br \/>\nLes champignons Trichoderma forment une symbiose pr\u00e9cieuse avec les racines des plantes. Ils favorisent non seulement une croissance luxuriante des racines et une meilleure r\u00e9tention d&rsquo;eau, mais prot\u00e8gent \u00e9galement activement la plante contre les pathog\u00e8nes nuisibles et les attaques fongiques ind\u00e9sirables dans le substrat. <\/p>\n<h2><strong>En d\u00e9couvrir davantage : En savoir plus sur Herba di Berna<\/strong><\/h2>\n<p>\u27a1\ufe0f Des gouttes naturelles pour tous les jours : <a href=\"https:\/\/www.herbadiberna.ch\/fr\/huile-de-cbd\/\">d\u00e9couvrez l&rsquo;huile CBD<\/a><br \/>\n\u27a1\ufe0f Nos ar\u00f4mes les plus fins : <a href=\"https:\/\/www.herbadiberna.ch\/fr\/fleurs-de-cbd\/\">commandez des fleurs CBD<\/a><br \/>\n\u27a1\ufe0f Pour des moments de d\u00e9tente en d\u00e9placement :    <a href=\"https:\/\/www.herbadiberna.ch\/fr\/vaporisateurs\/\">Essayer les vapes CBD<\/a><\/p>\n<\/div>\n<\/div>\n<\/div>\n<\/div>\n","protected":false},"excerpt":{"rendered":"<p>La force naturelle pour un rendement maximal ! Achetez BioBizz Microbes et r\u00e9volutionnez la vie du sol de vos plantes. Cette association hautement concentr\u00e9e de micro-organismes b\u00e9n\u00e9fiques, d&rsquo;enzymes et de champignons Trichoderma am\u00e9liore l&rsquo;absorption des nutriments, favorise la croissance des racines et prot\u00e8ge contre les pathog\u00e8nes.    <strong>Livraison rapide en 1-3 jours \u2713 Port pay\u00e9 \u00e0 partir de 80 CHF \u2713<\/strong><\/p>\n","protected":false},"featured_media":83289,"comment_status":"open","ping_status":"closed","template":"","meta":{"inline_featured_image":false},"product_brand":[],"product_cat":[387],"product_tag":[1387],"class_list":{"0":"post-83166","1":"product","2":"type-product","3":"status-publish","4":"has-post-thumbnail","6":"product_cat-culture-du-cbd","7":"product_tag-new-fr","8":"product_shipping_class-postpac-conteneur-de-plantes-jeune-plante","9":"pa_marke-biobizz","10":"pif-has-gallery","12":"first","13":"outofstock","14":"taxable","15":"shipping-taxable","16":"purchasable","17":"product-type-simple"},"_links":{"self":[{"href":"https:\/\/www.herbadiberna.ch\/fr\/wp-json\/wp\/v2\/product\/83166","targetHints":{"allow":["GET"]}}],"collection":[{"href":"https:\/\/www.herbadiberna.ch\/fr\/wp-json\/wp\/v2\/product"}],"about":[{"href":"https:\/\/www.herbadiberna.ch\/fr\/wp-json\/wp\/v2\/types\/product"}],"replies":[{"embeddable":true,"href":"https:\/\/www.herbadiberna.ch\/fr\/wp-json\/wp\/v2\/comments?post=83166"}],"wp:featuredmedia":[{"embeddable":true,"href":"https:\/\/www.herbadiberna.ch\/fr\/wp-json\/wp\/v2\/media\/83289"}],"wp:attachment":[{"href":"https:\/\/www.herbadiberna.ch\/fr\/wp-json\/wp\/v2\/media?parent=83166"}],"wp:term":[{"taxonomy":"product_brand","embeddable":true,"href":"https:\/\/www.herbadiberna.ch\/fr\/wp-json\/wp\/v2\/product_brand?post=83166"},{"taxonomy":"product_cat","embeddable":true,"href":"https:\/\/www.herbadiberna.ch\/fr\/wp-json\/wp\/v2\/product_cat?post=83166"},{"taxonomy":"product_tag","embeddable":true,"href":"https:\/\/www.herbadiberna.ch\/fr\/wp-json\/wp\/v2\/product_tag?post=83166"}],"curies":[{"name":"wp","href":"https:\/\/api.w.org\/{rel}","templated":true}]}}