{"id":83104,"date":"2026-04-16T10:05:59","date_gmt":"2026-04-16T09:05:59","guid":{"rendered":"https:\/\/www.herbadiberna.ch\/?post_type=product&#038;p=83104"},"modified":"2026-04-16T11:06:32","modified_gmt":"2026-04-16T10:06:32","slug":"jeune-plante-cbd-kopie-kopie","status":"publish","type":"product","link":"https:\/\/www.herbadiberna.ch\/fr\/produit\/jeune-plante-cbd-kopie-kopie\/","title":{"rendered":"BioBizz Calmag"},"content":{"rendered":"<div class=\"flex max-w-full flex-col flex-grow\">\n<div class=\"min-h-8 text-message flex w-full flex-col items-end gap-2 whitespace-normal break-words text-start [.text-message+&amp;]:mt-5\" dir=\"auto\">\n<div class=\"flex w-full flex-col gap-1 empty:hidden first:pt-[3px]\">\n<div class=\"markdown prose w-full break-words dark:prose-invert light\">\n<h2><strong>Commander BioBizz Calmag - Nutriments essentiels pour la culture du cannabis<\/strong><\/h2>\n<p><strong>Acheter BioBizz Calmag et optimiser l&rsquo;apport en nutriments de vos plantes !<\/strong><br \/>\nSi vous voulez r\u00e9ussir votre culture de cannabis, ce produit est indispensable. Il fournit \u00e9galement la quantit\u00e9 exacte de calcium et de magn\u00e9sium dont votre culture de CBD a besoin, car les carences<br \/>\nsont particuli\u00e8rement fr\u00e9quentes lorsque l&rsquo;eau du robinet est douce. Par cons\u00e9quent, ce produit organique assure une production cellulaire et une photosynth\u00e8se saines. De plus, il ne modifie en rien votre programme de culture pr\u00e9f\u00e9r\u00e9.   <\/p>\n<h2><strong>Caract\u00e9ristiques de la gamme BioBizz Calmag<\/strong><\/h2>\n<ul>\n<li><strong>100 % organique :<\/strong> ingr\u00e9dients naturels certifi\u00e9s pour un d\u00e9veloppement en douceur des plantes.<\/li>\n<li><strong>\u00c9l\u00e9ments essentiels :<\/strong> Corrige de mani\u00e8re cibl\u00e9e les carences en Ca\/Mg tout au long du cycle de vie de la plante.<\/li>\n<li><strong>Polyvalent, il peut \u00eatre utilis\u00e9 dans de nombreuses situations :<\/strong> Parfait pour l&rsquo;eau douce du robinet ou l&rsquo;eau pure d&rsquo;osmose inverse.<\/li>\n<li><strong>Pour tous les \u00e9leveurs :<\/strong> Con\u00e7u pour r\u00e9pondre aux exigences \u00e9lev\u00e9es des \u00e9leveurs professionnels et des amateurs.<\/li>\n<li><strong>Utilisation s\u00fbre :<\/strong> corrige la qualit\u00e9 insuffisante de l&rsquo;eau de mani\u00e8re simple et totalement contr\u00f4l\u00e9e.<\/li>\n<\/ul>\n<h2><strong>D\u00e9tails sur BioBizz Calmag<\/strong><\/h2>\n<ul>\n<li><strong>Marque :<\/strong> BioBizz<\/li>\n<li><strong>Type de produit :<\/strong> Suppl\u00e9ment de calcium et de magn\u00e9sium (Calmag)<\/li>\n<li><strong>Ingr\u00e9dients :<\/strong> formulation 100 % naturelle<\/li>\n<li><strong>Tailles disponibles :<\/strong> Disponible en diff\u00e9rentes contenances 500ml \/ 1L et 5L.<\/li>\n<li><strong>Domaine d&rsquo;application :<\/strong> convient \u00e0 tous les substrats et programmes de culture courants<\/li>\n<\/ul>\n<h2><strong>Pourquoi acheter BioBizz Calmag ?<\/strong><\/h2>\n<p>Une concentration correcte de min\u00e9raux est absolument essentielle pour une floraison abondante. De plus, BioBizz Calmag offre une solution extr\u00eamement simple \u00e0 un probl\u00e8me complexe. Dans le monde d&rsquo;aujourd&rsquo;hui, vous ne devez donc plus vous fier aveugl\u00e9ment \u00e0 la qualit\u00e9 variable de l&rsquo;eau du robinet.<br \/>\nVous rem\u00e9diez aux carences de mani\u00e8re naturelle et efficace. Par cons\u00e9quent, vous pouvez exploiter pleinement le potentiel de vos plantes.   <\/p>\n<h2><strong>T\u00e9moignages de clients sur le suppl\u00e9ment Calmag<\/strong><\/h2>\n<p>Les cultivateurs exp\u00e9riment\u00e9s appr\u00e9cient l&rsquo;efficacit\u00e9 fiable et la facilit\u00e9 de dosage de cet additif. De plus, ils appr\u00e9cient le fait que le produit s&rsquo;int\u00e8gre parfaitement dans tous les sch\u00e9mas de fertilisation existants.<br \/>\nEn cons\u00e9quence, les plantes conservent leur vitalit\u00e9 et leur vigueur de la racine \u00e0 la floraison. Il n&rsquo;y a donc pas d&rsquo;arr\u00eats de croissance inattendus dus \u00e0 des carences nutritionnelles.  <\/p>\n<h2><strong>Commandez d\u00e8s maintenant BioBizz Calmag &amp; pr\u00e9venez les carences !<\/strong><\/h2>\n<p><strong>Obtenez un booster nutritionnel naturel !<\/strong><br \/>\nCommandez d\u00e8s maintenant et profitez d&rsquo;une croissance saine des plantes d\u00e8s le d\u00e9but. Ainsi, vous profitez de notre exp\u00e9dition rapide : command\u00e9 aujourd&rsquo;hui avant 15h, livr\u00e9 demain ! <\/p>\n<h3><strong>Foire aux questions (FAQ)<\/strong><\/h3>\n<p><b>Quand dois-je utiliser BioBizz Calmag ?<\/b><br \/>\nVous devriez utiliser ce suppl\u00e9ment d\u00e8s que vous remarquez des signes de carence sur les feuilles ou travailler de mani\u00e8re pr\u00e9ventive lorsque l&rsquo;eau est tr\u00e8s douce. Il fournit aux plantes un apport cibl\u00e9 de calcium et de magn\u00e9sium. Vous assurez ainsi une photosynth\u00e8se continue et saine tout au long du cycle de vie.  <\/p>\n<p><b>Puis-je m\u00e9langer Calmag avec d&rsquo;autres engrais ?<\/b><br \/>\nOui, ce produit se combine parfaitement avec tous les programmes de culture et les engrais courants. Comme il est 100% organique, il ne perturbe pas la flore naturelle du sol de votre substrat. Vous pouvez facilement ajouter la formulation au processus d&rsquo;arrosage normal.  <\/p>\n<p><b>Pourquoi les min\u00e9raux pr\u00e9sents dans l&rsquo;eau du robinet sont-ils souvent insuffisants ?<\/b><br \/>\nLa qualit\u00e9 de l&rsquo;eau et sa teneur en min\u00e9raux varient \u00e9norm\u00e9ment en fonction de la r\u00e9gion et du lieu de r\u00e9sidence. Ces \u00e9l\u00e9ments essentiels font particuli\u00e8rement d\u00e9faut si l&rsquo;eau du robinet est douce ou si l&rsquo;on utilise de l&rsquo;eau filtr\u00e9e par osmose inverse. C&rsquo;est pourquoi un apport contr\u00f4l\u00e9 est si important pour une croissance vitale.  <\/p>\n<h2><strong>En d\u00e9couvrir davantage : En savoir plus sur Herba di Berna<\/strong><\/h2>\n<p>\u27a1\ufe0f Gouttes de CBD naturelles akufen : <a href=\"https:\/\/www.herbadiberna.ch\/fr\/huile-de-cbd\/\">D\u00e9couvrir l&rsquo;huile CBD<\/a><br \/>\n\u27a1\ufe0f Nos ar\u00f4mes les plus raffin\u00e9s : <a href=\"https:\/\/www.herbadiberna.ch\/fr\/fleurs-de-cbd\/\">acheter des fleurs de CBD<\/a><br \/>\n\u27a1\ufe0f Pour des moments de d\u00e9tente en d\u00e9placement :    <a href=\"https:\/\/www.herbadiberna.ch\/fr\/vaporisateurs\/\">Essayer les vapes CBD<\/a><\/p>\n<\/div>\n<\/div>\n<\/div>\n<\/div>\n","protected":false},"excerpt":{"rendered":"<p>La solution organique pour des plantes fortes ! Achetez BioBizz Calmag et pr\u00e9venez efficacement les carences en nutriments. Cette pr\u00e9paration 100% organique et certifi\u00e9e fournit \u00e0 vos plantes du calcium et du magn\u00e9sium essentiels, que vous utilisiez de l&rsquo;eau du robinet douce ou de l&rsquo;eau par osmose inverse.    <b>Command\u00e9 aujourd&rsquo;hui jusqu&rsquo;\u00e0 15h, livr\u00e9 demain \u2713 Port pay\u00e9 \u00e0 partir de 80 CHF \u2713<\/b><\/p>\n","protected":false},"featured_media":83134,"comment_status":"open","ping_status":"closed","template":"","meta":{"inline_featured_image":false},"product_brand":[],"product_cat":[387,390],"product_tag":[1387],"class_list":{"0":"post-83104","1":"product","2":"type-product","3":"status-publish","4":"has-post-thumbnail","6":"product_cat-culture-du-cbd","7":"product_cat-engrais","8":"product_tag-new-fr","9":"product_shipping_class-postpac-conteneur-de-plantes-jeune-plante","10":"pa_marke-biobizz","11":"pif-has-gallery","13":"first","14":"outofstock","15":"taxable","16":"shipping-taxable","17":"purchasable","18":"product-type-variable","19":"rtwpvs-product"},"_links":{"self":[{"href":"https:\/\/www.herbadiberna.ch\/fr\/wp-json\/wp\/v2\/product\/83104","targetHints":{"allow":["GET"]}}],"collection":[{"href":"https:\/\/www.herbadiberna.ch\/fr\/wp-json\/wp\/v2\/product"}],"about":[{"href":"https:\/\/www.herbadiberna.ch\/fr\/wp-json\/wp\/v2\/types\/product"}],"replies":[{"embeddable":true,"href":"https:\/\/www.herbadiberna.ch\/fr\/wp-json\/wp\/v2\/comments?post=83104"}],"wp:featuredmedia":[{"embeddable":true,"href":"https:\/\/www.herbadiberna.ch\/fr\/wp-json\/wp\/v2\/media\/83134"}],"wp:attachment":[{"href":"https:\/\/www.herbadiberna.ch\/fr\/wp-json\/wp\/v2\/media?parent=83104"}],"wp:term":[{"taxonomy":"product_brand","embeddable":true,"href":"https:\/\/www.herbadiberna.ch\/fr\/wp-json\/wp\/v2\/product_brand?post=83104"},{"taxonomy":"product_cat","embeddable":true,"href":"https:\/\/www.herbadiberna.ch\/fr\/wp-json\/wp\/v2\/product_cat?post=83104"},{"taxonomy":"product_tag","embeddable":true,"href":"https:\/\/www.herbadiberna.ch\/fr\/wp-json\/wp\/v2\/product_tag?post=83104"}],"curies":[{"name":"wp","href":"https:\/\/api.w.org\/{rel}","templated":true}]}}