{"id":82042,"date":"2026-03-26T16:16:11","date_gmt":"2026-03-26T15:16:11","guid":{"rendered":"https:\/\/www.herbadiberna.ch\/?post_type=product&#038;p=82042"},"modified":"2026-04-17T08:16:48","modified_gmt":"2026-04-17T07:16:48","slug":"snus-cbd-mystere-kopie","status":"publish","type":"product","link":"https:\/\/www.herbadiberna.ch\/fr\/produit\/snus-cbd-mystere-kopie\/","title":{"rendered":"Snus Edel CBD Menthe (10g)"},"content":{"rendered":"<div class=\"flex max-w-full flex-col flex-grow\">\n<div class=\"min-h-8 text-message flex w-full flex-col items-end gap-2 whitespace-normal break-words text-start [.text-message+&amp;]:mt-5\" dir=\"auto\">\n<div class=\"flex w-full flex-col gap-1 empty:hidden first:pt-[3px]\">\n<div class=\"markdown prose w-full break-words dark:prose-invert light\">\n<h2><strong>Acheter du snus Edel CBD Menthe - Des moments rafra\u00eechissants &amp; 100% sans nicotine<\/strong><\/h2>\n<p><strong>Achetez le snus Edel CBD Menthe et d\u00e9couvrez la relaxation premium sans tabac !<br \/>\n<\/strong>Notre <strong>snus Edel CBD Menthe<\/strong> est le premier snus CBD All-White au monde \u00e0 r\u00e9pondre aux exigences les plus \u00e9lev\u00e9es et est id\u00e9al pour une pause discr\u00e8te entre les repas.<br \/>\nGr\u00e2ce au m\u00e9lange innovant de menthe et \u00e0 l&rsquo;absence totale de nicotine et de THC, la t\u00eate et les poumons ne sont pas affect\u00e9s, tandis que les 12 mg\/g de CBD offrent une exp\u00e9rience relaxante de premi\u00e8re classe.<\/p>\n<h2><strong>Caract\u00e9ristiques du snus Edel CBD Mint<\/strong><\/h2>\n<ul>\n<li><strong>Remarque importante :<\/strong> ce produit est un produit purement r\u00e9cr\u00e9atif et n&rsquo;est pas destin\u00e9 \u00e0 diagnostiquer, traiter ou gu\u00e9rir une quelconque maladie.<\/li>\n<li><strong>Sans nicotine &amp; sans THC :<\/strong> 0 mg\/g de nicotine et 0 mg\/g de THC pour un plaisir total.<\/li>\n<li><strong>Facile \u00e0 utiliser :<\/strong> Des pochettes All-White discr\u00e8tes qui rafra\u00eechissent l&rsquo;haleine et ne tachent pas les dents.<\/li>\n<li><strong>Go\u00fbt pur :<\/strong> ar\u00f4me de menthe persistant et innovant.<\/li>\n<li><strong>Teneur \u00e9lev\u00e9e en CBD :<\/strong> 12 mg\/g du meilleur CBD pour votre flow d\u00e9tendu.<\/li>\n<li><strong>Une coupe parfaite :<\/strong> le format slim est confortable et quasiment invisible sous la l\u00e8vre.<\/li>\n<\/ul>\n<h2><strong>D\u00e9tails sur le snus Edel CBD Mint<\/strong><\/h2>\n<ul>\n<li><strong>Marque :<\/strong> Edelweiss (noble)<\/li>\n<li><strong>Go\u00fbt :<\/strong> Mint (menthe)<\/li>\n<li><strong>Teneur en CBD :<\/strong> 12 mg\/g<\/li>\n<li><strong>Teneur en nicotine :<\/strong> 0 mg\/g<\/li>\n<li><strong>Teneur en THC :<\/strong> 0 mg\/g<\/li>\n<li><strong>Sachets par bo\u00eete :<\/strong> 15 pi\u00e8ces<\/li>\n<li><strong>Format du sac :<\/strong> Slim \/ All-White<\/li>\n<li><strong>Poids :<\/strong> 10 g de contenu total<\/li>\n<\/ul>\n<h2><strong>Contenu de la bo\u00eete d&rsquo;Edel CBD Menthe<\/strong><\/h2>\n<ul>\n<li>1\u00d7 bo\u00eete de snus Edel CBD Mint (contient 15 sachets)<\/li>\n<\/ul>\n<h2><strong>Pourquoi acheter du snus Edel CBD ?<\/strong><\/h2>\n<p>Le snus Edel CBD Menthe offre une combinaison premium de fra\u00eecheur, de discr\u00e9tion et de plaisir pur du CBD. C&rsquo;est le choix parfait pour tous ceux qui veulent r\u00e9sister \u00e0 la pression de la soci\u00e9t\u00e9 moderne et qui cherchent une alternative sans fum\u00e9e pour la vie quotidienne, sans pour autant renoncer \u00e0 la qualit\u00e9.<br \/>\nParfait pour ceux qui veulent <strong>acheter<\/strong> un <strong>snus CBD<\/strong> innovant - avec un maximum de go\u00fbt &amp; une utilisation intuitive et discr\u00e8te. <\/p>\n<h2><strong>T\u00e9moignages de clients sur le snus Edel CBD Mint<\/strong><\/h2>\n<p>De nombreux utilisateurs rapportent l&rsquo;extr\u00eame facilit\u00e9 d&rsquo;utilisation &amp; la flexibilit\u00e9 de pouvoir utiliser ce snus discr\u00e8tement partout, que ce soit au bureau ou en d\u00e9placement.<br \/>\nLe go\u00fbt rafra\u00eechissant de la menthe &amp; la formule sans nicotine rendent ce produit particuli\u00e8rement adapt\u00e9 \u00e0 la vie quotidienne et appr\u00e9ci\u00e9 pour les courts moments de d\u00e9tente.<\/p>\n<h2><strong>Commandez d\u00e8s maintenant le snus Edel CBD Mint et d\u00e9couvrez le flow !<\/strong><\/h2>\n<p><strong>D\u00e9couvrez la qualit\u00e9 suisse d&rsquo;Edelweiss !<\/strong><br \/>\nCommandez maintenant &amp; d\u00e9couvrez le <strong>snus<\/strong> innovant <strong>Edel CBD Menthe<\/strong> - command\u00e9 aujourd&rsquo;hui avant 15h, livr\u00e9 demain !<\/p>\n<h3><strong>Foire aux questions (FAQ)<\/strong><\/h3>\n<p><b>Qu&rsquo;est-ce exactement qu&rsquo;un snus tout blanc ?<\/b><br \/>\nUn snus All-White n&rsquo;est pas compos\u00e9 de tabac, mais de fines fibres v\u00e9g\u00e9tales, c&rsquo;est pourquoi il ne colore pas vos dents. Dans cette variante d&rsquo;Edelweiss, le CBD de haute qualit\u00e9 est utilis\u00e9 \u00e0 la place de la nicotine. Cela lui conf\u00e8re un go\u00fbt particuli\u00e8rement pur et frais.  <\/p>\n<p><b>Comment utiliser le snus Edel CBD Mint ?<\/b><br \/>\nVous placez simplement l&rsquo;un des petits sachets au format slim entre votre l\u00e8vre sup\u00e9rieure et vos gencives. Les substances actives et l&rsquo;ar\u00f4me de menthe sont alors absorb\u00e9s discr\u00e8tement et uniform\u00e9ment par la muqueuse buccale. Apr\u00e8s utilisation, vous jetez facilement le sachet avec les autres d\u00e9chets.  <\/p>\n<p><b>Quel est l&rsquo;effet de ce snus au CBD ?<\/b><br \/>\nComme le snus ne contient ni THC ni nicotine, il n&rsquo;a pas d&rsquo;effets psychoactifs ou stimulants. Le CBD qu&rsquo;il contient est au premier plan et vous aide \u00e0 trouver un calme agr\u00e9able au quotidien. C&rsquo;est un pur produit de plaisir pour les moments de d\u00e9tente entre les repas.  <\/p>\n<h2><strong>En d\u00e9couvrir davantage : En savoir plus sur Herba di Berna<\/strong><\/h2>\n<p>\u27a1\ufe0f Trouvez votre vari\u00e9t\u00e9 pr\u00e9f\u00e9r\u00e9e parmi nos fleurs les plus fines : <a href=\"https:\/\/www.herbadiberna.ch\/fr\/fleurs-de-cbd\/\">d\u00e9couvrir les fleurs de CBD<\/a><br \/>\n\u27a1\ufe0f Du mat\u00e9riel de haute qualit\u00e9 pour les extraits ou pour les m\u00e9langes : <a href=\"https:\/\/www.herbadiberna.ch\/fr\/trim-fr\/\">Acheter du CBD trim<\/a><br \/>\n\u27a1\ufe0f Tout ce dont vous avez besoin pour cultiver vous-m\u00eame :    <a href=\"https:\/\/www.herbadiberna.ch\/fr\/culture-du-cbd\/\">Culture de CBD<\/a><\/p>\n<\/div>\n<\/div>\n<\/div>\n<\/div>\n","protected":false},"excerpt":{"rendered":"<p data-path-to-node=\"17\">Acheter du snus Edel CBD et trouver des moments de d\u00e9tente au quotidien. Le premier snus CBD All-White au monde d&rsquo;Edelweiss est enti\u00e8rement sans nicotine ni THC. D\u00e9couvrez 12 mg\/g de CBD de haute qualit\u00e9 et de la menthe rafra\u00eechissante dans un format Slim discret.    <b data-path-to-node=\"17\" data-index-in-node=\"207\">Command\u00e9 aujourd&rsquo;hui jusqu&rsquo;\u00e0 15h, livr\u00e9 demain \u2713 Port pay\u00e9 \u00e0 partir de 80 CHF \u2713<\/b><\/p>\n","protected":false},"featured_media":82057,"comment_status":"open","ping_status":"closed","template":"","meta":{"inline_featured_image":false},"product_brand":[],"product_cat":[355,753],"product_tag":[1387],"class_list":{"0":"post-82042","1":"product","2":"type-product","3":"status-publish","4":"has-post-thumbnail","6":"product_cat-fleurs-de-cbd","7":"product_cat-snus-au-cbd","8":"product_tag-new-fr","9":"product_shipping_class-postpac-prioritaire","10":"pa_inhalt-netto-10g-fr","11":"pif-has-gallery","13":"first","14":"instock","15":"taxable","16":"shipping-taxable","17":"purchasable","18":"product-type-simple"},"_links":{"self":[{"href":"https:\/\/www.herbadiberna.ch\/fr\/wp-json\/wp\/v2\/product\/82042","targetHints":{"allow":["GET"]}}],"collection":[{"href":"https:\/\/www.herbadiberna.ch\/fr\/wp-json\/wp\/v2\/product"}],"about":[{"href":"https:\/\/www.herbadiberna.ch\/fr\/wp-json\/wp\/v2\/types\/product"}],"replies":[{"embeddable":true,"href":"https:\/\/www.herbadiberna.ch\/fr\/wp-json\/wp\/v2\/comments?post=82042"}],"wp:featuredmedia":[{"embeddable":true,"href":"https:\/\/www.herbadiberna.ch\/fr\/wp-json\/wp\/v2\/media\/82057"}],"wp:attachment":[{"href":"https:\/\/www.herbadiberna.ch\/fr\/wp-json\/wp\/v2\/media?parent=82042"}],"wp:term":[{"taxonomy":"product_brand","embeddable":true,"href":"https:\/\/www.herbadiberna.ch\/fr\/wp-json\/wp\/v2\/product_brand?post=82042"},{"taxonomy":"product_cat","embeddable":true,"href":"https:\/\/www.herbadiberna.ch\/fr\/wp-json\/wp\/v2\/product_cat?post=82042"},{"taxonomy":"product_tag","embeddable":true,"href":"https:\/\/www.herbadiberna.ch\/fr\/wp-json\/wp\/v2\/product_tag?post=82042"}],"curies":[{"name":"wp","href":"https:\/\/api.w.org\/{rel}","templated":true}]}}