{"id":81937,"date":"2026-03-20T16:54:21","date_gmt":"2026-03-20T15:54:21","guid":{"rendered":"https:\/\/www.herbadiberna.ch\/storz-bickel-capsule-caddy\/"},"modified":"2026-04-15T22:57:36","modified_gmt":"2026-04-15T21:57:36","slug":"storz-bickel-capsule-caddy","status":"publish","type":"product","link":"https:\/\/www.herbadiberna.ch\/fr\/produit\/storz-bickel-capsule-caddy\/","title":{"rendered":"Storz &amp; Bickel Capsule Caddy"},"content":{"rendered":"<div class=\"flex max-w-full flex-col flex-grow\">\n<div class=\"min-h-8 text-message flex w-full flex-col items-end gap-2 whitespace-normal break-words text-start [.text-message+&amp;]:mt-5\" dir=\"auto\">\n<div class=\"flex w-full flex-col gap-1 empty:hidden first:pt-[3px]\">\n<div class=\"markdown prose w-full break-words dark:prose-invert light\">\n<h2><strong>Acheter Storz &amp; Bickel Capsule Caddy - Le compagnon discret de votre trousseau de cl\u00e9s<\/strong><\/h2>\n<p><strong>Achetez<\/strong> maintenant l&rsquo;original <strong>Storz &amp; Bickel Capsule Cad<\/strong> dy et gardez votre dose de CBD \u00e0 port\u00e9e de main. Ce support pratique pour les g\u00e9lules de dosage est donc la solution id\u00e9ale pour les d\u00e9placements. Il est \u00e9galement facile \u00e0 attacher \u00e0 votre porte-cl\u00e9s. Son design compact garantit en outre une mobilit\u00e9 maximale. Enfin, le caddy est imperm\u00e9able aux odeurs et \u00e0 l&rsquo;eau. Profitez d&rsquo;une libert\u00e9 totale lors de vos sessions quotidiennes.     <\/p>\n<p>Le support de capsule de dosage pratique convainc par ses caract\u00e9ristiques :<\/p>\n<ul>\n<li><strong>Transport discret :<\/strong> gr\u00e2ce \u00e0 la fermeture \u00e9tanche aux odeurs, aucun ar\u00f4me ne s&rsquo;\u00e9chappe \u00e0 l&rsquo;ext\u00e9rieur. Par cons\u00e9quent, vous restez absolument discret. <\/li>\n<li><strong>Protection robuste :<\/strong> le bo\u00eetier est \u00e9tanche et extr\u00eamement solide. Par cons\u00e9quent, vos capsules sont prot\u00e9g\u00e9es en toute s\u00e9curit\u00e9 contre l&rsquo;humidit\u00e9. <\/li>\n<li><strong>Une capacit\u00e9 parfaite :<\/strong> jusqu&rsquo;\u00e0 4 capsules de dosage peuvent \u00eatre plac\u00e9es \u00e0 l&rsquo;int\u00e9rieur. Finalement, cela suffit facilement pour une journ\u00e9e enti\u00e8re. <\/li>\n<\/ul>\n<h2><strong>Pourquoi vous devriez commander le Storz &amp; Bickel Capsule Caddy en ligne<\/strong><\/h2>\n<p>Vous cherchez une solution pour transporter vos herbes en toute s\u00e9curit\u00e9 et protection ? Le <strong>Capsule Caddy de Storz &amp; Bickel<\/strong> est le meilleur choix pour vous. Vous n&rsquo;avez plus besoin d&#8217;emporter des r\u00e9cipients encombrants. Le caddy est en effet \u00e0 peine plus grand qu&rsquo;un briquet ordinaire. De plus, sa finition de haute qualit\u00e9 lui assure une longue dur\u00e9e de vie. Finalement, vous investissez dans un outil indispensable pour tout fan de Storz &amp; Bickel.     <\/p>\n<h2><strong>Un maximum d&rsquo;ordre avec le support de capsule de dosage mobile<\/strong><\/h2>\n<p>Cet outil met de l&rsquo;ordre dans votre quotidien. Les quatre capsules de dosage incluses peuvent \u00eatre remplies confortablement \u00e0 la maison. Ensuite, vous les rangez en toute s\u00e9curit\u00e9 dans le caddy. Gr\u00e2ce \u00e0 l&rsquo;ajustement pr\u00e9cis, rien ne bouge \u00e0 l&rsquo;int\u00e9rieur. Le mat\u00e9riel n&rsquo;est donc pas \u00e9cras\u00e9 inutilement. De m\u00eame, le couvercle se d\u00e9visse tr\u00e8s facilement. C&rsquo;est pourquoi vous avez vos <strong>accessoires Storz &amp; Bickel<\/strong> \u00e0 port\u00e9e de main dans toutes les situations.      <\/p>\n<h2><strong>Tous les avantages du S&amp;B Capsule Caddy en un coup d&rsquo;\u0153il<\/strong><\/h2>\n<ul>\n<li><strong>Mobile :<\/strong> \u00e9quip\u00e9 d&rsquo;un anneau pratique pour le trousseau de cl\u00e9s.<\/li>\n<li><strong>S\u00fbr :<\/strong> totalement \u00e9tanche aux odeurs, il est \u00e9galement con\u00e7u pour r\u00e9sister \u00e0 l&rsquo;eau.<\/li>\n<li><strong>Kit complet :<\/strong> Inclut 4 capsules de dosage originales de Storz &amp; Bickel.<\/li>\n<li><strong>Compatible :<\/strong> s&rsquo;adapte \u00e0 toutes les capsules doseuses standard de la marque (SB-0940).<\/li>\n<li><strong>Haute qualit\u00e9 :<\/strong> bo\u00eetier durable pour une utilisation quotidienne.<\/li>\n<\/ul>\n<div style=\"background-color: #f8f9fa; border-left: 4px solid #d9534f; padding: 15px; margin-top: 20px; margin-bottom: 20px;\">\n<h3><strong>\u26a0\ufe0f Remarque importante concernant les accessoires Storz &amp; Bickel<\/strong><\/h3>\n<p><strong>Veuillez noter un point important avant l&rsquo;achat. Le caddy est exclusivement destin\u00e9 au stockage de capsules de dosage. Nous vous recommandons \u00e9galement de v\u00e9rifier r\u00e9guli\u00e8rement la propret\u00e9 de l&rsquo;anneau d&rsquo;\u00e9tanch\u00e9it\u00e9. Enfin, seul un anneau intact garantit une \u00e9tanch\u00e9it\u00e9 totale aux odeurs et \u00e0 l&rsquo;eau.   <\/strong><\/p>\n<\/div>\n<h2><strong>Achetez maintenant Storz &amp; Bickel Capsule Caddy et prenez votre envol en toute mobilit\u00e9.<\/strong><\/h2>\n<p>Assurez-vous d\u00e8s maintenant le must-have pour un plaisir discret en d\u00e9placement. Avec le <strong>Storz &amp; Bickel Capsule Caddy<\/strong>, vous investissez dans la protection, l&rsquo;ordre et la mobilit\u00e9. Commandez maintenant chez Herba di Berna - votre expert en accessoires de vaporisateurs et produits CBD de premi\u00e8re qualit\u00e9 en Suisse.  <\/p>\n<h2><strong>D\u00e9couvrir plus de vaporisateurs &amp; CBD chez Herba di Berna<\/strong><\/h2>\n<p>\u27a1\ufe0f Des compagnons pratiques pour la route : <a href=\"https:\/\/www.herbadiberna.ch\/fr\/vaporisateurs\/\">d\u00e9couvrez les vapes<\/a><br \/>\n\u27a1\ufe0f Un artisanat traditionnel de Suisse : <a href=\"https:\/\/www.herbadiberna.ch\/fr\/haschisch-au-cbd\/\">achetez du hasch CBD<\/a><br \/>\n\u27a1\ufe0f Remplissez votre chambre au meilleur prix :    <a href=\"https:\/\/www.herbadiberna.ch\/fr\/trim-fr\/\">Acheter CBD Trim<\/a><\/p>\n<\/div>\n<\/div>\n<\/div>\n<\/div>\n","protected":false},"excerpt":{"rendered":"<p data-path-to-node=\"17\">Achetez Storz &amp; Bickel Capsule Caddy et portez jusqu&rsquo;\u00e0 4 capsules de dosage en toute s\u00e9curit\u00e9 sur votre porte-cl\u00e9s. Le support est totalement \u00e9tanche aux odeurs et r\u00e9sistant \u00e0 l&rsquo;eau. Inclut 4 capsules de dosage originales pour une mobilit\u00e9 maximale.    <b data-path-to-node=\"17\" data-index-in-node=\"208\">Livraison rapide en 1-3 jours \u2713 Port pay\u00e9 \u00e0 partir de 80 CHF \u2713<\/b><\/p>\n","protected":false},"featured_media":81930,"comment_status":"open","ping_status":"closed","template":"","meta":{"inline_featured_image":false},"product_brand":[],"product_cat":[1148],"product_tag":[],"class_list":{"0":"post-81937","1":"product","2":"type-product","3":"status-publish","4":"has-post-thumbnail","6":"product_cat-pieces-de-rechange-pour-la-vape","7":"pif-has-gallery","9":"first","10":"instock","11":"taxable","12":"shipping-taxable","13":"purchasable","14":"product-type-simple"},"_links":{"self":[{"href":"https:\/\/www.herbadiberna.ch\/fr\/wp-json\/wp\/v2\/product\/81937","targetHints":{"allow":["GET"]}}],"collection":[{"href":"https:\/\/www.herbadiberna.ch\/fr\/wp-json\/wp\/v2\/product"}],"about":[{"href":"https:\/\/www.herbadiberna.ch\/fr\/wp-json\/wp\/v2\/types\/product"}],"replies":[{"embeddable":true,"href":"https:\/\/www.herbadiberna.ch\/fr\/wp-json\/wp\/v2\/comments?post=81937"}],"wp:featuredmedia":[{"embeddable":true,"href":"https:\/\/www.herbadiberna.ch\/fr\/wp-json\/wp\/v2\/media\/81930"}],"wp:attachment":[{"href":"https:\/\/www.herbadiberna.ch\/fr\/wp-json\/wp\/v2\/media?parent=81937"}],"wp:term":[{"taxonomy":"product_brand","embeddable":true,"href":"https:\/\/www.herbadiberna.ch\/fr\/wp-json\/wp\/v2\/product_brand?post=81937"},{"taxonomy":"product_cat","embeddable":true,"href":"https:\/\/www.herbadiberna.ch\/fr\/wp-json\/wp\/v2\/product_cat?post=81937"},{"taxonomy":"product_tag","embeddable":true,"href":"https:\/\/www.herbadiberna.ch\/fr\/wp-json\/wp\/v2\/product_tag?post=81937"}],"curies":[{"name":"wp","href":"https:\/\/api.w.org\/{rel}","templated":true}]}}