{"id":80415,"date":"2026-03-10T16:30:49","date_gmt":"2026-03-10T15:30:49","guid":{"rendered":"https:\/\/www.herbadiberna.ch\/?post_type=product&#038;p=80415"},"modified":"2026-04-21T11:17:20","modified_gmt":"2026-04-21T10:17:20","slug":"vaporisateur-iven-dry-herb-kopie","status":"publish","type":"product","link":"https:\/\/www.herbadiberna.ch\/fr\/produit\/vaporisateur-iven-dry-herb-kopie\/","title":{"rendered":"PAX Mini Platinum"},"content":{"rendered":"<div class=\"flex max-w-full flex-col flex-grow\">\n<div class=\"min-h-8 text-message flex w-full flex-col items-end gap-2 whitespace-normal break-words text-start [.text-message+&amp;]:mt-5\" dir=\"auto\">\n<div class=\"flex w-full flex-col gap-1 empty:hidden first:pt-[3px]\">\n<div class=\"markdown prose w-full break-words dark:prose-invert light\">\n<h2><strong>Acheter un vaporisateur PAX Mini - Le compagnon compact<\/strong><\/h2>\n<p><strong>Achetez<\/strong> le <strong>mini vaporisateur PAX<\/strong> et d\u00e9couvrez un tout nouveau niveau d&rsquo;extraction en d\u00e9placement. Le plus petit appareil de la c\u00e9l\u00e8bre famille PAX, ce mod\u00e8le apporte une technologie \u00e9prouv\u00e9e dans un format de poche. Ce vaporisateur intelligent offre une exp\u00e9rience de vapotage simple et parfaitement adapt\u00e9e \u00e0 vos besoins. C&rsquo;est l&rsquo;alternative ultime et durable \u00e0 tout appareil de vaporisation de CBD ou de THC traditionnel, ainsi qu&rsquo;\u00e0 tout appareil jetable.   <\/p>\n<p>Le PAX Mini \u00e9tablit de toutes nouvelles normes en mati\u00e8re de manipulation et de discr\u00e9tion :<\/p>\n<ul>\n<li><strong>Smart &amp; Intuitif :<\/strong> un seul bouton pour une utilisation simple, sans r\u00e9glages ou menus compliqu\u00e9s ! Tout peut \u00eatre contr\u00f4l\u00e9 directement et rapidement sur l&rsquo;appareil. <\/li>\n<li><strong>Rapidement pr\u00eat \u00e0 l&#8217;emploi :<\/strong> de la fleur intacte \u00e0 la vapeur pr\u00eate en un temps de chauffe incroyable de 22 secondes.<\/li>\n<li><strong>Design compact :<\/strong> avec son format de poche extr\u00eamement fin, il tient parfaitement dans la main et est id\u00e9al pour les d\u00e9placements.<\/li>\n<\/ul>\n<h2><strong>Vivre des sessions intelligentes dans un vaporisateur Premium<\/strong><\/h2>\n<p>Gr\u00e2ce \u00e0 une technologie avanc\u00e9e, ce petit appareil s&rsquo;adapte parfaitement \u00e0 votre session. Le PAX Mini vous offre une exp\u00e9rience absolument relaxante gr\u00e2ce \u00e0 son mode de chauffage efficace : <\/p>\n<ul>\n<li><strong>Qualit\u00e9 constante :<\/strong> chauffe le mat\u00e9riau de mani\u00e8re extr\u00eamement douce au lieu de le br\u00fbler, pour un go\u00fbt pur.<\/li>\n<li><strong>Sessions en solo :<\/strong> le nouveau design du four est id\u00e9al pour les sessions rapides et se remplit et se vide sans effort.<\/li>\n<li><strong>Transport s\u00fbr :<\/strong> le couvercle magn\u00e9tique du four permet de conserver votre stock en toute s\u00e9curit\u00e9 lors de vos d\u00e9placements.<\/li>\n<\/ul>\n<h2><strong>Pourquoi commander le vaporisateur PAX Mini en ligne ? L&rsquo;innovation rencontre la discr\u00e9tion ! <\/strong><\/h2>\n<p>Le c\u0153ur de cette vape est le syst\u00e8me de chauffage doux dans la chambre. Cette technologie assure un chauffage uniforme des fleurs de cannabis CBD. En m\u00eame temps, le mod\u00e8le marque des points avec une grille de four 3D de conception nouvelle, qui peut \u00eatre retir\u00e9e extr\u00eamement facilement pour un nettoyage en profondeur. Le r\u00e9sultat ? Un go\u00fbt intense et pur, sans chaleur d\u00e9sagr\u00e9able ni fum\u00e9e \u00e9raflante.    <\/p>\n<h2><strong>Puissance de votre nouveau PAX Vape<\/strong><\/h2>\n<p>Avec sa batterie extr\u00eamement efficace, le PAX Mini est un v\u00e9ritable miracle d&rsquo;endurance pour sa taille. Elle vous offre une autonomie impressionnante de plus de 2 heures avec une seule charge. Le c\u00e2ble de chargement fourni permet de le recharger facilement. Avec sa finition robuste et son bo\u00eetier en aluminium, il est tr\u00e8s facile \u00e0 entretenir et b\u00e9n\u00e9ficie d&rsquo;une garantie fabricant de deux ans.   <\/p>\n<h2><strong>Tous les avantages en un coup d&rsquo;\u0153il<\/strong><\/h2>\n<ul>\n<li><strong>Technologie de pointe :<\/strong> chauffage en douceur pour des ar\u00f4mes purs sans combustion.<\/li>\n<li><strong>Discr\u00e9tion totale :<\/strong> le plus petit appareil PAX au format de poche absolu.<\/li>\n<li><strong>Entretien facile :<\/strong> grille de four 3D innovante et facile \u00e0 retirer.<\/li>\n<li><strong>Batterie puissante :<\/strong> plus de 2 heures d&rsquo;autonomie avec une seule charge.<\/li>\n<li><strong>Con\u00e7u sur mesure :<\/strong> Fonctionnement simple \u00e0 un seul bouton et fermeture magn\u00e9tique.<\/li>\n<\/ul>\n<h2><strong>Contenu du vaporisateur PAX Mini<\/strong><\/h2>\n<p>Cet appareil compact haut de gamme arrive directement chez vous avec l&rsquo;\u00e9quipement parfait :<\/p>\n<ul>\n<li>1 \u00d7 mini vaporisateur PAX<\/li>\n<li>1 \u00d7 Embout plat &amp; 1 \u00d7 Embout sur\u00e9lev\u00e9<\/li>\n<li>1 \u00d7 couvercle de four magn\u00e9tique<\/li>\n<li>1 \u00d7 kit de maintenance (pour un nettoyage facile)<\/li>\n<li>1 \u00d7 c\u00e2ble de charge &amp; manuel d&rsquo;utilisation<\/li>\n<\/ul>\n<div style=\"background-color: #f8f9fa; border-left: 4px solid #d9534f; padding: 15px; margin-top: 20px; margin-bottom: 20px;\">\n<h3><strong>\u26a0\ufe0f Remarque importante sur l&rsquo;entretien de la batterie<\/strong><\/h3>\n<p><strong>Veuillez utiliser l&rsquo;appareil uniquement avec des chargeurs qui fournissent un courant de charge <a href=\"https:\/\/www.herbadiberna.ch\/it\/produkt\/batteria-efest-imr-18650-3000mah-35a-kopie\/\">maximal de 1A<\/a>. Les chargeurs rapides avec un courant plus \u00e9lev\u00e9 peuvent endommager la batterie \u00e0 long terme et raccourcir la dur\u00e9e de vie du vaporisateur.<\/strong><\/p>\n<\/div>\n<h2><strong>Questions fr\u00e9quentes (FAQ) sur le vaporisateur PAX Mini<\/strong><\/h2>\n<p><strong>Pourquoi le Pax Mini est-il id\u00e9al pour les fleurs de CBD ?<\/strong><br \/>\nGr\u00e2ce \u00e0 la technologie de chauffage doux, les fleurs de CBD sont seulement chauff\u00e9es et non pas directement br\u00fbl\u00e9es. Cela garantit une extraction extr\u00eamement douce des pr\u00e9cieux terp\u00e8nes et cannabino\u00efdes pour une exp\u00e9rience gustative inalt\u00e9r\u00e9e, sans fum\u00e9e \u00e9raflante. <\/p>\n<p><strong>Quelle est la meilleure fa\u00e7on de nettoyer la grille de four 3D du Pax Mini ?<\/strong><br \/>\nLa grille de four 3D nouvellement con\u00e7ue peut \u00eatre facilement retir\u00e9e de la chambre pour un nettoyage approfondi. Nous vous recommandons de l&rsquo;essuyer r\u00e9guli\u00e8rement avec un peu d&rsquo;alcool isopropylique ou de la laisser tremper dans l&rsquo;alcool afin de garantir un apport d&rsquo;air constant \u00e0 long terme. <\/p>\n<h2><strong>Achetez le vaporisateur PAX Mini maintenant et profitez pleinement de votre vaporisation.<\/strong><\/h2>\n<p>Assurez-vous d&rsquo;avoir le pionnier discret en mati\u00e8re de compacit\u00e9 et d&rsquo;utilisation intelligente. Avec le <strong>vaporisateur PAX Mini<\/strong>, vous investissez dans une qualit\u00e9 durable, un go\u00fbt pur et une mobilit\u00e9 maximale lors de vos sessions.<br \/>\nCommandez maintenant chez Herba di Berna - votre expert suisse en vaporisateurs haut de gamme. <\/p>\n<h2><strong>D\u00e9couvrir plus de vaporisateurs &amp; CBD<\/strong><\/h2>\n<p>\u27a1\ufe0f Tout pour votre propre projet de culture : <a href=\"https:\/\/www.herbadiberna.ch\/fr\/culture-du-cbd\/\">CBD Grow<\/a><br \/>\n\u27a1\ufe0f Remplissez votre chambre au meilleur prix : <a href=\"https:\/\/www.herbadiberna.ch\/fr\/trim-fr\/\">Acheter CBD Trim<\/a><br \/>\n\u27a1\ufe0f Pour l&rsquo;\u00e9quilibre apr\u00e8s la session :    <a href=\"https:\/\/www.herbadiberna.ch\/fr\/huile-de-cbd\/\">Huile de CBD<\/a><\/p>\n<\/div>\n<\/div>\n<\/div>\n<\/div>\n","protected":false},"excerpt":{"rendered":"<p data-path-to-node=\"4\">Achetez le mini vaporisateur PAX et profitez d&rsquo;un temps de chauffe de 22 secondes et d&rsquo;une autonomie de plus de 2 heures. Avec la grille de four 3D, vous extrayez vos fleurs de CBD en douceur et en toute discr\u00e9tion. L&rsquo;alternative parfaite et durable \u00e0 la vape THC jetable.    <b data-path-to-node=\"4\" data-index-in-node=\"354\">Livraison rapide en 1-3 jours \u2713 Port pay\u00e9 \u00e0 partir de 80 CHF \u2713<\/b><\/p>\n","protected":false},"featured_media":80505,"comment_status":"open","ping_status":"closed","template":"","meta":{"inline_featured_image":false},"product_brand":[],"product_cat":[383],"product_tag":[1387],"class_list":{"0":"post-80415","1":"product","2":"type-product","3":"status-publish","4":"has-post-thumbnail","6":"product_cat-vaporisateurs","7":"product_tag-new-fr","8":"pif-has-gallery","10":"first","11":"outofstock","12":"taxable","13":"shipping-taxable","14":"purchasable","15":"product-type-variable","16":"rtwpvs-product"},"_links":{"self":[{"href":"https:\/\/www.herbadiberna.ch\/fr\/wp-json\/wp\/v2\/product\/80415","targetHints":{"allow":["GET"]}}],"collection":[{"href":"https:\/\/www.herbadiberna.ch\/fr\/wp-json\/wp\/v2\/product"}],"about":[{"href":"https:\/\/www.herbadiberna.ch\/fr\/wp-json\/wp\/v2\/types\/product"}],"replies":[{"embeddable":true,"href":"https:\/\/www.herbadiberna.ch\/fr\/wp-json\/wp\/v2\/comments?post=80415"}],"wp:featuredmedia":[{"embeddable":true,"href":"https:\/\/www.herbadiberna.ch\/fr\/wp-json\/wp\/v2\/media\/80505"}],"wp:attachment":[{"href":"https:\/\/www.herbadiberna.ch\/fr\/wp-json\/wp\/v2\/media?parent=80415"}],"wp:term":[{"taxonomy":"product_brand","embeddable":true,"href":"https:\/\/www.herbadiberna.ch\/fr\/wp-json\/wp\/v2\/product_brand?post=80415"},{"taxonomy":"product_cat","embeddable":true,"href":"https:\/\/www.herbadiberna.ch\/fr\/wp-json\/wp\/v2\/product_cat?post=80415"},{"taxonomy":"product_tag","embeddable":true,"href":"https:\/\/www.herbadiberna.ch\/fr\/wp-json\/wp\/v2\/product_tag?post=80415"}],"curies":[{"name":"wp","href":"https:\/\/api.w.org\/{rel}","templated":true}]}}