{"id":80264,"date":"2026-03-05T16:23:03","date_gmt":"2026-03-05T15:23:03","guid":{"rendered":"https:\/\/www.herbadiberna.ch\/?post_type=product&#038;p=80264"},"modified":"2026-03-06T11:31:39","modified_gmt":"2026-03-06T10:31:39","slug":"vaporisateur-arizer-air-se-kopie-2","status":"publish","type":"product","link":"https:\/\/www.herbadiberna.ch\/fr\/produit\/vaporisateur-arizer-air-se-kopie-2\/","title":{"rendered":"Vaporisateur PAX Mini 2"},"content":{"rendered":"<div class=\"flex max-w-full flex-col flex-grow\">\n<div class=\"min-h-8 text-message flex w-full flex-col items-end gap-2 whitespace-normal break-words text-start [.text-message+&amp;]:mt-5\" dir=\"auto\">\n<div class=\"flex w-full flex-col gap-1 empty:hidden first:pt-[3px]\">\n<div class=\"markdown prose w-full break-words dark:prose-invert light\">\n<h2><strong>Acheter un PAX Mini 2 - Le concentr\u00e9 de puissance compact haut de gamme<\/strong><\/h2>\n<p><strong>Achetez<\/strong> le <strong>PAX Mini 2<\/strong> et profitez des performances embl\u00e9matiques de la gamme dans le format le plus petit \u00e0 ce jour. Pr\u00eat \u00e0 l&#8217;emploi en quelques gestes, cet appareil est l\u00e9ger, tient dans la poche et offre une qualit\u00e9 sup\u00e9rieure dans un design minimaliste en aluminium anodis\u00e9. Si vous cherchez un compagnon discret, vous trouverez ici une alternative intelligente et durable \u00e0 toute vape THC traditionnelle.  <\/p>\n<h2><strong>Chambre et performances optimis\u00e9es dans le nouveau vaporisateur<\/strong><\/h2>\n<p>Malgr\u00e9 sa taille compacte, l&rsquo;appareil convainc par une chambre de chauffage agrandie qui permet des sessions plus longues avec vos fleurs de CBD.<\/p>\n<ul>\n<li><strong>D\u00e9marrage rapide :<\/strong> apr\u00e8s environ 22 secondes, le Mini 2 est pr\u00eat et fournit une vapeur dense et aromatique constante.<\/li>\n<li><strong>Even-Heating :<\/strong> la distribution de chaleur brevet\u00e9e et uniforme (conduction) permet \u00e0 votre mat\u00e9riau de s&rsquo;\u00e9vaporer efficacement et en douceur, sans aucune combustion.<\/li>\n<\/ul>\n<h2><strong>Pourquoi commander le PAX Mini 2 en ligne ? Une utilisation intuitive ! <\/strong><\/h2>\n<p>Il suffit d&rsquo;appuyer sur un bouton : Allumez, chauffez, vapotez. L&rsquo;astucieux indicateur de floraison LED vous informe intuitivement de l&rsquo;\u00e9tat de l&rsquo;appareil et du niveau de la batterie. C&rsquo;est id\u00e9al pour les d\u00e9butants et les puristes qui ne veulent pas de menus compliqu\u00e9s. De plus, l&rsquo;appareil vous propose quatre modes de chauffage avec un code couleur :   <\/p>\n<ul>\n<li><strong>Violet (mode 1) :<\/strong> Vapeur fine et savoureuse \u00e0 basse temp\u00e9rature.<\/li>\n<li><strong>Vert (mode 2) :<\/strong> Pour des sessions plus longues et une utilisation \u00e9conomique des mat\u00e9riaux.<\/li>\n<li><strong>Jaune (mode 3) :<\/strong> Vapeur puissante et intense.<\/li>\n<li><strong>Orange (mode 4) :<\/strong> Nuages denses et ar\u00f4me maximal.<\/li>\n<\/ul>\n<h2><strong>Nettoyage et batterie de votre vape compacte<\/strong><\/h2>\n<p>Le PAX Mini 2 est extr\u00eamement rapide \u00e0 nettoyer gr\u00e2ce \u00e0 son couvercle de four amovible et \u00e0 son conduit d&rsquo;air direct. La brosse fournie vous permet d&rsquo;\u00e9liminer les r\u00e9sidus en un clin d&rsquo;\u0153il. La batterie tient jusqu&rsquo;\u00e0 2 heures en continu et, gr\u00e2ce \u00e0 la charge rapide USB-C, elle revient \u00e0 100 % en moins de 40 minutes. L&rsquo;appareil est \u00e9galement dot\u00e9 d&rsquo;une fonction d&rsquo;arr\u00eat automatique en cas d&rsquo;inactivit\u00e9.   <\/p>\n<h2><strong>Tous les avantages en un coup d&rsquo;\u0153il<\/strong><\/h2>\n<ul>\n<li><strong>Mobilit\u00e9 maximale :<\/strong> le plus petit vaporisateur PAX de la gamme dans un bo\u00eetier en aluminium.<\/li>\n<li><strong>Technologie de pointe :<\/strong> Even-Heating pour un chauffage uniforme sans combustion.<\/li>\n<li><strong>Contr\u00f4le total :<\/strong> quatre modes de chauffage intelligents avec indicateur de floraison LED.<\/li>\n<li><strong>Batterie puissante :<\/strong> jusqu&rsquo;\u00e0 2 heures d&rsquo;autonomie et chargement rapide via USB-C.<\/li>\n<li><strong>Garantie :<\/strong> 2 ans en standard (+ 2 ans suppl\u00e9mentaires en cas d&rsquo;enregistrement).<\/li>\n<\/ul>\n<h2><strong>Contenu de la bo\u00eete si vous achetez le PAX Mini 2<\/strong><\/h2>\n<ul>\n<li>1 \u00d7 vaporisateur PAX Mini 2<\/li>\n<li>2 \u00d7 embouts (plats &amp; sur\u00e9lev\u00e9s)<\/li>\n<li>1 \u00d7 couvercle de four (adapt\u00e9 aux fleurs de CBD, \u00e0 la cire et aux extraits)<\/li>\n<li>3 \u00d7 tamis de rechange &amp; 1 \u00d7 outil multifonctions<\/li>\n<li>1 \u00d7 c\u00e2ble de charge USB-C &amp; brosse de nettoyage<\/li>\n<li>1 \u00d7 manuel d&rsquo;utilisation<\/li>\n<\/ul>\n<div style=\"background-color: #f8f9fa; border-left: 4px solid #d9534f; padding: 15px; margin-top: 20px; margin-bottom: 20px;\">\n<h3><strong>\u26a0\ufe0f Remarque importante sur l&rsquo;entretien de la batterie<\/strong><\/h3>\n<p><strong>Veuillez utiliser l&rsquo;appareil uniquement avec des chargeurs qui fournissent un courant de charge <a href=\"https:\/\/www.herbadiberna.ch\/it\/produkt\/batteria-efest-imr-18650-3000mah-35a-kopie\/\">maximal de 1A<\/a>. Les chargeurs rapides avec un courant plus \u00e9lev\u00e9 peuvent endommager la batterie \u00e0 long terme et raccourcir la dur\u00e9e de vie du vaporisateur.<\/strong><\/p>\n<\/div>\n<h2><strong>Questions fr\u00e9quentes (FAQ) sur le PAX Mini 2 compact<\/strong><\/h2>\n<p><strong>Pourquoi la technologie Even-Heating est-elle id\u00e9ale pour les fleurs de CBD ?<\/strong><br \/>\nLa technologie brevet\u00e9e Even-Heating assure une r\u00e9partition absolument uniforme de la chaleur dans la chambre. Cela permet d&rsquo;extraire les fleurs de CBD de mani\u00e8re douce et efficace, sans cr\u00e9er de points chauds ni br\u00fbler le mat\u00e9riel. Cela vous garantit le go\u00fbt le plus pur et le plus naturel \u00e0 chaque bouff\u00e9e.  <\/p>\n<p><strong>Quelle est la meilleure fa\u00e7on de nettoyer l&rsquo;appareil apr\u00e8s l&rsquo;avoir command\u00e9 ?<\/strong><br \/>\nL&rsquo;entretien est extr\u00eamement simple gr\u00e2ce au couvercle amovible du four et au canal d&rsquo;air direct. Il suffit d&rsquo;utiliser la brosse de nettoyage fournie et un peu d&rsquo;alcool isopropylique pour nettoyer r\u00e9guli\u00e8rement le conduit d&rsquo;air et la chambre, afin que les performances et le go\u00fbt restent toujours optimaux. <\/p>\n<h2><strong>Achetez la PAX Mini 2 maintenant et vapotez directement.<\/strong><\/h2>\n<p>Ce mod\u00e8le allie performance, simplicit\u00e9 et design dans un \u00e9quilibre parfait. Avec son temps de chauffe rapide et son utilisation intuitive, il est le compagnon parfait pour la vie quotidienne.<br \/>\nCommandez votre nouveau vaporisateur haut de gamme en ligne d\u00e8s maintenant sur Herba di Berna ! <\/p>\n<h2><strong>D\u00e9couvrir plus de vaporisateurs et d&rsquo;accessoires<\/strong><\/h2>\n<p>\u27a1\ufe0f Les ar\u00f4mes les plus d\u00e9licieux pour votre PAX : <a href=\"https:\/\/www.herbadiberna.ch\/fr\/fleurs-de-cbd\/\">Fleurs de CBD<\/a><br \/>\n\u27a1\ufe0f Remplissez votre chambre au meilleur prix : <a href=\"https:\/\/www.herbadiberna.ch\/fr\/trim-fr\/\">Acheter CBD Trim<\/a><br \/>\n\u27a1\ufe0f Compl\u00e9ment puissant pour l&rsquo;extraction :    <a href=\"https:\/\/www.herbadiberna.ch\/fr\/haschisch-au-cbd\/\">Hash CBD<\/a><\/p>\n<\/div>\n<\/div>\n<\/div>\n<\/div>\n","protected":false},"excerpt":{"rendered":"<p>Compact, intelligent et extr\u00eamement puissant. Le PAX Mini 2 apporte des performances haut de gamme \u00e9prouv\u00e9es dans le plus petit format \u00e0 ce jour. Avec une chambre plus grande et un temps de chauffe ultra-rapide, il est l&rsquo;alternative parfaite et durable \u00e0 la vape THC jetable pour vos fleurs de CBD.    <strong>Livraison rapide en 1-3 jours \u2713 Port pay\u00e9 \u00e0 partir de 80 CHF \u2713<\/strong><\/p>\n","protected":false},"featured_media":80283,"comment_status":"open","ping_status":"closed","template":"","meta":{"inline_featured_image":false},"product_brand":[],"product_cat":[383],"product_tag":[1387],"class_list":{"0":"post-80264","1":"product","2":"type-product","3":"status-publish","4":"has-post-thumbnail","6":"product_cat-vaporisateurs","7":"product_tag-new-fr","8":"pif-has-gallery","10":"first","11":"instock","12":"taxable","13":"shipping-taxable","14":"purchasable","15":"product-type-simple"},"_links":{"self":[{"href":"https:\/\/www.herbadiberna.ch\/fr\/wp-json\/wp\/v2\/product\/80264","targetHints":{"allow":["GET"]}}],"collection":[{"href":"https:\/\/www.herbadiberna.ch\/fr\/wp-json\/wp\/v2\/product"}],"about":[{"href":"https:\/\/www.herbadiberna.ch\/fr\/wp-json\/wp\/v2\/types\/product"}],"replies":[{"embeddable":true,"href":"https:\/\/www.herbadiberna.ch\/fr\/wp-json\/wp\/v2\/comments?post=80264"}],"wp:featuredmedia":[{"embeddable":true,"href":"https:\/\/www.herbadiberna.ch\/fr\/wp-json\/wp\/v2\/media\/80283"}],"wp:attachment":[{"href":"https:\/\/www.herbadiberna.ch\/fr\/wp-json\/wp\/v2\/media?parent=80264"}],"wp:term":[{"taxonomy":"product_brand","embeddable":true,"href":"https:\/\/www.herbadiberna.ch\/fr\/wp-json\/wp\/v2\/product_brand?post=80264"},{"taxonomy":"product_cat","embeddable":true,"href":"https:\/\/www.herbadiberna.ch\/fr\/wp-json\/wp\/v2\/product_cat?post=80264"},{"taxonomy":"product_tag","embeddable":true,"href":"https:\/\/www.herbadiberna.ch\/fr\/wp-json\/wp\/v2\/product_tag?post=80264"}],"curies":[{"name":"wp","href":"https:\/\/api.w.org\/{rel}","templated":true}]}}