{"id":80237,"date":"2026-03-05T13:36:54","date_gmt":"2026-03-05T12:36:54","guid":{"rendered":"https:\/\/www.herbadiberna.ch\/?post_type=product&#038;p=80237"},"modified":"2026-04-17T10:22:32","modified_gmt":"2026-04-17T09:22:32","slug":"force-des-nuages-fx-mini-ultra-water-bubbler-kopie","status":"publish","type":"product","link":"https:\/\/www.herbadiberna.ch\/fr\/produit\/force-des-nuages-fx-mini-ultra-water-bubbler-kopie\/","title":{"rendered":"Force des nuages \u00c4ris Ultra Bubbler"},"content":{"rendered":"<div class=\"flex max-w-full flex-col flex-grow\">\n<div class=\"min-h-8 text-message flex w-full flex-col items-end gap-2 whitespace-normal break-words text-start [.text-message+&amp;]:mt-5\" dir=\"auto\">\n<div class=\"flex w-full flex-col gap-1 empty:hidden first:pt-[3px]\">\n<div class=\"markdown prose w-full break-words dark:prose-invert light\">\n<h2><strong>Acheter un brouilleur WOLKENKRAFT \u00c4RIS - La mise \u00e0 niveau ultime<\/strong><\/h2>\n<p>Vous poss\u00e9dez d\u00e9j\u00e0 le vaporisateur \u00c4RIS et vous voulez l&rsquo;exp\u00e9rience ultime pour vos fleurs de CBD ? Alors vous devriez acheter le <strong>WOLKENKRAFT \u00c4RIS Bubbler<\/strong> et d\u00e9couvrir une toute nouvelle dimension d&rsquo;extraction. Ce filtre \u00e0 eau sp\u00e9cialement con\u00e7u est la r\u00e9ponse \u00e0 vos besoins et une alternative durable \u00e0 toute vape THC jetable qui gratte.  <\/p>\n<h2><strong>Facile \u00e0 utiliser si vous commandez les accessoires \u00c4RIS<\/strong><\/h2>\n<p>L&rsquo;utilisation de ce filtre \u00e0 eau est absolument enfantine et se fait en un clin d&rsquo;\u0153il :<\/p>\n<ul>\n<li><strong>Changement rapide :<\/strong> vous retirez simplement l&#8217;embout standard de votre vaporisateur \u00c4RIS.<\/li>\n<li><strong>Pr\u00e9paration facile :<\/strong> remplacez-le par le bubbler que vous aurez pr\u00e9alablement rempli d&rsquo;un peu d&rsquo;eau.<\/li>\n<li><strong>Plaisir direct :<\/strong> et voil\u00e0, vous pouvez commencer votre session !<\/li>\n<\/ul>\n<h2><strong>Pourquoi acheter Wolkenkraft \u00c4ris Bubbler ? Un plaisir pur et frais ! <\/strong><\/h2>\n<p>Mais qu&rsquo;est-ce qui rend cet accessoire si sp\u00e9cial ? Le diffuseur Ultra Bubbler d&rsquo;\u00c4RIS refroidit la vapeur imm\u00e9diatement apr\u00e8s sa production, tout en filtrant les minuscules particules restantes. Le r\u00e9sultat est une vapeur d&rsquo;une puret\u00e9 et d&rsquo;une fra\u00eecheur exceptionnelles. Votre inhalation devient ainsi un v\u00e9ritable plaisir, sans aucun inconv\u00e9nient de grattage de la gorge.   <\/p>\n<h2><strong>Mat\u00e9riaux et dimensions de votre nouveau bubble-ball en verre<\/strong><\/h2>\n<p>Le brouilleur est fabriqu\u00e9 en verre borosilicat\u00e9 de haute qualit\u00e9, \u00e9galement connu pour \u00eatre un verre de laboratoire extr\u00eamement robuste. Il est con\u00e7u en deux parties, ce qui facilite son nettoyage et son entretien apr\u00e8s utilisation. Avec une hauteur d&rsquo;environ 85 mm et un diam\u00e8tre d&rsquo;environ 20 mm, ce filtre \u00e0 eau est parfaitement adapt\u00e9 aux proportions de votre \u00c4RIS.<br \/>\n<em>Veuillez noter : ce filtre \u00e0 eau est exclusivement adapt\u00e9 aux mod\u00e8les \u00c4RIS et n&rsquo;est pas compatible avec le Wolkenkraft FX MINI.<\/em><\/p>\n<h2><strong>Sp\u00e9cifications et contenu de la livraison<\/strong><\/h2>\n<ul>\n<li><strong>Compatibilit\u00e9 :<\/strong> vaporisateurs WOLKENKRAFT \u00c4RIS &amp; \u00c4RIS Ultra<\/li>\n<li><strong>Mat\u00e9riau :<\/strong> verre borosilicat\u00e9 r\u00e9sistant \u00e0 la chaleur et \u00e0 la rupture (verre de laboratoire)<\/li>\n<li><strong>Dimensions :<\/strong> hauteur environ 85 mm, diam\u00e8tre environ 20 mm<\/li>\n<li><strong>Caract\u00e9ristiques :<\/strong> Filtration de l&rsquo;eau, d\u00e9montable en deux parties<\/li>\n<li><strong>Contenu de l&#8217;emballage :<\/strong> 1 \u00d7 bubbler, 1 \u00d7 embout buccal en verre de laboratoire, 1 \u00d7 joint en silicone<\/li>\n<\/ul>\n<h2><strong>Foire aux questions (FAQ) sur le filtre \u00e0 eau \u00c4RIS<\/strong><\/h2>\n<p><strong>Pourquoi le bubbler am\u00e9liore-t-il le go\u00fbt des fleurs de CBD ?<\/strong><br \/>\nGr\u00e2ce \u00e0 la filtration de l&rsquo;eau, la vapeur chaude est efficacement refroidie avant d&rsquo;\u00eatre inhal\u00e9e. Cela m\u00e9nage sensiblement la gorge et permet aux terp\u00e8nes subtils des fleurs de CBD de s&rsquo;exprimer beaucoup mieux et de mani\u00e8re plus authentique. Ainsi, vous faites l&rsquo;exp\u00e9rience d&rsquo;un ar\u00f4me pur et intense \u00e0 chaque bouff\u00e9e.  <\/p>\n<p><strong>Quelle est la meilleure fa\u00e7on de nettoyer le brouilleur en verre ?<\/strong><br \/>\nComme le mod\u00e8le est compos\u00e9 de deux parties, il est extr\u00eamement facile de le d\u00e9monter et de le nettoyer apr\u00e8s la session. Nous vous recommandons d&rsquo;utiliser de l&rsquo;eau chaude et, en cas de r\u00e9sidus tenaces, un peu d&rsquo;alcool isopropylique pour nettoyer le verre borosilicat\u00e9 sans effort. Il suffit ensuite de le rincer \u00e0 l&rsquo;eau claire, de le laisser s\u00e9cher et il est \u00e0 nouveau parfaitement utilisable.  <\/p>\n<h2><strong>Achetez d\u00e8s maintenant le bubbler WOLKENKRAFT \u00c4RIS et profitez-en imm\u00e9diatement.<\/strong><\/h2>\n<p>Ne faites pas de compromis lors de vos sessions et tirez le maximum de votre appareil. En <strong>achetant<\/strong> le vaporisateur <strong>WOLKENKRAFT \u00c4RIS Bubbler<\/strong>, vous investissez dans une vapeur douce, un entretien facile et une qualit\u00e9 de laboratoire de premier ordre.<br \/>\nCommandez d\u00e8s maintenant chez Herba di Berna - votre expert suisse en vaporisateurs haut de gamme et accessoires correspondants. <\/p>\n<h2><strong>D\u00e9couvrir plus de vaporisateurs &amp; d&rsquo;accessoires CBD<\/strong><\/h2>\n<p>\u27a1\ufe0f Le remplissage ad\u00e9quat pour votre prochaine session : <a href=\"https:\/\/www.herbadiberna.ch\/fr\/fleurs-de-cbd\/\">Fleurs de CBD<\/a><br \/>\n\u27a1\ufe0f Remplissez votre chambre au meilleur prix : <a href=\"https:\/\/www.herbadiberna.ch\/fr\/trim-fr\/\">Acheter CBD Trim<\/a><br \/>\n\u27a1\ufe0f Pour l&rsquo;\u00e9quilibre int\u00e9rieur au quotidien :    <a href=\"https:\/\/www.herbadiberna.ch\/fr\/huile-de-cbd\/\">Huile de CBD<\/a><\/p>\n<\/div>\n<\/div>\n<\/div>\n<\/div>\n","protected":false},"excerpt":{"rendered":"<p>Le plaisir le plus pur pour votre vaporisateur. Le brouilleur \u00c4RIS de WOLKENKRAFT en deux parties, fabriqu\u00e9 en verre borosilicat\u00e9 robuste, refroidit instantan\u00e9ment la vapeur de vos fleurs de CBD et est l&rsquo;accessoire premium ultime. L&rsquo;alternative intelligente et douce \u00e0 toute vape THC jetable.    <strong>Livraison rapide en 1-3 jours \u2713 Port pay\u00e9 \u00e0 partir de 80 CHF \u2713<\/strong><\/p>\n","protected":false},"featured_media":80244,"comment_status":"open","ping_status":"closed","template":"","meta":{"inline_featured_image":false},"product_brand":[],"product_cat":[1148],"product_tag":[1387],"class_list":{"0":"post-80237","1":"product","2":"type-product","3":"status-publish","4":"has-post-thumbnail","6":"product_cat-pieces-de-rechange-pour-la-vape","7":"product_tag-new-fr","8":"pif-has-gallery","10":"first","11":"instock","12":"taxable","13":"shipping-taxable","14":"purchasable","15":"product-type-simple"},"_links":{"self":[{"href":"https:\/\/www.herbadiberna.ch\/fr\/wp-json\/wp\/v2\/product\/80237","targetHints":{"allow":["GET"]}}],"collection":[{"href":"https:\/\/www.herbadiberna.ch\/fr\/wp-json\/wp\/v2\/product"}],"about":[{"href":"https:\/\/www.herbadiberna.ch\/fr\/wp-json\/wp\/v2\/types\/product"}],"replies":[{"embeddable":true,"href":"https:\/\/www.herbadiberna.ch\/fr\/wp-json\/wp\/v2\/comments?post=80237"}],"wp:featuredmedia":[{"embeddable":true,"href":"https:\/\/www.herbadiberna.ch\/fr\/wp-json\/wp\/v2\/media\/80244"}],"wp:attachment":[{"href":"https:\/\/www.herbadiberna.ch\/fr\/wp-json\/wp\/v2\/media?parent=80237"}],"wp:term":[{"taxonomy":"product_brand","embeddable":true,"href":"https:\/\/www.herbadiberna.ch\/fr\/wp-json\/wp\/v2\/product_brand?post=80237"},{"taxonomy":"product_cat","embeddable":true,"href":"https:\/\/www.herbadiberna.ch\/fr\/wp-json\/wp\/v2\/product_cat?post=80237"},{"taxonomy":"product_tag","embeddable":true,"href":"https:\/\/www.herbadiberna.ch\/fr\/wp-json\/wp\/v2\/product_tag?post=80237"}],"curies":[{"name":"wp","href":"https:\/\/api.w.org\/{rel}","templated":true}]}}