{"id":80063,"date":"2026-03-04T11:56:59","date_gmt":"2026-03-04T10:56:59","guid":{"rendered":"https:\/\/www.herbadiberna.ch\/vaporisateur-storz-et-bickel-veazy\/"},"modified":"2026-04-17T01:19:44","modified_gmt":"2026-04-17T00:19:44","slug":"vaporisateur-storz-et-bickel-veazy","status":"publish","type":"product","link":"https:\/\/www.herbadiberna.ch\/fr\/produit\/vaporisateur-storz-et-bickel-veazy\/","title":{"rendered":"Vaporisateur Storz et Bickel Veazy"},"content":{"rendered":"<div class=\"flex max-w-full flex-col flex-grow\">\n<div class=\"min-h-8 text-message flex w-full flex-col items-end gap-2 whitespace-normal break-words text-start [.text-message+&amp;]:mt-5\" dir=\"auto\">\n<div class=\"flex w-full flex-col gap-1 empty:hidden first:pt-[3px]\">\n<div class=\"markdown prose w-full break-words dark:prose-invert light\">\n<h2><strong>Acheter un vaporisateur Storz &amp; Bickel VEAZY - Qualit\u00e9 premium en 4 couleurs<\/strong><\/h2>\n<p>Achetez le <strong>vaporisateur VEAZY<\/strong> et profitez d&rsquo;une libert\u00e9 absolue. C&rsquo;est le mod\u00e8le le plus compact de la technologie de vaporisation de pointe et il a \u00e9t\u00e9 con\u00e7u pour ceux qui ne veulent pas faire de compromis. Qu&rsquo;il s&rsquo;agisse de fleurs fines de CBD ou de THC ou de r\u00e9sines solides de CBD ou de THC, cet appareil vous permet d&rsquo;obtenir le meilleur ar\u00f4me.  <\/p>\n<p>D\u00e8s maintenant, nous vous offrons un choix complet de <strong>vaporisateurs VEAZY<\/strong>. Choisissez votre favori : <\/p>\n<ul>\n<li><strong>Alluring Black :<\/strong> noir mat intemporel pour une discr\u00e9tion maximale.<\/li>\n<li><strong>Dynamic Blue :<\/strong> un bleu moderne et froid pour une allure \u00e9l\u00e9gante.<\/li>\n<li><strong>Inspiring Orange :<\/strong> frappant, frais et plein d&rsquo;\u00e9nergie.<\/li>\n<li><strong>Charming Pink :<\/strong> un rose vif et doux qui attire vraiment l&rsquo;attention.<\/li>\n<\/ul>\n<p>L&rsquo;appareil allie un design \u00e9l\u00e9gant \u00e0 la qualit\u00e9 \u00e9prouv\u00e9e Storz &amp; Bickel Made in Germany et \u00e0 une technologie intelligente.<\/p>\n<h2><strong>D\u00e9couvrir les modes intelligents du vaporisateur VEAZY<\/strong><\/h2>\n<p>Oubliez les r\u00e9glages compliqu\u00e9s. Le <strong>vaporisateur VEAZY<\/strong> pense avec vous. Gr\u00e2ce \u00e0 ses commandes intuitives \u00e0 un seul bouton, il s&rsquo;adapte \u00e0 votre session - avec une application smartphone en option :  <\/p>\n<ul>\n<li><strong>Mode de base :<\/strong> d\u00e9marre directement \u00e0 180\u00b0C pour une extraction optimale de vos fleurs de CBD.<\/li>\n<li><strong>Mode Booster :<\/strong> augmente rapidement la temp\u00e9rature de 15 \u00b0C en double-cliquant dessus.<\/li>\n<li><strong>Mode Superbooster :<\/strong> puissance maximale pour une vapeur dense \u00e0 encore +15 \u00b0C.<\/li>\n<li><strong>App Control :<\/strong> contr\u00f4le au degr\u00e9 pr\u00e8s entre 40 \u00b0C et 210 \u00b0C via Bluetooth.<\/li>\n<\/ul>\n<h2><strong>Pourquoi commander le VEAZY ? Le nec plus ultra de la l\u00e9g\u00e8ret\u00e9 ! <\/strong><\/h2>\n<p>Le nom est tout un programme : avec le <strong>vaporisateur VEAZY<\/strong>, vous obtenez l&rsquo;appareil le plus l\u00e9ger de Storz &amp; Bickel \u00e0 ce jour. Il ne p\u00e8se que 134 grammes et se glisse facilement dans une poche de pantalon. La chambre de remplissage recouverte de c\u00e9ramique (1,4 cm\u00b3) est id\u00e9alement proportionn\u00e9e, garde vos fleurs de CBD et de THC en s\u00e9curit\u00e9 et garantit le go\u00fbt le plus pur des terp\u00e8nes \u00e0 chaque bouff\u00e9e.  <\/p>\n<h2><strong>Puissance du vaporisateur VEAZY<\/strong><\/h2>\n<p>Avec une batterie lithium-ion puissante et un temps de chauffe rapide de seulement 40 secondes, VEAZY est votre compagnon de confiance. Le syst\u00e8me de chauffage hybride brevet\u00e9 (convection et conduction) am\u00e9liore le flux d&rsquo;air et est tr\u00e8s facile \u00e0 nettoyer. Que ce soit en <strong>noir<\/strong> classique ou dans les variantes color\u00e9es, le toucher du plastique m\u00e9dical PEEK est d&rsquo;une qualit\u00e9 incomparable.  <\/p>\n<h2><strong>Tous les avantages du vaporisateur VEAZY en un coup d&rsquo;\u0153il<\/strong><\/h2>\n<ul>\n<li><strong>Go\u00fbt sup\u00e9rieur :<\/strong> chauffage hybride parfait pour les fleurs de CBD et de THC.<\/li>\n<li><strong>3 modes de temp\u00e9rature :<\/strong> base, booster, superbooster (contr\u00f4lable directement sur l&rsquo;appareil).<\/li>\n<li><strong>Compact et l\u00e9ger :<\/strong> seulement 134 grammes de poids total.<\/li>\n<li><strong>Choix de couleurs :<\/strong> Noir, Bleu, Orange, Rose.<\/li>\n<li><strong>Port de charge USB-C :<\/strong> une recharge moderne et simple.<\/li>\n<li><strong>Application intelligente :<\/strong> connectivit\u00e9 Bluetooth pour des r\u00e9glages pr\u00e9cis.<\/li>\n<\/ul>\n<h2><strong>Contenu du vaporisateur VEAZY<\/strong><\/h2>\n<ul>\n<li>1 \u00d7 vaporisateur VEAZY (au choix : noir, bleu, orange, rose)<\/li>\n<li>1 \u00d7 capsule de dosage &amp; 1 \u00d7 outil de chambre de remplissage<\/li>\n<li>3 \u00d7 tamis normal (petit) &amp; 3 \u00d7 tamis grossier (petit)<\/li>\n<li>2 \u00d7 joints toriques &amp; 1 \u00d7 pinceau de nettoyage<\/li>\n<li>1 \u00d7 c\u00e2ble de charge USB-C<\/li>\n<li>1 \u00d7 guide d&rsquo;utilisation rapide<\/li>\n<\/ul>\n<div style=\"background-color: #f8f9fa; border-left: 4px solid #d9534f; padding: 15px; margin-top: 20px; margin-bottom: 20px;\">\n<h3><strong>\u26a0\ufe0f Remarque importante sur l&rsquo;entretien de la batterie<\/strong><\/h3>\n<p><strong>Veuillez utiliser l&rsquo;appareil uniquement avec des chargeurs qui fournissent un courant de charge <a href=\"https:\/\/www.herbadiberna.ch\/it\/produkt\/batteria-efest-imr-18650-3000mah-35a-kopie\/\">maximal de 1A<\/a>. Les chargeurs rapides avec un courant plus \u00e9lev\u00e9 peuvent endommager la batterie \u00e0 long terme et raccourcir la dur\u00e9e de vie du vaporisateur.<\/strong><\/p>\n<\/div>\n<h2><strong>Questions fr\u00e9quentes (FAQ) sur le vaporisateur VEAZY<\/strong><\/h2>\n<p><strong>Pourquoi le vaporisateur VEAZY est-il particuli\u00e8rement adapt\u00e9 aux fleurs de CBD ?<\/strong><br \/>\nLe vaporisateur VEAZY utilise un chauffage hybride brevet\u00e9 qui garantit une vaporisation en douceur \u00e0 des temp\u00e9ratures inf\u00e9rieures au point de combustion. Cela permet de pr\u00e9server les pr\u00e9cieux terp\u00e8nes et cannabino\u00efdes des fleurs de CBD et de lib\u00e9rer leur plein potentiel, sans fum\u00e9e nocive. <\/p>\n<p><strong>Quelle est la meilleure fa\u00e7on de nettoyer la chambre de remplissage de mon VEAZY ?<\/strong><br \/>\nLa chambre recouverte de c\u00e9ramique peut \u00eatre facilement bross\u00e9e directement apr\u00e8s l&rsquo;utilisation \u00e0 l&rsquo;aide du pinceau fourni. Pour un nettoyage plus intensif des composants, il est recommand\u00e9 d&rsquo;utiliser de l&rsquo;alcool isopropylique, qui permet d&rsquo;\u00e9liminer sans effort les r\u00e9sidus les plus tenaces de fleurs de CBD. <\/p>\n<h2><strong>Achetez maintenant le vaporisateur Storz &amp; Bickel VEAZY et profitez pleinement de votre vaporisation.<\/strong><\/h2>\n<p>Assurez-vous d&rsquo;obtenir le vainqueur des tests en termes de compacit\u00e9 et de performance. Discret en <strong>noir<\/strong> ou voyant en <strong>rose<\/strong>, le <strong>vaporisateur VEAZY<\/strong> est un investissement de qualit\u00e9 pour d&rsquo;innombrables sessions de CBD relaxantes.<br \/>\nCommandez d\u00e8s maintenant chez Herba di Berna - votre expert suisse en vaporisateurs. <\/p>\n<h2><strong>D\u00e9couvrir plus de vaporisateurs &amp; CBD<\/strong><\/h2>\n<p>\u27a1\ufe0f Des ar\u00f4mes parfaits pour votre session : <a href=\"https:\/\/www.herbadiberna.ch\/fr\/fleurs-de-cbd\/\">fleurs de CBD<\/a><br \/>\n\u27a1\ufe0f L&rsquo;alternative \u00e9conomique pour tous les jours : <a href=\"https:\/\/www.herbadiberna.ch\/fr\/trim-fr\/\">acheter CBD Trim<\/a><br \/>\n\u27a1\ufe0f D\u00e9couvrez notre large gamme :    <a href=\"https:\/\/www.herbadiberna.ch\/fr\/aliments-chanvre\/\">Aliments \u00e0 base de chanvre<\/a><\/p>\n<\/div>\n<\/div>\n<\/div>\n<\/div>\n","protected":false},"excerpt":{"rendered":"<p>D\u00e9couvrez le vaporisateur Storz &amp; Bickel le plus compact dans un format de poche pratique. Le vaporisateur VEAZY l\u00e9ger comme une plume (disponible en noir, bleu, orange et rose) est l&rsquo;alternative premium durable \u00e0 toute vape CBD ou THC jetable.   <strong>Livraison rapide en 1-3 jours \u2713 Port pay\u00e9 \u00e0 partir de 80 CHF \u2713<\/strong><\/p>\n","protected":false},"featured_media":80028,"comment_status":"open","ping_status":"closed","template":"","meta":{"inline_featured_image":false},"product_brand":[],"product_cat":[383],"product_tag":[1387],"class_list":{"0":"post-80063","1":"product","2":"type-product","3":"status-publish","4":"has-post-thumbnail","6":"product_cat-vaporisateurs","7":"product_tag-new-fr","8":"pif-has-gallery","10":"first","11":"instock","12":"taxable","13":"shipping-taxable","14":"purchasable","15":"product-type-variable","16":"rtwpvs-product"},"_links":{"self":[{"href":"https:\/\/www.herbadiberna.ch\/fr\/wp-json\/wp\/v2\/product\/80063","targetHints":{"allow":["GET"]}}],"collection":[{"href":"https:\/\/www.herbadiberna.ch\/fr\/wp-json\/wp\/v2\/product"}],"about":[{"href":"https:\/\/www.herbadiberna.ch\/fr\/wp-json\/wp\/v2\/types\/product"}],"replies":[{"embeddable":true,"href":"https:\/\/www.herbadiberna.ch\/fr\/wp-json\/wp\/v2\/comments?post=80063"}],"wp:featuredmedia":[{"embeddable":true,"href":"https:\/\/www.herbadiberna.ch\/fr\/wp-json\/wp\/v2\/media\/80028"}],"wp:attachment":[{"href":"https:\/\/www.herbadiberna.ch\/fr\/wp-json\/wp\/v2\/media?parent=80063"}],"wp:term":[{"taxonomy":"product_brand","embeddable":true,"href":"https:\/\/www.herbadiberna.ch\/fr\/wp-json\/wp\/v2\/product_brand?post=80063"},{"taxonomy":"product_cat","embeddable":true,"href":"https:\/\/www.herbadiberna.ch\/fr\/wp-json\/wp\/v2\/product_cat?post=80063"},{"taxonomy":"product_tag","embeddable":true,"href":"https:\/\/www.herbadiberna.ch\/fr\/wp-json\/wp\/v2\/product_tag?post=80063"}],"curies":[{"name":"wp","href":"https:\/\/api.w.org\/{rel}","templated":true}]}}