{"id":79781,"date":"2026-01-27T16:27:59","date_gmt":"2026-01-27T15:27:59","guid":{"rendered":"https:\/\/www.herbadiberna.ch\/cbd-trim-vape-bundle-vova\/"},"modified":"2026-04-17T06:33:12","modified_gmt":"2026-04-17T05:33:12","slug":"cbd-trim-vape-bundle-vova","status":"publish","type":"product","link":"https:\/\/www.herbadiberna.ch\/fr\/produit\/cbd-trim-vape-bundle-vova\/","title":{"rendered":"CBD Trim &amp; Vape Bundle - VOVA"},"content":{"rendered":"<h2><strong>D\u00e9marrer avec le bundle VOVA CBD Vape - Trim &amp; Vape Starter<\/strong><\/h2>\n<p>C&rsquo;est facile et pas cher ! Avec le CBD Trim &amp; Vape Bundle - VOVA Starter, vous obtenez le package parfait pour un plaisir imm\u00e9diat. Comme vous pouvez le voir sur la photo du produit, vous recevrez une vaste s\u00e9lection de CBD Trim de qualit\u00e9 sup\u00e9rieure avec le vaporisateur correspondant. Vous pouvez ainsi \u00e9conomiser intelligemment votre budget tout en soulageant vos poumons gr\u00e2ce \u00e0 la vaporisation douce sans combustion - pour un plaisir plus pur et plus conscient.   <\/p>\n<p>Pour seulement <strong>95 CHF<\/strong>, vous pouvez commencer. Ce kit est 100 % <strong>pr\u00eat \u00e0 vaper <\/strong>et constitue la combinaison la plus avantageuse pour commencer une exp\u00e9rience de weed plus saine. <\/p>\n<p><strong>Pourquoi changer ?<\/strong><br \/>\nVaporiser au lieu de fumer permet d&rsquo;\u00e9conomiser de l&rsquo;argent et de pr\u00e9server les poumons. L&rsquo;absence de combustion signifie moins de substances nocives et une absorption plus efficace des substances actives. Pour en savoir plus, consultez notre article de blog : <a href=\"http:\/\/herbadiberna.ch\/blog\/lieber-vapen-statt-rauchen\/\">Mieux vaut vaper que fumer<\/a>.  <\/p>\n<h2><strong>Contenu du bundle VOVA CBD Vape : votre paquet sans souci<\/strong><\/h2>\n<p>L&rsquo;image vous montre exactement ce qui vous attend dans ce kit : un puissant stock de trois vari\u00e9t\u00e9s diff\u00e9rentes de CBD et le mat\u00e9riel correspondant.<\/p>\n<ul>\n<li><strong>Consistance parfaite (handtrim blending) :<\/strong> Un coup d&rsquo;\u0153il \u00e0 la loupe le montre clairement - notre trim est d\u00e9j\u00e0 parfaitement broy\u00e9. Ce m\u00e9lange de haute qualit\u00e9 de petits composants floraux et de feuilles de sucre r\u00e9sineux offre physiquement la surface id\u00e9ale pour les vaporisateurs. Il suffit de remplir la chambre et de vaporiser.  <\/li>\n<li><strong>Toute la diversit\u00e9 des saveurs (3 vari\u00e9t\u00e9s) :<\/strong> D\u00e9couvrez le monde de Herba di Berna avec ces trois vari\u00e9t\u00e9s :\n<ul>\n<li><strong>Outdoor - <a href=\"https:\/\/www.herbadiberna.ch\/it\/produkt\/trim-mix-per-esterni-35g-lime-sweet\/\">ACDC Berry<\/a>:<\/strong> la douceur des baies rencontre la fra\u00eecheur du citron.<\/li>\n<li><strong>Greenhouse - <a href=\"https:\/\/www.herbadiberna.ch\/it\/produkt\/miscela-trim-serra-30g\/\">Plutonium Cannatonic<\/a>:<\/strong> Une sensation fruit\u00e9e des Cara\u00efbes en provenance de l&rsquo;Oberland bernois.<\/li>\n<li><strong>Int\u00e9rieur - <a href=\"https:\/\/www.herbadiberna.ch\/it\/produkt\/mix-di-finiture-per-interni\/\">Bubblegum Harlequin<\/a>:<\/strong> qualit\u00e9 de luxe extr\u00eamement r\u00e9sineuse avec un go\u00fbt sucr\u00e9 de Huba Bubba.<\/li>\n<\/ul>\n<\/li>\n<li><strong>Le vaporisateur VOVA (\u00e0 droite sur la photo) :<\/strong> Vous recevrez le <strong><a href=\"https:\/\/www.herbadiberna.ch\/it\/produkt\/vova-vaporizzatore-portatile-di-erbe-secche-in-pelle\/\">VOVA Vaporizer<\/a><\/strong> - notre vainqueur en termes de rapport qualit\u00e9-prix, dans un design en cuir \u00e9l\u00e9gant. Il est compact, intuitif (un seul bouton de commande) et parfait pour les d\u00e9butants. Vous voulez savoir ce qu&rsquo;il peut faire ? Cliquez ici pour voir le rapport d\u00e9taill\u00e9 <a href=\"https:\/\/www.herbadiberna.ch\/fr\/blog\/le-cbd-contre-le-rhume-un-soutien-naturel-pendant-la-saison-froide\/\"><strong>Test de la vape<\/strong><\/a>.   <\/li>\n<\/ul>\n<h3><strong>Ce que disent les clients de VOVA Vape Set<\/strong><\/h3>\n<blockquote><p>\u00ab\u00a0La transition a \u00e9t\u00e9 super facile. Plus de grattements dans la gorge et le bundle dure \u00e9ternellement. Le rapport qualit\u00e9\/prix est top\u00a0\u00bb - Client Herba enthousiaste  <\/p><\/blockquote>\n<h3><strong>Achetez maintenant le bundle VOVA CBD Vape et \u00e9conomisez<\/strong><\/h3>\n<p>Pourquoi faire compliqu\u00e9 quand on peut faire simple ? En <strong>achetant<\/strong> ce <strong>kit de d\u00e9marrage<\/strong>, vous optez pour le confort. Il n&rsquo;a jamais \u00e9t\u00e9 aussi facile et \u00e9conomique de passer \u00e0 la vaporisation, moins polluante.  <\/p>\n<p><strong>Commandez d\u00e8s maintenant votre bundle \u00e0 un prix avantageux et profitez-en imm\u00e9diatement !<\/strong><\/p>\n<p><strong>En savoir plus :<\/strong><br \/>\n\u27a1\ufe0f Envie d&rsquo;autre chose ? Essayez notre d\u00e9licieux <a href=\"https:\/\/www.herbadiberna.ch\/fr\/haschisch-au-cbd\/\">hasch CBD<\/a>.<br \/>\n\u27a1\ufe0f Offrez \u00e0 votre corps quelque chose de bon avec nos <a href=\"https:\/\/www.herbadiberna.ch\/hanf-kosmetik\/\">cosm\u00e9tiques au chanvre<\/a>.<br \/>\n\u27a1\ufe0f Pour les petits creux : d\u00e9couvrez nos <a href=\"https:\/\/www.herbadiberna.ch\/hanf-lebensmittel\/\">aliments au chanvre<\/a>. <\/p>\n","protected":false},"excerpt":{"rendered":"<p>Le bundle VOVA CBD Vape (95.- CHF) combine le vaporisateur avec 3 sortes de trim (Vape Ready). Pas de grind, vaporisation imm\u00e9diate.   <strong>1-3 jours D\u00e9lai de livraison \u2713 Port pay\u00e9 \u00e0 partir de 80 CHF \u2713<\/strong><\/p>\n","protected":false},"featured_media":79762,"comment_status":"closed","ping_status":"closed","template":"","meta":{"inline_featured_image":false},"product_brand":[],"product_cat":[355,383],"product_tag":[],"class_list":{"0":"post-79781","1":"product","2":"type-product","3":"status-publish","4":"has-post-thumbnail","6":"product_cat-fleurs-de-cbd","7":"product_cat-vaporisateurs","8":"pif-has-gallery","10":"first","11":"instock","12":"taxable","13":"shipping-taxable","14":"purchasable","15":"product-type-variable","16":"rtwpvs-product"},"_links":{"self":[{"href":"https:\/\/www.herbadiberna.ch\/fr\/wp-json\/wp\/v2\/product\/79781","targetHints":{"allow":["GET"]}}],"collection":[{"href":"https:\/\/www.herbadiberna.ch\/fr\/wp-json\/wp\/v2\/product"}],"about":[{"href":"https:\/\/www.herbadiberna.ch\/fr\/wp-json\/wp\/v2\/types\/product"}],"replies":[{"embeddable":true,"href":"https:\/\/www.herbadiberna.ch\/fr\/wp-json\/wp\/v2\/comments?post=79781"}],"wp:featuredmedia":[{"embeddable":true,"href":"https:\/\/www.herbadiberna.ch\/fr\/wp-json\/wp\/v2\/media\/79762"}],"wp:attachment":[{"href":"https:\/\/www.herbadiberna.ch\/fr\/wp-json\/wp\/v2\/media?parent=79781"}],"wp:term":[{"taxonomy":"product_brand","embeddable":true,"href":"https:\/\/www.herbadiberna.ch\/fr\/wp-json\/wp\/v2\/product_brand?post=79781"},{"taxonomy":"product_cat","embeddable":true,"href":"https:\/\/www.herbadiberna.ch\/fr\/wp-json\/wp\/v2\/product_cat?post=79781"},{"taxonomy":"product_tag","embeddable":true,"href":"https:\/\/www.herbadiberna.ch\/fr\/wp-json\/wp\/v2\/product_tag?post=79781"}],"curies":[{"name":"wp","href":"https:\/\/api.w.org\/{rel}","templated":true}]}}