{"id":76798,"date":"2026-01-09T13:01:31","date_gmt":"2026-01-09T12:01:31","guid":{"rendered":"https:\/\/www.herbadiberna.ch\/?post_type=product&#038;p=76798"},"modified":"2026-04-14T10:40:07","modified_gmt":"2026-04-14T09:40:07","slug":"cannaswisscup-2024-25-carte-de-jury-fleurs-de-cbd-hasch-cbd-kopie","status":"publish","type":"product","link":"https:\/\/www.herbadiberna.ch\/fr\/produit\/cannaswisscup-2024-25-carte-de-jury-fleurs-de-cbd-hasch-cbd-kopie\/","title":{"rendered":"CannaSwissCup 2025\/26 - Carte de jury fleurs CBD &amp; hasch CBD"},"content":{"rendered":"<h2><strong>Acheter la carte CannaSwissCup CBD Jury 2025\/26 - La Cannabis Cup suisse depuis 1998 devient internationale !<\/strong><\/h2>\n<p><strong>Commandez des cartes de jury CannaSwissCup<\/strong> et faites partie du plus grand et du plus traditionnel des jurys de cannabis. Depuis 1998, la Cup est une institution, mais cette saison, tout est nouveau : la comp\u00e9tition s&rsquo;ouvre aux producteurs de toute l&rsquo;Europe ! En tant que membre du jury, vous testerez les meilleures vari\u00e9t\u00e9s, rigoureusement pr\u00e9s\u00e9lectionn\u00e9es, et participerez \u00e0 la d\u00e9signation des gagnants.  <\/p>\n<h2><strong>Caract\u00e9ristiques des cartes de jury CannaSwissCup 2025\/26<\/strong><\/h2>\n<ul>\n<li><strong>Carte CBD WEED (CHF 38.-) :<\/strong> Un total de 19 \u00e9chantillons ! Contient 9x fleurs d&rsquo;ext\u00e9rieur, 5x fleurs d&rsquo;int\u00e9rieur et 5x fleurs de serre. <\/li>\n<li><strong>Carte CBD HASH (CHF 25.-) :<\/strong> Contient 9 \u00e9chantillons exclusifs de haschisch premium.<\/li>\n<li><strong>Billet CannaTrade inclus :<\/strong> chaque carte comprend un billet gratuit d&rsquo;une journ\u00e9e pour le salon du 29 au 31 mai 2026 (Hall 622, Zurich).<\/li>\n<li><strong>Une premi\u00e8re internationale :<\/strong> pour la premi\u00e8re fois depuis 1998, des producteurs de toute l&rsquo;Europe seront pr\u00e9sents.<\/li>\n<li><strong>Pr\u00e9s\u00e9lection exclusive :<\/strong> 39 connaisseurs de cannabis ont s\u00e9lectionn\u00e9 les meilleures vari\u00e9t\u00e9s pour ces cartes lors de trois VIP Jury Days \u00e0 St. L\u00e9gier, Zurich et Lugano.<\/li>\n<\/ul>\n<h2><strong>Pourquoi acheter une carte de jury CannaSwissCup ?<\/strong><\/h2>\n<p>Si vous souhaitez comparer la cr\u00e8me de la cr\u00e8me de la g\u00e9n\u00e9tique internationale du cannabis, vous ne pouvez pas passer \u00e0 c\u00f4t\u00e9 de ces cartes de jury. Le fait que la Coupe soit organis\u00e9e \u00e0 l&rsquo;\u00e9chelle europ\u00e9enne pour la premi\u00e8re fois depuis sa cr\u00e9ation en 1998 vous garantit une diversit\u00e9 sans pr\u00e9c\u00e9dent. Gr\u00e2ce aux tests rigoureux en laboratoire et \u00e0 la pr\u00e9s\u00e9lection critique de 39 connaisseurs lors des journ\u00e9es du jury VIP, vous ne testez que des produits de qualit\u00e9 sup\u00e9rieure, purs et hautement aromatiques. De plus, le rapport qualit\u00e9-prix est imbattable, puisque le ticket journalier CannaTrade est d\u00e9j\u00e0 inclus dans le prix de CHF 38 ou CHF 25.   <\/p>\n<h2><strong>T\u00e9moignages de clients sur la CannaSwissCup<\/strong><\/h2>\n<p>Les membres du jury appr\u00e9cient depuis des ann\u00e9es l&rsquo;incroyable diversit\u00e9 des vari\u00e9t\u00e9s et la possibilit\u00e9 de participer aux d\u00e9cisions lors de cet \u00e9v\u00e9nement prestigieux. Avec la nouvelle orientation internationale et le nombre massif d&rsquo;\u00e9chantillons (19 pour la carte Weed !), l&rsquo;impatience de la communaut\u00e9 de d\u00e9couvrir de nouveaux profils de go\u00fbt et les plus hauts standards de qualit\u00e9 augmente. <\/p>\n<h2><strong>Questions fr\u00e9quentes sur la CannaSwissCup internationale (FAQ)<\/strong><\/h2>\n<p><strong>Qui choisit les vari\u00e9t\u00e9s pour les cartes du jury ?<\/strong><br \/>\nAu pr\u00e9alable, toutes les vari\u00e9t\u00e9s soumises ont \u00e9t\u00e9 test\u00e9es par 39 connaisseurs confirm\u00e9s du cannabis lors de trois journ\u00e9es exclusives du jury VIP. Celles-ci ont eu lieu dans des clubs suisses renomm\u00e9s \u00e0 Saint-L\u00e9gier, Zurich et Lugano. Seules les vari\u00e9t\u00e9s absolument les meilleures et les plus s\u00fbres ont \u00e9t\u00e9 retenues pour figurer sur les cartes finales du jury.  <\/p>\n<p><strong>Que contiennent exactement les cartes de jury CannaSwissCup ?<\/strong><br \/>\nLa carte Weed vous offre pour CHF 38 un total de 19 \u00e9chantillons de fleurs (Outdoor, Indoor et Greenhouse), tandis que la carte Hash vous offre pour CHF 25 9 \u00e9chantillons de hasch. Les deux variantes comprennent \u00e9galement un pr\u00e9cieux ticket d&rsquo;entr\u00e9e gratuit pour une journ\u00e9e au CannaTrade, qui se tiendra du 29 au 31 mai \u00e0 Zurich. Vous obtenez ainsi un package imbattable pour votre exp\u00e9rience de d\u00e9gustation.  <\/p>\n<p><strong>Quels prix les membres du jury peuvent-ils gagner ?<\/strong><br \/>\nParmi tous les membres du jury qui auront donn\u00e9 leur \u00e9valuation en ligne, le premier prix sera un voyage pour deux personnes \u00e0 Amsterdam. En outre, il y aura divers prix mat\u00e9riels attrayants \u00e0 gagner parmi les produits des sponsors de la CannaSwissCup. La participation au vote vaut donc doublement la peine.  <\/p>\n<h2><strong>En d\u00e9couvrir davantage : Autres produits premium<\/strong><\/h2>\n<p>\u27a1\ufe0f Une alternative intelligente pour la vie quotidienne : <a href=\"https:\/\/www.herbadiberna.ch\/cbd-blueten-kaufen-schweiz\/\">achetez maintenant du CBD trim<\/a> fin.<br \/>\n\u27a1\ufe0f D\u00e9couvrez des saveurs intenses avec nos <a href=\"https:\/\/www.herbadiberna.ch\/fr\/vaporisateurs\/\">vapes au CBD<\/a>.<br \/>\n<a href=\"https:\/\/www.herbadiberna.ch\/cbd-zubehoer\/\">\u27a1\ufe0f D\u00e9couvrir des accessoires pratiques pour votre tasting<\/a><\/p>\n","protected":false},"excerpt":{"rendered":"<p>Devenez membre du jury de la CannaSwissCup 2025\/26 et \u00e9valuez des fleurs de CBD et du haschisch de CBD exclusifs. Incluez<strong> un billet d&rsquo;une journ\u00e9e pour le Cannatrade et gagnez un week-end \u00e0 Amsterdam<\/strong>.<\/p>\n","protected":false},"featured_media":78981,"comment_status":"open","ping_status":"closed","template":"","meta":{"inline_featured_image":false},"product_brand":[],"product_cat":[355],"product_tag":[],"class_list":{"0":"post-76798","1":"product","2":"type-product","3":"status-publish","4":"has-post-thumbnail","6":"product_cat-fleurs-de-cbd","7":"product_shipping_class-frais-dexpedition-forfaitaires-cannaswisscup","8":"pif-has-gallery","10":"first","11":"instock","12":"taxable","13":"shipping-taxable","14":"purchasable","15":"product-type-variable","16":"rtwpvs-product"},"_links":{"self":[{"href":"https:\/\/www.herbadiberna.ch\/fr\/wp-json\/wp\/v2\/product\/76798","targetHints":{"allow":["GET"]}}],"collection":[{"href":"https:\/\/www.herbadiberna.ch\/fr\/wp-json\/wp\/v2\/product"}],"about":[{"href":"https:\/\/www.herbadiberna.ch\/fr\/wp-json\/wp\/v2\/types\/product"}],"replies":[{"embeddable":true,"href":"https:\/\/www.herbadiberna.ch\/fr\/wp-json\/wp\/v2\/comments?post=76798"}],"wp:featuredmedia":[{"embeddable":true,"href":"https:\/\/www.herbadiberna.ch\/fr\/wp-json\/wp\/v2\/media\/78981"}],"wp:attachment":[{"href":"https:\/\/www.herbadiberna.ch\/fr\/wp-json\/wp\/v2\/media?parent=76798"}],"wp:term":[{"taxonomy":"product_brand","embeddable":true,"href":"https:\/\/www.herbadiberna.ch\/fr\/wp-json\/wp\/v2\/product_brand?post=76798"},{"taxonomy":"product_cat","embeddable":true,"href":"https:\/\/www.herbadiberna.ch\/fr\/wp-json\/wp\/v2\/product_cat?post=76798"},{"taxonomy":"product_tag","embeddable":true,"href":"https:\/\/www.herbadiberna.ch\/fr\/wp-json\/wp\/v2\/product_tag?post=76798"}],"curies":[{"name":"wp","href":"https:\/\/api.w.org\/{rel}","templated":true}]}}