{"id":73669,"date":"2025-12-03T17:24:11","date_gmt":"2025-12-03T16:24:11","guid":{"rendered":"https:\/\/www.herbadiberna.ch\/x-kaps-starter-pack-le-kit-4-en-1\/"},"modified":"2026-04-23T19:33:19","modified_gmt":"2026-04-23T18:33:19","slug":"x-kaps-starter-pack-le-kit-4-en-1","status":"publish","type":"product","link":"https:\/\/www.herbadiberna.ch\/fr\/produit\/x-kaps-starter-pack-le-kit-4-en-1\/","title":{"rendered":"X-Kaps Starter Pack - Le kit 4 en 1"},"content":{"rendered":"<div class=\"flex max-w-full flex-col flex-grow\">\n<div class=\"min-h-8 text-message flex w-full flex-col items-end gap-2 whitespace-normal break-words text-start [.text-message+&amp;]:mt-5\" dir=\"auto\">\n<div class=\"flex w-full flex-col gap-1 empty:hidden first:pt-[3px]\">\n<div class=\"markdown prose w-full break-words dark:prose-invert light\">\n<h2><strong>Acheter X-Kaps Starter Pack - Votre bundle 4 en 1 pour chaque situation de la vie<\/strong><\/h2>\n<p>Vous souhaitez <strong>acheter<\/strong> le <strong>Starter Pack X-Kaps<\/strong> parce que vous n&rsquo;arrivez pas \u00e0 vous d\u00e9cider ou que vous \u00eates simplement curieux de savoir ce qui est possible ?<br \/>\nAlors ce kit est fait pour vous, car il constitue une introduction parfaite au monde <strong>du bio-hacking<\/strong>.<br \/>\nLe <strong>bundle de d\u00e9marrage X-Kaps <\/strong>est votre auto-exp\u00e9rience personnelle entre l&rsquo;envol et la relaxation profonde, car il vous fournit la <strong>r\u00e9ponse v\u00e9g\u00e9tale<\/strong> appropri\u00e9e \u00e0 chaque besoin.<\/p>\n<h2><strong>Que contient le X-Kaps Starter Pack ?<\/strong><\/h2>\n<p>Vous recevrez un total <strong>de 16 capsules<\/strong> (4 par vari\u00e9t\u00e9). Vous \u00eates donc par\u00e9 pour toutes les situations : <\/p>\n<ul>\n<li><strong>VisionX (Focus &amp; M\u00e9ditation) :<\/strong> La r\u00e9alit\u00e9, c&rsquo;\u00e9tait hier. Le mulungu et la passiflore permettent d&rsquo;obtenir des flashs cr\u00e9atifs et le flux d&rsquo;un ma\u00eetre zen. Id\u00e9al pour la m\u00e9ditation et le travail en profondeur.  <\/li>\n<li><strong>EuphorX (ambiance et f\u00eate) :<\/strong> Comme un c\u00e2lin sous forme de capsule. La caf\u00e9ine et la L-tyrosine agissent au contraire comme des amplificateurs de bonne humeur pour des nuits dansantes et des liens sociaux - sans aucune gueule de bois. <\/li>\n<li><strong>EnduroX (\u00e9nergie et libido) :<\/strong> Quand vous n&rsquo;en avez pas assez. La L-arginine et la racine de maca fournissent \u00e9galement l&rsquo;endurance n\u00e9cessaire pour le sport, les festivals ou les moments de passion. <\/li>\n<li><strong>ReviveX (R\u00e9g\u00e9n\u00e9ration &amp; D\u00e9toxication) :<\/strong> Le pansement pour l&rsquo;esprit. Enfin, les vitamines et le Q10 appuient sur le bouton de r\u00e9initialisation et vous aident \u00e0 atterrir en douceur et \u00e0 vous r\u00e9g\u00e9n\u00e9rer apr\u00e8s un vol en altitude. <\/li>\n<\/ul>\n<h2><strong>Pourquoi essayer le Starter Pack X-Kaps ?<\/strong><\/h2>\n<p>Pourquoi tout faire en m\u00eame temps ? C&rsquo;est simple : votre vie est vari\u00e9e, donc vos suppl\u00e9ments devraient l&rsquo;\u00eatre aussi.<br \/>\nLe <strong>Starter Pack X-Kaps<\/strong> vous offre quatre exp\u00e9riences uniques dans une seule bo\u00eete.<br \/>\nIl est pratique pour tester, offrir ou tomber amoureux, afin que vous puissiez d\u00e9couvrir quel \u00ab\u00a0facteur X\u00a0\u00bb correspond le mieux \u00e0 votre style de vie. Il rend votre vie plus excitante - sans aucun risque, car tous les ingr\u00e9dients sont 100% naturels et l\u00e9gaux.  <\/p>\n<h2><strong>Une diversit\u00e9 fond\u00e9e sur la science<\/strong><\/h2>\n<p>Notre promesse de qualit\u00e9 s&rsquo;applique \u00e9galement au bundle. Chaque vari\u00e9t\u00e9 est bas\u00e9e sur des ingr\u00e9dients contr\u00f4l\u00e9s : <\/p>\n<ul>\n<li><strong>Effets prouv\u00e9s :<\/strong> de l&rsquo;effet anxiolytique du mulungu (VisionX) \u00e0 l&rsquo;am\u00e9lioration des performances gr\u00e2ce \u00e0 <a href=\"https:\/\/de.wikipedia.org\/wiki\/Arginin\">la L-arginine<\/a> (EnduroX), nous utilisons des \u00e9tudes comme base.<\/li>\n<li><strong>Qualit\u00e9 Swiss Made :<\/strong> toutes les g\u00e9lules sont \u00e9galement v\u00e9g\u00e9taliennes, sans gluten et fabriqu\u00e9es \u00e0 partir d&rsquo;ingr\u00e9dients v\u00e9g\u00e9taux selon des normes suisses strictes.<\/li>\n<\/ul>\n<h2><strong>Commandez X-Kaps Starter d\u00e8s maintenant et commencez votre voyage !<\/strong><\/h2>\n<p>\u00cates-vous pr\u00eat \u00e0 faire votre propre exp\u00e9rience ?<br \/>\nCommandez maintenant &amp; obtenez toute la diversit\u00e9. Procurez-vous le <strong>X-Kaps Starter <\/strong>- pour les curieux, les h\u00e9donistes et tous ceux qui veulent plus de la vie. <\/p>\n<h2><strong>Cliquez ici pour obtenir des d\u00e9tails sur chaque vari\u00e9t\u00e9<\/strong><\/h2>\n<p>\u27a1\ufe0f  <a href=\"\/produkt\/visionx-mulungu-passionsblume\">En savoir plus sur VisionX (focus)<\/a><br \/>\n\u27a1\ufe0f  <a href=\"\/produkt\/euphorx-koffein-tyrosin\">En savoir plus sur EuphorX (Party)<\/a><br \/>\n\u27a1\ufe0f  <a href=\"\/produkt\/endurox-arginin-maca\">En savoir plus sur EnduroX (Power)<\/a><br \/>\n\u27a1\ufe0f  <a href=\"\/produkt\/revivex-katerhilfe\">En savoir plus sur ReviveX (Detox)<\/a><\/p>\n<\/div>\n<\/div>\n<\/div>\n<\/div>\n","protected":false},"excerpt":{"rendered":"<p>Votre voyage vers vous-m\u00eame : Le Starter Pack X-Kaps contient les 4 vari\u00e9t\u00e9s (VisionX, EuphorX, EnduroX, ReviveX) \u00e0 tester. Au total, 16 g\u00e9lules pour la concentration, l&rsquo;euphorie, l&rsquo;endurance et la r\u00e9cup\u00e9ration. Trouvez votre favori - Vegan &amp; Swiss Made.  <\/p>\n","protected":false},"featured_media":73559,"comment_status":"open","ping_status":"closed","template":"","meta":{"inline_featured_image":false},"product_brand":[],"product_cat":[1457],"product_tag":[1387],"class_list":{"0":"post-73669","1":"product","2":"type-product","3":"status-publish","4":"has-post-thumbnail","6":"product_cat-acheter-des-supplements-suisse","7":"product_tag-new-fr","8":"pif-has-gallery","10":"first","11":"instock","12":"taxable","13":"shipping-taxable","14":"purchasable","15":"product-type-simple"},"_links":{"self":[{"href":"https:\/\/www.herbadiberna.ch\/fr\/wp-json\/wp\/v2\/product\/73669","targetHints":{"allow":["GET"]}}],"collection":[{"href":"https:\/\/www.herbadiberna.ch\/fr\/wp-json\/wp\/v2\/product"}],"about":[{"href":"https:\/\/www.herbadiberna.ch\/fr\/wp-json\/wp\/v2\/types\/product"}],"replies":[{"embeddable":true,"href":"https:\/\/www.herbadiberna.ch\/fr\/wp-json\/wp\/v2\/comments?post=73669"}],"wp:featuredmedia":[{"embeddable":true,"href":"https:\/\/www.herbadiberna.ch\/fr\/wp-json\/wp\/v2\/media\/73559"}],"wp:attachment":[{"href":"https:\/\/www.herbadiberna.ch\/fr\/wp-json\/wp\/v2\/media?parent=73669"}],"wp:term":[{"taxonomy":"product_brand","embeddable":true,"href":"https:\/\/www.herbadiberna.ch\/fr\/wp-json\/wp\/v2\/product_brand?post=73669"},{"taxonomy":"product_cat","embeddable":true,"href":"https:\/\/www.herbadiberna.ch\/fr\/wp-json\/wp\/v2\/product_cat?post=73669"},{"taxonomy":"product_tag","embeddable":true,"href":"https:\/\/www.herbadiberna.ch\/fr\/wp-json\/wp\/v2\/product_tag?post=73669"}],"curies":[{"name":"wp","href":"https:\/\/api.w.org\/{rel}","templated":true}]}}