{"id":73649,"date":"2025-12-03T12:28:55","date_gmt":"2025-12-03T11:28:55","guid":{"rendered":"https:\/\/www.herbadiberna.ch\/euphorx-gelules-de-cafeine-et-de-l-tyrosine\/"},"modified":"2026-05-08T03:41:52","modified_gmt":"2026-05-08T02:41:52","slug":"euphorx-gelules-de-cafeine-et-de-l-tyrosine","status":"publish","type":"product","link":"https:\/\/www.herbadiberna.ch\/fr\/produit\/euphorx-gelules-de-cafeine-et-de-l-tyrosine\/","title":{"rendered":"EuphorX - G\u00e9lules de caf\u00e9ine et de L-tyrosine"},"content":{"rendered":"<div class=\"flex max-w-full flex-col flex-grow\">\n<div class=\"min-h-8 text-message flex w-full flex-col items-end gap-2 whitespace-normal break-words text-start [.text-message+&amp;]:mt-5\" dir=\"auto\">\n<div class=\"flex w-full flex-col gap-1 empty:hidden first:pt-[3px]\">\n<div class=\"markdown prose w-full break-words dark:prose-invert light\">\n<h2><strong>Acheter des g\u00e9lules de caf\u00e9ine et de L-tyrosine - Votre EuphorX Party Booster<\/strong><\/h2>\n<p>Vous voulez <strong>acheter des g\u00e9lules de caf\u00e9ine et de L-tyrosine<\/strong> pour passer des nuits blanches, mais sans le coup de massue chimique ?<br \/>\nSi c&rsquo;est le cas, <strong>EuphorX<\/strong> est votre choix, car une formule \u00e0 base de plantes a \u00e9t\u00e9 d\u00e9velopp\u00e9e pour vous emmener en douceur sur une vague d&rsquo;euphorie.<br \/>\nPlongez dans de nouvelles sph\u00e8res de bien-\u00eatre gr\u00e2ce \u00e0 cette combinaison unique qui aiguise vos sens et vous maintient en \u00e9veil tout en vous procurant une agr\u00e9able sensation de connexion.<\/p>\n<h2><strong>La science des g\u00e9lules de caf\u00e9ine &amp; de L-tyrosine : La d\u00e9fonce sans la gueule de bois<\/strong><\/h2>\n<p>Pourquoi nos <strong>g\u00e9lules de caf\u00e9ine et de L-tyrosine<\/strong> fonctionnent-elles si bien comme alternative l\u00e9gale ? C&rsquo;est pourquoi il vaut la peine d&rsquo;examiner les faits : <\/p>\n<ul>\n<li><strong>Synergie pour la concentration :<\/strong> des \u00e9tudes montrent que la combinaison de caf\u00e9ine et de L-tyrosine am\u00e9liore significativement les performances cognitives en situation de stress (comme le manque de sommeil ou le bruit en club) et permet de lutter contre le \u00ab\u00a0crash\u00a0\u00bb (voir <a class=\"ng-star-inserted\" href=\"https:\/\/pubmed.ncbi.nlm.nih.gov\/7794222\/\" target=\"_blank\" rel=\"noopener\" data-hveid=\"0\" data-ved=\"0CAAQ_4QMahgKEwjTuayz1Z6RAxUAAAAAHQAAAAAQkwo\">Neri et al., 1995<\/a>).<\/li>\n<li><strong>Humeur &amp; bonheur : <\/strong>la L-tyrosine sert de pr\u00e9curseur direct \u00e0 la dopamine, tandis que l&rsquo;extrait de cacao am\u00e9liore l&rsquo;humeur. Cet effet sur le bien-\u00eatre mental a \u00e9t\u00e9 largement document\u00e9 (voir <a class=\"ng-star-inserted\" href=\"https:\/\/pubmed.ncbi.nlm.nih.gov\/26424423\/\" target=\"_blank\" rel=\"noopener\" data-hveid=\"0\" data-ved=\"0CAAQ_4QMahgKEwjTuayz1Z6RAxUAAAAAHQAAAAAQjgs\">Jongkees et al., 2015<\/a>). <\/li>\n<\/ul>\n<h2><strong>Caract\u00e9ristiques de nos g\u00e9lules de caf\u00e9ine et de L-tyrosine<\/strong><\/h2>\n<p>Qu&rsquo;y a-t-il dans votre nuit ?<\/p>\n<ul>\n<li><strong>De<\/strong> la caf\u00e9ine et de l&rsquo;extrait de th\u00e9 vert (95% de polyph\u00e9nols) pour une \u00e9nergie durable.<\/li>\n<li><strong>Am\u00e9liorateurs de l&rsquo;humeur :<\/strong> la L-tyrosine, le mat\u00e9 &amp; la th\u00e9obromine favorisent au contraire les sentiments sociaux et la volubilit\u00e9.<\/li>\n<li><strong>Coup de pouce \u00e0 la thermogen\u00e8se :<\/strong> le capsicum (Cayenne) &amp; le gingembre activent \u00e9galement le m\u00e9tabolisme et procurent une chaleur interne.<\/li>\n<li><strong>Swiss Made &amp; Clean :<\/strong> 100% v\u00e9g\u00e9talien, sans gluten &amp; fabriqu\u00e9 \u00e0 partir de mati\u00e8res premi\u00e8res de haute qualit\u00e9 - pour une performance totale sans r\u00e9veil brutal.<\/li>\n<\/ul>\n<h2><strong>Pourquoi acheter EuphorX avec de la caf\u00e9ine &amp; de la L-tyrosine ?<\/strong><\/h2>\n<p>Imaginez faire la f\u00eate jusqu&rsquo;\u00e0 l&rsquo;aube, avoir des conversations intenses et vous sentir simplement connect\u00e9, sans aucune substance illicite.<br \/>\nEuphorX est donc votre alternative intelligente pour les moments sp\u00e9ciaux.<br \/>\nC&rsquo;est le booster pour tous ceux qui veulent c\u00e9l\u00e9brer la vie, mais qui doivent quand m\u00eame \u00eatre en forme le lendemain. Profitez-en avec attention, car la nature est souvent plus puissante que vous ne le pensez. <\/p>\n<h2><strong>T\u00e9moignages de clients EuphorX<\/strong><\/h2>\n<p><em>\u00ab\u00a0Le compagnon id\u00e9al pour le festival. J&rsquo;\u00e9tais r\u00e9veill\u00e9, en forme et j&rsquo;avais z\u00e9ro gueule de bois\u00a0\u00bb. <\/em>  - C&rsquo;est ainsi que nos clients d\u00e9crivent la sensation d&rsquo;EuphorX.<br \/>\nBeaucoup appr\u00e9cient particuli\u00e8rement la clart\u00e9 de l&rsquo;\u00e9veil, sans les palpitations nerveuses que l&rsquo;on conna\u00eet des boissons \u00e9nergisantes.<\/p>\n<h2><strong>Commandez maintenant des g\u00e9lules de caf\u00e9ine et de L-tyrosine et c\u00e9l\u00e9brez le moment pr\u00e9sent !<\/strong><\/h2>\n<p>Pr\u00eat pour des nuits inoubliables ?<br \/>\nCommandez maintenant &amp; faites l&rsquo;exp\u00e9rience de l&rsquo;<strong>euphorie naturelle<\/strong>. Obtenez <strong>EuphorX<\/strong> - pour l&rsquo;humeur, l&rsquo;\u00e9nergie et de v\u00e9ritables connexions. <\/p>\n<h2><strong>Produits adapt\u00e9s pour le \u00ab\u00a0Day After<\/strong><\/h2>\n<p>\u27a1\ufe0f  <a href=\"https:\/\/www.herbadiberna.ch\/fr\/huile-de-cbd\/\">Acheter de l&rsquo;huile de CBD<\/a> (Pour se d\u00e9tendre apr\u00e8s la f\u00eate)<br \/>\n\u27a1\ufe0f  <a href=\"https:\/\/www.herbadiberna.ch\/fr\/aliments-chanvre\/\">Chanvre alimentaire Suisse<\/a> (Pour reconstituer les stocks)<br \/>\n\u27a1\ufe0f Vers les  <a href=\"https:\/\/www.herbadiberna.ch\/fr\/fleurs-de-cbd\/\">Fleurs de CBD<\/a> (Pour un dimanche d\u00e9tendu)<\/p>\n<\/div>\n<\/div>\n<\/div>\n<\/div>\n","protected":false},"excerpt":{"rendered":"<p>Commandez d\u00e8s maintenant les capsules EuphorX avec de la caf\u00e9ine &amp; de la L-tyrosine pour une euphorie naturelle. 100 % v\u00e9g\u00e9tal, am\u00e9liore l&rsquo;humeur et garantit l&rsquo;absence de gueule de bois. Votre compagnon id\u00e9al pour des nuits inoubliables et une concentration particuli\u00e8re. Swiss Made &amp; Vegan !   <\/p>\n","protected":false},"featured_media":73584,"comment_status":"open","ping_status":"closed","template":"","meta":{"inline_featured_image":false},"product_brand":[],"product_cat":[1457],"product_tag":[1387],"class_list":{"0":"post-73649","1":"product","2":"type-product","3":"status-publish","4":"has-post-thumbnail","6":"product_cat-acheter-des-supplements-suisse","7":"product_tag-new-fr","8":"pif-has-gallery","10":"first","11":"instock","12":"taxable","13":"shipping-taxable","14":"purchasable","15":"product-type-simple"},"_links":{"self":[{"href":"https:\/\/www.herbadiberna.ch\/fr\/wp-json\/wp\/v2\/product\/73649","targetHints":{"allow":["GET"]}}],"collection":[{"href":"https:\/\/www.herbadiberna.ch\/fr\/wp-json\/wp\/v2\/product"}],"about":[{"href":"https:\/\/www.herbadiberna.ch\/fr\/wp-json\/wp\/v2\/types\/product"}],"replies":[{"embeddable":true,"href":"https:\/\/www.herbadiberna.ch\/fr\/wp-json\/wp\/v2\/comments?post=73649"}],"wp:featuredmedia":[{"embeddable":true,"href":"https:\/\/www.herbadiberna.ch\/fr\/wp-json\/wp\/v2\/media\/73584"}],"wp:attachment":[{"href":"https:\/\/www.herbadiberna.ch\/fr\/wp-json\/wp\/v2\/media?parent=73649"}],"wp:term":[{"taxonomy":"product_brand","embeddable":true,"href":"https:\/\/www.herbadiberna.ch\/fr\/wp-json\/wp\/v2\/product_brand?post=73649"},{"taxonomy":"product_cat","embeddable":true,"href":"https:\/\/www.herbadiberna.ch\/fr\/wp-json\/wp\/v2\/product_cat?post=73649"},{"taxonomy":"product_tag","embeddable":true,"href":"https:\/\/www.herbadiberna.ch\/fr\/wp-json\/wp\/v2\/product_tag?post=73649"}],"curies":[{"name":"wp","href":"https:\/\/api.w.org\/{rel}","templated":true}]}}