{"id":73199,"date":"2025-11-28T12:38:56","date_gmt":"2025-11-28T11:38:56","guid":{"rendered":"https:\/\/www.herbadiberna.ch\/?post_type=product&#038;p=73199"},"modified":"2026-03-17T15:47:35","modified_gmt":"2026-03-17T14:47:35","slug":"cannaqueen-indoor-mini-buds-grand-conditionnement-kopie","status":"publish","type":"product","link":"https:\/\/www.herbadiberna.ch\/fr\/produit\/cannaqueen-indoor-mini-buds-grand-conditionnement-kopie\/","title":{"rendered":"Cannaqueen Indoor gros conditionnement"},"content":{"rendered":"<h2><strong>Acheter Cannaqueen Indoor en gros - Fleurs de CBD de qualit\u00e9 sup\u00e9rieure en quantit\u00e9<\/strong><\/h2>\n<p><strong>Achetez<\/strong> maintenant le <strong>Cannaqueen Indoor en vrac<\/strong> et obtenez de grandes fleurs de CBD. De plus, vous profitez de notre propre d\u00e9veloppement exclusif. Cette vari\u00e9t\u00e9 combine en effet le meilleur de deux souches l\u00e9gendaires. Elle combine donc parfaitement Harlequin et Cannatonic. De plus, ce croisement intens\u00e9ment sucr\u00e9 offre des fleurs compactes et r\u00e9sineuses.    <\/p>\n<div style=\"background-color: #e8f5e9; border-left: 4px solid #4caf50; padding: 15px; margin-top: 20px; margin-bottom: 20px;\">\n<h3><strong>\ud83c\udf3f Notre service premium : mixez jusqu&rsquo;\u00e0 3 vari\u00e9t\u00e9s pour 500g et 1kg !<\/strong><\/h3>\n<p><strong>Vous ne voulez pas vous limiter \u00e0 une seule vari\u00e9t\u00e9 ? Ce n&rsquo;est pas un probl\u00e8me du tout ! Pour un suppl\u00e9ment de seulement 50 CHF, vous pouvez facilement fractionner votre commande. Ainsi, pour 500g ou 1kg, vous choisissez jusqu&rsquo;\u00e0 3 vari\u00e9t\u00e9s diff\u00e9rentes.   <\/strong><\/p>\n<p>Pour ce faire, ajoutez le produit avec l&rsquo;option de m\u00e9lange au panier. Ensuite, vous nous faites part de vos souhaits exacts par e-mail \u00e0 <a href=\"mailto:info@herbadiberna.ch\">info@herbadiberna.ch<\/a>. Enfin, nous nous ferons un plaisir de pr\u00e9parer votre paquet individuel pour vous !  <\/p>\n<\/div>\n<h2><strong>Pourquoi acheter le Cannaqueen Indoor en gros conditionnement ?<\/strong><\/h2>\n<p>Cette vari\u00e9t\u00e9 est un d\u00e9veloppement exclusif de la maison Herba di Berna. C&rsquo;est pourquoi elle est devenue extr\u00eamement populaire en tr\u00e8s peu de temps. En outre, elle se distingue par ses grandes fleurs et sa production \u00e9lev\u00e9e de r\u00e9sine. En outre, vous appr\u00e9cierez les ar\u00f4mes intens\u00e9ment sucr\u00e9s de la Cannatonic.   <\/p>\n<p>Par cons\u00e9quent, son profil terp\u00e9nique unique lui conf\u00e8re un go\u00fbt incomparable. Nous misons \u00e9galement sur une culture naturelle. C&rsquo;est pourquoi la Cannaqueen est totalement exempte de pesticides et d&rsquo;herbicides. Enfin, notre processus de s\u00e9chage d\u00e9licat pr\u00e9serve l&rsquo;ar\u00f4me doux et floral.   <\/p>\n<h2><strong>D\u00e9tails du produit pour vos fleurs de CBD Cannaqueen grand format<\/strong><\/h2>\n<ul>\n<li><strong>Quantit\u00e9 :<\/strong> Disponible en gros conditionnement. Id\u00e9al pour les exigences de qualit\u00e9 les plus \u00e9lev\u00e9es. <\/li>\n<li><strong>Ar\u00f4me :<\/strong> profil terp\u00e9nique doux et floral. En outre, des notes intenses et douces dominent. <\/li>\n<li><strong>Option Mix :<\/strong> Combinez de mani\u00e8re flexible jusqu&rsquo;\u00e0 3 vari\u00e9t\u00e9s (+ 50 CHF de suppl\u00e9ment).<\/li>\n<li><strong>Caract\u00e9ristiques :<\/strong> grandes fleurs d&rsquo;int\u00e9rieur denses et r\u00e9sineuses. De plus, elle est cultiv\u00e9e sans pesticides. <\/li>\n<li><strong>Teneur en principes actifs :<\/strong> teneur \u00e9lev\u00e9e en CBD pour des moments de plaisir relaxants.<\/li>\n<\/ul>\n<div style=\"background-color: #f8f9fa; border-left: 4px solid #d9534f; padding: 15px; margin-top: 20px; margin-bottom: 20px;\">\n<h3><strong>\u26a0\ufe0f Remarques importantes pour les acheteurs de gros volumes<\/strong><\/h3>\n<p><strong>Veuillez noter un point important. Les remises habituelles du magasin ne sont pas applicables \u00e0 ce grand conditionnement \u00e0 prix optimis\u00e9. Cependant, les remises sp\u00e9cifiques sur les quantit\u00e9s sont exclues.  <\/strong><\/p>\n<p>Nous accordons toujours la plus grande importance \u00e0 la constance de la qualit\u00e9. C&rsquo;est pourquoi vous pouvez toujours demander un \u00e9chantillon \u00e0 l&rsquo;avance. Pour ce faire, il vous suffit de nous contacter \u00e0 l&rsquo;<a href=\"mailto:info@herbadiberna.ch\">adresse info@herbadiberna.ch<\/a>.  <\/p>\n<\/div>\n<h2><strong>Commandez maintenant le Cannaqueen Indoor en gros et profitez du CBD Premium<\/strong><\/h2>\n<p>Vous cherchez peut-\u00eatre quelque chose pour votre propre usage. Dans tous les cas, ce grand r\u00e9cipient est convaincant sur toute la ligne. Vous profiterez \u00e9galement d&rsquo;une exp\u00e9rience gustative exceptionnelle.  <\/p>\n<p>Choisissez donc la quantit\u00e9 que vous souhaitez. Utilisez \u00e9galement notre option de fractionnement flexible pour encore plus de diversit\u00e9. Enfin, commandez en ligne d\u00e8s aujourd&rsquo;hui en toute s\u00e9curit\u00e9 et confortablement chez Herba di Berna.  <\/p>\n<h2><strong>D\u00e9couvrir d&rsquo;autres produits phares de notre gamme<\/strong><\/h2>\n<p>\u27a1\ufe0f Trouvez les gouttes parfaites pour votre quotidien : <a href=\"https:\/\/www.herbadiberna.ch\/fr\/huile-de-cbd\/\">Huile de CBD<\/a><br \/>\n\u27a1\ufe0f D\u00e9couvrir l&rsquo;artisanat traditionnel : <a href=\"https:\/\/www.herbadiberna.ch\/fr\/haschisch-au-cbd\/\">Hasch CBD<\/a><br \/>\n\u27a1\ufe0f Remplissez votre chambre au meilleur prix :    <a href=\"https:\/\/www.herbadiberna.ch\/fr\/trim-fr\/\">Acheter CBD Trim<\/a><\/p>\n","protected":false},"excerpt":{"rendered":"<p>La Cannaqueen Indoor en vrac vous offre de grandes fleurs de qualit\u00e9 sup\u00e9rieure. En outre, son ar\u00f4me doux et floral, compos\u00e9 de cannatonic et d&rsquo;arlequin, est convaincant. C&rsquo;est pourquoi ce produit d\u00e9velopp\u00e9 en interne est id\u00e9al pour les connaisseurs.    <b>Command\u00e9 jusqu&rsquo;\u00e0 15:00, livr\u00e9 demain \u2713 Port pay\u00e9 \u00e0 partir de 80 CHF \u2713<\/b><\/p>\n","protected":false},"featured_media":73220,"comment_status":"open","ping_status":"closed","template":"","meta":{"inline_featured_image":false},"product_brand":[],"product_cat":[416,419],"product_tag":[],"class_list":{"0":"post-73199","1":"product","2":"type-product","3":"status-publish","4":"has-post-thumbnail","6":"product_cat-grands-recipients-ch","7":"product_cat-interieur-fr","8":"pif-has-gallery","10":"first","11":"outofstock","12":"taxable","13":"shipping-taxable","14":"purchasable","15":"product-type-variable","16":"rtwpvs-product"},"_links":{"self":[{"href":"https:\/\/www.herbadiberna.ch\/fr\/wp-json\/wp\/v2\/product\/73199","targetHints":{"allow":["GET"]}}],"collection":[{"href":"https:\/\/www.herbadiberna.ch\/fr\/wp-json\/wp\/v2\/product"}],"about":[{"href":"https:\/\/www.herbadiberna.ch\/fr\/wp-json\/wp\/v2\/types\/product"}],"replies":[{"embeddable":true,"href":"https:\/\/www.herbadiberna.ch\/fr\/wp-json\/wp\/v2\/comments?post=73199"}],"wp:featuredmedia":[{"embeddable":true,"href":"https:\/\/www.herbadiberna.ch\/fr\/wp-json\/wp\/v2\/media\/73220"}],"wp:attachment":[{"href":"https:\/\/www.herbadiberna.ch\/fr\/wp-json\/wp\/v2\/media?parent=73199"}],"wp:term":[{"taxonomy":"product_brand","embeddable":true,"href":"https:\/\/www.herbadiberna.ch\/fr\/wp-json\/wp\/v2\/product_brand?post=73199"},{"taxonomy":"product_cat","embeddable":true,"href":"https:\/\/www.herbadiberna.ch\/fr\/wp-json\/wp\/v2\/product_cat?post=73199"},{"taxonomy":"product_tag","embeddable":true,"href":"https:\/\/www.herbadiberna.ch\/fr\/wp-json\/wp\/v2\/product_tag?post=73199"}],"curies":[{"name":"wp","href":"https:\/\/api.w.org\/{rel}","templated":true}]}}