{"id":72647,"date":"2025-11-27T17:15:12","date_gmt":"2025-11-27T16:15:12","guid":{"rendered":"https:\/\/www.herbadiberna.ch\/pax-plus-kit-complet\/"},"modified":"2026-04-23T18:51:18","modified_gmt":"2026-04-23T17:51:18","slug":"pax-plus-kit-complet","status":"publish","type":"product","link":"https:\/\/www.herbadiberna.ch\/fr\/produit\/pax-plus-kit-complet\/","title":{"rendered":"PAX Plus Kit complet"},"content":{"rendered":"<div class=\"flex max-w-full flex-col flex-grow\">\n<div class=\"min-h-8 text-message flex w-full flex-col items-end gap-2 whitespace-normal break-words text-start [.text-message+&amp;]:mt-5\" dir=\"auto\">\n<div class=\"flex w-full flex-col gap-1 empty:hidden first:pt-[3px]\">\n<div class=\"markdown prose w-full break-words dark:prose-invert light\">\n<h2><strong>Acheter le PAX Plus Complete Kit - Le kit ultime en 4 couleurs<\/strong><\/h2>\n<p>Achetez le <strong>kit complet PAX Plus<\/strong> et profitez d&rsquo;une libert\u00e9 absolue. Il s&rsquo;agit du produit phare de la technologie des vaporisateurs de THC portables et il a \u00e9t\u00e9 con\u00e7u pour ceux qui ne veulent pas faire de compromis. Qu&rsquo;il s&rsquo;agisse de fleurs s\u00e9ch\u00e9es ou de concentr\u00e9s solides, cet appareil ma\u00eetrise les deux \u00e0 la perfection.  <\/p>\n<p>D\u00e8s \u00e0 pr\u00e9sent, nous vous offrons un choix complet pour le <strong>PAX Plus Complete Kit<\/strong>. Choisissez votre favori : <\/p>\n<ul>\n<li><strong>Onyx :<\/strong> noir mat intemporel pour une discr\u00e9tion maximale.<\/li>\n<li><strong>Le pervenche :<\/strong> Un bleu-violet moderne et doux.<\/li>\n<li><strong>Elderberry :<\/strong> un rouge baies profond et noble.<\/li>\n<\/ul>\n<p>Il allie un design \u00e9l\u00e9gant \u00e0 une impressionnante <strong>garantie de 10 ans<\/strong> et \u00e0 une technologie intelligente.<\/p>\n<h2><strong>D\u00e9couvrir les modes intelligents dans le PAX Plus Complete Kit<\/strong><\/h2>\n<p>Oubliez les r\u00e9glages compliqu\u00e9s. Le vaporisateur <strong>PAX Plus Complete Kit<\/strong> pense avec vous. Gr\u00e2ce \u00e0 ses <strong>4 modes d&rsquo;exp\u00e9rience<\/strong>, il s&rsquo;adapte \u00e0 votre session - sans application smartphone :  <\/p>\n<ul>\n<li><strong>Mode furtif :<\/strong> LED \u00e0 intensit\u00e9 r\u00e9duite et odeur minimale (pour la discr\u00e9tion).<\/li>\n<li><strong>Mode Efficacit\u00e9 :<\/strong> augmente lentement la temp\u00e9rature pour profiter pleinement de vos herbes.<\/li>\n<li><strong>Mode Flavor :<\/strong> chauffage rapide pour le go\u00fbt de terp\u00e8ne le plus pur.<\/li>\n<li><strong>Mode Boost :<\/strong> puissance maximale pour les concentr\u00e9s et la vapeur dense.<\/li>\n<\/ul>\n<h2><strong>Pourquoi choisir le \u00ab\u00a0Complete Kit\u00a0\u00bb ? Tout est inclus ! <\/strong><\/h2>\n<p>Le nom en dit long : le <strong>PAX Plus Complete Kit<\/strong> vous offre le pack complet d&rsquo;accessoires.<br \/>\nIl comprend l&rsquo;<strong>insert<\/strong> sp\u00e9cial <strong>pour concentr\u00e9<\/strong> qui vous permet de passer des fleurs aux extraits en quelques secondes. Il comprend \u00e9galement le couvercle <strong>de four pour les demi-charges<\/strong> (Half-Pack Lid) - id\u00e9al pour les sessions en solo et le microdosage, car il maintient le mat\u00e9riel fermement dans la chambre. <\/p>\n<h2><strong>Performances du PAX Plus Complete Kit<\/strong><\/h2>\n<p>Avec une autonomie de plus de <strong>2 heures<\/strong> (environ 8 \u00e0 10 sessions) et un temps de chauffe de seulement 22 secondes, le PAX Plus est votre compagnon de confiance. Le nouveau <strong>tamis de four 3D<\/strong> am\u00e9liore le flux d&rsquo;air et est beaucoup plus facile \u00e0 nettoyer que les mod\u00e8les pr\u00e9c\u00e9dents. Qu&rsquo;il s&rsquo;agisse du mod\u00e8le classique <strong>Onyx<\/strong> ou des variantes color\u00e9es, le toucher de l&rsquo;aluminium anodis\u00e9 est d&rsquo;une qualit\u00e9 incomparable.  <\/p>\n<h2><strong>Tous les avantages du PAX Plus Complete Kit en un coup d&rsquo;\u0153il<\/strong><\/h2>\n<ul>\n<li><strong>Double usage :<\/strong> un seul appareil pour les fleurs ET les concentr\u00e9s.<\/li>\n<li><strong>4 modes :<\/strong> Stealth, Efficiency, Flavor, Boost (contr\u00f4lables directement sur l&rsquo;appareil).<\/li>\n<li><strong>Longue puissance :<\/strong> 2+ heures d&rsquo;autonomie.<\/li>\n<li><strong>Choix de couleurs :<\/strong> Onyx, Periwinkle, Elderberry.<\/li>\n<li><strong>Garantie :<\/strong> 10 ans de garantie du fabricant.<\/li>\n<li><strong>Capteurs intelligents :<\/strong> d\u00e9tection des l\u00e8vres et des mouvements pour l&rsquo;efficacit\u00e9.<\/li>\n<\/ul>\n<h2><strong>Contenu du PAX Plus Complete Kit<\/strong><\/h2>\n<ul>\n<li>1 \u00d7 vaporisateur PAX Plus (au choix : Onyx, Periwinkle, Elderberry)<\/li>\n<li>1 \u00d7 Embout plat &amp; 1 \u00d7 Embout sur\u00e9lev\u00e9<\/li>\n<li>1 \u00d7 couvercle de four (standard) &amp; 1 \u00d7 couvercle de four (demi-charge)<\/li>\n<li>1 \u00d7 cartouche de concentr\u00e9<\/li>\n<li>1 \u00d7 Multi-Tool (porte-cl\u00e9s)<\/li>\n<li>1 \u00d7 kit de maintenance (brosse m\u00e9tallique) &amp; c\u00e2ble de charge<\/li>\n<\/ul>\n<div style=\"background-color: #f8f9fa; border-left: 4px solid #d9534f; padding: 15px; margin-top: 20px; margin-bottom: 20px;\">\n<h3><strong>\u26a0\ufe0f Remarque importante sur l&rsquo;entretien de la batterie<\/strong><\/h3>\n<p><strong>Veuillez utiliser l&rsquo;appareil uniquement avec des chargeurs qui fournissent un courant de charge <a href=\"https:\/\/www.herbadiberna.ch\/it\/produkt\/batteria-efest-imr-18650-3000mah-35a-kopie\/\">maximal de 1A<\/a>. Les chargeurs rapides avec un courant plus \u00e9lev\u00e9 peuvent endommager la batterie \u00e0 long terme et raccourcir la dur\u00e9e de vie du vaporisateur.<\/strong><\/p>\n<\/div>\n<h2><strong>Acheter maintenant le PAX Plus Complete Kit<\/strong><\/h2>\n<p>Assurez-vous d&rsquo;avoir le vainqueur des tests en mati\u00e8re de style et de performance. Que ce soit en <strong>Onyx<\/strong> ou en <strong>Elderberry<\/strong>, le <strong>PAX Plus Complete Kit<\/strong> est un investissement dans la qualit\u00e9 pour la prochaine d\u00e9cennie.<br \/>\nCommandez maintenant chez Herba di Berna - votre expert suisse en vaporisateurs. <\/p>\n<h2><strong>D\u00e9couvrir plus de vaporisateurs &amp; CBD<\/strong><\/h2>\n<p>\u27a1\ufe0f Les meilleures herbes pour votre PAX : <a href=\"https:\/\/www.herbadiberna.ch\/fr\/fleurs-de-cbd\/\">fleurs de CBD<\/a><br \/>\n\u27a1\ufe0f Pi\u00e8ces d\u00e9tach\u00e9es et nettoyage : <a href=\"https:\/\/www.herbadiberna.ch\/fr\/accessoires-cbd\/\">Accessoires CBD<\/a><br \/>\n\u27a1\ufe0f Soyez pr\u00eat \u00e0 vaper avec notre    <a href=\"https:\/\/www.herbadiberna.ch\/fr\/trim-fr\/\">CBD Trim<\/a><\/p>\n<\/div>\n<\/div>\n<\/div>\n<\/div>\n","protected":false},"excerpt":{"rendered":"<p>Faites l&rsquo;exp\u00e9rience du vaporisateur de cannabis ultime dans un format de poche. Le PAX Plus Complete Kit (disponible en Onyx, Periwinkle &amp; Elderberry) est l&rsquo;alternative premium durable \u00e0 toute vape CBD ou THC jetable.   <strong>Livraison rapide en 1-3 jours \u2713 Port pay\u00e9 \u00e0 partir de 79 CHF \u2713<\/strong><\/p>\n","protected":false},"featured_media":72638,"comment_status":"closed","ping_status":"closed","template":"","meta":{"inline_featured_image":false},"product_brand":[],"product_cat":[383],"product_tag":[1387],"class_list":{"0":"post-72647","1":"product","2":"type-product","3":"status-publish","4":"has-post-thumbnail","6":"product_cat-vaporisateurs","7":"product_tag-new-fr","8":"pa_marke-pax","9":"pif-has-gallery","11":"first","12":"instock","13":"taxable","14":"shipping-taxable","15":"purchasable","16":"product-type-variable","17":"rtwpvs-product"},"_links":{"self":[{"href":"https:\/\/www.herbadiberna.ch\/fr\/wp-json\/wp\/v2\/product\/72647","targetHints":{"allow":["GET"]}}],"collection":[{"href":"https:\/\/www.herbadiberna.ch\/fr\/wp-json\/wp\/v2\/product"}],"about":[{"href":"https:\/\/www.herbadiberna.ch\/fr\/wp-json\/wp\/v2\/types\/product"}],"replies":[{"embeddable":true,"href":"https:\/\/www.herbadiberna.ch\/fr\/wp-json\/wp\/v2\/comments?post=72647"}],"wp:featuredmedia":[{"embeddable":true,"href":"https:\/\/www.herbadiberna.ch\/fr\/wp-json\/wp\/v2\/media\/72638"}],"wp:attachment":[{"href":"https:\/\/www.herbadiberna.ch\/fr\/wp-json\/wp\/v2\/media?parent=72647"}],"wp:term":[{"taxonomy":"product_brand","embeddable":true,"href":"https:\/\/www.herbadiberna.ch\/fr\/wp-json\/wp\/v2\/product_brand?post=72647"},{"taxonomy":"product_cat","embeddable":true,"href":"https:\/\/www.herbadiberna.ch\/fr\/wp-json\/wp\/v2\/product_cat?post=72647"},{"taxonomy":"product_tag","embeddable":true,"href":"https:\/\/www.herbadiberna.ch\/fr\/wp-json\/wp\/v2\/product_tag?post=72647"}],"curies":[{"name":"wp","href":"https:\/\/api.w.org\/{rel}","templated":true}]}}