{"id":72469,"date":"2025-11-26T09:56:00","date_gmt":"2025-11-26T08:56:00","guid":{"rendered":"https:\/\/www.herbadiberna.ch\/?post_type=product&#038;p=72469"},"modified":"2025-11-26T10:00:42","modified_gmt":"2025-11-26T09:00:42","slug":"24-full-spectrum-huile-de-chanvre-biologique-kopie","status":"publish","type":"product","link":"https:\/\/www.herbadiberna.ch\/fr\/produit\/24-full-spectrum-huile-de-chanvre-biologique-kopie\/","title":{"rendered":"24% d&rsquo;huile de chanvre Full Spectrum"},"content":{"rendered":"<div class=\"flex max-w-full flex-col flex-grow\">\n<div class=\"min-h-8 text-message flex w-full flex-col items-end gap-2 whitespace-normal break-words text-start [.text-message+&amp;]:mt-5\" dir=\"auto\">\n<div class=\"flex w-full flex-col gap-1 empty:hidden first:pt-[3px]\">\n<div class=\"markdown prose w-full break-words dark:prose-invert light\">\n<h2><strong>Acheter de l&rsquo;huile 24% - Gouttes bio de haute qualit\u00e9 \u00e0 spectre complet<\/strong><\/h2>\n<p><strong>Acheter de l&rsquo;huile 24% - Gouttes bio plein spectre de qualit\u00e9 sup\u00e9rieure pour les plus exigeants !<\/strong><br \/>\nNotre <strong>huile 24%<\/strong> offre un profil cannabino\u00efde intense et est id\u00e9ale pour une utilisation consciente.<br \/>\nGr\u00e2ce \u00e0 l&rsquo;<strong>extraction CO\u2082<\/strong> douce, tous les pr\u00e9cieux ingr\u00e9dients sont conserv\u00e9s, tandis que l&rsquo;huile de tournesol bio assure une biodisponibilit\u00e9 optimale.<\/p>\n<p>&nbsp;<\/p>\n<\/div>\n<\/div>\n<\/div>\n<\/div>\n","protected":false},"excerpt":{"rendered":"<p>24 % d&rsquo;huile full spectrum<\/p>\n","protected":false},"featured_media":61982,"comment_status":"open","ping_status":"closed","template":"","meta":{"inline_featured_image":false},"product_brand":[],"product_cat":[521],"product_tag":[],"class_list":{"0":"post-72469","1":"product","2":"type-product","3":"status-publish","4":"has-post-thumbnail","6":"product_cat-non-categorise","7":"pif-has-gallery","9":"first","10":"instock","11":"taxable","12":"shipping-taxable","13":"purchasable","14":"product-type-simple"},"_links":{"self":[{"href":"https:\/\/www.herbadiberna.ch\/fr\/wp-json\/wp\/v2\/product\/72469","targetHints":{"allow":["GET"]}}],"collection":[{"href":"https:\/\/www.herbadiberna.ch\/fr\/wp-json\/wp\/v2\/product"}],"about":[{"href":"https:\/\/www.herbadiberna.ch\/fr\/wp-json\/wp\/v2\/types\/product"}],"replies":[{"embeddable":true,"href":"https:\/\/www.herbadiberna.ch\/fr\/wp-json\/wp\/v2\/comments?post=72469"}],"wp:featuredmedia":[{"embeddable":true,"href":"https:\/\/www.herbadiberna.ch\/fr\/wp-json\/wp\/v2\/media\/61982"}],"wp:attachment":[{"href":"https:\/\/www.herbadiberna.ch\/fr\/wp-json\/wp\/v2\/media?parent=72469"}],"wp:term":[{"taxonomy":"product_brand","embeddable":true,"href":"https:\/\/www.herbadiberna.ch\/fr\/wp-json\/wp\/v2\/product_brand?post=72469"},{"taxonomy":"product_cat","embeddable":true,"href":"https:\/\/www.herbadiberna.ch\/fr\/wp-json\/wp\/v2\/product_cat?post=72469"},{"taxonomy":"product_tag","embeddable":true,"href":"https:\/\/www.herbadiberna.ch\/fr\/wp-json\/wp\/v2\/product_tag?post=72469"}],"curies":[{"name":"wp","href":"https:\/\/api.w.org\/{rel}","templated":true}]}}