{"id":72464,"date":"2025-11-26T09:19:08","date_gmt":"2025-11-26T08:19:08","guid":{"rendered":"https:\/\/www.herbadiberna.ch\/?post_type=product&#038;p=72464"},"modified":"2026-02-26T14:30:12","modified_gmt":"2026-02-26T13:30:12","slug":"5-cbg-cbd-full-spectrum-huile-de-chanvre-biologique-kopie-2","status":"publish","type":"product","link":"https:\/\/www.herbadiberna.ch\/fr\/produit\/5-cbg-cbd-full-spectrum-huile-de-chanvre-biologique-kopie-2\/","title":{"rendered":"5% d&rsquo;huile de chanvre Full Spectrum"},"content":{"rendered":"<div class=\"flex max-w-full flex-col flex-grow\">\n<div class=\"min-h-8 text-message flex w-full flex-col items-end gap-2 whitespace-normal break-words text-start [.text-message+&amp;]:mt-5\" dir=\"auto\">\n<div class=\"flex w-full flex-col gap-1 empty:hidden first:pt-[3px]\">\n<div class=\"markdown prose w-full break-words dark:prose-invert light\">\n<h2><strong>Acheter 5% d&rsquo;huile Full Spectrum - Acheter des gouttes de haute qualit\u00e9<\/strong><\/h2>\n<p><strong>Acheter 5% d&rsquo;huile - D\u00e9couvrez une huile de qualit\u00e9 !<\/strong><\/p>\n<p>Notre <strong>huile 5%<\/strong> offre une concentration \u00e9quilibr\u00e9e de CBG et est parfaite pour une utilisation quotidienne. La combinaison de 5% de CBG et du reste du spectre assure une odeur naturelle, id\u00e9ale pour tous ceux qui recherchent un produit naturel et hautement efficace. Nous utilisons de l&rsquo;huile de coco MCT de haute qualit\u00e9 comme base, ce qui offre un \u00e9quilibre optimal des pr\u00e9cieux ingr\u00e9dients.  <\/p>\n<h2><strong>En d\u00e9couvrir davantage : Autres gouttes<\/strong><\/h2>\n<p>\u27a1\ufe0f Vous voulez une autre concentration ? Regardez notre huile 6% !<br \/>\n\u27a1\ufe0f D\u00e9couvrez aussi notre <a href=\"https:\/\/www.herbadiberna.ch\/it\/produkt\/40-fullspectrum-bio-cbd-hanfoel\/\">huile 40%<\/a>.<br \/>\n<a href=\"https:\/\/www.herbadiberna.ch\/fr\/huile-de-cbd\/\">\u27a1\ufe0fEn savoir plus<\/a><\/p>\n<\/div>\n<\/div>\n<\/div>\n<\/div>\n","protected":false},"excerpt":{"rendered":"<p>D\u00e9couvrez notre huile 5% CBG - un m\u00e9lange parfait du spectre complet et du CBG pour des effets holistiques. Id\u00e9ale pour une utilisation quotidienne avec de l&rsquo;huile de coco MCT de haute qualit\u00e9 pour une absorption optimale. <\/p>\n","protected":false},"featured_media":58539,"comment_status":"open","ping_status":"closed","template":"","meta":{"inline_featured_image":false},"product_brand":[],"product_cat":[521],"product_tag":[],"class_list":{"0":"post-72464","1":"product","2":"type-product","3":"status-publish","4":"has-post-thumbnail","6":"product_cat-non-categorise","7":"pif-has-gallery","9":"first","10":"instock","11":"taxable","12":"shipping-taxable","13":"purchasable","14":"product-type-simple"},"_links":{"self":[{"href":"https:\/\/www.herbadiberna.ch\/fr\/wp-json\/wp\/v2\/product\/72464","targetHints":{"allow":["GET"]}}],"collection":[{"href":"https:\/\/www.herbadiberna.ch\/fr\/wp-json\/wp\/v2\/product"}],"about":[{"href":"https:\/\/www.herbadiberna.ch\/fr\/wp-json\/wp\/v2\/types\/product"}],"replies":[{"embeddable":true,"href":"https:\/\/www.herbadiberna.ch\/fr\/wp-json\/wp\/v2\/comments?post=72464"}],"wp:featuredmedia":[{"embeddable":true,"href":"https:\/\/www.herbadiberna.ch\/fr\/wp-json\/wp\/v2\/media\/58539"}],"wp:attachment":[{"href":"https:\/\/www.herbadiberna.ch\/fr\/wp-json\/wp\/v2\/media?parent=72464"}],"wp:term":[{"taxonomy":"product_brand","embeddable":true,"href":"https:\/\/www.herbadiberna.ch\/fr\/wp-json\/wp\/v2\/product_brand?post=72464"},{"taxonomy":"product_cat","embeddable":true,"href":"https:\/\/www.herbadiberna.ch\/fr\/wp-json\/wp\/v2\/product_cat?post=72464"},{"taxonomy":"product_tag","embeddable":true,"href":"https:\/\/www.herbadiberna.ch\/fr\/wp-json\/wp\/v2\/product_tag?post=72464"}],"curies":[{"name":"wp","href":"https:\/\/api.w.org\/{rel}","templated":true}]}}