{"id":72458,"date":"2025-11-25T17:11:44","date_gmt":"2025-11-25T16:11:44","guid":{"rendered":"https:\/\/www.herbadiberna.ch\/?post_type=product&#038;p=72458"},"modified":"2025-11-25T17:13:01","modified_gmt":"2025-11-25T16:13:01","slug":"40-full-spectrum-huile-de-chanvre-biologique-kopie","status":"publish","type":"product","link":"https:\/\/www.herbadiberna.ch\/fr\/produit\/40-full-spectrum-huile-de-chanvre-biologique-kopie\/","title":{"rendered":"40% Full Spectrum Huile de chanvre biologique"},"content":{"rendered":"<div class=\"flex max-w-full flex-col flex-grow\">\n<div class=\"min-h-8 text-message flex w-full flex-col items-end gap-2 whitespace-normal break-words text-start [.text-message+&amp;]:mt-5\" dir=\"auto\">\n<div class=\"flex w-full flex-col gap-1 empty:hidden first:pt-[3px]\">\n<div class=\"markdown prose w-full break-words dark:prose-invert light\">\n<h2><strong>Commander des gouttes hautement dos\u00e9es - 40% d&rsquo;huile \u00e0 spectre complet<\/strong><\/h2>\n<p><strong>Commander des gouttes fortement dos\u00e9es - qualit\u00e9 premium \u00e0 40% !<\/strong><br \/>\nNos <strong>gouttes \u00e0 40%<\/strong> sont parfaites pour les utilisateurs exp\u00e9riment\u00e9s qui recherchent une huile de haute qualit\u00e9 et tr\u00e8s concentr\u00e9e.<br \/>\nGr\u00e2ce \u00e0 l&rsquo;extraction douce au CO\u2082, toutes les pr\u00e9cieuses substances v\u00e9g\u00e9tales sont conserv\u00e9es, tandis que l&rsquo;huile de coco MCT assure une biodisponibilit\u00e9 optimale.<\/p>\n<h2><strong>Caract\u00e9ristiques du produit Gouttes 40<\/strong><\/h2>\n<ul>\n<li><strong>Concentration maximale :<\/strong> contient 40% pour une application intensive.<\/li>\n<li><strong>Huile pure \u00e0 spectre complet :<\/strong> pr\u00e9serve les cannabino\u00efdes &amp; terp\u00e8nes naturels pour l&rsquo;effet Entourage.<\/li>\n<li><strong>Culture biologique :<\/strong> chanvre suisse, sans pesticides ni herbicides.<\/li>\n<li><strong>Extraction douce au CO\u2082 :<\/strong> puret\u00e9 &amp; qualit\u00e9 maximales gr\u00e2ce au proc\u00e9d\u00e9 supercritique au CO\u2082.<\/li>\n<li><strong>Huile de support :<\/strong> huile de coco MCT de haute qualit\u00e9 pour une absorption optimale &amp; une tol\u00e9rance douce.<\/li>\n<\/ul>\n<h2><strong>Pourquoi commander des gouttes ?<\/strong><\/h2>\n<p>Cette <strong>huile forte<\/strong> est parfaite pour les utilisateurs qui recherchent un produit puissant et naturel.<br \/>\nLa combinaison d&rsquo;une teneur de 40% &amp; d&rsquo;une huile de support de haute qualit\u00e9 assure une application optimale avec une biodisponibilit\u00e9 maximale.<\/p>\n<h2><strong>T\u00e9moignages de clients sur Gouttes 40<\/strong><\/h2>\n<p>De nombreux utilisateurs font \u00e9tat d&rsquo;une application intense mais agr\u00e9ablement \u00e9quilibr\u00e9e.<br \/>\nLa douceur de l&rsquo;ar\u00f4me &amp; la grande puret\u00e9 de ces gouttes les rendent particuli\u00e8rement populaires aupr\u00e8s des consommateurs avertis.<\/p>\n<h2><strong>Commandez et exp\u00e9rimentez d\u00e8s maintenant des gouttes hautement dos\u00e9es !<\/strong><\/h2>\n<p><strong>D\u00e9couvrez le pouvoir de la plante de chanvre !<\/strong><br \/>\nCommandez maintenant &amp; profitez d&rsquo;une <strong> huile<\/strong> pure <strong> en provenance de Suisse<\/strong> - test\u00e9e en laboratoire &amp; certifi\u00e9e bio !<\/p>\n<h2><strong>En d\u00e9couvrir davantage : Autres gouttes<\/strong><\/h2>\n<p>\u27a1\ufe0f Vous voulez une concentration plus faible ? Consultez notre huile 30% !<br \/>\n\u27a1\ufe0f D\u00e9couvrez \u00e9galement notre huile 6% pour une application plus douce.<br \/>\n<a href=\"https:\/\/www.herbadiberna.ch\/fr\/huile-de-cbd\/\">\u27a1\ufe0f En savoir plus<\/a><\/p>\n<\/div>\n<\/div>\n<\/div>\n<\/div>\n","protected":false},"excerpt":{"rendered":"<p>Commander 40% de gouttes - Huile \u00e0 spectre complet hautement dos\u00e9e \u00e0 base de chanvre suisse. Id\u00e9al pour les utilisateurs exp\u00e9riment\u00e9s qui recherchent un effet plus puissant. Certifi\u00e9e biologique et extraite doucement au CO\u2082 pour un effet optimal sans intoxication.  <\/p>\n","protected":false},"featured_media":58437,"comment_status":"open","ping_status":"closed","template":"","meta":{"inline_featured_image":false},"product_brand":[],"product_cat":[521],"product_tag":[],"class_list":{"0":"post-72458","1":"product","2":"type-product","3":"status-publish","4":"has-post-thumbnail","6":"product_cat-non-categorise","7":"pif-has-gallery","9":"first","10":"instock","11":"taxable","12":"shipping-taxable","13":"purchasable","14":"product-type-simple"},"_links":{"self":[{"href":"https:\/\/www.herbadiberna.ch\/fr\/wp-json\/wp\/v2\/product\/72458","targetHints":{"allow":["GET"]}}],"collection":[{"href":"https:\/\/www.herbadiberna.ch\/fr\/wp-json\/wp\/v2\/product"}],"about":[{"href":"https:\/\/www.herbadiberna.ch\/fr\/wp-json\/wp\/v2\/types\/product"}],"replies":[{"embeddable":true,"href":"https:\/\/www.herbadiberna.ch\/fr\/wp-json\/wp\/v2\/comments?post=72458"}],"wp:featuredmedia":[{"embeddable":true,"href":"https:\/\/www.herbadiberna.ch\/fr\/wp-json\/wp\/v2\/media\/58437"}],"wp:attachment":[{"href":"https:\/\/www.herbadiberna.ch\/fr\/wp-json\/wp\/v2\/media?parent=72458"}],"wp:term":[{"taxonomy":"product_brand","embeddable":true,"href":"https:\/\/www.herbadiberna.ch\/fr\/wp-json\/wp\/v2\/product_brand?post=72458"},{"taxonomy":"product_cat","embeddable":true,"href":"https:\/\/www.herbadiberna.ch\/fr\/wp-json\/wp\/v2\/product_cat?post=72458"},{"taxonomy":"product_tag","embeddable":true,"href":"https:\/\/www.herbadiberna.ch\/fr\/wp-json\/wp\/v2\/product_tag?post=72458"}],"curies":[{"name":"wp","href":"https:\/\/api.w.org\/{rel}","templated":true}]}}