{"id":72446,"date":"2025-11-25T16:52:02","date_gmt":"2025-11-25T15:52:02","guid":{"rendered":"https:\/\/www.herbadiberna.ch\/?post_type=product&#038;p=72446"},"modified":"2026-02-26T14:23:30","modified_gmt":"2026-02-26T13:23:30","slug":"12-huile-full-spectrum-bio-kopie","status":"publish","type":"product","link":"https:\/\/www.herbadiberna.ch\/fr\/produit\/12-huile-full-spectrum-bio-kopie\/","title":{"rendered":"12% Huile de chanvre bio"},"content":{"rendered":"<div class=\"flex max-w-full flex-col flex-grow\">\n<div class=\"min-h-8 text-message flex w-full flex-col items-end gap-2 whitespace-normal break-words text-start [.text-message+&amp;]:mt-5\" dir=\"auto\">\n<div class=\"flex w-full flex-col gap-1 empty:hidden first:pt-[3px]\">\n<div class=\"markdown prose w-full break-words dark:prose-invert light\">\n<h2><strong>Acheter de l&rsquo;huile 12% - Bio Gouttes<\/strong><\/h2>\n<p><strong>Acheter Huile 12% Gouttes - Gouttes bio \u00e0 spectre complet de haute qualit\u00e9 !<\/strong><br \/>\nNotre <strong>huile 12%<\/strong> convainc par son profil terp\u00e9nique complet et est id\u00e9ale pour une utilisation quotidienne.<br \/>\nGr\u00e2ce \u00e0 l&rsquo;extraction CO\u2082 douce, toutes les substances v\u00e9g\u00e9tales pr\u00e9cieuses sont conserv\u00e9es, tandis que l&rsquo;huile de tournesol bio assure une odeur optimale.<\/p>\n<\/div>\n<\/div>\n<\/div>\n<\/div>\n","protected":false},"excerpt":{"rendered":"<p>Commandez d\u00e8s maintenant de l&rsquo;huile 12% Full-Spectrum avec de l&rsquo;huile de tournesol biologique comme base. 100 % naturelle, CO\u2082-extraite &amp; sans additifs. Parfait pour une utilisation quotidienne !  <\/p>\n","protected":false},"featured_media":58425,"comment_status":"open","ping_status":"closed","template":"","meta":{"inline_featured_image":false},"product_brand":[],"product_cat":[521],"product_tag":[],"class_list":{"0":"post-72446","1":"product","2":"type-product","3":"status-publish","4":"has-post-thumbnail","6":"product_cat-non-categorise","7":"pif-has-gallery","9":"first","10":"instock","11":"taxable","12":"shipping-taxable","13":"purchasable","14":"product-type-simple"},"_links":{"self":[{"href":"https:\/\/www.herbadiberna.ch\/fr\/wp-json\/wp\/v2\/product\/72446","targetHints":{"allow":["GET"]}}],"collection":[{"href":"https:\/\/www.herbadiberna.ch\/fr\/wp-json\/wp\/v2\/product"}],"about":[{"href":"https:\/\/www.herbadiberna.ch\/fr\/wp-json\/wp\/v2\/types\/product"}],"replies":[{"embeddable":true,"href":"https:\/\/www.herbadiberna.ch\/fr\/wp-json\/wp\/v2\/comments?post=72446"}],"wp:featuredmedia":[{"embeddable":true,"href":"https:\/\/www.herbadiberna.ch\/fr\/wp-json\/wp\/v2\/media\/58425"}],"wp:attachment":[{"href":"https:\/\/www.herbadiberna.ch\/fr\/wp-json\/wp\/v2\/media?parent=72446"}],"wp:term":[{"taxonomy":"product_brand","embeddable":true,"href":"https:\/\/www.herbadiberna.ch\/fr\/wp-json\/wp\/v2\/product_brand?post=72446"},{"taxonomy":"product_cat","embeddable":true,"href":"https:\/\/www.herbadiberna.ch\/fr\/wp-json\/wp\/v2\/product_cat?post=72446"},{"taxonomy":"product_tag","embeddable":true,"href":"https:\/\/www.herbadiberna.ch\/fr\/wp-json\/wp\/v2\/product_tag?post=72446"}],"curies":[{"name":"wp","href":"https:\/\/api.w.org\/{rel}","templated":true}]}}