{"id":71792,"date":"2025-11-06T08:52:56","date_gmt":"2025-11-06T07:52:56","guid":{"rendered":"https:\/\/www.herbadiberna.ch\/outdoor-trim-mix-35g-citron-vert-doux\/"},"modified":"2026-05-04T01:09:42","modified_gmt":"2026-05-04T00:09:42","slug":"outdoor-trim-mix-35g-citron-vert-doux","status":"publish","type":"product","link":"https:\/\/www.herbadiberna.ch\/fr\/produit\/outdoor-trim-mix-35g-citron-vert-doux\/","title":{"rendered":"ACDC Berry Handtrim Mix 35g"},"content":{"rendered":"<h2><strong>Acheter ACDC Berry Handtrim Mix - Puissance ext\u00e9rieure \u00e0 bas prix<\/strong><\/h2>\n<p><strong>Acheter<\/strong> le <strong>m\u00e9lange ACDC Berry Handtrim<\/strong>, c&rsquo;est opter pour le moyen le plus \u00e9conomique de profiter d&rsquo;un CBD suisse de qualit\u00e9. Notre <strong>Outdoor Handtrim Mix<\/strong> est consid\u00e9r\u00e9 comme le meilleur prix de notre gamme. Il est \u00e9galement connu dans le milieu comme un \u00ab\u00a0shake\u00a0\u00bb classique ou un <strong>m\u00e9lange<\/strong> honn\u00eate <strong>de CBD<\/strong>.  <\/p>\n<p>Ce m\u00e9lange est donc le premier choix pour tous ceux qui pr\u00e9f\u00e8rent la \u00ab\u00a0nature pure\u00a0\u00bb. C&rsquo;est pourquoi il est non seulement id\u00e9al pour <strong>remplacer le tabac<\/strong>, mais il fonctionne aussi parfaitement dans la vape au CBD. Enfin, une complexit\u00e9 impressionnante vous attend : nous combinons plusieurs g\u00e9n\u00e9tiques d&rsquo;ext\u00e9rieur \u00e9prouv\u00e9es. Le r\u00e9sultat est un <strong>trim de<\/strong> cannabis <strong>CBD<\/strong> qui combine la douceur des baies avec la note fra\u00eeche et l\u00e9g\u00e8rement citronn\u00e9e de la g\u00e9n\u00e9tique ACDC.   <\/p>\n<h2><strong>Le profil aromatique : la douceur des baies rencontre l&rsquo;ACDC old school<\/strong><\/h2>\n<p>Avec ce produit, vous obtenez une diversit\u00e9 maximale provenant de la culture biologique en plein air. Ce shake au CBD r\u00e9unit donc le meilleur de plusieurs mondes : <\/p>\n<ul>\n<li><strong>L&rsquo;ar\u00f4me :<\/strong> une exp\u00e9rience authentique de la nature. Des notes de baies rappellent la myrtille et les fruits des bois, compl\u00e9t\u00e9es par la g\u00e9n\u00e9tique caract\u00e9ristique d&rsquo;ACDC avec des accents frais et l\u00e9g\u00e8rement citriques. Le profil appara\u00eet ainsi agr\u00e9ablement complexe, doux et tr\u00e8s naturel.  <\/li>\n<li><strong>La consistance :<\/strong> <strong>une fois que<\/strong> vous <strong>achetez<\/strong> le <strong>m\u00e9lange ACDC Berry Handtrim<\/strong>, vous recevez notre broyat de CBD naturel (CBD coup\u00e9). Il s&rsquo;agit de petits morceaux de fleurs et de r\u00e9sidus de feuilles r\u00e9sineux obtenus directement lors du retournement de nos r\u00e9coltes en plein air. <\/li>\n<li><strong>L&rsquo;utilisation :<\/strong> Comme ce m\u00e9lange d&rsquo;ext\u00e9rieur est riche en glandes r\u00e9sineuses, il offre beaucoup de substances actives pour peu d&rsquo;argent. Il est donc id\u00e9al pour fumer ou comme <strong>substitut du tabac<\/strong>, ainsi que pour la vape. Son prix abordable en fait \u00e9galement une base parfaite pour <strong>les \u00e9dulcorants au CBD<\/strong>, les m\u00e9langes de th\u00e9 et les produits cosm\u00e9tiques au CBD.  <\/li>\n<\/ul>\n<h2><strong>Caract\u00e9ristiques du produit : Pourquoi acheter ACDC Berry Handtrim Mix ?<\/strong><\/h2>\n<ul>\n<li><strong>Rapport qualit\u00e9-prix :<\/strong> avec un prix <strong>inf\u00e9rieur \u00e0 60 centimes par gramme<\/strong>, ce trim est donc une aubaine imbattable pour les amateurs de CBD soucieux de leur budget.<\/li>\n<li><strong>Go\u00fbt naturel :<\/strong> des ar\u00f4mes de baies combin\u00e9s \u00e0 la fra\u00eecheur old school de la g\u00e9n\u00e9tique ACDC - un m\u00e9lange que l&rsquo;on trouve rarement dans les produits de plein air standard.<\/li>\n<li><strong>Polyvalence :<\/strong> que ce soit pour les m\u00e9langes quotidiens, les grands projets de bricolage ou comme mat\u00e9riel de vape, l&rsquo;ACDC Berry Handtrim Mix est donc un v\u00e9ritable outil polyvalent.<\/li>\n<li><strong>Culture naturelle :<\/strong> les plantes poussent en plein air (outdoor), sont exemptes de pesticides et sont bien s\u00fbr 100 % CBD Swiss Made.<\/li>\n<\/ul>\n<h2><strong>Acheter ACDC Berry Handtrim Mix - Durable et intelligent<\/strong><\/h2>\n<p>Enfin, notre principe est d&rsquo;utiliser le cycle complet de la plante de chanvre. Ce serait en effet un pur gaspillage de jeter des parties pr\u00e9cieuses de la plante. Bien que ce produit soit souvent simplement recherch\u00e9 en tant que \u00ab\u00a0CBD coup\u00e9\u00a0\u00bb, nous le consid\u00e9rons plut\u00f4t comme une ressource pr\u00e9cieuse.  <\/p>\n<p>Lorsque vous achetez ce m\u00e9lange, vous obtenez donc un produit riche en cannabino\u00efdes. C&rsquo;est tout simplement l&rsquo;une des fa\u00e7ons les plus intelligentes de profiter d <strong>&lsquo;un CBD tr\u00e8s bon march\u00e9<\/strong> - sans faire de compromis sur sa naturalit\u00e9 et son origine. <\/p>\n<h2><strong>T\u00e9moignages de clients sur ACDC Berry Handtrim Mix<\/strong><\/h2>\n<p><em>\u00ab\u00a0Un m\u00e9lange honn\u00eate pour l&rsquo;ext\u00e9rieur avec un vrai go\u00fbt de nature\u00a0\u00bb.<\/em> - c&rsquo;est ainsi que de nombreux testeurs de produits d\u00e9crivent l&rsquo;ar\u00f4me.<\/p>\n<p>Ce trim manuel d&rsquo;ext\u00e9rieur est particuli\u00e8rement appr\u00e9ci\u00e9 des \u00ab\u00a0bricoleurs\u00a0\u00bb. En raison de son prix extr\u00eamement avantageux, il est souvent achet\u00e9 en grandes quantit\u00e9s pour fabriquer <strong>des huiles de CBD, des pommades ou des m\u00e9langes de th\u00e9<\/strong>. Mais les puristes appr\u00e9cient \u00e9galement la note douce et classique d&rsquo;ACDC lorsqu&rsquo;ils fument.  <\/p>\n<h2><strong>Achetez maintenant ACDC Berry Handtrim Mix et \u00e9conomisez !<\/strong><\/h2>\n<p>Pr\u00eat pour un authentique CBD de plein air \u00e0 bas prix ?<br \/>\nCommandez d\u00e8s maintenant et obtenez notre favori absolu en termes de rapport qualit\u00e9-prix.<\/p>\n<h2><strong>Des compl\u00e9ments parfaits pour votre style de vie<\/strong><\/h2>\n<p>\u27a1\ufe0f  <a href=\"https:\/\/www.herbadiberna.ch\/fr\/huile-de-cbd\/\">Acheter de l&rsquo;huile de CBD<\/a> (Pour l&rsquo;\u00e9quilibre quotidien)<br \/>\n\u27a1\ufe0f  <a href=\"https:\/\/www.herbadiberna.ch\/fr\/haschisch-au-cbd\/\">D\u00e9couvrir le hasch CBD<\/a> (Pour encore plus de plaisir de la r\u00e9sine)<br \/>\n\u27a1\ufe0f  <a href=\"https:\/\/www.herbadiberna.ch\/fr\/aliments-chanvre\/\">Aliments \u00e0 base de chanvre<\/a> (snacks sains de Suisse)<\/p>\n","protected":false},"excerpt":{"rendered":"<p data-path-to-node=\"12\">Acheter ACDC Berry Handtrim Mix chez Herba di Berna. Ar\u00f4me authentique de baies et d&rsquo;agrumes pour l&rsquo;ext\u00e9rieur. Le casseur de prix imbattable \u00e0 moins de 60 cts\/g - id\u00e9al comme substitut de tabac, pour les projets de bricolage, le th\u00e9 ou les cosm\u00e9tiques.<strong> Command\u00e9 jusqu&rsquo;\u00e0 15:00, livr\u00e9 demain \u2713 Port pay\u00e9 \u00e0 partir de 80 CHF \u2713<\/strong><\/p>\n","protected":false},"featured_media":75745,"comment_status":"open","ping_status":"closed","template":"","meta":{"inline_featured_image":false},"product_brand":[],"product_cat":[355,356],"product_tag":[1387],"class_list":{"0":"post-71792","1":"product","2":"type-product","3":"status-publish","4":"has-post-thumbnail","6":"product_cat-fleurs-de-cbd","7":"product_cat-trim-fr","8":"product_tag-new-fr","9":"pa_anbau-outdoor-fr","10":"pa_inhalt-netto-35g","11":"pa_marke-herba-di-berna","12":"pif-has-gallery","14":"first","15":"instock","16":"taxable","17":"shipping-taxable","18":"purchasable","19":"product-type-simple"},"_links":{"self":[{"href":"https:\/\/www.herbadiberna.ch\/fr\/wp-json\/wp\/v2\/product\/71792","targetHints":{"allow":["GET"]}}],"collection":[{"href":"https:\/\/www.herbadiberna.ch\/fr\/wp-json\/wp\/v2\/product"}],"about":[{"href":"https:\/\/www.herbadiberna.ch\/fr\/wp-json\/wp\/v2\/types\/product"}],"replies":[{"embeddable":true,"href":"https:\/\/www.herbadiberna.ch\/fr\/wp-json\/wp\/v2\/comments?post=71792"}],"wp:featuredmedia":[{"embeddable":true,"href":"https:\/\/www.herbadiberna.ch\/fr\/wp-json\/wp\/v2\/media\/75745"}],"wp:attachment":[{"href":"https:\/\/www.herbadiberna.ch\/fr\/wp-json\/wp\/v2\/media?parent=71792"}],"wp:term":[{"taxonomy":"product_brand","embeddable":true,"href":"https:\/\/www.herbadiberna.ch\/fr\/wp-json\/wp\/v2\/product_brand?post=71792"},{"taxonomy":"product_cat","embeddable":true,"href":"https:\/\/www.herbadiberna.ch\/fr\/wp-json\/wp\/v2\/product_cat?post=71792"},{"taxonomy":"product_tag","embeddable":true,"href":"https:\/\/www.herbadiberna.ch\/fr\/wp-json\/wp\/v2\/product_tag?post=71792"}],"curies":[{"name":"wp","href":"https:\/\/api.w.org\/{rel}","templated":true}]}}