{"id":71788,"date":"2025-11-06T08:50:10","date_gmt":"2025-11-06T07:50:10","guid":{"rendered":"https:\/\/www.herbadiberna.ch\/?post_type=product&#038;p=71788"},"modified":"2026-03-27T20:00:44","modified_gmt":"2026-03-27T19:00:44","slug":"greenhouse-trim-mix-30g","status":"publish","type":"product","link":"https:\/\/www.herbadiberna.ch\/fr\/produit\/greenhouse-trim-mix-30g\/","title":{"rendered":"Plutonium Cannatonic Handtrim Mix 30g"},"content":{"rendered":"<div class=\"flex max-w-full flex-col flex-grow\">\n<div class=\"min-h-8 text-message flex w-full flex-col items-end gap-2 whitespace-normal break-words text-start [.text-message+&amp;]:mt-5\" dir=\"auto\">\n<div class=\"flex w-full flex-col gap-1 empty:hidden first:pt-[3px]\">\n<div class=\"markdown prose w-full break-words dark:prose-invert light\">\n<h2><strong>Acheter Plutonium Cannatonic Handtrim Mix - Qualit\u00e9 fruit\u00e9e Greenhouse<\/strong><\/h2>\n<p>Vous envisagez d&rsquo;acheter le <strong>Plutonium Cannatonic Handtrim Mix<\/strong>? Ou \u00eates-vous simplement \u00e0 la recherche du meilleur rapport qualit\u00e9-prix ?<br \/>\nNotre <strong>m\u00e9lange Greenhouse Handtrim<\/strong> n&rsquo;est pas un simple produit r\u00e9siduel. Les connaisseurs le d\u00e9crivent souvent dans le milieu comme un \u00ab\u00a0shake\u00a0\u00bb ou tout simplement comme un <strong>coupage de CBD<\/strong>.  <\/p>\n<p>Il est \u00e9galement consid\u00e9r\u00e9 comme un secret pour ceux qui savent exactement o\u00f9 se trouve la plus grande quantit\u00e9 de r\u00e9sine. C&rsquo;est pourquoi il est id\u00e9al comme <strong>substitut du tabac<\/strong>, s&rsquo;int\u00e8gre parfaitement dans la <strong>vape<\/strong> et enrichit vos projets de bricolage.<br \/>\nCe m\u00e9lange ressemble \u00e0 une explosion de saveurs. En effet, nous combinons ici les forces de Cannatonic et de Plutonium. Le r\u00e9sultat est un <strong>trim de cannabis CBD<\/strong> dont le parfum est si \u00e2pre et fruit\u00e9 qu&rsquo;on a envie de le go\u00fbter.   <\/p>\n<h2><strong>Le profil aromatique : la rencontre des Cara\u00efbes et du zeste d&rsquo;agrumes<\/strong><\/h2>\n<p>Chez nous, vous achetez du plaisir \u00e0 l&rsquo;\u00e9tat pur et de la diversit\u00e9 naturelle. Ce shake provient de fleurs Greenhouse cultiv\u00e9es biologiquement dans l&rsquo;Oberland bernois. <\/p>\n<ul>\n<li><strong>L&rsquo;ar\u00f4me :<\/strong> la g\u00e9n\u00e9tique cannatonic apporte une note d\u00e9licieusement sucr\u00e9e. Elle vous rappelle imm\u00e9diatement le Sud et les Cara\u00efbes. Plutonium y ajoute une fra\u00eecheur \u00e2pre et citronn\u00e9e. Le profil est donc parfaitement \u00e9quilibr\u00e9.   <\/li>\n<li><strong>L&rsquo;utilisation :<\/strong> Ce m\u00e9lange fin contient un nombre extr\u00eamement \u00e9lev\u00e9 de glandes r\u00e9sineuses, ce qui le rend particuli\u00e8rement puissant. Il est donc parfait pour \u00eatre fum\u00e9 ou <strong>pour remplacer le tabac<\/strong> dans les pr\u00e9-rolls. C&rsquo;est \u00e9galement une excellente base pour vos propres <strong>\u00e9dulcorants au CBD<\/strong>, la <strong>vape<\/strong> et <strong>les produits cosm\u00e9tiques<\/strong>.  <\/li>\n<\/ul>\n<h2><strong>Caract\u00e9ristiques du produit : Pourquoi acheter Plutonium Cannatonic Handtrim Mix ?<\/strong><\/h2>\n<ul>\n<li><strong>Rapport qualit\u00e9-prix :<\/strong> avec un prix de <strong>25 CHF pour 30g<\/strong> (environ 83 centimes\/g), ce trim est une v\u00e9ritable aubaine pour cette qualit\u00e9 Greenhouse.<\/li>\n<li><strong>Go\u00fbt intense :<\/strong> vous profitez d&rsquo;un ar\u00f4me doux et acidul\u00e9. Il est rare de trouver une telle qualit\u00e9 dans un m\u00e9lange Handtrim bon march\u00e9. <\/li>\n<li><strong>Polyvalence :<\/strong> Que ce soit pour un m\u00e9lange rapide, pour la pr\u00e9paration de biscuits au CBD ou comme m\u00e9lange de vape. Le Plutonium Cannatonic Mix est d\u00e9finitivement un produit polyvalent. <\/li>\n<li><strong>Culture naturelle :<\/strong> cultiv\u00e9e en serre sans pesticides et 100 % <strong data-start=\"257\" data-end=\"299\">CBD Swiss Made de l&rsquo;Oberland bernois<\/strong>. Les plantes poussent dans <strong data-start=\"325\" data-end=\"340\">Living Soil<\/strong> - sans aucun engrais artificiel, mais avec des infusions de plantes riches en nutriments et des micro-organismes actifs qui cr\u00e9ent un \u00e9cosyst\u00e8me de sol vivant et naturel.<\/li>\n<\/ul>\n<h2><strong>Acheter du Plutonium Cannatonic Handtrim Mix - Durable et pas cher<\/strong><\/h2>\n<p>L&rsquo;utilisation compl\u00e8te de la plante de chanvre nous tient \u00e0 c\u0153ur. Aucune partie de cette pr\u00e9cieuse mati\u00e8re premi\u00e8re ne devrait \u00eatre gaspill\u00e9e. Ce que beaucoup recherchent techniquement comme \u00ab\u00a0CBD coup\u00e9\u00a0\u00bb, nous le consid\u00e9rons au contraire comme un raffinage.<br \/>\nEn cons\u00e9quence, vous obtenez un produit plein de principes actifs. C&rsquo;est donc une mani\u00e8re intelligente de profiter d <strong>&lsquo;un CBD bon march\u00e9<\/strong>. Vous ne devez en aucun cas renoncer au go\u00fbt ou \u00e0 la qualit\u00e9.<\/p>\n<h2><strong>T\u00e9moignages de clients sur le Plutonium Cannatonic Mix<\/strong><\/h2>\n<p>Le plus souvent, nos testeurs d\u00e9crivent l&rsquo;ar\u00f4me comme <strong data-start=\"305\" data-end=\"374\">un m\u00e9lange harmonieux de douceur l\u00e9g\u00e8re et de notes agr\u00e9ablement \u00e2pres<\/strong>. La fra\u00eecheur de l&rsquo;Oberland bernois est clairement reconnaissable et rend ce CBD Handtrim polyvalent - non seulement pour fumer, mais aussi appr\u00e9ci\u00e9 pour les th\u00e9s glac\u00e9s faits maison ou les cr\u00e9ations p\u00e2tissi\u00e8res fruit\u00e9es. Le <strong data-start=\"626\" data-end=\"680\">rapport qualit\u00e9\/prix du paquet de 30 g<\/strong> est particuli\u00e8rement appr\u00e9ci\u00e9.<\/p>\n<h2><strong>Achetez maintenant le Plutonium Cannatonic Handtrim Mix et \u00e9conomisez !<\/strong><\/h2>\n<p>\u00cates-vous pr\u00eat pour le coup de fra\u00eecheur sucr\u00e9 de l&rsquo;Oberland ?<br \/>\nCommandez d\u00e8s maintenant et obtenez notre vainqueur du rapport qualit\u00e9-prix.<\/p>\n<h2><strong>Des compl\u00e9ments parfaits pour votre style de vie<\/strong><\/h2>\n<p>\u27a1\ufe0f  <a href=\"https:\/\/www.herbadiberna.ch\/fr\/huile-de-cbd\/\">Acheter de l&rsquo;huile de CBD<\/a> (Pour l&rsquo;\u00e9quilibre quotidien)<br \/>\n\u27a1\ufe0f  <a href=\"https:\/\/www.herbadiberna.ch\/fr\/haschisch-au-cbd\/\">D\u00e9couvrir le hasch CBD<\/a> (Pour encore plus de plaisir de la r\u00e9sine)<br \/>\n\u27a1\ufe0f  <a href=\"https:\/\/www.herbadiberna.ch\/fr\/aliments-chanvre\/\">Aliments \u00e0 base de chanvre<\/a> (snacks sains de Suisse)<\/p>\n<\/div>\n<\/div>\n<\/div>\n<\/div>\n","protected":false},"excerpt":{"rendered":"<p data-path-to-node=\"11\">Acheter Plutonium Cannatonic Handtrim Mix chez Herba di Berna. Les douces notes des Cara\u00efbes rencontrent la fra\u00eecheur des agrumes. Qualit\u00e9 Greenhouse de culture Living Soil pour seulement 83 centimes\/g environ. Id\u00e9al comme substitut de tabac, pour la vape ou pour les edibles. <strong>Command\u00e9 jusqu&rsquo;\u00e0 15:00, livr\u00e9 demain \u2713 Port pay\u00e9 \u00e0 partir de 80 CHF \u2713<\/strong><\/p>\n","protected":false},"featured_media":75741,"comment_status":"open","ping_status":"closed","template":"","meta":{"inline_featured_image":false},"product_brand":[],"product_cat":[355,356],"product_tag":[1387],"class_list":{"0":"post-71788","1":"product","2":"type-product","3":"status-publish","4":"has-post-thumbnail","6":"product_cat-fleurs-de-cbd","7":"product_cat-trim-fr","8":"product_tag-new-fr","9":"pa_anbau-greenhouse-fr","10":"pa_marke-herba-di-berna","11":"pif-has-gallery","13":"first","14":"instock","15":"taxable","16":"shipping-taxable","17":"purchasable","18":"product-type-simple"},"_links":{"self":[{"href":"https:\/\/www.herbadiberna.ch\/fr\/wp-json\/wp\/v2\/product\/71788","targetHints":{"allow":["GET"]}}],"collection":[{"href":"https:\/\/www.herbadiberna.ch\/fr\/wp-json\/wp\/v2\/product"}],"about":[{"href":"https:\/\/www.herbadiberna.ch\/fr\/wp-json\/wp\/v2\/types\/product"}],"replies":[{"embeddable":true,"href":"https:\/\/www.herbadiberna.ch\/fr\/wp-json\/wp\/v2\/comments?post=71788"}],"wp:featuredmedia":[{"embeddable":true,"href":"https:\/\/www.herbadiberna.ch\/fr\/wp-json\/wp\/v2\/media\/75741"}],"wp:attachment":[{"href":"https:\/\/www.herbadiberna.ch\/fr\/wp-json\/wp\/v2\/media?parent=71788"}],"wp:term":[{"taxonomy":"product_brand","embeddable":true,"href":"https:\/\/www.herbadiberna.ch\/fr\/wp-json\/wp\/v2\/product_brand?post=71788"},{"taxonomy":"product_cat","embeddable":true,"href":"https:\/\/www.herbadiberna.ch\/fr\/wp-json\/wp\/v2\/product_cat?post=71788"},{"taxonomy":"product_tag","embeddable":true,"href":"https:\/\/www.herbadiberna.ch\/fr\/wp-json\/wp\/v2\/product_tag?post=71788"}],"curies":[{"name":"wp","href":"https:\/\/api.w.org\/{rel}","templated":true}]}}