{"id":71731,"date":"2025-11-04T16:16:57","date_gmt":"2025-11-04T15:16:57","guid":{"rendered":"https:\/\/www.herbadiberna.ch\/conteneur-de-capsules-de-dosage-wolkenkraft\/"},"modified":"2026-04-28T17:57:17","modified_gmt":"2026-04-28T16:57:17","slug":"conteneur-de-capsules-de-dosage-wolkenkraft","status":"publish","type":"product","link":"https:\/\/www.herbadiberna.ch\/fr\/produit\/conteneur-de-capsules-de-dosage-wolkenkraft\/","title":{"rendered":"Conteneur de capsules de dosage WOLKENKRAFT"},"content":{"rendered":"<div class=\"flex max-w-full flex-col flex-grow\">\n<div class=\"min-h-8 text-message flex w-full flex-col items-end gap-2 whitespace-normal break-words text-start [.text-message+&amp;]:mt-5\" dir=\"auto\">\n<div class=\"flex w-full flex-col gap-1 empty:hidden first:pt-[3px]\">\n<div class=\"markdown prose w-full break-words dark:prose-invert light\">\n<h2><strong>Acheter le conteneur de capsules de dosage WOLKENKRAFT (2 capsules incluses)<\/strong><\/h2>\n<p><strong>Achetez maintenant votre conteneur de dosettes WOLKENKRAFT et transportez vos herbes sans odeur et en toute discr\u00e9tion !<br \/>\n<\/strong>Toujours pr\u00eat \u00e0 l&#8217;emploi : le <strong>conteneur de dosettes WOLKENKRAFT<\/strong> est le \u00ab\u00a0coffre-fort\u00a0\u00bb parfait pour les utilisateurs d&rsquo;\u00c4RiS et de FX MINI. Il est id\u00e9al pour transporter vos dosettes pr\u00e9-remplies en toute s\u00e9curit\u00e9, en toute discr\u00e9tion et sans aucune odeur.<br \/>\nGr\u00e2ce \u00e0 son mat\u00e9riau robuste, vos dosettes sont prot\u00e9g\u00e9es et les 2 dosettes fournies (pour les herbes) vous permettent d&rsquo;\u00eatre imm\u00e9diatement pr\u00eat \u00e0 l&#8217;emploi. <\/p>\n<h2><strong>Caract\u00e9ristiques du conteneur de capsules de dosage<\/strong><\/h2>\n<ul>\n<li><strong>Totalement \u00e9tanche aux odeurs :<\/strong> le bouchon \u00e0 visser pr\u00e9cis avec joint d&rsquo;\u00e9tanch\u00e9it\u00e9 enferme toutes les odeurs de mani\u00e8re fiable.<\/li>\n<li><strong>2 capsules de dosage incluses :<\/strong> contient deux capsules de dosage originales WOLKENKRAFT (Steel Pods) pour les herbes.<\/li>\n<li><strong>Compact &amp; robuste :<\/strong> Fabriqu\u00e9 en m\u00e9tal de haute qualit\u00e9, il se glisse dans une poche de pantalon et prot\u00e8ge son contenu.<\/li>\n<li><strong>Compatibilit\u00e9 parfaite :<\/strong> s&rsquo;adapte exactement aux capsules de dosage du WOLKENKRAFT \u00c4RiS &amp; FX MINI.<\/li>\n<li><strong>Id\u00e9al pour les d\u00e9placements :<\/strong> le compagnon parfait et discret pour les voyages, les festivals ou la vie quotidienne.<\/li>\n<\/ul>\n<h2><strong>D\u00e9tails techniques de votre <\/strong><strong>Conteneur de capsules de dosage<\/strong><\/h2>\n<ul>\n<li><strong>Mod\u00e8le :<\/strong> Conteneur de capsules de dosage WOLKENKRAFT (\u00ab\u00a0Safe\u00a0\u00bb)<\/li>\n<li><strong>Mat\u00e9riau :<\/strong> M\u00e9tal de haute qualit\u00e9 (aluminium)<\/li>\n<li><strong>Couleur :<\/strong> Bleu<\/li>\n<li><strong>Bouchon :<\/strong> bouchon \u00e0 vis \u00e9tanche aux odeurs avec joint d&rsquo;\u00e9tanch\u00e9it\u00e9<\/li>\n<li><strong>Compatibilit\u00e9 :<\/strong> Pour les doseurs \u00c4RiS &amp; FX MINI<\/li>\n<\/ul>\n<h2><strong>Contenu de la livraison de votre <\/strong><strong>Conteneur de capsules de dosage<\/strong><\/h2>\n<ul>\n<li>1x Conteneur de capsules de dosage WOLKENKRAFT<\/li>\n<li>2x capsules de dosage WOLKENKRAFT (pour les herbes)<\/li>\n<\/ul>\n<h2><strong>Pourquoi acheter WOLKENKRAFT Conteneur de capsules de dosage ?<\/strong><\/h2>\n<p>Le conteneur de capsules de dosage WOLKENKRAFT r\u00e9sout le plus gros probl\u00e8me du vapotage en d\u00e9placement : le transport. Il prot\u00e8ge vos capsules de l&rsquo;\u00e9crasement et l&rsquo;environnement des odeurs de mani\u00e8re fiable.<br \/>\nParfait pour ceux qui cherchent une solution de stockage propre, discr\u00e8te et de qualit\u00e9 - avec la qualit\u00e9 originale <strong>des accessoires WOLKENKRAFT<\/strong>. <\/p>\n<h2><strong>T\u00e9moignages de clients sur le conteneur de capsules de dosage<\/strong><\/h2>\n<p>De nombreux utilisateurs rapportent que le conteneur est totalement \u00e9tanche aux odeurs &amp; que les capsules s&rsquo;y adaptent parfaitement.<br \/>\nLa fabrication robuste &amp; le fait que deux capsules soient d\u00e9j\u00e0 fournies rendent cet accessoire particuli\u00e8rement populaire.<\/p>\n<h2><strong>Achetez maintenant les conteneurs de capsules de dosage WOLKENKRAFT et soyez pr\u00eat \u00e0 partir !<\/strong><\/h2>\n<p><strong>Assurez-vous du rangement le plus intelligent pour vos capsules !<\/strong><br \/>\nCommandez maintenant &amp; profitez d&rsquo;un <strong>vapotage<\/strong> discret <strong>avec \u00c4RiS &amp; FX MINI<\/strong> - propre, s\u00fbr &amp; inodore !<\/p>\n<h3>Foire aux questions (FAQ)<\/h3>\n<p><b>Quelle est la diff\u00e9rence entre le container et le Capsule Caddy ?<\/b> Ce conteneur de capsules de dosage est un ensemble compact qui est livr\u00e9 <b>avec 2 capsules de dosage<\/b> (steel pods). Le \u00ab\u00a0Capsule Caddy WOLKENKRAFT\u00a0\u00bb (en Gun Metal) est un conteneur de transport plus grand pouvant contenir jusqu&rsquo;\u00e0 5 capsules, mais il est livr\u00e9 <b>sans<\/b> capsules. <\/p>\n<p><b>Les capsules fournies peuvent-elles \u00eatre utilis\u00e9es dans d&rsquo;autres vaporisateurs ?<\/b>  Les capsules sont d&rsquo;origine WOLKENKRAFT et sont con\u00e7ues exactement pour les mod\u00e8les \u00c4RiS, \u00c4RiS ULTRA, FX MINI et FX MINI ULTRA. En r\u00e8gle g\u00e9n\u00e9rale, elles ne sont pas compatibles avec les appareils d&rsquo;autres fabricants. <\/p>\n<p><b>En quoi consiste le conteneur ?<\/b>  Le r\u00e9cipient est fabriqu\u00e9 en aluminium robuste, rev\u00eatu de noir. Il est \u00e9quip\u00e9 d&rsquo;un bouchon \u00e0 vis avec un joint d&rsquo;\u00e9tanch\u00e9it\u00e9 qui le rend \u00e9tanche aux odeurs. <\/p>\n<h2><strong>En d\u00e9couvrir davantage : En savoir plus sur Herba di Berna<\/strong><\/h2>\n<p>\u27a1\ufe0f D\u00e9couvrez nos <a href=\"https:\/\/www.herbadiberna.ch\/fr\/produits-de-soins-au-cbd\/\">cosm\u00e9tiques au CBD<\/a>!<br \/>\n\u27a1\ufe0f Trouvez d&rsquo;autres <a href=\"https:\/\/www.herbadiberna.ch\/fr\/accessoires-cbd\/\">accessoires CBD<\/a> pour vos produits.<br \/>\n\u27a1\ufe0f Consultez notre <a href=\"https:\/\/www.herbadiberna.ch\/fr\/haschisch-au-cbd\/\">haschisch CBD<\/a> &amp; <a href=\"https:\/\/www.herbadiberna.ch\/fr\/trim-fr\/\">notre handsrim CBD<\/a>!<\/p>\n<\/div>\n<\/div>\n<\/div>\n<\/div>\n","protected":false},"excerpt":{"rendered":"<p>Toujours pr\u00eat \u00e0 l&#8217;emploi : le <b>conteneur de capsules de dosage WOLKENKRAFT<\/b> est le \u00ab\u00a0coffre-fort\u00a0\u00bb parfait pour votre <b>\u00c4RiS ou FX MINI<\/b>. Transportez vos g\u00e9lules de <g id=\"gid_2\">mani\u00e8re<\/g> totalement <g id=\"gid_2\">inodore<\/g> et discr\u00e8te. Ce kit <b>comprend d\u00e9j\u00e0 2 capsules de dosage<\/b> pour les herbes.  <\/p>\n","protected":false},"featured_media":71728,"comment_status":"open","ping_status":"closed","template":"","meta":{"inline_featured_image":false},"product_brand":[],"product_cat":[1148],"product_tag":[1387],"class_list":{"0":"post-71731","1":"product","2":"type-product","3":"status-publish","4":"has-post-thumbnail","6":"product_cat-pieces-de-rechange-pour-la-vape","7":"product_tag-new-fr","8":"pa_marke-wolkenkraft-fr","9":"pif-has-gallery","11":"first","12":"instock","13":"taxable","14":"shipping-taxable","15":"purchasable","16":"product-type-simple"},"_links":{"self":[{"href":"https:\/\/www.herbadiberna.ch\/fr\/wp-json\/wp\/v2\/product\/71731","targetHints":{"allow":["GET"]}}],"collection":[{"href":"https:\/\/www.herbadiberna.ch\/fr\/wp-json\/wp\/v2\/product"}],"about":[{"href":"https:\/\/www.herbadiberna.ch\/fr\/wp-json\/wp\/v2\/types\/product"}],"replies":[{"embeddable":true,"href":"https:\/\/www.herbadiberna.ch\/fr\/wp-json\/wp\/v2\/comments?post=71731"}],"wp:featuredmedia":[{"embeddable":true,"href":"https:\/\/www.herbadiberna.ch\/fr\/wp-json\/wp\/v2\/media\/71728"}],"wp:attachment":[{"href":"https:\/\/www.herbadiberna.ch\/fr\/wp-json\/wp\/v2\/media?parent=71731"}],"wp:term":[{"taxonomy":"product_brand","embeddable":true,"href":"https:\/\/www.herbadiberna.ch\/fr\/wp-json\/wp\/v2\/product_brand?post=71731"},{"taxonomy":"product_cat","embeddable":true,"href":"https:\/\/www.herbadiberna.ch\/fr\/wp-json\/wp\/v2\/product_cat?post=71731"},{"taxonomy":"product_tag","embeddable":true,"href":"https:\/\/www.herbadiberna.ch\/fr\/wp-json\/wp\/v2\/product_tag?post=71731"}],"curies":[{"name":"wp","href":"https:\/\/api.w.org\/{rel}","templated":true}]}}