{"id":71721,"date":"2025-11-04T16:02:09","date_gmt":"2025-11-04T15:02:09","guid":{"rendered":"https:\/\/www.herbadiberna.ch\/brosse-de-nettoyage-wolkenkraft-aeris\/"},"modified":"2026-04-12T19:02:51","modified_gmt":"2026-04-12T18:02:51","slug":"brosse-de-nettoyage-wolkenkraft-aeris","status":"publish","type":"product","link":"https:\/\/www.herbadiberna.ch\/fr\/produit\/brosse-de-nettoyage-wolkenkraft-aeris\/","title":{"rendered":"Brosse de nettoyage WOLKENKRAFT \u00c4RiS"},"content":{"rendered":"<div class=\"flex max-w-full flex-col flex-grow\">\n<div class=\"min-h-8 text-message flex w-full flex-col items-end gap-2 whitespace-normal break-words text-start [.text-message+&amp;]:mt-5\" dir=\"auto\">\n<div class=\"flex w-full flex-col gap-1 empty:hidden first:pt-[3px]\">\n<div class=\"markdown prose w-full break-words dark:prose-invert light\">\n<h2><strong>Acheter la brosse de nettoyage WOLKENKRAFT \u00c4RiS (originale)<\/strong><\/h2>\n<p><strong>Achetez maintenant votre brosse de nettoyage originale WOLKENKRAFT \u00c4RiS et gardez votre vaporisateur propre et performant !<br \/>\n<\/strong>La <strong>brosse de nettoyage originale WOLKENKRAFT \u00c4RiS<\/strong> est l&rsquo;outil indispensable pour l&rsquo;entretien r\u00e9gulier de votre vaporisateur. Elle est id\u00e9ale pour nettoyer en profondeur la chambre d&rsquo;herbe et le canal de convection innovant ECA (voie d&rsquo;air) des r\u00e9sidus. <\/p>\n<h2><strong>Caract\u00e9ristiques de la brosse de nettoyage WOLKENKRAFT \u00c4RiS<\/strong><\/h2>\n<ul>\n<li><strong>Accessoires d&rsquo;origine WOLKENKRAFT :<\/strong> 100% adapt\u00e9s \u00e0 \u00c4RiS (Standard) &amp; \u00c4RiS ULTRA.<\/li>\n<li><strong>Un nettoyage efficace :<\/strong> Des poils robustes et parfaitement dimensionn\u00e9s \u00e9liminent les r\u00e9sidus d&rsquo;herbes les plus tenaces.<\/li>\n<li><strong>Maintient la puissance et le go\u00fbt :<\/strong> maintient le canal d&rsquo;air ECA libre, garantissant ainsi un go\u00fbt pur et un tirage optimal.<\/li>\n<li><strong>Mat\u00e9riau durable :<\/strong> des poils de haute qualit\u00e9 et un noyau en fil m\u00e9tallique solide garantissent une longue dur\u00e9e de vie.<\/li>\n<li><strong>Accessoire essentiel :<\/strong> Indispensable pour le nettoyage de base et l&rsquo;entretien de votre appareil.<\/li>\n<\/ul>\n<h2><strong>D\u00e9tails techniques de la <\/strong><strong>Brosse de nettoyage \u00c4RiS<\/strong><\/h2>\n<ul>\n<li><strong>Mod\u00e8le :<\/strong> Brosse de nettoyage WOLKENKRAFT \u00c4RiS<\/li>\n<li><strong>Mat\u00e9riau :<\/strong> poils de nylon robustes \/ fil m\u00e9tallique<\/li>\n<li><strong>Compatible avec :<\/strong> WOLKENKRAFT \u00c4RiS &amp; WOLKENKRAFT \u00c4RiS ULTRA<\/li>\n<li><strong>Utilisation :<\/strong> nettoyage de la chambre d&rsquo;herbes et du canal d&rsquo;air<\/li>\n<\/ul>\n<h2><strong>Contenu de la livraison de la <\/strong><strong>Brosse de nettoyage \u00c4RiS<\/strong><\/h2>\n<ul>\n<li>1x Brosse de nettoyage originale WOLKENKRAFT \u00c4RiS<\/li>\n<\/ul>\n<h2><strong>Pourquoi acheter Brosse de nettoyage WOLKENKRAFT \u00c4RiS ?<\/strong><\/h2>\n<p>La brosse de nettoyage \u00c4RiS est le seul outil parfaitement adapt\u00e9 aux dimensions de la chambre et du canal d&rsquo;air ECA. Un nettoyage r\u00e9gulier est essentiel pour l&rsquo;hygi\u00e8ne et la long\u00e9vit\u00e9 de votre vaporisateur.<br \/>\nParfait pour ceux qui veulent conserver le go\u00fbt pur et la pleine performance de leur <strong>vaporisateur \u00c4RiS<\/strong> \u00e0 long terme - avec la qualit\u00e9 originale des accessoires WOLKENKRAFT. <\/p>\n<h2><strong>T\u00e9moignages de clients sur la brosse de nettoyage<\/strong><\/h2>\n<p>De nombreux utilisateurs rapportent que cette brosse est le seul outil qui nettoie efficacement le conduit d&rsquo;air difficile \u00e0 atteindre de l&rsquo;\u00c4RiS.<br \/>\nLa qualit\u00e9 robuste &amp; l&rsquo;ajustement parfait rendent cet accessoire indispensable \u00e0 la routine de soins.<\/p>\n<h2><strong>Achetez maintenant la brosse de nettoyage WOLKENKRAFT \u00c4RiS &amp; assurez-vous une longue dur\u00e9e de vie !<\/strong><\/h2>\n<p><strong>Gardez votre WOLKENKRAFT \u00c4RiS comme au premier jour !<\/strong><br \/>\nCommandez maintenant &amp; assurez-vous de la pleine performance et du go\u00fbt pur avec un <strong>vaporisateur \u00c4RiS propre<\/strong>!<\/p>\n<h3>Foire aux questions (FAQ)<\/h3>\n<p><b>Pourquoi ai-je besoin de cette brosse sp\u00e9ciale ?<\/b>  Les mod\u00e8les \u00c4RiS et \u00c4RiS ULTRA de WOLKENKRAFT poss\u00e8dent un conduit d&rsquo;air ECA (Easy Care Airpath) unique et brevet\u00e9, enti\u00e8rement visible. Cette brosse est dimensionn\u00e9e avec pr\u00e9cision pour nettoyer efficacement ce canal ainsi que le compartiment \u00e0 herbes des r\u00e9sidus, ce qui est essentiel pour obtenir un go\u00fbt pur et de bonnes performances.<\/p>\n<p><b>Cette brosse convient-elle aussi au FX MINI de WOLKENKRAFT ?<\/b>  Non, cette brosse est sp\u00e9cifiquement con\u00e7ue pour le conduit d&rsquo;air plus grand de l&rsquo;\u00c4RiS et de l&rsquo;\u00c4RiS ULTRA. Pour nettoyer le FX MINI (ou FX MINI ULTRA), un autre kit de nettoyage (g\u00e9n\u00e9ralement des cure-pipes plus \u00e9troits) est n\u00e9cessaire, car son circuit d&rsquo;air est diff\u00e9rent.<\/p>\n<p><b>\u00c0 quelle fr\u00e9quence dois-je nettoyer mon vaporisateur \u00c4RiS ?<\/b>  Pour une saveur optimale, nous vous recommandons de brosser bri\u00e8vement le compartiment \u00e0 herbes apr\u00e8s chaque utilisation, tant qu&rsquo;il est encore chaud. Un nettoyage complet du conduit d&rsquo;air avec cette brosse et un peu d&rsquo;alcool isopropylique doit \u00eatre effectu\u00e9 toutes les quelques semaines, selon la fr\u00e9quence d&rsquo;utilisation.<\/p>\n<h2><strong>En d\u00e9couvrir davantage : En savoir plus sur Herba di Berna<\/strong><\/h2>\n<p>\u27a1\ufe0f D\u00e9couvrez nos <a href=\"https:\/\/www.herbadiberna.ch\/fr\/produits-de-soins-au-cbd\/\">cosm\u00e9tiques au CBD<\/a>!<br \/>\n\u27a1\ufe0f Trouvez d&rsquo;autres <a href=\"https:\/\/www.herbadiberna.ch\/fr\/accessoires-cbd\/\">accessoires CBD<\/a> pour vos produits.<br \/>\n\u27a1\ufe0f Regardez notre <a href=\"https:\/\/www.herbadiberna.ch\/fr\/haschisch-au-cbd\/\">haschisch CBD<\/a> &amp; <a href=\"https:\/\/www.herbadiberna.ch\/fr\/fleurs-de-cbd\/\">fleurs de CBD<\/a>!<\/p>\n<\/div>\n<\/div>\n<\/div>\n<\/div>\n","protected":false},"excerpt":{"rendered":"<div id=\"model-response-message-contentr_8bdda5a1528afb13\" class=\"markdown markdown-main-panel stronger enable-updated-hr-color\" dir=\"ltr\" aria-live=\"off\" aria-busy=\"false\">\n<p>La <b>brosse de nettoyage originale WOLKENKRAFT \u00c4RiS<\/b> est l&rsquo;outil indispensable pour l&rsquo;entretien de votre <b>\u00c4RiS ou \u00c4RiS ULTRA<\/b>. Elle maintient la chambre d&rsquo;herbes et le circuit d&rsquo;air ECA unique exempts de r\u00e9sidus, garantissant ainsi un go\u00fbt pur et une pleine performance \u00e0 long terme. <\/p>\n<\/div>\n","protected":false},"featured_media":71719,"comment_status":"open","ping_status":"closed","template":"","meta":{"inline_featured_image":false},"product_brand":[],"product_cat":[1148],"product_tag":[],"class_list":{"0":"post-71721","1":"product","2":"type-product","3":"status-publish","4":"has-post-thumbnail","6":"product_cat-pieces-de-rechange-pour-la-vape","7":"pa_marke-wolkenkraft-fr","8":"pif-has-gallery","10":"first","11":"instock","12":"taxable","13":"shipping-taxable","14":"purchasable","15":"product-type-simple"},"_links":{"self":[{"href":"https:\/\/www.herbadiberna.ch\/fr\/wp-json\/wp\/v2\/product\/71721","targetHints":{"allow":["GET"]}}],"collection":[{"href":"https:\/\/www.herbadiberna.ch\/fr\/wp-json\/wp\/v2\/product"}],"about":[{"href":"https:\/\/www.herbadiberna.ch\/fr\/wp-json\/wp\/v2\/types\/product"}],"replies":[{"embeddable":true,"href":"https:\/\/www.herbadiberna.ch\/fr\/wp-json\/wp\/v2\/comments?post=71721"}],"wp:featuredmedia":[{"embeddable":true,"href":"https:\/\/www.herbadiberna.ch\/fr\/wp-json\/wp\/v2\/media\/71719"}],"wp:attachment":[{"href":"https:\/\/www.herbadiberna.ch\/fr\/wp-json\/wp\/v2\/media?parent=71721"}],"wp:term":[{"taxonomy":"product_brand","embeddable":true,"href":"https:\/\/www.herbadiberna.ch\/fr\/wp-json\/wp\/v2\/product_brand?post=71721"},{"taxonomy":"product_cat","embeddable":true,"href":"https:\/\/www.herbadiberna.ch\/fr\/wp-json\/wp\/v2\/product_cat?post=71721"},{"taxonomy":"product_tag","embeddable":true,"href":"https:\/\/www.herbadiberna.ch\/fr\/wp-json\/wp\/v2\/product_tag?post=71721"}],"curies":[{"name":"wp","href":"https:\/\/api.w.org\/{rel}","templated":true}]}}